{"id":5485,"date":"2016-05-02T15:27:17","date_gmt":"2016-05-02T13:27:17","guid":{"rendered":"http:\/\/belladot.com.loopiadns.com.loopiadns.com\/fi\/?page_id=5485"},"modified":"2016-05-02T15:27:17","modified_gmt":"2016-05-02T13:27:17","slug":"kuukautiset-ja-kuukuppi","status":"publish","type":"page","link":"https:\/\/belladot.com\/fi\/seksologi-vastaa\/kuukautiset-ja-kuukuppi\/","title":{"rendered":"Kuukautiset ja kuukuppi"},"content":{"rendered":"<h3><strong>Kuukautiset ja kuukuppi <\/strong><\/h3>\n<p><span style=\"font-weight: 400;\">Jaahas, nyt on taas se aika kuukaudesta. T\u00e4m\u00e4 ajatus useilla naisilla py\u00f6rii mieless\u00e4 kerr\u00e4n kuussa. Osa toivottaa kuukautisvuotonsa iloisesti tervetulleeksi, sill\u00e4 se on merkki siit\u00e4 etteiv\u00e4t he ole raskaana, kun taas toiset harmittelevat ettei toivottua lasta ole saatu siitetty\u00e4.<\/span><\/p>\n<p><span style=\"font-weight: 400;\">Englanniksi kuukautisia kutsutaan joskus \u201cthe curse \u2013 kiroukseksi\u201d, josta kaikki naiset k\u00e4rsiv\u00e4t. Monissa kulttuureissa nainen n\u00e4hd\u00e4\u00e4n ep\u00e4puhtaana vuodon aikana. Saattaa olla, ett\u00e4 osa n\u00e4ist\u00e4 uskomuksista yh\u00e4 el\u00e4\u00e4 t\u00e4n\u00e4 p\u00e4iv\u00e4n\u00e4 yhteiskunnassamme.<\/span><\/p>\n<p><span style=\"font-weight: 400;\">Vaikka kuukautisilla on monta lempinime\u00e4 ja termi\u00e4, niin ei se t\u00e4ss\u00e4 tapauksessa ole merkki rakkaasta lapsesta. Vaikuttaa silt\u00e4, ett\u00e4 kuukautisisten mainitsemista v\u00e4ltell\u00e4\u00e4n. V\u00e4lttelemisen sijaan kuukautisia pit\u00e4isi juhlistaa merkkin\u00e4 naisen kypsymisest\u00e4.<\/span><\/p>\n<h3><strong>Kuukuppi &#8211; Oikeanlaisella kuukautissuojalla \u201ckirous\u201d voi tuntua kevyemm\u00e4lt\u00e4 taakalta!<\/strong><\/h3>\n<p><span style=\"font-weight: 400;\">Kuukuppi on silikoninen s\u00e4ili\u00f6, joka ker\u00e4\u00e4 veren. Kuppeja l\u00f6ytyy erikokoisia ja ne tyhjennet\u00e4\u00e4n ja puhdistetaan muutaman kerran p\u00e4ivitt\u00e4in sek\u00e4 aina ennen kuukautiskierron ensimm\u00e4ist\u00e4 k\u00e4ytt\u00f6kertaa. Se asetetaan em\u00e4tinaukkoon. Em\u00e4ttimen herkk\u00e4 pH-tasapaino ei k\u00e4rsi mink\u00e4 lis\u00e4ksi kuukuppi on allergiayst\u00e4v\u00e4llinen. Oikein paikalleenlaitettuna kuukuppi on tiivis urheillessa, kylpiess\u00e4 ja \u00f6isin. Siihen mahtuu paljon nestett\u00e4, mink\u00e4 ansiosta sit\u00e4 ei tarvitse tyhjent\u00e4\u00e4 niin usein. Kuukuppi voi kest\u00e4\u00e4 5-10 vuotta ja on siit\u00e4 syyst\u00e4 sek\u00e4 ekologinen ett\u00e4 taloudellinen valinta. Belladot Evelina on sulava silikoninen kuukuppi. \u00a0Kuukautiskuppi on t\u00e4ysin varma!\u00a0Perinteiset kuukautissuojat voivat johtaa kuivumiseen, pH-tasapainon j\u00e4rkyttymiseen eiv\u00e4tk\u00e4 ne tarjoa samaa vapautta kuin kuukuppi. Belladot Evelina-kuukuppi on erinomainen valinta!<\/span><\/p>\n<div id=\"attachment_4915\" style=\"width: 310px\" class=\"wp-caption aligncenter\"><a href=\"http:\/\/belladot.com.loopiadns.com\/wp-content\/uploads\/2015\/04\/Evelina_s2_pro_pack_CP.png\"><img loading=\"lazy\" decoding=\"async\" aria-describedby=\"caption-attachment-4915\" class=\"wp-image-4915 size-medium\" src=\"http:\/\/belladot.com.loopiadns.com\/wp-content\/uploads\/2015\/04\/Evelina_s2_pro_pack_CP-300x244.png\" alt=\"Belladot Evelina Menskopp\" width=\"300\" height=\"244\" srcset=\"https:\/\/belladot.com\/wp-content\/uploads\/2015\/04\/Evelina_s2_pro_pack_CP-300x244.png 300w, https:\/\/belladot.com\/wp-content\/uploads\/2015\/04\/Evelina_s2_pro_pack_CP.png 870w\" sizes=\"auto, (max-width: 300px) 100vw, 300px\" \/><\/a><p id=\"caption-attachment-4915\" class=\"wp-caption-text\">Belladot Evelina Kuukuppi \u2013 Aktiivisille naisille<\/p><\/div>\n<p>&nbsp;<\/p>\n<h3><strong>Perinteiset kuukautissuojat<\/strong><\/h3>\n<p><span style=\"font-weight: 400;\">Kuukautisside \u2013 joka asetetaan pikkuhousuihin absorboimaan verta. Se asetetaan kiinni pikkuhousuihin tarraliuskalla ja niiss\u00e4 on usein \u201csiivet\u201d, jotka suojaavat pikkuhousujen reunoja. On olemassa kertak\u00e4ytt\u00f6siteit\u00e4 sek\u00e4 kangasvaippamaisia, uudelleenk\u00e4ytett\u00e4vi\u00e4, pest\u00e4vi\u00e4 siteit\u00e4. Pikkuhousunsuoja on pienempi ja ohuempi side, joka saattaa olla riitt\u00e4v\u00e4 ratkaisu vuodon ollessa niukkaa tai sitten kuukautisten loppupuolella. Siteen tai pikkuhousunsuojan k\u00e4ytt\u00e4minen saattaa tuntua k\u00f6mpel\u00f6lt\u00e4 ja aiheuttaa kostean tunteen, vaikka kuukautisveri imeytyy siteeseen. Alap\u00e4\u00e4n kosteus lis\u00e4\u00e4 Candida sienen riski\u00e4. \u00d6isin on my\u00f6s vuotoriski. Kertak\u00e4ytt\u00f6siteet maksavat satoja euroja elinaikana. Vuodessa kuluu l\u00e4j\u00e4p\u00e4in sidett\u00e4, jotka kasvattavat j\u00e4tekasoja.<\/span><\/p>\n<p><span style=\"font-weight: 400;\">Tamponi \u2013 pieni pumpulirulla, joka asetetaan em\u00e4ttimeen, miss\u00e4 se absorboi veren. Tamponi otetaan ulos vet\u00e4m\u00e4ll\u00e4 p\u00e4\u00e4st\u00e4 l\u00f6ytyv\u00e4\u00e4 narua. Tamponi saattaa kuivua ja vaikuttaa em\u00e4ttimen hauraisiin limakalvoihin haitallisesti. Jos vuoto on niukkaa on olemassa riski, ett\u00e4 tamponista j\u00e4\u00e4 paloja em\u00e4ttimeen kun se vedet\u00e4\u00e4n ulos, mik\u00e4 lis\u00e4\u00e4 infektioriski\u00e4. TSS, toksinen sokkioireyhtym\u00e4, on vakava bakteerisairaus, joka saattaa yksitt\u00e4isiss\u00e4 tapauksissa olla riskin\u00e4 tamponin istuessa sis\u00e4ll\u00e4 liian pitk\u00e4\u00e4n tai jos ei ole tarkkana hygienian kanssa ennen sis\u00e4\u00e4n asettamista. Tamponi maksaa joitakin kymmeni\u00e4 senttej\u00e4, mik\u00e4 elinaikana ylt\u00e4\u00e4 satoihin euroihin.<\/span><\/p>\n<h3><strong>Tietoa kuukautisista<\/strong><\/h3>\n<p><span style=\"font-weight: 400;\"><em>Menarke<\/em> \u2013 ensimm\u00e4inen vuoto, joka tapahtuu useimmiten 10-16 vuoden ik\u00e4isen\u00e4. Mik\u00e4li kuukautisen eiv\u00e4t ole viel\u00e4 alkaneet 16-17 vuotiaana, niin kannattaa ottaa yhteytt\u00e4 nuorisovastaanottoon tutkimuksia varten. Korkea stressitaso, liiallinen kuntoilu ja sy\u00f6mish\u00e4iri\u00f6t voivat viivytt\u00e4\u00e4 kuukautisia, tai aiheuttaa niiden poisj\u00e4\u00e4nnin. Hormonitasot saattavat my\u00f6s vaikuttaa.<\/span><\/p>\n<p><span style=\"font-weight: 400;\"><em>Kuukautiskierto<\/em> \u2013 aika kuukautisten ensimm\u00e4isen p\u00e4iv\u00e4n ja seuraavien kuukautisten v\u00e4lill\u00e4 on useimmiten 21-35 p\u00e4iv\u00e4\u00e4. Vuoto alkaa noin 14 p\u00e4iv\u00e4\u00e4 munasolun irtoamisen j\u00e4lkeen, ellei munasolu ole hedelm\u00f6ittynyt. Yksitt\u00e4isiss\u00e4 tapauksissa saattaa kuitenkin ilmet\u00e4 niukkaa vuotoa. Siksi kannattaa tehd\u00e4 raskaustesti suojaamattoman seksin j\u00e4lkeen, varmuuden vuoksi.<\/span><\/p>\n<p><span style=\"font-weight: 400;\"><em>Menopaussi<\/em>\u2013 (vaihdevuodet) tarkoittavat sit\u00e4, ett\u00e4 hedelm\u00e4llisyys on ohi ja niin ovat my\u00f6s kuukautiskierrot. Se todetaan vuosi viimeisen vuodon j\u00e4lkeen, useimmiten noin 45-55 vuoden ik\u00e4isen\u00e4.<\/span><\/p>\n<h3><strong>Kuukautisongelmat<\/strong><\/h3>\n<p><span style=\"font-weight: 400;\">Monet k\u00e4rsiv\u00e4t kuukautiskivuista. Kipul\u00e4\u00e4kkeet, l\u00e4mp\u00f6 ja liikunta voivat auttaa niihin. Kivun ollessa todella voimakasta, saattaa olla tarpeellista k\u00e4yd\u00e4 gynekologin tarkastettavana. L\u00e4\u00e4ketieteelliset ongelmat kuten esimerkiksi endometrioosi ja myooma voivat aiheuttaa voimakkaita kipuja kuukautisten aikana. \u00c4rtyneisyys, j\u00e4nnitetilat, turvotus kehossa, eli PMS, on my\u00f6s yleisi\u00e4.<\/span><\/p>\n<p><span style=\"font-weight: 400;\">Liian runsaisiin vuotoihin on olemassa l\u00e4\u00e4kkeit\u00e4. Normaali m\u00e4\u00e4r\u00e4 verta kuukautisten aikana on vajaa desilitra, mutta sekin vaihtelee.<\/span><\/p>\n<p>&nbsp;<\/p>\n<h3><\/h3>\n<p>&nbsp;<\/p>\n","protected":false},"excerpt":{"rendered":"<p>Kuukautiset ja kuukuppi Jaahas, nyt on taas se aika kuukaudesta. T\u00e4m\u00e4 ajatus useilla naisilla py\u00f6rii mieless\u00e4 kerr\u00e4n kuussa. Osa toivottaa kuukautisvuotonsa iloisesti tervetulleeksi, sill\u00e4 se on merkki siit\u00e4 etteiv\u00e4t he ole raskaana, kun taas toiset harmittelevat ettei toivottua lasta ole saatu siitetty\u00e4. Englanniksi kuukautisia kutsutaan joskus \u201cthe curse \u2013 kiroukseksi\u201d, josta kaikki naiset k\u00e4rsiv\u00e4t. Monissa kulttuureissa nainen n\u00e4hd\u00e4\u00e4n ep\u00e4puhtaana vuodon aikana. Saattaa olla, ett\u00e4 osa n\u00e4ist\u00e4 uskomuksista yh\u00e4 el\u00e4\u00e4 t\u00e4n\u00e4 p\u00e4iv\u00e4n\u00e4 yhteiskunnassamme. Vaikka kuukautisilla on monta lempinime\u00e4 ja termi\u00e4, niin ei se t\u00e4ss\u00e4 tapauksessa ole merkki rakkaasta lapsesta. Vaikuttaa silt\u00e4, ett\u00e4 kuukautisisten mainitsemista v\u00e4ltell\u00e4\u00e4n. V\u00e4lttelemisen sijaan kuukautisia pit\u00e4isi juhlistaa merkkin\u00e4 [&hellip;]<\/p>\n","protected":false},"author":9,"featured_media":0,"parent":5480,"menu_order":0,"comment_status":"open","ping_status":"open","template":"","meta":{"_acf_changed":false,"footnotes":""},"class_list":["post-5485","page","type-page","status-publish","hentry"],"acf":[],"yoast_head":"<!-- This site is optimized with the Yoast SEO plugin v27.1.1 - https:\/\/yoast.com\/product\/yoast-seo-wordpress\/ -->\n<title>Kuukautiset ja kuukuppi - Belladot<\/title>\n<meta name=\"robots\" content=\"index, follow, max-snippet:-1, max-image-preview:large, max-video-preview:-1\" \/>\n<link rel=\"canonical\" href=\"http:\/\/belladot.com\/fi\/seksologi-vastaa\/kuukautiset-ja-kuukuppi\/\" \/>\n<meta property=\"og:locale\" content=\"fi_FI\" \/>\n<meta property=\"og:type\" content=\"article\" \/>\n<meta property=\"og:title\" content=\"Kuukautiset ja kuukuppi - Belladot\" \/>\n<meta property=\"og:description\" content=\"Kuukautiset ja kuukuppi Jaahas, nyt on taas se aika kuukaudesta. T\u00e4m\u00e4 ajatus useilla naisilla py\u00f6rii mieless\u00e4 kerr\u00e4n kuussa. Osa toivottaa kuukautisvuotonsa iloisesti tervetulleeksi, sill\u00e4 se on merkki siit\u00e4 etteiv\u00e4t he ole raskaana, kun taas toiset harmittelevat ettei toivottua lasta ole saatu siitetty\u00e4. Englanniksi kuukautisia kutsutaan joskus \u201cthe curse \u2013 kiroukseksi\u201d, josta kaikki naiset k\u00e4rsiv\u00e4t. Monissa kulttuureissa nainen n\u00e4hd\u00e4\u00e4n ep\u00e4puhtaana vuodon aikana. Saattaa olla, ett\u00e4 osa n\u00e4ist\u00e4 uskomuksista yh\u00e4 el\u00e4\u00e4 t\u00e4n\u00e4 p\u00e4iv\u00e4n\u00e4 yhteiskunnassamme. Vaikka kuukautisilla on monta lempinime\u00e4 ja termi\u00e4, niin ei se t\u00e4ss\u00e4 tapauksessa ole merkki rakkaasta lapsesta. Vaikuttaa silt\u00e4, ett\u00e4 kuukautisisten mainitsemista v\u00e4ltell\u00e4\u00e4n. V\u00e4lttelemisen sijaan kuukautisia pit\u00e4isi juhlistaa merkkin\u00e4 [&hellip;]\" \/>\n<meta property=\"og:url\" content=\"http:\/\/belladot.com\/fi\/seksologi-vastaa\/kuukautiset-ja-kuukuppi\/\" \/>\n<meta property=\"og:site_name\" content=\"Belladot\" \/>\n<meta property=\"og:image\" content=\"http:\/\/belladot.com.loopiadns.com\/wp-content\/uploads\/2015\/04\/Evelina_s2_pro_pack_CP-300x244.png\" \/>\n<meta name=\"twitter:label1\" content=\"Est. reading time\" \/>\n\t<meta name=\"twitter:data1\" content=\"3 minutes\" \/>\n<script type=\"application\/ld+json\" class=\"yoast-schema-graph\">{\"@context\":\"https:\/\/schema.org\",\"@graph\":[{\"@type\":\"WebPage\",\"@id\":\"http:\/\/belladot.com\/fi\/seksologi-vastaa\/kuukautiset-ja-kuukuppi\/\",\"url\":\"http:\/\/belladot.com\/fi\/seksologi-vastaa\/kuukautiset-ja-kuukuppi\/\",\"name\":\"Kuukautiset ja kuukuppi - Belladot\",\"isPartOf\":{\"@id\":\"https:\/\/belladot.com\/#website\"},\"primaryImageOfPage\":{\"@id\":\"http:\/\/belladot.com\/fi\/seksologi-vastaa\/kuukautiset-ja-kuukuppi\/#primaryimage\"},\"image\":{\"@id\":\"http:\/\/belladot.com\/fi\/seksologi-vastaa\/kuukautiset-ja-kuukuppi\/#primaryimage\"},\"thumbnailUrl\":\"http:\/\/belladot.com.loopiadns.com\/wp-content\/uploads\/2015\/04\/Evelina_s2_pro_pack_CP-300x244.png\",\"datePublished\":\"2016-05-02T13:27:17+00:00\",\"breadcrumb\":{\"@id\":\"http:\/\/belladot.com\/fi\/seksologi-vastaa\/kuukautiset-ja-kuukuppi\/#breadcrumb\"},\"inLanguage\":\"fi-FI\",\"potentialAction\":[{\"@type\":\"ReadAction\",\"target\":[\"http:\/\/belladot.com\/fi\/seksologi-vastaa\/kuukautiset-ja-kuukuppi\/\"]}]},{\"@type\":\"ImageObject\",\"inLanguage\":\"fi-FI\",\"@id\":\"http:\/\/belladot.com\/fi\/seksologi-vastaa\/kuukautiset-ja-kuukuppi\/#primaryimage\",\"url\":\"http:\/\/belladot.com.loopiadns.com\/wp-content\/uploads\/2015\/04\/Evelina_s2_pro_pack_CP-300x244.png\",\"contentUrl\":\"http:\/\/belladot.com.loopiadns.com\/wp-content\/uploads\/2015\/04\/Evelina_s2_pro_pack_CP-300x244.png\"},{\"@type\":\"BreadcrumbList\",\"@id\":\"http:\/\/belladot.com\/fi\/seksologi-vastaa\/kuukautiset-ja-kuukuppi\/#breadcrumb\",\"itemListElement\":[{\"@type\":\"ListItem\",\"position\":1,\"name\":\"Seksologi vastaa\",\"item\":\"https:\/\/belladot.com\/fi\/seksologi-vastaa\/\"},{\"@type\":\"ListItem\",\"position\":2,\"name\":\"Kuukautiset ja kuukuppi\"}]},{\"@type\":\"WebSite\",\"@id\":\"https:\/\/belladot.com\/#website\",\"url\":\"https:\/\/belladot.com\/\",\"name\":\"Belladot\",\"description\":\"\",\"potentialAction\":[{\"@type\":\"SearchAction\",\"target\":{\"@type\":\"EntryPoint\",\"urlTemplate\":\"https:\/\/belladot.com\/?s={search_term_string}\"},\"query-input\":{\"@type\":\"PropertyValueSpecification\",\"valueRequired\":true,\"valueName\":\"search_term_string\"}}],\"inLanguage\":\"fi-FI\"}]}<\/script>\n<!-- \/ Yoast SEO plugin. -->","yoast_head_json":{"title":"Kuukautiset ja kuukuppi - Belladot","robots":{"index":"index","follow":"follow","max-snippet":"max-snippet:-1","max-image-preview":"max-image-preview:large","max-video-preview":"max-video-preview:-1"},"canonical":"http:\/\/belladot.com\/fi\/seksologi-vastaa\/kuukautiset-ja-kuukuppi\/","og_locale":"fi_FI","og_type":"article","og_title":"Kuukautiset ja kuukuppi - Belladot","og_description":"Kuukautiset ja kuukuppi Jaahas, nyt on taas se aika kuukaudesta. T\u00e4m\u00e4 ajatus useilla naisilla py\u00f6rii mieless\u00e4 kerr\u00e4n kuussa. Osa toivottaa kuukautisvuotonsa iloisesti tervetulleeksi, sill\u00e4 se on merkki siit\u00e4 etteiv\u00e4t he ole raskaana, kun taas toiset harmittelevat ettei toivottua lasta ole saatu siitetty\u00e4. Englanniksi kuukautisia kutsutaan joskus \u201cthe curse \u2013 kiroukseksi\u201d, josta kaikki naiset k\u00e4rsiv\u00e4t. Monissa kulttuureissa nainen n\u00e4hd\u00e4\u00e4n ep\u00e4puhtaana vuodon aikana. Saattaa olla, ett\u00e4 osa n\u00e4ist\u00e4 uskomuksista yh\u00e4 el\u00e4\u00e4 t\u00e4n\u00e4 p\u00e4iv\u00e4n\u00e4 yhteiskunnassamme. Vaikka kuukautisilla on monta lempinime\u00e4 ja termi\u00e4, niin ei se t\u00e4ss\u00e4 tapauksessa ole merkki rakkaasta lapsesta. Vaikuttaa silt\u00e4, ett\u00e4 kuukautisisten mainitsemista v\u00e4ltell\u00e4\u00e4n. V\u00e4lttelemisen sijaan kuukautisia pit\u00e4isi juhlistaa merkkin\u00e4 [&hellip;]","og_url":"http:\/\/belladot.com\/fi\/seksologi-vastaa\/kuukautiset-ja-kuukuppi\/","og_site_name":"Belladot","og_image":[{"url":"http:\/\/belladot.com.loopiadns.com\/wp-content\/uploads\/2015\/04\/Evelina_s2_pro_pack_CP-300x244.png","type":"","width":"","height":""}],"twitter_misc":{"Est. reading time":"3 minutes"},"schema":{"@context":"https:\/\/schema.org","@graph":[{"@type":"WebPage","@id":"http:\/\/belladot.com\/fi\/seksologi-vastaa\/kuukautiset-ja-kuukuppi\/","url":"http:\/\/belladot.com\/fi\/seksologi-vastaa\/kuukautiset-ja-kuukuppi\/","name":"Kuukautiset ja kuukuppi - Belladot","isPartOf":{"@id":"https:\/\/belladot.com\/#website"},"primaryImageOfPage":{"@id":"http:\/\/belladot.com\/fi\/seksologi-vastaa\/kuukautiset-ja-kuukuppi\/#primaryimage"},"image":{"@id":"http:\/\/belladot.com\/fi\/seksologi-vastaa\/kuukautiset-ja-kuukuppi\/#primaryimage"},"thumbnailUrl":"http:\/\/belladot.com.loopiadns.com\/wp-content\/uploads\/2015\/04\/Evelina_s2_pro_pack_CP-300x244.png","datePublished":"2016-05-02T13:27:17+00:00","breadcrumb":{"@id":"http:\/\/belladot.com\/fi\/seksologi-vastaa\/kuukautiset-ja-kuukuppi\/#breadcrumb"},"inLanguage":"fi-FI","potentialAction":[{"@type":"ReadAction","target":["http:\/\/belladot.com\/fi\/seksologi-vastaa\/kuukautiset-ja-kuukuppi\/"]}]},{"@type":"ImageObject","inLanguage":"fi-FI","@id":"http:\/\/belladot.com\/fi\/seksologi-vastaa\/kuukautiset-ja-kuukuppi\/#primaryimage","url":"http:\/\/belladot.com.loopiadns.com\/wp-content\/uploads\/2015\/04\/Evelina_s2_pro_pack_CP-300x244.png","contentUrl":"http:\/\/belladot.com.loopiadns.com\/wp-content\/uploads\/2015\/04\/Evelina_s2_pro_pack_CP-300x244.png"},{"@type":"BreadcrumbList","@id":"http:\/\/belladot.com\/fi\/seksologi-vastaa\/kuukautiset-ja-kuukuppi\/#breadcrumb","itemListElement":[{"@type":"ListItem","position":1,"name":"Seksologi vastaa","item":"https:\/\/belladot.com\/fi\/seksologi-vastaa\/"},{"@type":"ListItem","position":2,"name":"Kuukautiset ja kuukuppi"}]},{"@type":"WebSite","@id":"https:\/\/belladot.com\/#website","url":"https:\/\/belladot.com\/","name":"Belladot","description":"","potentialAction":[{"@type":"SearchAction","target":{"@type":"EntryPoint","urlTemplate":"https:\/\/belladot.com\/?s={search_term_string}"},"query-input":{"@type":"PropertyValueSpecification","valueRequired":true,"valueName":"search_term_string"}}],"inLanguage":"fi-FI"}]}},"_links":{"self":[{"href":"https:\/\/belladot.com\/fi\/wp-json\/wp\/v2\/pages\/5485","targetHints":{"allow":["GET"]}}],"collection":[{"href":"https:\/\/belladot.com\/fi\/wp-json\/wp\/v2\/pages"}],"about":[{"href":"https:\/\/belladot.com\/fi\/wp-json\/wp\/v2\/types\/page"}],"author":[{"embeddable":true,"href":"https:\/\/belladot.com\/fi\/wp-json\/wp\/v2\/users\/9"}],"replies":[{"embeddable":true,"href":"https:\/\/belladot.com\/fi\/wp-json\/wp\/v2\/comments?post=5485"}],"version-history":[{"count":0,"href":"https:\/\/belladot.com\/fi\/wp-json\/wp\/v2\/pages\/5485\/revisions"}],"up":[{"embeddable":true,"href":"https:\/\/belladot.com\/fi\/wp-json\/wp\/v2\/pages\/5480"}],"wp:attachment":[{"href":"https:\/\/belladot.com\/fi\/wp-json\/wp\/v2\/media?parent=5485"}],"curies":[{"name":"wp","href":"https:\/\/api.w.org\/{rel}","templated":true}]}}