{"id":5596,"date":"2016-05-23T09:36:38","date_gmt":"2016-05-23T07:36:38","guid":{"rendered":"http:\/\/belladot.com.loopiadns.com.loopiadns.com\/fi\/?page_id=5596"},"modified":"2016-05-23T09:36:38","modified_gmt":"2016-05-23T07:36:38","slug":"onanointi-on-luonnollista","status":"publish","type":"page","link":"https:\/\/belladot.com\/fi\/seksologi-vastaa\/onanointi-on-luonnollista\/","title":{"rendered":"Onanointi on luonnollista"},"content":{"rendered":"<h3><b><b>Onanointi on luonnollista<\/b><\/b><\/h3>\n<p>Onanointi on luonnollista. Oletko masturboinut hiljattain? Siin\u00e4 tapauksessa et ole yksin. Useimmat\u00a0meist\u00e4 masturboi enemm\u00e4n tai v\u00e4hemm\u00e4n s\u00e4\u00e4nn\u00f6llisesti.<\/p>\n<p>Onanoinnilla on monta lempinime\u00e4 kuten runkkaaminen, k\u00e4teen vet\u00e4minen, sormettaminen,\u00a0sooloseksi ja vaikkapa taskubiljardi. Yleisint\u00e4 on k\u00e4ytt\u00e4\u00e4 sormia ja k\u00e4tt\u00e4. Kodin esineit\u00e4kin, kuten\u00a0k\u00e4sisuihkua, tyynyj\u00e4 tai muuta k\u00e4ytet\u00e4\u00e4n my\u00f6s toisinaan.<\/p>\n<p>Belladotin seksiapuv\u00e4lineet on tarkasti testattuja ollakseen varmoja ja tuodakseen maksimaalisen\u00a0nautinnon. Naisilla on valikoima hieromasauvoja ja vibraattoreita joista valita, kuten:<\/p>\n<p>Belladot Bodil, joka stimuloi sek\u00e4 G\u00adpistett\u00e4 ett\u00e4 A\u00adpistett\u00e4, Belladot Greta, joka on pieni ja k\u00e4tev\u00e4\u00a0sek\u00e4 Vilma, joka stimuloi sek\u00e4 G\u00adpistett\u00e4 ett\u00e4 klitorista samanaikaisesti. Kaikki kolme ovat\u00a0vedenpit\u00e4vi\u00e4 ja ne voi huoletta ottaa suihkuun mukaan. Lis\u00e4\u00e4 muista tuotteista l\u00f6yd\u00e4t \u201cLeluja\u201d\u00ad\u00a0osiosta.<\/p>\n<p>Tied\u00e4t varmasti, ett\u00e4 on t\u00e4rke\u00e4\u00e4 kuunnella kehoaan eri tilanteissa, esimerkiksi stressin\u00a0v\u00e4ltt\u00e4miseksi. Onanointi ja orgasmi ovat hyv\u00e4 tapa rentoutua \u2013 t\u00e4ll\u00f6in hyvinvointia tuovia\u00a0hormoneja vapautuu. Sanotaan, ett\u00e4 muisti ja keskittymiskykykin kasvavat. Ahdistus ja stressi\u00a0voivat lieventy\u00e4. T\u00e4m\u00e4 koskee my\u00f6s seksi\u00e4 yleisesti, mutta onanoinnin etu on se, ett\u00e4 valitset itse\u00a0paikan ja tavan.<\/p>\n<p>Hyvin treenattu lantionpohja vahvistaa haluja ja voi tuottaa voimakkaampia orgasmeja. Britt\u00a0treenikuulat auttavat oikeiden lihasten paikantamisessa ja niit\u00e4 voi my\u00f6s k\u00e4ytt\u00e4\u00e4 onanoinnin\u00a0parantamiseen. Lue lis\u00e4\u00e4 lantionpohjan lihasten treenaamisesta \u201cNaisen inkontinenssi\u201d\u00adotsikon\u00a0alta.<\/p>\n<p>Onanointi yhdess\u00e4 tai kumppanin edess\u00e4 on erinomainen tilaisuus tutusua toistensa kehoihin ja\u00a0n\u00e4ytt\u00e4\u00e4 mist\u00e4 nauttii. Se antaa my\u00f6s mahdollisuuden harrastaa seksi\u00e4 yhdess\u00e4 jos yhdynt\u00e4\u00e4 ei\u00a0jostain syyst\u00e4 voi harrastaa.<\/p>\n<p>Tutkimukset osoittavat, ett\u00e4 henkil\u00f6ll\u00e4, joka on saanut ensimm\u00e4isen orgasminsa masturboidessa,\u00a0on parempaa seksi\u00e4 kumppanin kanssa. Onanointia harrastavat s\u00e4ilytt\u00e4v\u00e4t seksuaalisuudensa\u00a0pidemp\u00e4\u00e4n ja pit\u00e4v\u00e4t seksihalut elossa kumppanin puuttuessa.<\/p>\n<p>Himo, onanointi ja nautinto ilman h\u00e4pe\u00e4\u00e4 on kaikkien oikeus. Itsetyydytykseen liittyy kuitenkin\u00a0paljon tabuja. Miksi monet kokevat, ett\u00e4 onanoinnista on vaikea puhua? Arvojen muuttuminen\u00a0kest\u00e4\u00e4 useita sukupolvia ja historiallisesti katsoen onanointi on ollut tabu.<\/p>\n<h3><b><b>Tabun historia<\/b><\/b><\/h3>\n<p>Sana on per\u00e4isin raamatun tarinasta, jossa jumala tappaa Onanin, joka keskeytti yhdynn\u00e4\u00a0ennen siemensy\u00f6ksy\u00e4, jottei siemen p\u00e4\u00e4tyisi naiseen. Siksi onanointi tarkoitti 1700\u00adluvulle asti\u00a0keskeytetty\u00e4 yhdynt\u00e4\u00e4, mink\u00e4 j\u00e4lkeen onanointi on tarkoittanut onanointia. Latinankielist\u00e4 sanaa\u00a0masturbointi k\u00e4ytet\u00e4\u00e4n my\u00f6s ja se on per\u00e4isin sanoista manus (k\u00e4si) ja stuprum (h\u00e4p\u00e4ist\u00e4).<\/p>\n<p>Viel\u00e4 pitk\u00e4\u00e4n 1900\u00adluvulla onanointi n\u00e4htiin h\u00e4pe\u00e4llisen\u00e4, haitallisena ja ep\u00e4normaalina. Onanoija\u00a0kuvattiin kalpeana, sairaana ja vajaamielisen\u00e4. H\u00e4pe\u00e4 syntyy usein aikaisin el\u00e4m\u00e4ss\u00e4 ja se\u00a0s\u00e4ilyy, vaikka muistot ovat jo kauan sitten unohdettuja. Lapsen oppiessa k\u00e4velem\u00e4\u00e4n aikuiset\u00a0taputtavat. Itsetyydytys vuorostaan otetaan vastaan ep\u00e4varmuudella ja hiljaisuudella,\u00a0pahimmillaan jopa terv\u00e4vin sanoin.<\/p>\n<h3><b><b>Viel\u00e4kin tabu<\/b><\/b><\/h3>\n<p>Monet kumppanittomat tuntevat itsens\u00e4 ep\u00e4onnistuneiksi, kun he \u201cjoutuvat\u201d onanoimaan. He\u00a0vuorostaan, joilla on kumppani, voivat h\u00e4vet\u00e4 onanointiaan eiv\u00e4tk\u00e4 kerro siit\u00e4. On t\u00e4rke\u00e4\u00e4\u00a0uskaltaa kertoa omista tunteista ja ajatuksistaan sen sijaan, ett\u00e4 on yksin salaisuutensa kanssa.<\/p>\n<p>Jos toinen osapuoli saa tiet\u00e4\u00e4, ett\u00e4 kumppani onanoi, saattaa h\u00e4n kokea itsens\u00e4 ei-houkuttelevaksi ja riitt\u00e4m\u00e4tt\u00f6m\u00e4ksi. Totuus on, ettei halun onanoida tarvitse lainkaan liitty\u00e4\u00a0huonoon seksiin. Sen sijaan tutkimukset osoittavat, ett\u00e4 henkil\u00f6t, jotka onanoivat enemm\u00e4n ovat\u00a0tyytyv\u00e4isempi\u00e4 seksiel\u00e4m\u00e4\u00e4ns\u00e4 kumppanin kanssa ja seksuaalisuuteensa ylip\u00e4\u00e4t\u00e4\u00e4n.<\/p>\n<p>Monet miehet nauttivat Belladotin vibraattoreiden k\u00e4ytt\u00e4misest\u00e4. Belladot Bertil on v\u00e4risev\u00e4\u00a0penisrengas, joka vahvistaa ja pident\u00e4\u00e4 erektiota. Bonuksena on pieni uloke, jonka voi k\u00e4\u00e4nt\u00e4\u00e4\u00a0kivespussia tai klitorista kohti.<\/p>\n<p>Monet miettiv\u00e4t kuinka usein on normaalia onanoida. Niin usein kuin haluat, on useimmiten\u00a0vastaukseni. Jos itsetyydytyksest\u00e4 tulee pakonomaista tai este p\u00e4ivitt\u00e4iselle el\u00e4m\u00e4lle, on sinun\u00a0syyt\u00e4 hakea apua. Onanointi ei ole ongelma, pakottava tarve onanoida vuorostaan on.\u00a0Onanoinnin ei tule my\u00f6sk\u00e4\u00e4n sattua tai aiheuttaa vahinkoa alap\u00e4\u00e4lle.<\/p>\n<p>Likuvoide vahvistaa nautintoa ja v\u00e4hent\u00e4\u00e4 kulumista. Belladotilla on sek\u00e4 vesipohjaisia\u00a0liukuvoiteita, hajusteilla tai ilman, ett\u00e4 silikonipohjaisia. Kaikki ovat tietysti turvallisia k\u00e4ytt\u00e4\u00e4\u00a0kondomin kanssa.<\/p>\n<p>Jos orgasmin saavuttaminen on sinulle vaikeaa, on onanointi ja oman seksuaalisuutesi\u00a0tutkiminen hy\u00f6dyllisi\u00e4. Lue lis\u00e4\u00e4 otsikoiden \u201cOrgasmivaikeuksia\u201d ja \u201cHalut ja aistillisuus\u201d alta.<\/p>\n<p><strong>Toivotamme teille useita ihania orgasmeja!<\/strong><\/p>\n<p>&nbsp;<\/p>\n","protected":false},"excerpt":{"rendered":"<p>Onanointi on luonnollista Onanointi on luonnollista. Oletko masturboinut hiljattain? Siin\u00e4 tapauksessa et ole yksin. Useimmat\u00a0meist\u00e4 masturboi enemm\u00e4n tai v\u00e4hemm\u00e4n s\u00e4\u00e4nn\u00f6llisesti. Onanoinnilla on monta lempinime\u00e4 kuten runkkaaminen, k\u00e4teen vet\u00e4minen, sormettaminen,\u00a0sooloseksi ja vaikkapa taskubiljardi. Yleisint\u00e4 on k\u00e4ytt\u00e4\u00e4 sormia ja k\u00e4tt\u00e4. Kodin esineit\u00e4kin, kuten\u00a0k\u00e4sisuihkua, tyynyj\u00e4 tai muuta k\u00e4ytet\u00e4\u00e4n my\u00f6s toisinaan. Belladotin seksiapuv\u00e4lineet on tarkasti testattuja ollakseen varmoja ja tuodakseen maksimaalisen\u00a0nautinnon. Naisilla on valikoima hieromasauvoja ja vibraattoreita joista valita, kuten: Belladot Bodil, joka stimuloi sek\u00e4 G\u00adpistett\u00e4 ett\u00e4 A\u00adpistett\u00e4, Belladot Greta, joka on pieni ja k\u00e4tev\u00e4\u00a0sek\u00e4 Vilma, joka stimuloi sek\u00e4 G\u00adpistett\u00e4 ett\u00e4 klitorista samanaikaisesti. Kaikki kolme ovat\u00a0vedenpit\u00e4vi\u00e4 ja ne voi huoletta ottaa suihkuun mukaan. Lis\u00e4\u00e4 [&hellip;]<\/p>\n","protected":false},"author":9,"featured_media":0,"parent":5480,"menu_order":0,"comment_status":"open","ping_status":"open","template":"","meta":{"_acf_changed":false,"footnotes":""},"class_list":["post-5596","page","type-page","status-publish","hentry"],"acf":[],"yoast_head":"<!-- This site is optimized with the Yoast SEO plugin v27.1.1 - https:\/\/yoast.com\/product\/yoast-seo-wordpress\/ -->\n<title>Onanointi on luonnollista - Belladot<\/title>\n<meta name=\"robots\" content=\"index, follow, max-snippet:-1, max-image-preview:large, max-video-preview:-1\" \/>\n<link rel=\"canonical\" href=\"http:\/\/belladot.com\/fi\/seksologi-vastaa\/onanointi-on-luonnollista\/\" \/>\n<meta property=\"og:locale\" content=\"fi_FI\" \/>\n<meta property=\"og:type\" content=\"article\" \/>\n<meta property=\"og:title\" content=\"Onanointi on luonnollista - Belladot\" \/>\n<meta property=\"og:description\" content=\"Onanointi on luonnollista Onanointi on luonnollista. Oletko masturboinut hiljattain? Siin\u00e4 tapauksessa et ole yksin. Useimmat\u00a0meist\u00e4 masturboi enemm\u00e4n tai v\u00e4hemm\u00e4n s\u00e4\u00e4nn\u00f6llisesti. Onanoinnilla on monta lempinime\u00e4 kuten runkkaaminen, k\u00e4teen vet\u00e4minen, sormettaminen,\u00a0sooloseksi ja vaikkapa taskubiljardi. Yleisint\u00e4 on k\u00e4ytt\u00e4\u00e4 sormia ja k\u00e4tt\u00e4. Kodin esineit\u00e4kin, kuten\u00a0k\u00e4sisuihkua, tyynyj\u00e4 tai muuta k\u00e4ytet\u00e4\u00e4n my\u00f6s toisinaan. Belladotin seksiapuv\u00e4lineet on tarkasti testattuja ollakseen varmoja ja tuodakseen maksimaalisen\u00a0nautinnon. Naisilla on valikoima hieromasauvoja ja vibraattoreita joista valita, kuten: Belladot Bodil, joka stimuloi sek\u00e4 G\u00adpistett\u00e4 ett\u00e4 A\u00adpistett\u00e4, Belladot Greta, joka on pieni ja k\u00e4tev\u00e4\u00a0sek\u00e4 Vilma, joka stimuloi sek\u00e4 G\u00adpistett\u00e4 ett\u00e4 klitorista samanaikaisesti. Kaikki kolme ovat\u00a0vedenpit\u00e4vi\u00e4 ja ne voi huoletta ottaa suihkuun mukaan. Lis\u00e4\u00e4 [&hellip;]\" \/>\n<meta property=\"og:url\" content=\"http:\/\/belladot.com\/fi\/seksologi-vastaa\/onanointi-on-luonnollista\/\" \/>\n<meta property=\"og:site_name\" content=\"Belladot\" \/>\n<meta name=\"twitter:label1\" content=\"Est. reading time\" \/>\n\t<meta name=\"twitter:data1\" content=\"3 minutes\" \/>\n<script type=\"application\/ld+json\" class=\"yoast-schema-graph\">{\"@context\":\"https:\/\/schema.org\",\"@graph\":[{\"@type\":\"WebPage\",\"@id\":\"http:\/\/belladot.com\/fi\/seksologi-vastaa\/onanointi-on-luonnollista\/\",\"url\":\"http:\/\/belladot.com\/fi\/seksologi-vastaa\/onanointi-on-luonnollista\/\",\"name\":\"Onanointi on luonnollista - Belladot\",\"isPartOf\":{\"@id\":\"https:\/\/belladot.com\/#website\"},\"datePublished\":\"2016-05-23T07:36:38+00:00\",\"breadcrumb\":{\"@id\":\"http:\/\/belladot.com\/fi\/seksologi-vastaa\/onanointi-on-luonnollista\/#breadcrumb\"},\"inLanguage\":\"fi-FI\",\"potentialAction\":[{\"@type\":\"ReadAction\",\"target\":[\"http:\/\/belladot.com\/fi\/seksologi-vastaa\/onanointi-on-luonnollista\/\"]}]},{\"@type\":\"BreadcrumbList\",\"@id\":\"http:\/\/belladot.com\/fi\/seksologi-vastaa\/onanointi-on-luonnollista\/#breadcrumb\",\"itemListElement\":[{\"@type\":\"ListItem\",\"position\":1,\"name\":\"Seksologi vastaa\",\"item\":\"https:\/\/belladot.com\/fi\/seksologi-vastaa\/\"},{\"@type\":\"ListItem\",\"position\":2,\"name\":\"Onanointi on luonnollista\"}]},{\"@type\":\"WebSite\",\"@id\":\"https:\/\/belladot.com\/#website\",\"url\":\"https:\/\/belladot.com\/\",\"name\":\"Belladot\",\"description\":\"\",\"potentialAction\":[{\"@type\":\"SearchAction\",\"target\":{\"@type\":\"EntryPoint\",\"urlTemplate\":\"https:\/\/belladot.com\/?s={search_term_string}\"},\"query-input\":{\"@type\":\"PropertyValueSpecification\",\"valueRequired\":true,\"valueName\":\"search_term_string\"}}],\"inLanguage\":\"fi-FI\"}]}<\/script>\n<!-- \/ Yoast SEO plugin. -->","yoast_head_json":{"title":"Onanointi on luonnollista - Belladot","robots":{"index":"index","follow":"follow","max-snippet":"max-snippet:-1","max-image-preview":"max-image-preview:large","max-video-preview":"max-video-preview:-1"},"canonical":"http:\/\/belladot.com\/fi\/seksologi-vastaa\/onanointi-on-luonnollista\/","og_locale":"fi_FI","og_type":"article","og_title":"Onanointi on luonnollista - Belladot","og_description":"Onanointi on luonnollista Onanointi on luonnollista. Oletko masturboinut hiljattain? Siin\u00e4 tapauksessa et ole yksin. Useimmat\u00a0meist\u00e4 masturboi enemm\u00e4n tai v\u00e4hemm\u00e4n s\u00e4\u00e4nn\u00f6llisesti. Onanoinnilla on monta lempinime\u00e4 kuten runkkaaminen, k\u00e4teen vet\u00e4minen, sormettaminen,\u00a0sooloseksi ja vaikkapa taskubiljardi. Yleisint\u00e4 on k\u00e4ytt\u00e4\u00e4 sormia ja k\u00e4tt\u00e4. Kodin esineit\u00e4kin, kuten\u00a0k\u00e4sisuihkua, tyynyj\u00e4 tai muuta k\u00e4ytet\u00e4\u00e4n my\u00f6s toisinaan. Belladotin seksiapuv\u00e4lineet on tarkasti testattuja ollakseen varmoja ja tuodakseen maksimaalisen\u00a0nautinnon. Naisilla on valikoima hieromasauvoja ja vibraattoreita joista valita, kuten: Belladot Bodil, joka stimuloi sek\u00e4 G\u00adpistett\u00e4 ett\u00e4 A\u00adpistett\u00e4, Belladot Greta, joka on pieni ja k\u00e4tev\u00e4\u00a0sek\u00e4 Vilma, joka stimuloi sek\u00e4 G\u00adpistett\u00e4 ett\u00e4 klitorista samanaikaisesti. Kaikki kolme ovat\u00a0vedenpit\u00e4vi\u00e4 ja ne voi huoletta ottaa suihkuun mukaan. Lis\u00e4\u00e4 [&hellip;]","og_url":"http:\/\/belladot.com\/fi\/seksologi-vastaa\/onanointi-on-luonnollista\/","og_site_name":"Belladot","twitter_misc":{"Est. reading time":"3 minutes"},"schema":{"@context":"https:\/\/schema.org","@graph":[{"@type":"WebPage","@id":"http:\/\/belladot.com\/fi\/seksologi-vastaa\/onanointi-on-luonnollista\/","url":"http:\/\/belladot.com\/fi\/seksologi-vastaa\/onanointi-on-luonnollista\/","name":"Onanointi on luonnollista - Belladot","isPartOf":{"@id":"https:\/\/belladot.com\/#website"},"datePublished":"2016-05-23T07:36:38+00:00","breadcrumb":{"@id":"http:\/\/belladot.com\/fi\/seksologi-vastaa\/onanointi-on-luonnollista\/#breadcrumb"},"inLanguage":"fi-FI","potentialAction":[{"@type":"ReadAction","target":["http:\/\/belladot.com\/fi\/seksologi-vastaa\/onanointi-on-luonnollista\/"]}]},{"@type":"BreadcrumbList","@id":"http:\/\/belladot.com\/fi\/seksologi-vastaa\/onanointi-on-luonnollista\/#breadcrumb","itemListElement":[{"@type":"ListItem","position":1,"name":"Seksologi vastaa","item":"https:\/\/belladot.com\/fi\/seksologi-vastaa\/"},{"@type":"ListItem","position":2,"name":"Onanointi on luonnollista"}]},{"@type":"WebSite","@id":"https:\/\/belladot.com\/#website","url":"https:\/\/belladot.com\/","name":"Belladot","description":"","potentialAction":[{"@type":"SearchAction","target":{"@type":"EntryPoint","urlTemplate":"https:\/\/belladot.com\/?s={search_term_string}"},"query-input":{"@type":"PropertyValueSpecification","valueRequired":true,"valueName":"search_term_string"}}],"inLanguage":"fi-FI"}]}},"_links":{"self":[{"href":"https:\/\/belladot.com\/fi\/wp-json\/wp\/v2\/pages\/5596","targetHints":{"allow":["GET"]}}],"collection":[{"href":"https:\/\/belladot.com\/fi\/wp-json\/wp\/v2\/pages"}],"about":[{"href":"https:\/\/belladot.com\/fi\/wp-json\/wp\/v2\/types\/page"}],"author":[{"embeddable":true,"href":"https:\/\/belladot.com\/fi\/wp-json\/wp\/v2\/users\/9"}],"replies":[{"embeddable":true,"href":"https:\/\/belladot.com\/fi\/wp-json\/wp\/v2\/comments?post=5596"}],"version-history":[{"count":0,"href":"https:\/\/belladot.com\/fi\/wp-json\/wp\/v2\/pages\/5596\/revisions"}],"up":[{"embeddable":true,"href":"https:\/\/belladot.com\/fi\/wp-json\/wp\/v2\/pages\/5480"}],"wp:attachment":[{"href":"https:\/\/belladot.com\/fi\/wp-json\/wp\/v2\/media?parent=5596"}],"curies":[{"name":"wp","href":"https:\/\/api.w.org\/{rel}","templated":true}]}}