{"id":5598,"date":"2016-05-23T09:39:25","date_gmt":"2016-05-23T07:39:25","guid":{"rendered":"http:\/\/belladot.com.loopiadns.com.loopiadns.com\/fi\/?page_id=5598"},"modified":"2016-05-23T09:39:25","modified_gmt":"2016-05-23T07:39:25","slug":"laheisyyden-tarkeys","status":"publish","type":"page","link":"https:\/\/belladot.com\/fi\/seksologi-vastaa\/laheisyyden-tarkeys\/","title":{"rendered":"L\u00e4heisyyden t\u00e4rkeys"},"content":{"rendered":"<p>L\u00e4heisyys on sek\u00e4 t\u00e4rke\u00e4\u00e4 ett\u00e4 ihanaa. Jo pelk\u00e4ll\u00e4 halaamisella on monta positiivista vaikutusta.<\/p>\n<p>Haleja on monenlaisia; halit parisuhteessa, vanhempien ja lasten kesken, tai yst\u00e4vienkeskeiset\u00a0halit.<\/p>\n<p>Tiesitk\u00f6, ett\u00e4 riippumatta siit\u00e4 ket\u00e4 halaat, niin tulette molemmat voimaan paremmin sen j\u00e4lkeen?\u00a0Ei ainoastaan siksi, ett\u00e4 olet saanut l\u00e4heisyytt\u00e4 kanssaihmiselt\u00e4, vaan my\u00f6s, koska kehon omaa\u00a0l\u00e4\u00e4kett\u00e4, oksytosiinia, erittyy kehossa. Oksytosiini rauhoittaa sinua ja v\u00e4hent\u00e4\u00e4 stressi\u00e4. Sill\u00e4 on\u00a0my\u00f6s my\u00f6nteisi\u00e4 vaikutuksia kehoon kuten immuunij\u00e4rjestelm\u00e4\u00e4n, verenkiertoon,\u00a0verenpaineeseen, ravinnon imeytymiseen ja haavojen paranemiseen.<\/p>\n<p>Ellet tunne olevasi parhaimmillasi, niin olisi sopiva l\u00e4\u00e4k\u00e4rin m\u00e4\u00e4r\u00e4ys muutama halaus p\u00e4iv\u00e4ss\u00e4!\u00a0Halauksien pit\u00e4\u00e4 sit\u00e4 paitsi olla kunnon halauksia, mieluiten ainakin 30 sekuntia, jotta hormonia\u00a0erittyisi reilusti.<\/p>\n<p>Oksytosiinia erittyy my\u00f6s, kun harrastaa seksi\u00e4 ja saa orgasmin. Pariskunnat, joilla on ongelmia\u00a0seksiel\u00e4m\u00e4ss\u00e4 saattavat jopa lopettaa toistensa koskettelemisen ja halaamisen, sill\u00e4 se muistuttaa\u00a0ep\u00e4onnistuneesta seksiel\u00e4m\u00e4st\u00e4. Tuolloin ongelma voimistuu entisest\u00e4\u00e4n, sill\u00e4 hormoni lis\u00e4\u00e4\u00a0luottamusta ja avoimuutta ihmisten v\u00e4lill\u00e4. Fyysisen l\u00e4heisyyden jatkaminen pit\u00e4\u00e4 parisuhteen\u00a0el\u00e4v\u00e4isen\u00e4. Aistillisuusharjoitukset ovat tapa palauttaa fyysinen l\u00e4heisyys parisuhteeseen ja sit\u00e4\u00a0my\u00f6ten my\u00f6s seksiel\u00e4m\u00e4, mik\u00e4li se on jostain syyst\u00e4 j\u00e4iss\u00e4.<\/p>\n<p>Monet olosuhteet vaikuttavat seksin ja l\u00e4heisyyden haluun. Lis\u00e4\u00e4ntyneill\u00e4 haluilla ja\u00a0aistillisuudella on my\u00f6nteisi\u00e4 vaikutuksia mielialaan, terveyteen ja yleiseen hyvinvointiin.<\/p>\n<p>Kaikki tavalliset halaukset, muu kehokontakti ja kosketus saavat sinut voimaan hyvin. Ellei sinulla ole\u00a0ket\u00e4\u00e4n ket\u00e4 halata, l\u00f6ytyy my\u00f6s muita ratkaisuja kuten l\u00e4mmin kylpy, hieronta tai miksei vaikka\u00a0tango?<\/p>\n<p>&nbsp;<\/p>\n","protected":false},"excerpt":{"rendered":"<p>L\u00e4heisyys on sek\u00e4 t\u00e4rke\u00e4\u00e4 ett\u00e4 ihanaa. Jo pelk\u00e4ll\u00e4 halaamisella on monta positiivista vaikutusta. Haleja on monenlaisia; halit parisuhteessa, vanhempien ja lasten kesken, tai yst\u00e4vienkeskeiset\u00a0halit. Tiesitk\u00f6, ett\u00e4 riippumatta siit\u00e4 ket\u00e4 halaat, niin tulette molemmat voimaan paremmin sen j\u00e4lkeen?\u00a0Ei ainoastaan siksi, ett\u00e4 olet saanut l\u00e4heisyytt\u00e4 kanssaihmiselt\u00e4, vaan my\u00f6s, koska kehon omaa\u00a0l\u00e4\u00e4kett\u00e4, oksytosiinia, erittyy kehossa. Oksytosiini rauhoittaa sinua ja v\u00e4hent\u00e4\u00e4 stressi\u00e4. Sill\u00e4 on\u00a0my\u00f6s my\u00f6nteisi\u00e4 vaikutuksia kehoon kuten immuunij\u00e4rjestelm\u00e4\u00e4n, verenkiertoon,\u00a0verenpaineeseen, ravinnon imeytymiseen ja haavojen paranemiseen. Ellet tunne olevasi parhaimmillasi, niin olisi sopiva l\u00e4\u00e4k\u00e4rin m\u00e4\u00e4r\u00e4ys muutama halaus p\u00e4iv\u00e4ss\u00e4!\u00a0Halauksien pit\u00e4\u00e4 sit\u00e4 paitsi olla kunnon halauksia, mieluiten ainakin 30 sekuntia, jotta hormonia\u00a0erittyisi reilusti. Oksytosiinia erittyy my\u00f6s, kun [&hellip;]<\/p>\n","protected":false},"author":9,"featured_media":0,"parent":5480,"menu_order":0,"comment_status":"closed","ping_status":"closed","template":"","meta":{"_acf_changed":false,"footnotes":""},"class_list":["post-5598","page","type-page","status-publish","hentry"],"acf":[],"yoast_head":"<!-- This site is optimized with the Yoast SEO plugin v27.1.1 - https:\/\/yoast.com\/product\/yoast-seo-wordpress\/ -->\n<title>L\u00e4heisyyden t\u00e4rkeys - Belladot<\/title>\n<meta name=\"robots\" content=\"index, follow, max-snippet:-1, max-image-preview:large, max-video-preview:-1\" \/>\n<link rel=\"canonical\" href=\"http:\/\/belladot.com\/fi\/seksologi-vastaa\/laheisyyden-tarkeys\/\" \/>\n<meta property=\"og:locale\" content=\"fi_FI\" \/>\n<meta property=\"og:type\" content=\"article\" \/>\n<meta property=\"og:title\" content=\"L\u00e4heisyyden t\u00e4rkeys - Belladot\" \/>\n<meta property=\"og:description\" content=\"L\u00e4heisyys on sek\u00e4 t\u00e4rke\u00e4\u00e4 ett\u00e4 ihanaa. Jo pelk\u00e4ll\u00e4 halaamisella on monta positiivista vaikutusta. Haleja on monenlaisia; halit parisuhteessa, vanhempien ja lasten kesken, tai yst\u00e4vienkeskeiset\u00a0halit. Tiesitk\u00f6, ett\u00e4 riippumatta siit\u00e4 ket\u00e4 halaat, niin tulette molemmat voimaan paremmin sen j\u00e4lkeen?\u00a0Ei ainoastaan siksi, ett\u00e4 olet saanut l\u00e4heisyytt\u00e4 kanssaihmiselt\u00e4, vaan my\u00f6s, koska kehon omaa\u00a0l\u00e4\u00e4kett\u00e4, oksytosiinia, erittyy kehossa. Oksytosiini rauhoittaa sinua ja v\u00e4hent\u00e4\u00e4 stressi\u00e4. Sill\u00e4 on\u00a0my\u00f6s my\u00f6nteisi\u00e4 vaikutuksia kehoon kuten immuunij\u00e4rjestelm\u00e4\u00e4n, verenkiertoon,\u00a0verenpaineeseen, ravinnon imeytymiseen ja haavojen paranemiseen. Ellet tunne olevasi parhaimmillasi, niin olisi sopiva l\u00e4\u00e4k\u00e4rin m\u00e4\u00e4r\u00e4ys muutama halaus p\u00e4iv\u00e4ss\u00e4!\u00a0Halauksien pit\u00e4\u00e4 sit\u00e4 paitsi olla kunnon halauksia, mieluiten ainakin 30 sekuntia, jotta hormonia\u00a0erittyisi reilusti. Oksytosiinia erittyy my\u00f6s, kun [&hellip;]\" \/>\n<meta property=\"og:url\" content=\"http:\/\/belladot.com\/fi\/seksologi-vastaa\/laheisyyden-tarkeys\/\" \/>\n<meta property=\"og:site_name\" content=\"Belladot\" \/>\n<meta name=\"twitter:label1\" content=\"Est. reading time\" \/>\n\t<meta name=\"twitter:data1\" content=\"1 minute\" \/>\n<script type=\"application\/ld+json\" class=\"yoast-schema-graph\">{\"@context\":\"https:\/\/schema.org\",\"@graph\":[{\"@type\":\"WebPage\",\"@id\":\"http:\/\/belladot.com\/fi\/seksologi-vastaa\/laheisyyden-tarkeys\/\",\"url\":\"http:\/\/belladot.com\/fi\/seksologi-vastaa\/laheisyyden-tarkeys\/\",\"name\":\"L\u00e4heisyyden t\u00e4rkeys - Belladot\",\"isPartOf\":{\"@id\":\"https:\/\/belladot.com\/#website\"},\"datePublished\":\"2016-05-23T07:39:25+00:00\",\"breadcrumb\":{\"@id\":\"http:\/\/belladot.com\/fi\/seksologi-vastaa\/laheisyyden-tarkeys\/#breadcrumb\"},\"inLanguage\":\"fi-FI\",\"potentialAction\":[{\"@type\":\"ReadAction\",\"target\":[\"http:\/\/belladot.com\/fi\/seksologi-vastaa\/laheisyyden-tarkeys\/\"]}]},{\"@type\":\"BreadcrumbList\",\"@id\":\"http:\/\/belladot.com\/fi\/seksologi-vastaa\/laheisyyden-tarkeys\/#breadcrumb\",\"itemListElement\":[{\"@type\":\"ListItem\",\"position\":1,\"name\":\"Seksologi vastaa\",\"item\":\"https:\/\/belladot.com\/fi\/seksologi-vastaa\/\"},{\"@type\":\"ListItem\",\"position\":2,\"name\":\"L\u00e4heisyyden t\u00e4rkeys\"}]},{\"@type\":\"WebSite\",\"@id\":\"https:\/\/belladot.com\/#website\",\"url\":\"https:\/\/belladot.com\/\",\"name\":\"Belladot\",\"description\":\"\",\"potentialAction\":[{\"@type\":\"SearchAction\",\"target\":{\"@type\":\"EntryPoint\",\"urlTemplate\":\"https:\/\/belladot.com\/?s={search_term_string}\"},\"query-input\":{\"@type\":\"PropertyValueSpecification\",\"valueRequired\":true,\"valueName\":\"search_term_string\"}}],\"inLanguage\":\"fi-FI\"}]}<\/script>\n<!-- \/ Yoast SEO plugin. -->","yoast_head_json":{"title":"L\u00e4heisyyden t\u00e4rkeys - Belladot","robots":{"index":"index","follow":"follow","max-snippet":"max-snippet:-1","max-image-preview":"max-image-preview:large","max-video-preview":"max-video-preview:-1"},"canonical":"http:\/\/belladot.com\/fi\/seksologi-vastaa\/laheisyyden-tarkeys\/","og_locale":"fi_FI","og_type":"article","og_title":"L\u00e4heisyyden t\u00e4rkeys - Belladot","og_description":"L\u00e4heisyys on sek\u00e4 t\u00e4rke\u00e4\u00e4 ett\u00e4 ihanaa. Jo pelk\u00e4ll\u00e4 halaamisella on monta positiivista vaikutusta. Haleja on monenlaisia; halit parisuhteessa, vanhempien ja lasten kesken, tai yst\u00e4vienkeskeiset\u00a0halit. Tiesitk\u00f6, ett\u00e4 riippumatta siit\u00e4 ket\u00e4 halaat, niin tulette molemmat voimaan paremmin sen j\u00e4lkeen?\u00a0Ei ainoastaan siksi, ett\u00e4 olet saanut l\u00e4heisyytt\u00e4 kanssaihmiselt\u00e4, vaan my\u00f6s, koska kehon omaa\u00a0l\u00e4\u00e4kett\u00e4, oksytosiinia, erittyy kehossa. Oksytosiini rauhoittaa sinua ja v\u00e4hent\u00e4\u00e4 stressi\u00e4. Sill\u00e4 on\u00a0my\u00f6s my\u00f6nteisi\u00e4 vaikutuksia kehoon kuten immuunij\u00e4rjestelm\u00e4\u00e4n, verenkiertoon,\u00a0verenpaineeseen, ravinnon imeytymiseen ja haavojen paranemiseen. Ellet tunne olevasi parhaimmillasi, niin olisi sopiva l\u00e4\u00e4k\u00e4rin m\u00e4\u00e4r\u00e4ys muutama halaus p\u00e4iv\u00e4ss\u00e4!\u00a0Halauksien pit\u00e4\u00e4 sit\u00e4 paitsi olla kunnon halauksia, mieluiten ainakin 30 sekuntia, jotta hormonia\u00a0erittyisi reilusti. Oksytosiinia erittyy my\u00f6s, kun [&hellip;]","og_url":"http:\/\/belladot.com\/fi\/seksologi-vastaa\/laheisyyden-tarkeys\/","og_site_name":"Belladot","twitter_misc":{"Est. reading time":"1 minute"},"schema":{"@context":"https:\/\/schema.org","@graph":[{"@type":"WebPage","@id":"http:\/\/belladot.com\/fi\/seksologi-vastaa\/laheisyyden-tarkeys\/","url":"http:\/\/belladot.com\/fi\/seksologi-vastaa\/laheisyyden-tarkeys\/","name":"L\u00e4heisyyden t\u00e4rkeys - Belladot","isPartOf":{"@id":"https:\/\/belladot.com\/#website"},"datePublished":"2016-05-23T07:39:25+00:00","breadcrumb":{"@id":"http:\/\/belladot.com\/fi\/seksologi-vastaa\/laheisyyden-tarkeys\/#breadcrumb"},"inLanguage":"fi-FI","potentialAction":[{"@type":"ReadAction","target":["http:\/\/belladot.com\/fi\/seksologi-vastaa\/laheisyyden-tarkeys\/"]}]},{"@type":"BreadcrumbList","@id":"http:\/\/belladot.com\/fi\/seksologi-vastaa\/laheisyyden-tarkeys\/#breadcrumb","itemListElement":[{"@type":"ListItem","position":1,"name":"Seksologi vastaa","item":"https:\/\/belladot.com\/fi\/seksologi-vastaa\/"},{"@type":"ListItem","position":2,"name":"L\u00e4heisyyden t\u00e4rkeys"}]},{"@type":"WebSite","@id":"https:\/\/belladot.com\/#website","url":"https:\/\/belladot.com\/","name":"Belladot","description":"","potentialAction":[{"@type":"SearchAction","target":{"@type":"EntryPoint","urlTemplate":"https:\/\/belladot.com\/?s={search_term_string}"},"query-input":{"@type":"PropertyValueSpecification","valueRequired":true,"valueName":"search_term_string"}}],"inLanguage":"fi-FI"}]}},"_links":{"self":[{"href":"https:\/\/belladot.com\/fi\/wp-json\/wp\/v2\/pages\/5598","targetHints":{"allow":["GET"]}}],"collection":[{"href":"https:\/\/belladot.com\/fi\/wp-json\/wp\/v2\/pages"}],"about":[{"href":"https:\/\/belladot.com\/fi\/wp-json\/wp\/v2\/types\/page"}],"author":[{"embeddable":true,"href":"https:\/\/belladot.com\/fi\/wp-json\/wp\/v2\/users\/9"}],"replies":[{"embeddable":true,"href":"https:\/\/belladot.com\/fi\/wp-json\/wp\/v2\/comments?post=5598"}],"version-history":[{"count":0,"href":"https:\/\/belladot.com\/fi\/wp-json\/wp\/v2\/pages\/5598\/revisions"}],"up":[{"embeddable":true,"href":"https:\/\/belladot.com\/fi\/wp-json\/wp\/v2\/pages\/5480"}],"wp:attachment":[{"href":"https:\/\/belladot.com\/fi\/wp-json\/wp\/v2\/media?parent=5598"}],"curies":[{"name":"wp","href":"https:\/\/api.w.org\/{rel}","templated":true}]}}