{"id":5604,"date":"2016-05-23T10:02:03","date_gmt":"2016-05-23T08:02:03","guid":{"rendered":"http:\/\/belladot.com.loopiadns.com.loopiadns.com\/fi\/?page_id=5604"},"modified":"2016-05-23T10:02:03","modified_gmt":"2016-05-23T08:02:03","slug":"yhdyntakipu","status":"publish","type":"page","link":"https:\/\/belladot.com\/fi\/seksologi-vastaa\/yhdyntakipu\/","title":{"rendered":"Yhdynt\u00e4kipu"},"content":{"rendered":"<h3><b>Kun sattuu \u2010 yhdynt\u00e4kipu<\/b><\/h3>\n<p><strong>Kipuja yhdynn\u00e4n tai muun seksuaalisen aktiviteetin yhteydess\u00e4 ilmaantuu molemmilla\u00a0<\/strong><strong>sukupuolilla. Olonsa tunteminen ep\u00e4miellytt\u00e4v\u00e4ksi vaikuttaa olennaisesti sek\u00e4 nautintoon ett\u00e4\u00a0<\/strong><strong>seksihaluun. Kipu voi my\u00f6s johtaa tietoiseen tai tiedostamattomaan seksinpelkoon. Seksi on\u00a0<\/strong><strong>t\u00e4rke\u00e4 osa el\u00e4m\u00e4\u00e4 ja rakkaussuhdetta, joten \u00e4l\u00e4 ep\u00e4r\u00f6i k\u00e4\u00e4nty\u00e4 ammattiavun puoleen.<\/strong><\/p>\n<p><b>Yhdynt\u00e4kivut naisilla<\/b><\/p>\n<p>Naisilla tietyt tilat voivat aihetuttaa kipua. Tavallisimmalla on tekemist\u00e4 <em>em\u00e4ttimen kostumisen<\/em>\u00a0kanssa.<\/p>\n<h4><b>Kostuminen<\/b><\/h4>\n<p>Jos yhdynt\u00e4 sattuu, kun penis vied\u00e4\u00e4n sis\u00e4\u00e4n em\u00e4ttimeen, johtuu kipu usein siit\u00e4, ett\u00e4 et ole\u00a0tarpeeksi kiihottunut sis\u00e4\u00e4n vienti\u00e4 varten. Ollessasi kiihottuneessa tilassa em\u00e4ttimen kosteus\u00a0lis\u00e4\u00e4ntyy, mik\u00e4 toimii voiteluaineena. Intiimialueen pesu \u00f6ljyll\u00e4 saippuan sijaan auttaa pit\u00e4m\u00e4\u00e4n\u00a0herk\u00e4t limakalvot hyv\u00e4ss\u00e4 kunnossa. Kostuminen voi vaikuttua synnytyksen j\u00e4lkeen ja yhdynt\u00e4\u00a0voi ylip\u00e4\u00e4t\u00e4\u00e4n tuntua omituiselta. On viisasta odottaa seuravaa synnytyksen j\u00e4lkeist\u00e4 yhdynt\u00e4\u00e4\u00a0noin 6-\u00ad8 viikkoa.<\/p>\n<h4><b>Liukuvoide antaa kosteamman tunteen<\/b><\/h4>\n<p>Kostuminen v\u00e4henee i\u00e4n my\u00f6t\u00e4. Vaihdevuosien aikana estrogeenitason laskiessa, haurastuvat\u00a0my\u00f6s limakalvot. Mietoa estrogeenigeeli\u00e4 voi k\u00e4ytt\u00e4\u00e4 gynekologin suosituksesta. Jos limakalvo\u00a0on herkk\u00e4 ja haluat kosteamman tunteen, voit k\u00e4ytt\u00e4\u00e4 Belladot Original vesipohjaista\u00a0liukuvoidetta. \u00c4l\u00e4 koskaan k\u00e4yt\u00e4 \u00f6ljy\u00e4 tai k\u00e4sirasvaa liukuvoiteena kondomin kanssa, sill\u00e4 ne\u00a0haurastavat kondomia, jolloin sen rikkoutumisen riski kasvaa.<\/p>\n<h4><b>Infektiot ja taudit<\/b><\/h4>\n<p>Kipu voi my\u00f6s johtua virtsainfektiosta tai infektioista em\u00e4tinaukon limakalvoissa. Sukupuolitaudit\u00a0kuten sukuelinherpes, papilloomavirukset (esim. kondylooma) ja klamydia voivat aiheuttaa kipua\u00a0ja \u00e4rsytyst\u00e4 sukupuolielimiss\u00e4. Bakteerivaginoosi, maitohappobakteerien puute ja\u00a0hiivasienitulehdus ovat tavallisia syit\u00e4 kipuun ja kutiamiseen. Jos sinulla on kipuja on t\u00e4rke\u00e4\u00e4, ett\u00e4\u00a0hakeudut terveydenhoitoon selvitt\u00e4\u00e4ksesi syyn ja saadaksesi hoitoa vaivaasi.<\/p>\n<h4>Vulvodynia<\/h4>\n<p>Osa naisista valitsee siirty\u00e4 yhdynt\u00e4\u00e4n, vaikka he eiv\u00e4t olisi tarpeeksi kiihottuneita siihen ja vaikka\u00a0se sattuisi. Syy t\u00e4h\u00e4n voi olla toivo kivun katoamisesta itsest\u00e4\u00e4n ajan my\u00f6t\u00e4. Sit\u00e4 ei ehk\u00e4 haluta,\u00a0ett\u00e4 kumppani pettyy, tai sit\u00e4 voi pel\u00e4t\u00e4 olevansa riitt\u00e4m\u00e4t\u00f6n kumppanina ja pel\u00e4t\u00e4 j\u00e4tetyksi\u00a0tulemista. Seksin harrastaminen kivusta huolimatta voi johtaa siihen, ett\u00e4 kipu j\u00e4\u00e4 hermostoon\u00a0yliherkkyyten\u00e4, vaikka alkuper\u00e4inen syy kipuun olisikin jo kadonnut. T\u00e4m\u00e4 yliherkkyys voi\u00a0aiheuttaa sen, ett\u00e4 kaikki kosketus, joka aiemmin oli siedett\u00e4v\u00e4\u00e4 tuntuu kipuna, ja jopa paine\u00a0pikkuhousuista voi aiheuttaa ep\u00e4mukavuutta. Vulvodynia on sellainen kiputila. Em\u00e4tin voi sit\u00e4\u00a0tarkastaessa n\u00e4yt\u00e4\u00e4 normaalilta, mutta tuntua aralta kosketuksesta. Vulvodyniasta toipuminen voi\u00a0olla pitk\u00e4 prosessi. On olemassa useita tapoja kipujen lievitt\u00e4miseen. \u201cBiofeedback\u201d on metodi,\u00a0jota k\u00e4ytet\u00e4\u00e4n t\u00e4h\u00e4n. Siihen kuuluu hermojen totuttaminen hitaasti kosketukseen. Kipuja lievitt\u00e4v\u00e4\u00a0voide, rauhoittuminen ja rentoutuminen arkaa aluetta koskettaessa voivat pikku hiljaa rikkoa\u00a0vanhan kipukeh\u00e4n.<\/p>\n<h4><b>Vaginismi<\/b><\/h4>\n<p>Huoli kivusta penetraatiossa voi aiheuttaa em\u00e4tinaukon supistumisen kosketuksesta ja tehd\u00e4\u00a0yhdynn\u00e4st\u00e4, ja joskus my\u00f6s tamponin asettamisesta mahdotonta. T\u00e4m\u00e4 em\u00e4ttimen lihaksien\u00a0supistuminen, vaginismi, on tahatonta, eik\u00e4 sit\u00e4 voi hallita tahdolla. Naisilla, joilla on lihasj\u00e4nnityst\u00e4\u00a0muualla kehossa, on suurempi riski vaginismiin. Vaginismi voi my\u00f6s aiheutua unohdetusta pelosta\u00a0kivuliaan gynekologik\u00e4ynnin j\u00e4ljilt\u00e4, synnytyksest\u00e4, v\u00e4kivallasta ja\/tai kivuliaasta penetraatiosta. Se voi\u00a0my\u00f6s muodostua huolesta, ett\u00e4 ensimm\u00e4inen yhdynt\u00e4 tulee sattumaan. On hyv\u00e4 tiet\u00e4\u00e4, ett\u00e4 em\u00e4tin\u00a0venyy tarpeen mukaan \u2013 ainoastaan em\u00e4tinaukko vaikuttuu vaginismista. Vaikea vaginismi voi vaatia\u00a0hoitotoimenpiteit\u00e4 esimerkiksi gynekologilla. Jos itse\u00e4\u00e4n haluaa harjoittaa, voi pikkurillin p\u00e4\u00e4t\u00e4 vied\u00e4\u00a0sis\u00e4\u00e4n varovasti toistaen liukuvoiteen avulla, saadakseen asteittain lievitetty\u00e4 supistuksia. T\u00e4m\u00e4n\u00a0j\u00e4lkeen sormea voi kokeilla vied\u00e4 syvemm\u00e4lle ja syvemm\u00e4lle, jonka j\u00e4lkeen sit\u00e4 voi kokeilla\u00a0paksummalla sormella ja my\u00f6hemmin ehk\u00e4 kahdellakin sormella. Seuraavalle asteelle p\u00e4\u00e4sty\u00e4,\u00a0suosittelemme Belladot Gretan, 18mm halkaisijan minivibraattorin k\u00e4ytt\u00f6\u00e4.<\/p>\n<h4><b>L\u00f6yd\u00e4 toisia tapoja harrastaa seksi\u00e4<\/b><\/h4>\n<p>Vulvodynian ja vaginismin aikana ja ennen kuin niist\u00e4 on toivuttu, on tietenkin t\u00e4rke\u00e4\u00e4 pid\u00e4tt\u00e4yty\u00e4\u00a0yhdynn\u00e4st\u00e4. Onneksi on olemassa useita tapoja harrastaa seksi\u00e4. Monet naiset voivat nauttia\u00a0klitorisorgasmeista muista vaivoista huolimatta. T\u00e4rkeint\u00e4 n\u00e4issa tapauksissa on voida puhua\u00a0kumppanin kanssa, l\u00f6yt\u00e4\u00e4 ymm\u00e4rryst\u00e4 toistensa tunteille ja l\u00f6yt\u00e4\u00e4 vaihtoehtoja, joihin molemmat\u00a0voivat olla tyytyv\u00e4isi\u00e4. Kumppani voi my\u00f6s osallistua harjoitteluun, jos se tuntuu turvalliselta.\u00a0Lantionpohjalihaksien treenaaminen voi olla avuksi n\u00e4ihin kiputiloihin, jotta keho oppii\u00a0j\u00e4nnittyneen ja rentoutuneen lihaksiston eron.<\/p>\n<h4><b>Syvempi kiputila<\/b><\/h4>\n<p>Yhdynt\u00e4\u00e4 vaikeuttava syvempi kiputila pikkulantiossa voi aiheutua tulehduksista em\u00e4ttimess\u00e4 tai\u00a0munasarjoissa. Jopa endometrioosi, eli kohdun limakalvon esiintyminen kohdun ulkopuolella, voi\u00a0aiheuttaa t\u00e4m\u00e4n tapaista kipua. Taaksep\u00e4in kallistuva kohtu voi my\u00f6s aiheuttaa syv\u00e4\u00e4\u00a0yhdynt\u00e4kipua.<\/p>\n<h3><b>Miesten yhdynt\u00e4kivut<\/b><\/h3>\n<p>Sinulla miehen\u00e4 on olemassa muutama tila, jotka voivat aiheuttaa kipua yhdynn\u00e4n yhteydess\u00e4.\u00a0Jos sinulla on kipuja sukupuolielimiss\u00e4 ja peniksess\u00e4 on t\u00e4rke\u00e4\u00e4 hakeutua l\u00e4\u00e4k\u00e4rin tai urologin\u00a0tarkastukseen.<\/p>\n<h4><b>Penetraatiokipu<\/b><\/h4>\n<p>Penetraatiokipu voi aiheutua infektiosta tai viruksesta peniksess\u00e4, esimerkiksi herpeksest\u00e4 tai\u00a0tippurista. Joskus yhdynt\u00e4 voi sattua, kun liuku on riitt\u00e4m\u00e4t\u00f6nt\u00e4. Belladot Original vesipohjainen\u00a0liukuvoide toimii voiteluaineena ja v\u00e4hent\u00e4\u00e4 kitkaa. Kun k\u00e4yt\u00e4t kondomia, on t\u00e4rke\u00e4\u00e4 valita\u00a0silikoni\u00ad tai vesipohjainen liukuvoide. Jos k\u00e4yt\u00e4t n\u00e4iden sijaan \u00f6ljy\u00e4 tai k\u00e4sirasvaa, haurastuu\u00a0kondomi ja sen rikkoutumisen riski kasvaa.<\/p>\n<h4><b>Ahdas esinahka ja vammat peniksess\u00e4<\/b><\/h4>\n<p>Jos sinulla on ahdas esinahka tai jos se on alistunut liialle kitkalle voi yhdynt\u00e4 olla kivuliasta.\u00a0My\u00f6s peniksen kaarevuus, vammat tai murtuma peniksess\u00e4 voivat aiheuttaa kipuja.<\/p>\n<h4><b>Eturauhasongelmat<\/b><\/h4>\n<p>Eturauhasongelmat kuten eturauhastulehdus voivat painon ja ep\u00e4miellytt\u00e4v\u00e4n tunteen lis\u00e4ksi\u00a0aiheuttaa kipua yhdynn\u00e4n yhteydess\u00e4.<\/p>\n<h4><b>Allergia ja yliherkkyys<\/b><\/h4>\n<p>Osa miehist\u00e4 k\u00e4rsii vaivoista, jotka aiheutuvat allergiasta em\u00e4tineritteelle tai kemikaaleille\u00a0kondomeissa ja liukuvoiteissa.<\/p>\n","protected":false},"excerpt":{"rendered":"<p>Kun sattuu \u2010 yhdynt\u00e4kipu Kipuja yhdynn\u00e4n tai muun seksuaalisen aktiviteetin yhteydess\u00e4 ilmaantuu molemmilla\u00a0sukupuolilla. Olonsa tunteminen ep\u00e4miellytt\u00e4v\u00e4ksi vaikuttaa olennaisesti sek\u00e4 nautintoon ett\u00e4\u00a0seksihaluun. Kipu voi my\u00f6s johtaa tietoiseen tai tiedostamattomaan seksinpelkoon. Seksi on\u00a0t\u00e4rke\u00e4 osa el\u00e4m\u00e4\u00e4 ja rakkaussuhdetta, joten \u00e4l\u00e4 ep\u00e4r\u00f6i k\u00e4\u00e4nty\u00e4 ammattiavun puoleen. Yhdynt\u00e4kivut naisilla Naisilla tietyt tilat voivat aihetuttaa kipua. Tavallisimmalla on tekemist\u00e4 em\u00e4ttimen kostumisen\u00a0kanssa. Kostuminen Jos yhdynt\u00e4 sattuu, kun penis vied\u00e4\u00e4n sis\u00e4\u00e4n em\u00e4ttimeen, johtuu kipu usein siit\u00e4, ett\u00e4 et ole\u00a0tarpeeksi kiihottunut sis\u00e4\u00e4n vienti\u00e4 varten. Ollessasi kiihottuneessa tilassa em\u00e4ttimen kosteus\u00a0lis\u00e4\u00e4ntyy, mik\u00e4 toimii voiteluaineena. Intiimialueen pesu \u00f6ljyll\u00e4 saippuan sijaan auttaa pit\u00e4m\u00e4\u00e4n\u00a0herk\u00e4t limakalvot hyv\u00e4ss\u00e4 kunnossa. Kostuminen voi vaikuttua synnytyksen j\u00e4lkeen ja yhdynt\u00e4\u00a0voi ylip\u00e4\u00e4t\u00e4\u00e4n [&hellip;]<\/p>\n","protected":false},"author":9,"featured_media":0,"parent":5480,"menu_order":3,"comment_status":"open","ping_status":"closed","template":"","meta":{"_acf_changed":false,"footnotes":""},"class_list":["post-5604","page","type-page","status-publish","hentry"],"acf":[],"yoast_head":"<!-- This site is optimized with the Yoast SEO plugin v27.1.1 - https:\/\/yoast.com\/product\/yoast-seo-wordpress\/ -->\n<title>Yhdynt\u00e4kipu - Belladot<\/title>\n<meta name=\"robots\" content=\"index, follow, max-snippet:-1, max-image-preview:large, max-video-preview:-1\" \/>\n<link rel=\"canonical\" href=\"http:\/\/belladot.com\/fi\/seksologi-vastaa\/yhdyntakipu\/\" \/>\n<meta property=\"og:locale\" content=\"fi_FI\" \/>\n<meta property=\"og:type\" content=\"article\" \/>\n<meta property=\"og:title\" content=\"Yhdynt\u00e4kipu - Belladot\" \/>\n<meta property=\"og:description\" content=\"Kun sattuu \u2010 yhdynt\u00e4kipu Kipuja yhdynn\u00e4n tai muun seksuaalisen aktiviteetin yhteydess\u00e4 ilmaantuu molemmilla\u00a0sukupuolilla. Olonsa tunteminen ep\u00e4miellytt\u00e4v\u00e4ksi vaikuttaa olennaisesti sek\u00e4 nautintoon ett\u00e4\u00a0seksihaluun. Kipu voi my\u00f6s johtaa tietoiseen tai tiedostamattomaan seksinpelkoon. Seksi on\u00a0t\u00e4rke\u00e4 osa el\u00e4m\u00e4\u00e4 ja rakkaussuhdetta, joten \u00e4l\u00e4 ep\u00e4r\u00f6i k\u00e4\u00e4nty\u00e4 ammattiavun puoleen. Yhdynt\u00e4kivut naisilla Naisilla tietyt tilat voivat aihetuttaa kipua. Tavallisimmalla on tekemist\u00e4 em\u00e4ttimen kostumisen\u00a0kanssa. Kostuminen Jos yhdynt\u00e4 sattuu, kun penis vied\u00e4\u00e4n sis\u00e4\u00e4n em\u00e4ttimeen, johtuu kipu usein siit\u00e4, ett\u00e4 et ole\u00a0tarpeeksi kiihottunut sis\u00e4\u00e4n vienti\u00e4 varten. Ollessasi kiihottuneessa tilassa em\u00e4ttimen kosteus\u00a0lis\u00e4\u00e4ntyy, mik\u00e4 toimii voiteluaineena. Intiimialueen pesu \u00f6ljyll\u00e4 saippuan sijaan auttaa pit\u00e4m\u00e4\u00e4n\u00a0herk\u00e4t limakalvot hyv\u00e4ss\u00e4 kunnossa. Kostuminen voi vaikuttua synnytyksen j\u00e4lkeen ja yhdynt\u00e4\u00a0voi ylip\u00e4\u00e4t\u00e4\u00e4n [&hellip;]\" \/>\n<meta property=\"og:url\" content=\"http:\/\/belladot.com\/fi\/seksologi-vastaa\/yhdyntakipu\/\" \/>\n<meta property=\"og:site_name\" content=\"Belladot\" \/>\n<meta name=\"twitter:label1\" content=\"Est. reading time\" \/>\n\t<meta name=\"twitter:data1\" content=\"4 minutes\" \/>\n<script type=\"application\/ld+json\" class=\"yoast-schema-graph\">{\"@context\":\"https:\/\/schema.org\",\"@graph\":[{\"@type\":\"WebPage\",\"@id\":\"http:\/\/belladot.com\/fi\/seksologi-vastaa\/yhdyntakipu\/\",\"url\":\"http:\/\/belladot.com\/fi\/seksologi-vastaa\/yhdyntakipu\/\",\"name\":\"Yhdynt\u00e4kipu - Belladot\",\"isPartOf\":{\"@id\":\"https:\/\/belladot.com\/#website\"},\"datePublished\":\"2016-05-23T08:02:03+00:00\",\"breadcrumb\":{\"@id\":\"http:\/\/belladot.com\/fi\/seksologi-vastaa\/yhdyntakipu\/#breadcrumb\"},\"inLanguage\":\"fi-FI\",\"potentialAction\":[{\"@type\":\"ReadAction\",\"target\":[\"http:\/\/belladot.com\/fi\/seksologi-vastaa\/yhdyntakipu\/\"]}]},{\"@type\":\"BreadcrumbList\",\"@id\":\"http:\/\/belladot.com\/fi\/seksologi-vastaa\/yhdyntakipu\/#breadcrumb\",\"itemListElement\":[{\"@type\":\"ListItem\",\"position\":1,\"name\":\"Seksologi vastaa\",\"item\":\"https:\/\/belladot.com\/fi\/seksologi-vastaa\/\"},{\"@type\":\"ListItem\",\"position\":2,\"name\":\"Yhdynt\u00e4kipu\"}]},{\"@type\":\"WebSite\",\"@id\":\"https:\/\/belladot.com\/#website\",\"url\":\"https:\/\/belladot.com\/\",\"name\":\"Belladot\",\"description\":\"\",\"potentialAction\":[{\"@type\":\"SearchAction\",\"target\":{\"@type\":\"EntryPoint\",\"urlTemplate\":\"https:\/\/belladot.com\/?s={search_term_string}\"},\"query-input\":{\"@type\":\"PropertyValueSpecification\",\"valueRequired\":true,\"valueName\":\"search_term_string\"}}],\"inLanguage\":\"fi-FI\"}]}<\/script>\n<!-- \/ Yoast SEO plugin. -->","yoast_head_json":{"title":"Yhdynt\u00e4kipu - Belladot","robots":{"index":"index","follow":"follow","max-snippet":"max-snippet:-1","max-image-preview":"max-image-preview:large","max-video-preview":"max-video-preview:-1"},"canonical":"http:\/\/belladot.com\/fi\/seksologi-vastaa\/yhdyntakipu\/","og_locale":"fi_FI","og_type":"article","og_title":"Yhdynt\u00e4kipu - Belladot","og_description":"Kun sattuu \u2010 yhdynt\u00e4kipu Kipuja yhdynn\u00e4n tai muun seksuaalisen aktiviteetin yhteydess\u00e4 ilmaantuu molemmilla\u00a0sukupuolilla. Olonsa tunteminen ep\u00e4miellytt\u00e4v\u00e4ksi vaikuttaa olennaisesti sek\u00e4 nautintoon ett\u00e4\u00a0seksihaluun. Kipu voi my\u00f6s johtaa tietoiseen tai tiedostamattomaan seksinpelkoon. Seksi on\u00a0t\u00e4rke\u00e4 osa el\u00e4m\u00e4\u00e4 ja rakkaussuhdetta, joten \u00e4l\u00e4 ep\u00e4r\u00f6i k\u00e4\u00e4nty\u00e4 ammattiavun puoleen. Yhdynt\u00e4kivut naisilla Naisilla tietyt tilat voivat aihetuttaa kipua. Tavallisimmalla on tekemist\u00e4 em\u00e4ttimen kostumisen\u00a0kanssa. Kostuminen Jos yhdynt\u00e4 sattuu, kun penis vied\u00e4\u00e4n sis\u00e4\u00e4n em\u00e4ttimeen, johtuu kipu usein siit\u00e4, ett\u00e4 et ole\u00a0tarpeeksi kiihottunut sis\u00e4\u00e4n vienti\u00e4 varten. Ollessasi kiihottuneessa tilassa em\u00e4ttimen kosteus\u00a0lis\u00e4\u00e4ntyy, mik\u00e4 toimii voiteluaineena. Intiimialueen pesu \u00f6ljyll\u00e4 saippuan sijaan auttaa pit\u00e4m\u00e4\u00e4n\u00a0herk\u00e4t limakalvot hyv\u00e4ss\u00e4 kunnossa. Kostuminen voi vaikuttua synnytyksen j\u00e4lkeen ja yhdynt\u00e4\u00a0voi ylip\u00e4\u00e4t\u00e4\u00e4n [&hellip;]","og_url":"http:\/\/belladot.com\/fi\/seksologi-vastaa\/yhdyntakipu\/","og_site_name":"Belladot","twitter_misc":{"Est. reading time":"4 minutes"},"schema":{"@context":"https:\/\/schema.org","@graph":[{"@type":"WebPage","@id":"http:\/\/belladot.com\/fi\/seksologi-vastaa\/yhdyntakipu\/","url":"http:\/\/belladot.com\/fi\/seksologi-vastaa\/yhdyntakipu\/","name":"Yhdynt\u00e4kipu - Belladot","isPartOf":{"@id":"https:\/\/belladot.com\/#website"},"datePublished":"2016-05-23T08:02:03+00:00","breadcrumb":{"@id":"http:\/\/belladot.com\/fi\/seksologi-vastaa\/yhdyntakipu\/#breadcrumb"},"inLanguage":"fi-FI","potentialAction":[{"@type":"ReadAction","target":["http:\/\/belladot.com\/fi\/seksologi-vastaa\/yhdyntakipu\/"]}]},{"@type":"BreadcrumbList","@id":"http:\/\/belladot.com\/fi\/seksologi-vastaa\/yhdyntakipu\/#breadcrumb","itemListElement":[{"@type":"ListItem","position":1,"name":"Seksologi vastaa","item":"https:\/\/belladot.com\/fi\/seksologi-vastaa\/"},{"@type":"ListItem","position":2,"name":"Yhdynt\u00e4kipu"}]},{"@type":"WebSite","@id":"https:\/\/belladot.com\/#website","url":"https:\/\/belladot.com\/","name":"Belladot","description":"","potentialAction":[{"@type":"SearchAction","target":{"@type":"EntryPoint","urlTemplate":"https:\/\/belladot.com\/?s={search_term_string}"},"query-input":{"@type":"PropertyValueSpecification","valueRequired":true,"valueName":"search_term_string"}}],"inLanguage":"fi-FI"}]}},"_links":{"self":[{"href":"https:\/\/belladot.com\/fi\/wp-json\/wp\/v2\/pages\/5604","targetHints":{"allow":["GET"]}}],"collection":[{"href":"https:\/\/belladot.com\/fi\/wp-json\/wp\/v2\/pages"}],"about":[{"href":"https:\/\/belladot.com\/fi\/wp-json\/wp\/v2\/types\/page"}],"author":[{"embeddable":true,"href":"https:\/\/belladot.com\/fi\/wp-json\/wp\/v2\/users\/9"}],"replies":[{"embeddable":true,"href":"https:\/\/belladot.com\/fi\/wp-json\/wp\/v2\/comments?post=5604"}],"version-history":[{"count":0,"href":"https:\/\/belladot.com\/fi\/wp-json\/wp\/v2\/pages\/5604\/revisions"}],"up":[{"embeddable":true,"href":"https:\/\/belladot.com\/fi\/wp-json\/wp\/v2\/pages\/5480"}],"wp:attachment":[{"href":"https:\/\/belladot.com\/fi\/wp-json\/wp\/v2\/media?parent=5604"}],"curies":[{"name":"wp","href":"https:\/\/api.w.org\/{rel}","templated":true}]}}