{"id":5608,"date":"2016-05-23T10:11:16","date_gmt":"2016-05-23T08:11:16","guid":{"rendered":"http:\/\/belladot.com.loopiadns.com.loopiadns.com\/fi\/?page_id=5608"},"modified":"2016-05-23T10:11:16","modified_gmt":"2016-05-23T08:11:16","slug":"vaikeuksia-orgasmin-saavuttamisessa","status":"publish","type":"page","link":"https:\/\/belladot.com\/fi\/seksologi-vastaa\/vaikeuksia-orgasmin-saavuttamisessa\/","title":{"rendered":"Vaikeuksia orgasmin saavuttamisessa?"},"content":{"rendered":"<h3><b>Vaikeuksia orgasmin saavuttamisessa \u2010 Hyv\u00e4t v\u00e4rin\u00e4t avuksi<br \/>\n<\/b><b><\/b><\/h3>\n<p><b><\/b><strong>On naisia, jotka uskovat \u201coikean\u201d orgasmin olevan sellainen, jonka saa yhdynn\u00e4sta, ilman ett\u00e4\u00a0klitorista stimuloi. Todellisuudessa on kuitenkin niin, ett\u00e4 useimmat naiset saavat orgasmin\u00a0helpoiten klitorista stimuloimalla. Sit\u00e4 paitsi on helpompaa saavuttaa orgasmi yhdynn\u00e4ss\u00e4, jos\u00a0olet harjoitellut sen saavuttamista yksin \u00ad siten tied\u00e4t mist\u00e4 nautit. Jos sinun on vaikea saada\u00a0orgasmia, et ole ainoa!<\/strong><\/p>\n<p>Orgasmi vapauttaa useita rentouttavia ja kipua lievitt\u00e4vi\u00e4 aineita kehossa, kuten oksitosiinia ja\u00a0endorfiineja, jokta tuovat sinulle hyv\u00e4n olon tunteen. Orgasmi on siis jotain, joka saa kaikki\u00a0voimaan hyvin \u2013 mutta sit\u00e4 ei aina ole helppo saavuttaa. Arviolta noin 75 prosenttia kaikista\u00a0naisista tarvitsee klitorisstimulaatiota saadakseen orgasmin yhdynn\u00e4ss\u00e4. V\u00e4rin\u00e4 tekee siit\u00e4 usein\u00a0helpompaa. Suosittelemme kahta vibraattoria klitorisstimulaatioon: Belladot Ingridi\u00e4 \u2013 pehme\u00e4\u00e4 ja\u00a0taipuisaa sormikiihotinta sek\u00e4 Belladot Esteri\u00e4 \u2013 pient\u00e4 mutta voimakasta vibraattoria. Voit\u00a0vaihdella stimulaatiotapaa vibraattorin ja sormien v\u00e4lill\u00e4 saavuttaaksesi orgasmin. Ota\u00a0kokemuksistasi opit mukaasi harrastaessasi seksi\u00e4 kumppanin kanssa, ja uskalla n\u00e4ytt\u00e4\u00e4 mist\u00e4\u00a0nautit.<\/p>\n<h4><b>Stressi ja vaatimukset voivat tehd\u00e4 nauttimisesta hankalaa<br \/>\n<\/b><\/h4>\n<p>Rentoutuneisuus on edellytys kiihottumiselle, jotta em\u00e4tin paisuu ja kostuu. Jos asetat itsellesi\u00a0vaatimuksia sen suhteen, et ole rentoutunut. T\u00e4m\u00e4 johtaa usein saavuttamattomaan orgasmiin.\u00a0Stressaava el\u00e4m\u00e4ntilanne voi aiheuttaa samantapaisia ongelmia. Jos sinun on vaikea unohtaa\u00a0kaikki p\u00e4\u00e4ss\u00e4si py\u00f6riv\u00e4t ajatukset kehon seksuaalisiin tuntemuksiin keskittymisen sijaan,\u00a0aiheuttaa se usein kiihotuksen ja my\u00f6s orgasmin saavuttamisen mahdollisuuksien h\u00e4vi\u00e4misen.<\/p>\n<h4><b>Eri odotukset<br \/>\n<\/b><\/h4>\n<p>Se mik\u00e4 koetaan ongelmaksi vaihtelee paljon orgasmiongelmiin apua hakevilla naisilla. Ongelmat\u00a0vaihtelevat siit\u00e4, ett\u00e4 orgasmia ei koskaan ole saavutettu huoleen siit\u00e4, ett\u00e4 orgasmia ei saada\u00a0samanaikaisesti kumppanin kanssa. Orgasmin saa ehk\u00e4 yksin, mutta ei yhdess\u00e4 toisen henkil\u00f6n\u00a0kanssa. Se voi olla ongelma, jos toinen kumppani kokee ep\u00e4onnistuneensa, kun orgasmia ei\u00a0saavuteta. Sanojen l\u00f6yt\u00e4minen ajatuksille ja tuntemuksille on suureksi avuksi. Ei ole ep\u00e4tavallista,\u00a0ett\u00e4 ollaan tyytym\u00e4tt\u00f6mi\u00e4 yhteiseloon ja ett\u00e4 siit\u00e4 vaietaan. N\u00e4in ollen seksihalu katoaa ja orgasmi\u00a0j\u00e4\u00e4 haaveeksi.<\/p>\n<h4><b>Tutki omaa seksualisuuttasi<br \/>\n<\/b><\/h4>\n<p>Yrit\u00e4 oppia tuntemaan oma kehosi ja sukupuolielimesi ollessasi yksin. Voit kokeilla miss\u00e4\u00a0kosketus tuntuu hyv\u00e4lt\u00e4 ja mit\u00e4 voit tehd\u00e4 kiihottuaksesi. Kuvittele vapaasti tilanne, joka saa sinut\u00a0kiihottumaan, tai lue eroottista kirjallisuutta. Anna itsellesi aikaa ja ja rauhaa oppiaksesi\u00a0tuntemaan itsesi, ilman vaatimuksia orgasmin saavuttamiseen. Pikkuhiljaa saatat kaivata\u00a0muodostuneen seksuaalisen paineen vapautusta.<\/p>\n<h4><b>Supistusharjoitukset lis\u00e4nautintoa varten<br \/>\n<\/b><\/h4>\n<p>Treenattu lantionpohjalihaksisto antaa edellytykset voimakkaampiin ja ihanampiin orgasmeihin.\u00a0Harjoittele supistamalla ja nostamalla lantionpohjalihaksia niin paljon kuin pystyt, pid\u00e4t\u00e4 muutama\u00a0sekunti ja ole rentona noin 10 sekuntia. Toista muutaman minuutin ajan, muutaman kerran\u00a0p\u00e4iv\u00e4ss\u00e4. Ota mielell\u00e4\u00e4n apua Belladot Britt treenikuulista. Ne helpottavat harjoittelua niiden\u00a0auttaessa l\u00f6yt\u00e4m\u00e4\u00e4n oikeat lihakset, joita treenata. Ensimm\u00e4isin\u00e4 kertoina on helpointa olla\u00a0makuulla. Liukuvoide tekee kuulien sis\u00e4\u00e4n viennist\u00e4 vaivattomampaa ja ehk\u00e4isev\u00e4t em\u00e4ttimen\u00a0\u00e4rysytyst\u00e4.<\/p>\n<h4><b>Orgasmi ainostaan yhdynn\u00e4st\u00e4?<br \/>\n<\/b><\/h4>\n<p>On olemassa naisia, jotka saavat orgasmin ilman klitorisstimulointia. Miten sukupuolielin on\u00a0rakenne vaikuttaa kykyymme saada orgasmeja. Millainen h\u00e4py (ulkoisin osa) on rakenteeltaan,\u00a0milt\u00e4 klitoris n\u00e4ytt\u00e4\u00e4 ja sen sijainti ovat my\u00f6s vaikuttavia tekij\u00f6it\u00e4. N\u00e4kyv\u00e4 osa klitoriksesta on\u00a0\u201cnappi\u201d sisempien h\u00e4pyhuulien yhtym\u00e4kohdassa, mutta sill\u00e4 on my\u00f6s haarautumia ja hermosyit\u00e4,\u00a0jotka voivat ylt\u00e4\u00e4 aina sis\u00e4reisiin asti.<\/p>\n<p>Noin 10 prosenttia kaikista naisista eiv\u00e4t koskaan saavuta orgasmia, ei kumppanin kanssa eik\u00e4\u00a0yksin, mutta he voivat kuitenkin nauttia koskeutksista, l\u00e4heisyydest\u00e4 ja intimiteetist\u00e4. J\u00e4ljell\u00e4\u00a0olevasta 90 prosentista l\u00f6ytyy sek\u00e4 sellaisia naisia, jotka saavat jatkuvasti orgasmeja sek\u00e4 niit\u00e4,\u00a0jotka ovat saaneet vain yksitt\u00e4isi\u00e4 orgasmeja.<\/p>\n<h4><b>L\u00e4\u00e4ketieteelliset syyt<br \/>\n<\/b><\/h4>\n<p>Jos k\u00e4yt\u00e4t verenpainetta alentavia l\u00e4\u00e4kkeit\u00e4, l\u00e4\u00e4kkeit\u00e4 masennukseen, Parkinsonin tautiin tai\u00a0reumasairauksiin, voi kyky saada orgasmeja vaikuttua t\u00e4st\u00e4. Selk\u00e4rankavammat ja vammat\u00a0keskushermostossa voivat my\u00f6s vaikeuttaa orgasmin saavuttamista. Jos olet ollut v\u00e4kivallan uhri\u00a0seksin aikana tai pienen\u00e4 oppinut seksin olevan pahasta, kannat mukanasi kokemuksia, jotka\u00a0vaikeuttavat seksist\u00e4 nauttimista ja orgasmin saamista.<\/p>\n<p>\u00c4l\u00e4 ep\u00e4r\u00f6i ottaa yhteytt\u00e4 gynekologiin, k\u00e4til\u00f6\u00f6n tai seksologiin halutessasi lis\u00e4tietoa ja apua\u00a0l\u00f6yt\u00e4m\u00e4\u00e4n halusi ja kykysi saada orgasmeja.<\/p>\n<p>&nbsp;<\/p>\n<p><a href=\"http:\/\/belladot.com.loopiadns.com\/wp-content\/uploads\/2013\/09\/Sk\u00e4rmdump-2014-07-27-15.27.07.png\"><img loading=\"lazy\" decoding=\"async\" class=\"aligncenter wp-image-3341 size-medium\" src=\"http:\/\/belladot.com.loopiadns.com\/wp-content\/uploads\/2013\/09\/Sk\u00e4rmdump-2014-07-27-15.27.07-300x131.png\" alt=\"Sv\u00e5rt att f\u00e5 orgasm?\" width=\"300\" height=\"131\" srcset=\"https:\/\/belladot.com\/wp-content\/uploads\/2013\/09\/Sk\u00e4rmdump-2014-07-27-15.27.07-300x131.png 300w, https:\/\/belladot.com\/wp-content\/uploads\/2013\/09\/Sk\u00e4rmdump-2014-07-27-15.27.07.png 519w\" sizes=\"auto, (max-width: 300px) 100vw, 300px\" \/><\/a><\/p>\n","protected":false},"excerpt":{"rendered":"<p>Vaikeuksia orgasmin saavuttamisessa \u2010 Hyv\u00e4t v\u00e4rin\u00e4t avuksi On naisia, jotka uskovat \u201coikean\u201d orgasmin olevan sellainen, jonka saa yhdynn\u00e4sta, ilman ett\u00e4\u00a0klitorista stimuloi. Todellisuudessa on kuitenkin niin, ett\u00e4 useimmat naiset saavat orgasmin\u00a0helpoiten klitorista stimuloimalla. Sit\u00e4 paitsi on helpompaa saavuttaa orgasmi yhdynn\u00e4ss\u00e4, jos\u00a0olet harjoitellut sen saavuttamista yksin \u00ad siten tied\u00e4t mist\u00e4 nautit. Jos sinun on vaikea saada\u00a0orgasmia, et ole ainoa! Orgasmi vapauttaa useita rentouttavia ja kipua lievitt\u00e4vi\u00e4 aineita kehossa, kuten oksitosiinia ja\u00a0endorfiineja, jokta tuovat sinulle hyv\u00e4n olon tunteen. Orgasmi on siis jotain, joka saa kaikki\u00a0voimaan hyvin \u2013 mutta sit\u00e4 ei aina ole helppo saavuttaa. Arviolta noin 75 prosenttia kaikista\u00a0naisista tarvitsee klitorisstimulaatiota saadakseen orgasmin [&hellip;]<\/p>\n","protected":false},"author":9,"featured_media":0,"parent":5480,"menu_order":5,"comment_status":"open","ping_status":"open","template":"","meta":{"_acf_changed":false,"footnotes":""},"class_list":["post-5608","page","type-page","status-publish","hentry"],"acf":[],"yoast_head":"<!-- This site is optimized with the Yoast SEO plugin v27.1.1 - https:\/\/yoast.com\/product\/yoast-seo-wordpress\/ -->\n<title>Vaikeuksia orgasmin saavuttamisessa? - Belladot<\/title>\n<meta name=\"robots\" content=\"index, follow, max-snippet:-1, max-image-preview:large, max-video-preview:-1\" \/>\n<link rel=\"canonical\" href=\"http:\/\/belladot.com\/fi\/seksologi-vastaa\/vaikeuksia-orgasmin-saavuttamisessa\/\" \/>\n<meta property=\"og:locale\" content=\"fi_FI\" \/>\n<meta property=\"og:type\" content=\"article\" \/>\n<meta property=\"og:title\" content=\"Vaikeuksia orgasmin saavuttamisessa? - Belladot\" \/>\n<meta property=\"og:description\" content=\"Vaikeuksia orgasmin saavuttamisessa \u2010 Hyv\u00e4t v\u00e4rin\u00e4t avuksi On naisia, jotka uskovat \u201coikean\u201d orgasmin olevan sellainen, jonka saa yhdynn\u00e4sta, ilman ett\u00e4\u00a0klitorista stimuloi. Todellisuudessa on kuitenkin niin, ett\u00e4 useimmat naiset saavat orgasmin\u00a0helpoiten klitorista stimuloimalla. Sit\u00e4 paitsi on helpompaa saavuttaa orgasmi yhdynn\u00e4ss\u00e4, jos\u00a0olet harjoitellut sen saavuttamista yksin \u00ad siten tied\u00e4t mist\u00e4 nautit. Jos sinun on vaikea saada\u00a0orgasmia, et ole ainoa! Orgasmi vapauttaa useita rentouttavia ja kipua lievitt\u00e4vi\u00e4 aineita kehossa, kuten oksitosiinia ja\u00a0endorfiineja, jokta tuovat sinulle hyv\u00e4n olon tunteen. Orgasmi on siis jotain, joka saa kaikki\u00a0voimaan hyvin \u2013 mutta sit\u00e4 ei aina ole helppo saavuttaa. Arviolta noin 75 prosenttia kaikista\u00a0naisista tarvitsee klitorisstimulaatiota saadakseen orgasmin [&hellip;]\" \/>\n<meta property=\"og:url\" content=\"http:\/\/belladot.com\/fi\/seksologi-vastaa\/vaikeuksia-orgasmin-saavuttamisessa\/\" \/>\n<meta property=\"og:site_name\" content=\"Belladot\" \/>\n<meta name=\"twitter:label1\" content=\"Est. reading time\" \/>\n\t<meta name=\"twitter:data1\" content=\"3 minutes\" \/>\n<script type=\"application\/ld+json\" class=\"yoast-schema-graph\">{\"@context\":\"https:\/\/schema.org\",\"@graph\":[{\"@type\":\"WebPage\",\"@id\":\"http:\/\/belladot.com\/fi\/seksologi-vastaa\/vaikeuksia-orgasmin-saavuttamisessa\/\",\"url\":\"http:\/\/belladot.com\/fi\/seksologi-vastaa\/vaikeuksia-orgasmin-saavuttamisessa\/\",\"name\":\"Vaikeuksia orgasmin saavuttamisessa? - Belladot\",\"isPartOf\":{\"@id\":\"https:\/\/belladot.com\/#website\"},\"datePublished\":\"2016-05-23T08:11:16+00:00\",\"breadcrumb\":{\"@id\":\"http:\/\/belladot.com\/fi\/seksologi-vastaa\/vaikeuksia-orgasmin-saavuttamisessa\/#breadcrumb\"},\"inLanguage\":\"fi-FI\",\"potentialAction\":[{\"@type\":\"ReadAction\",\"target\":[\"http:\/\/belladot.com\/fi\/seksologi-vastaa\/vaikeuksia-orgasmin-saavuttamisessa\/\"]}]},{\"@type\":\"BreadcrumbList\",\"@id\":\"http:\/\/belladot.com\/fi\/seksologi-vastaa\/vaikeuksia-orgasmin-saavuttamisessa\/#breadcrumb\",\"itemListElement\":[{\"@type\":\"ListItem\",\"position\":1,\"name\":\"Seksologi vastaa\",\"item\":\"https:\/\/belladot.com\/fi\/seksologi-vastaa\/\"},{\"@type\":\"ListItem\",\"position\":2,\"name\":\"Vaikeuksia orgasmin saavuttamisessa?\"}]},{\"@type\":\"WebSite\",\"@id\":\"https:\/\/belladot.com\/#website\",\"url\":\"https:\/\/belladot.com\/\",\"name\":\"Belladot\",\"description\":\"\",\"potentialAction\":[{\"@type\":\"SearchAction\",\"target\":{\"@type\":\"EntryPoint\",\"urlTemplate\":\"https:\/\/belladot.com\/?s={search_term_string}\"},\"query-input\":{\"@type\":\"PropertyValueSpecification\",\"valueRequired\":true,\"valueName\":\"search_term_string\"}}],\"inLanguage\":\"fi-FI\"}]}<\/script>\n<!-- \/ Yoast SEO plugin. -->","yoast_head_json":{"title":"Vaikeuksia orgasmin saavuttamisessa? - Belladot","robots":{"index":"index","follow":"follow","max-snippet":"max-snippet:-1","max-image-preview":"max-image-preview:large","max-video-preview":"max-video-preview:-1"},"canonical":"http:\/\/belladot.com\/fi\/seksologi-vastaa\/vaikeuksia-orgasmin-saavuttamisessa\/","og_locale":"fi_FI","og_type":"article","og_title":"Vaikeuksia orgasmin saavuttamisessa? - Belladot","og_description":"Vaikeuksia orgasmin saavuttamisessa \u2010 Hyv\u00e4t v\u00e4rin\u00e4t avuksi On naisia, jotka uskovat \u201coikean\u201d orgasmin olevan sellainen, jonka saa yhdynn\u00e4sta, ilman ett\u00e4\u00a0klitorista stimuloi. Todellisuudessa on kuitenkin niin, ett\u00e4 useimmat naiset saavat orgasmin\u00a0helpoiten klitorista stimuloimalla. Sit\u00e4 paitsi on helpompaa saavuttaa orgasmi yhdynn\u00e4ss\u00e4, jos\u00a0olet harjoitellut sen saavuttamista yksin \u00ad siten tied\u00e4t mist\u00e4 nautit. Jos sinun on vaikea saada\u00a0orgasmia, et ole ainoa! Orgasmi vapauttaa useita rentouttavia ja kipua lievitt\u00e4vi\u00e4 aineita kehossa, kuten oksitosiinia ja\u00a0endorfiineja, jokta tuovat sinulle hyv\u00e4n olon tunteen. Orgasmi on siis jotain, joka saa kaikki\u00a0voimaan hyvin \u2013 mutta sit\u00e4 ei aina ole helppo saavuttaa. Arviolta noin 75 prosenttia kaikista\u00a0naisista tarvitsee klitorisstimulaatiota saadakseen orgasmin [&hellip;]","og_url":"http:\/\/belladot.com\/fi\/seksologi-vastaa\/vaikeuksia-orgasmin-saavuttamisessa\/","og_site_name":"Belladot","twitter_misc":{"Est. reading time":"3 minutes"},"schema":{"@context":"https:\/\/schema.org","@graph":[{"@type":"WebPage","@id":"http:\/\/belladot.com\/fi\/seksologi-vastaa\/vaikeuksia-orgasmin-saavuttamisessa\/","url":"http:\/\/belladot.com\/fi\/seksologi-vastaa\/vaikeuksia-orgasmin-saavuttamisessa\/","name":"Vaikeuksia orgasmin saavuttamisessa? - Belladot","isPartOf":{"@id":"https:\/\/belladot.com\/#website"},"datePublished":"2016-05-23T08:11:16+00:00","breadcrumb":{"@id":"http:\/\/belladot.com\/fi\/seksologi-vastaa\/vaikeuksia-orgasmin-saavuttamisessa\/#breadcrumb"},"inLanguage":"fi-FI","potentialAction":[{"@type":"ReadAction","target":["http:\/\/belladot.com\/fi\/seksologi-vastaa\/vaikeuksia-orgasmin-saavuttamisessa\/"]}]},{"@type":"BreadcrumbList","@id":"http:\/\/belladot.com\/fi\/seksologi-vastaa\/vaikeuksia-orgasmin-saavuttamisessa\/#breadcrumb","itemListElement":[{"@type":"ListItem","position":1,"name":"Seksologi vastaa","item":"https:\/\/belladot.com\/fi\/seksologi-vastaa\/"},{"@type":"ListItem","position":2,"name":"Vaikeuksia orgasmin saavuttamisessa?"}]},{"@type":"WebSite","@id":"https:\/\/belladot.com\/#website","url":"https:\/\/belladot.com\/","name":"Belladot","description":"","potentialAction":[{"@type":"SearchAction","target":{"@type":"EntryPoint","urlTemplate":"https:\/\/belladot.com\/?s={search_term_string}"},"query-input":{"@type":"PropertyValueSpecification","valueRequired":true,"valueName":"search_term_string"}}],"inLanguage":"fi-FI"}]}},"_links":{"self":[{"href":"https:\/\/belladot.com\/fi\/wp-json\/wp\/v2\/pages\/5608","targetHints":{"allow":["GET"]}}],"collection":[{"href":"https:\/\/belladot.com\/fi\/wp-json\/wp\/v2\/pages"}],"about":[{"href":"https:\/\/belladot.com\/fi\/wp-json\/wp\/v2\/types\/page"}],"author":[{"embeddable":true,"href":"https:\/\/belladot.com\/fi\/wp-json\/wp\/v2\/users\/9"}],"replies":[{"embeddable":true,"href":"https:\/\/belladot.com\/fi\/wp-json\/wp\/v2\/comments?post=5608"}],"version-history":[{"count":0,"href":"https:\/\/belladot.com\/fi\/wp-json\/wp\/v2\/pages\/5608\/revisions"}],"up":[{"embeddable":true,"href":"https:\/\/belladot.com\/fi\/wp-json\/wp\/v2\/pages\/5480"}],"wp:attachment":[{"href":"https:\/\/belladot.com\/fi\/wp-json\/wp\/v2\/media?parent=5608"}],"curies":[{"name":"wp","href":"https:\/\/api.w.org\/{rel}","templated":true}]}}