{"id":5612,"date":"2016-05-23T10:24:00","date_gmt":"2016-05-23T08:24:00","guid":{"rendered":"http:\/\/belladot.com.loopiadns.com.loopiadns.com\/fi\/?page_id=5612"},"modified":"2016-05-23T10:24:00","modified_gmt":"2016-05-23T08:24:00","slug":"halut-ja-aistillisuus","status":"publish","type":"page","link":"https:\/\/belladot.com\/fi\/seksologi-vastaa\/halut-ja-aistillisuus\/","title":{"rendered":"Halut ja aistillisuus"},"content":{"rendered":"<h3><b>Halu \u2013 ja haluttomuus<\/b><\/h3>\n<p><strong>Halut vaihtelevat el\u00e4m\u00e4n mittaan. Toisinaan on vaikea tiet\u00e4\u00e4 miksi. Halujen lis\u00e4\u00e4miseen l\u00f6ytyy monta\u00a0tapaa \u2013 aina ravintolisist\u00e4 meditaatioon ja erilaisiin seksileluihin. Mikset kokeilisi jokaista?<\/strong><\/p>\n<p>Halut voidaan n\u00e4hd\u00e4 seksuaalisen nautinnon ja l\u00e4heisyyden kaipuuna. Halut ovat sis\u00e4inen,\u00a0partnerista riippumaton, seksuaalinen vetovoima. Kun sinulla on seksuaalisia haluja olet t\u00e4ysin\u00a0keskittynyt omiin impulsseihisi ja kehosi vastauksiin n\u00e4ihin impulsseihin. Ellei sinulla ole\u00a0mahdollisuutta fyysiseen nautintoon tai orgasmiin, voit tuntea itsesi turhautuneeksi.<\/p>\n<p>Haluissa on my\u00f6s tilaa seksuaalisille fantasioille. Halut voivat luoda mielenkiinnon eroottiselle\u00a0materiaalille ja lis\u00e4\u00e4 huomiota kumppanin l\u00f6yt\u00e4miselle. Uuden kumppanin kanssa halut ovat usein\u00a0huipussaan \u2013 ihastus on seksiel\u00e4m\u00e4lle erinomainen mauste.<\/p>\n<h4><b>Haluttomuus<br \/>\n<\/b><\/h4>\n<p>Vaihtelevat halutasot voivat muodostua ongelmaksi parisuhteessa, jos toisen osapuolen halut\u00a0ovat \u201ckohdillaan\u201d kun taas toisen eiv\u00e4t ole. Jos aiheesta pystyy keskustelemaan\u00a0pulmanratkaisumieless\u00e4 voi sit\u00e4 keksi\u00e4 ratkaisuja, joilla halujen eroavaisuudet saadaan\u00a0tasoitettua. Vaihtoehtoja ovat mm. itsetyydytys, toisen partnerin tyydytytt\u00e4minen ilman yhdynt\u00e4\u00e4\u00a0jne. On toki t\u00e4rke\u00e4\u00e4 muistaa, ett\u00e4 nainen ei voi harrastaa seksi\u00e4 olematta kiihottunut, sill\u00e4 se\u00a0saattaa johtaa alap\u00e4\u00e4n kipuihin. T\u00e4m\u00e4 vuorostaan saattaa johtaa vakavampaan kiputilaan kuten\u00a0vulvodyniaan tai vaginismiin.<\/p>\n<p>Seksihalut vaihtelevat toisinaan sen suuremmitta syitt\u00e4. Jos seksihalusi ovat kateissa pidemm\u00e4n\u00a0aikaa, kannattaa sinun katsoa el\u00e4m\u00e4ntapojasi. V\u00e4hentyneet halut voivat olla merkki siit\u00e4, ett\u00e4\u00a0jokin on vialla parisuhteessasi tai el\u00e4m\u00e4ntavoissasi.<\/p>\n<p>Haluttomana saatat jokotai kaivata halujasi tai sitten et. Ellet kaipaa halujasi, saatat olla\u00a0aseksuaalinen, kuten noin 1% v\u00e4est\u00f6st\u00e4. Se tarkoittaa, ett\u00e4 sinulla ei koskaan ole seksuaalisia\u00a0haluja, tai, ett\u00e4 et kaipaa seksi\u00e4 partnerin kanssa mutta onanoit kuitenkin.<\/p>\n<h4><b>Syit\u00e4 haluttomuuteen<br \/>\n<\/b><\/h4>\n<p>Parisuhteessa l\u00f6ytyy joitakin \u201chaluntappajia\u201d, joita tulee varoa. El\u00e4m\u00e4ntilanteen tarkempi\u00a0tarkastelu saattaa paljastaa arvokasta tietoa:<\/p>\n<ul>\n<li>El\u00e4m\u00e4ntapai: Miten jaatte ajank\u00e4yt\u00f6n ty\u00f6n, vapaa\u00adajan, perheen ja seksiel\u00e4m\u00e4n kesken?<\/li>\n<li>Terveys: Sairastaako joku teist\u00e4? K\u00e4yt\u00e4ttek\u00f6 nikotiinia, alkoholia tai huumeita? Ent\u00e4 mik\u00e4 on tilanne ruoan, unen ja liikunnan suhteen?<\/li>\n<li>Suhde: Onko v\u00e4lill\u00e4nne kommunikaatioongelmia, vihaa, petttymyst\u00e4, vaatimuksia ja\/tai muita negatiivisa tekij\u00f6it\u00e4?<\/li>\n<li>Seksi: Onko seksi rutiininomaista ja tyls\u00e4\u00e4, seksitekniikka huonoa ja\/tai hyv\u00e4ilytapa huono?<\/li>\n<li>Mietteet: Tuntuuko seksi h\u00e4pe\u00e4lliselt\u00e4 tai onko sinulla suorituspaineita? Rajoittaako jokin nautintoasi?<\/li>\n<\/ul>\n<p>On arvokasta, jos sek\u00e4 sin\u00e4 ett\u00e4 kumppanisi kartoitatte kummatkin el\u00e4mi\u00e4nne. Sen j\u00e4lkeen voitte\u00a0yhdess\u00e4 keskustella, tarvitseeko teid\u00e4n muuttaa jotain el\u00e4miss\u00e4nne. Ehk\u00e4 tarvitsette apua\u00a0perheneuvojalta tai seksineuvojalta saadaksenne aikaan hyv\u00e4n keskustelun ja l\u00f6yt\u00e4\u00e4ksenne\u00a0ratkaisuja, joihin te molemmat olette tyytyv\u00e4isi\u00e4.<\/p>\n<h4><b>Fyysiset syyt<br \/>\n<\/b><\/h4>\n<p>Jos et l\u00f6yd\u00e4 selityst\u00e4 el\u00e4m\u00e4ntilanteellesi, voi syy piill\u00e4 fyysisiss\u00e4 ongelmissa, esimerkiksi\u00a0hormoniongelmissa, jolloin l\u00e4\u00e4k\u00e4rin apu on tarpeen. Monet l\u00e4\u00e4kkeet kuten e\u00adpillerit,\u00a0vaihdevuoisen l\u00e4\u00e4kitykset, vatsahaaval\u00e4\u00e4kitys, antihistamiinit, verenpaine\u00ad, kipua lievitt\u00e4v\u00e4t ja\u00a0epilepisal\u00e4\u00e4kkeet sek\u00e4 l\u00e4\u00e4kkeet reumasairauksiin ja masennukseen voivat vaikuttaa seksihaluun\u00a0ja \u00adkykyyn negatiivisesti. Kysy l\u00e4\u00e4k\u00e4rilt\u00e4si, vaikuttavatko l\u00e4\u00e4kkeesi seksihaluusi ja \u00adkykyysi.<\/p>\n<h4>Nautinnon lis\u00e4\u00e4minen<\/h4>\n<p>Seksiapuv\u00e4lineet ovat tapa lis\u00e4t\u00e4 nautintoa. Belladot Matilda on v\u00e4risev\u00e4 muna, joka toimii my\u00f6s\u00a0parileluna. Sill\u00e4 voi hyv\u00e4ill\u00e4 suoraan sukupuolielimi\u00e4 ja yleisesti antaa lis\u00e4ulottuvuuden hyv\u00e4ilylle\u00a0ja kosketuksille. Belladot Hot&amp;Cool menthol on geeli, joka stimuloi sukupuolielinten verenkiertoa\u00a0ja antaa samalla viilent\u00e4v\u00e4n tunteen ulkopuolelle.<\/p>\n<p>Arginiini on aine, joka voi lis\u00e4t\u00e4 haluja sek\u00e4 miehill\u00e4 ett\u00e4 naisilla ja jonka m\u00e4\u00e4r\u00e4 kehossa laskee\u00a0tavallisesti 40 ik\u00e4vuoden j\u00e4lkeen. Sit\u00e4 l\u00f6ytyy lis\u00e4ravinteena, esimerkiksi L-\u00adArgiplex.<\/p>\n<h4><b>Aistillisusharjoitukset<br \/>\n<\/b><\/h4>\n<p>Aistillisuusharjoitukset ovat tapa l\u00f6yt\u00e4\u00e4 halut, yhdess\u00e4 kumppanisi kanssa. Ne auttavat my\u00f6s\u00a0vapauttamaan seksuaalisista suorituspaineista. Lyhyk\u00e4isyydess\u00e4\u00e4n ne k\u00e4sitt\u00e4v\u00e4t fyysisen l\u00e4heisyyden\u00a0kumppanin kanssa, joko vaatteet p\u00e4\u00e4ll\u00e4 tai alasti, ja aluksi ilman yhdynt\u00e4\u00e4. Harjoitusten tarkoitus on\u00a0keskitty\u00e4 fyysisen hyv\u00e4ilyn antamisen ja vastaanottamisen kokemukseen. Lue lis\u00e4\u00e4\u00a0aistillisuusharjoittelusta.<\/p>\n<p><b>L\u00f6yd\u00e4 halut itse<br \/>\n<\/b><\/p>\n<p>Voit my\u00f6s harjoitella ottamalla omaa aikaa. Oma aika on tapa n\u00e4ytt\u00e4\u00e4 itselleen, ett\u00e4 v\u00e4litt\u00e4\u00e4\u00a0itsest\u00e4\u00e4n. Aloita rentouttavalla suihkulla, asettuaksesi sitten mukavasti makuulle l\u00e4mpim\u00e4\u00e4n\u00a0huoneeseen. Voit hyv\u00e4ill\u00e4 koko vartaloasi ja ehk\u00e4 my\u00f6s stimuloida itsellesi orgasmin. Apuv\u00e4lineiden\u00a0kanssa \u2013 tai ilman. Naisille suosittelemme Belladot Sofiaa, pehme\u00e4\u00e4 ja taipuisaa vibraattoria\u00a0kohotetulla aaltokuviolla, lis\u00e4nautintoa varten. Voit sit\u00e4 paitsi k\u00e4ytt\u00e4\u00e4 sit\u00e4 suihkussa. Isompi ja\u00a0voimakkaampi vaihtoehto on Belladot Ebba.<\/p>\n<p>Jos sinulla on p\u00e4\u00e4m\u00e4\u00e4r\u00e4n\u00e4 voida hyvin ja l\u00f6yt\u00e4\u00e4 asioita, jotka tuovat sinulle eliniloa, on sinulla\u00a0hyv\u00e4 kasvualusta halulle ja aistillisuudelle seksiel\u00e4m\u00e4ss\u00e4si.<\/p>\n<p><b>\u00a0<\/b><\/p>\n","protected":false},"excerpt":{"rendered":"<p>Halu \u2013 ja haluttomuus Halut vaihtelevat el\u00e4m\u00e4n mittaan. Toisinaan on vaikea tiet\u00e4\u00e4 miksi. Halujen lis\u00e4\u00e4miseen l\u00f6ytyy monta\u00a0tapaa \u2013 aina ravintolisist\u00e4 meditaatioon ja erilaisiin seksileluihin. Mikset kokeilisi jokaista? Halut voidaan n\u00e4hd\u00e4 seksuaalisen nautinnon ja l\u00e4heisyyden kaipuuna. Halut ovat sis\u00e4inen,\u00a0partnerista riippumaton, seksuaalinen vetovoima. Kun sinulla on seksuaalisia haluja olet t\u00e4ysin\u00a0keskittynyt omiin impulsseihisi ja kehosi vastauksiin n\u00e4ihin impulsseihin. Ellei sinulla ole\u00a0mahdollisuutta fyysiseen nautintoon tai orgasmiin, voit tuntea itsesi turhautuneeksi. Haluissa on my\u00f6s tilaa seksuaalisille fantasioille. Halut voivat luoda mielenkiinnon eroottiselle\u00a0materiaalille ja lis\u00e4\u00e4 huomiota kumppanin l\u00f6yt\u00e4miselle. Uuden kumppanin kanssa halut ovat usein\u00a0huipussaan \u2013 ihastus on seksiel\u00e4m\u00e4lle erinomainen mauste. Haluttomuus Vaihtelevat halutasot voivat muodostua ongelmaksi [&hellip;]<\/p>\n","protected":false},"author":9,"featured_media":0,"parent":5480,"menu_order":7,"comment_status":"open","ping_status":"open","template":"","meta":{"_acf_changed":false,"footnotes":""},"class_list":["post-5612","page","type-page","status-publish","hentry"],"acf":[],"yoast_head":"<!-- This site is optimized with the Yoast SEO plugin v27.1.1 - https:\/\/yoast.com\/product\/yoast-seo-wordpress\/ -->\n<title>Halut ja aistillisuus - Belladot<\/title>\n<meta name=\"robots\" content=\"index, follow, max-snippet:-1, max-image-preview:large, max-video-preview:-1\" \/>\n<link rel=\"canonical\" href=\"http:\/\/belladot.com\/fi\/seksologi-vastaa\/halut-ja-aistillisuus\/\" \/>\n<meta property=\"og:locale\" content=\"fi_FI\" \/>\n<meta property=\"og:type\" content=\"article\" \/>\n<meta property=\"og:title\" content=\"Halut ja aistillisuus - Belladot\" \/>\n<meta property=\"og:description\" content=\"Halu \u2013 ja haluttomuus Halut vaihtelevat el\u00e4m\u00e4n mittaan. Toisinaan on vaikea tiet\u00e4\u00e4 miksi. Halujen lis\u00e4\u00e4miseen l\u00f6ytyy monta\u00a0tapaa \u2013 aina ravintolisist\u00e4 meditaatioon ja erilaisiin seksileluihin. Mikset kokeilisi jokaista? Halut voidaan n\u00e4hd\u00e4 seksuaalisen nautinnon ja l\u00e4heisyyden kaipuuna. Halut ovat sis\u00e4inen,\u00a0partnerista riippumaton, seksuaalinen vetovoima. Kun sinulla on seksuaalisia haluja olet t\u00e4ysin\u00a0keskittynyt omiin impulsseihisi ja kehosi vastauksiin n\u00e4ihin impulsseihin. Ellei sinulla ole\u00a0mahdollisuutta fyysiseen nautintoon tai orgasmiin, voit tuntea itsesi turhautuneeksi. Haluissa on my\u00f6s tilaa seksuaalisille fantasioille. Halut voivat luoda mielenkiinnon eroottiselle\u00a0materiaalille ja lis\u00e4\u00e4 huomiota kumppanin l\u00f6yt\u00e4miselle. Uuden kumppanin kanssa halut ovat usein\u00a0huipussaan \u2013 ihastus on seksiel\u00e4m\u00e4lle erinomainen mauste. Haluttomuus Vaihtelevat halutasot voivat muodostua ongelmaksi [&hellip;]\" \/>\n<meta property=\"og:url\" content=\"http:\/\/belladot.com\/fi\/seksologi-vastaa\/halut-ja-aistillisuus\/\" \/>\n<meta property=\"og:site_name\" content=\"Belladot\" \/>\n<meta name=\"twitter:label1\" content=\"Est. reading time\" \/>\n\t<meta name=\"twitter:data1\" content=\"4 minutes\" \/>\n<script type=\"application\/ld+json\" class=\"yoast-schema-graph\">{\"@context\":\"https:\/\/schema.org\",\"@graph\":[{\"@type\":\"WebPage\",\"@id\":\"http:\/\/belladot.com\/fi\/seksologi-vastaa\/halut-ja-aistillisuus\/\",\"url\":\"http:\/\/belladot.com\/fi\/seksologi-vastaa\/halut-ja-aistillisuus\/\",\"name\":\"Halut ja aistillisuus - Belladot\",\"isPartOf\":{\"@id\":\"https:\/\/belladot.com\/#website\"},\"datePublished\":\"2016-05-23T08:24:00+00:00\",\"breadcrumb\":{\"@id\":\"http:\/\/belladot.com\/fi\/seksologi-vastaa\/halut-ja-aistillisuus\/#breadcrumb\"},\"inLanguage\":\"fi-FI\",\"potentialAction\":[{\"@type\":\"ReadAction\",\"target\":[\"http:\/\/belladot.com\/fi\/seksologi-vastaa\/halut-ja-aistillisuus\/\"]}]},{\"@type\":\"BreadcrumbList\",\"@id\":\"http:\/\/belladot.com\/fi\/seksologi-vastaa\/halut-ja-aistillisuus\/#breadcrumb\",\"itemListElement\":[{\"@type\":\"ListItem\",\"position\":1,\"name\":\"Seksologi vastaa\",\"item\":\"https:\/\/belladot.com\/fi\/seksologi-vastaa\/\"},{\"@type\":\"ListItem\",\"position\":2,\"name\":\"Halut ja aistillisuus\"}]},{\"@type\":\"WebSite\",\"@id\":\"https:\/\/belladot.com\/#website\",\"url\":\"https:\/\/belladot.com\/\",\"name\":\"Belladot\",\"description\":\"\",\"potentialAction\":[{\"@type\":\"SearchAction\",\"target\":{\"@type\":\"EntryPoint\",\"urlTemplate\":\"https:\/\/belladot.com\/?s={search_term_string}\"},\"query-input\":{\"@type\":\"PropertyValueSpecification\",\"valueRequired\":true,\"valueName\":\"search_term_string\"}}],\"inLanguage\":\"fi-FI\"}]}<\/script>\n<!-- \/ Yoast SEO plugin. -->","yoast_head_json":{"title":"Halut ja aistillisuus - Belladot","robots":{"index":"index","follow":"follow","max-snippet":"max-snippet:-1","max-image-preview":"max-image-preview:large","max-video-preview":"max-video-preview:-1"},"canonical":"http:\/\/belladot.com\/fi\/seksologi-vastaa\/halut-ja-aistillisuus\/","og_locale":"fi_FI","og_type":"article","og_title":"Halut ja aistillisuus - Belladot","og_description":"Halu \u2013 ja haluttomuus Halut vaihtelevat el\u00e4m\u00e4n mittaan. Toisinaan on vaikea tiet\u00e4\u00e4 miksi. Halujen lis\u00e4\u00e4miseen l\u00f6ytyy monta\u00a0tapaa \u2013 aina ravintolisist\u00e4 meditaatioon ja erilaisiin seksileluihin. Mikset kokeilisi jokaista? Halut voidaan n\u00e4hd\u00e4 seksuaalisen nautinnon ja l\u00e4heisyyden kaipuuna. Halut ovat sis\u00e4inen,\u00a0partnerista riippumaton, seksuaalinen vetovoima. Kun sinulla on seksuaalisia haluja olet t\u00e4ysin\u00a0keskittynyt omiin impulsseihisi ja kehosi vastauksiin n\u00e4ihin impulsseihin. Ellei sinulla ole\u00a0mahdollisuutta fyysiseen nautintoon tai orgasmiin, voit tuntea itsesi turhautuneeksi. Haluissa on my\u00f6s tilaa seksuaalisille fantasioille. Halut voivat luoda mielenkiinnon eroottiselle\u00a0materiaalille ja lis\u00e4\u00e4 huomiota kumppanin l\u00f6yt\u00e4miselle. Uuden kumppanin kanssa halut ovat usein\u00a0huipussaan \u2013 ihastus on seksiel\u00e4m\u00e4lle erinomainen mauste. Haluttomuus Vaihtelevat halutasot voivat muodostua ongelmaksi [&hellip;]","og_url":"http:\/\/belladot.com\/fi\/seksologi-vastaa\/halut-ja-aistillisuus\/","og_site_name":"Belladot","twitter_misc":{"Est. reading time":"4 minutes"},"schema":{"@context":"https:\/\/schema.org","@graph":[{"@type":"WebPage","@id":"http:\/\/belladot.com\/fi\/seksologi-vastaa\/halut-ja-aistillisuus\/","url":"http:\/\/belladot.com\/fi\/seksologi-vastaa\/halut-ja-aistillisuus\/","name":"Halut ja aistillisuus - Belladot","isPartOf":{"@id":"https:\/\/belladot.com\/#website"},"datePublished":"2016-05-23T08:24:00+00:00","breadcrumb":{"@id":"http:\/\/belladot.com\/fi\/seksologi-vastaa\/halut-ja-aistillisuus\/#breadcrumb"},"inLanguage":"fi-FI","potentialAction":[{"@type":"ReadAction","target":["http:\/\/belladot.com\/fi\/seksologi-vastaa\/halut-ja-aistillisuus\/"]}]},{"@type":"BreadcrumbList","@id":"http:\/\/belladot.com\/fi\/seksologi-vastaa\/halut-ja-aistillisuus\/#breadcrumb","itemListElement":[{"@type":"ListItem","position":1,"name":"Seksologi vastaa","item":"https:\/\/belladot.com\/fi\/seksologi-vastaa\/"},{"@type":"ListItem","position":2,"name":"Halut ja aistillisuus"}]},{"@type":"WebSite","@id":"https:\/\/belladot.com\/#website","url":"https:\/\/belladot.com\/","name":"Belladot","description":"","potentialAction":[{"@type":"SearchAction","target":{"@type":"EntryPoint","urlTemplate":"https:\/\/belladot.com\/?s={search_term_string}"},"query-input":{"@type":"PropertyValueSpecification","valueRequired":true,"valueName":"search_term_string"}}],"inLanguage":"fi-FI"}]}},"_links":{"self":[{"href":"https:\/\/belladot.com\/fi\/wp-json\/wp\/v2\/pages\/5612","targetHints":{"allow":["GET"]}}],"collection":[{"href":"https:\/\/belladot.com\/fi\/wp-json\/wp\/v2\/pages"}],"about":[{"href":"https:\/\/belladot.com\/fi\/wp-json\/wp\/v2\/types\/page"}],"author":[{"embeddable":true,"href":"https:\/\/belladot.com\/fi\/wp-json\/wp\/v2\/users\/9"}],"replies":[{"embeddable":true,"href":"https:\/\/belladot.com\/fi\/wp-json\/wp\/v2\/comments?post=5612"}],"version-history":[{"count":0,"href":"https:\/\/belladot.com\/fi\/wp-json\/wp\/v2\/pages\/5612\/revisions"}],"up":[{"embeddable":true,"href":"https:\/\/belladot.com\/fi\/wp-json\/wp\/v2\/pages\/5480"}],"wp:attachment":[{"href":"https:\/\/belladot.com\/fi\/wp-json\/wp\/v2\/media?parent=5612"}],"curies":[{"name":"wp","href":"https:\/\/api.w.org\/{rel}","templated":true}]}}