{"id":5614,"date":"2016-05-23T10:30:20","date_gmt":"2016-05-23T08:30:20","guid":{"rendered":"http:\/\/belladot.com.loopiadns.com.loopiadns.com\/fi\/?page_id=5614"},"modified":"2016-05-23T10:30:20","modified_gmt":"2016-05-23T08:30:20","slug":"g%e2%80%90piste-ja-p%e2%80%90piste","status":"publish","type":"page","link":"https:\/\/belladot.com\/fi\/seksologi-vastaa\/g%e2%80%90piste-ja-p%e2%80%90piste\/","title":{"rendered":"G\u2010piste ja P\u2010piste"},"content":{"rendered":"<h3>G\u00ad-piste ja P-\u00adpiste \u00ad \u201csatisfaction guaranteed?\u201d (\u201ctyydytys taattu?\u201d)<\/h3>\n<p><strong>Sek\u00e4 miehill\u00e4 ett\u00e4 naisilla on tiettyj\u00e4 \u201cpisteit\u00e4\u201d \u2013 sis\u00e4isi\u00e4 erogeenisia alueita, jotka oikein\u00a0stimuloituina voivat antaa sek\u00e4 ihanamman seksuaalisen kokemuksen ett\u00e4 voimakkaamman\u00a0oragsmin, nimitt\u00e4in G\u00ad ja P\u00adpiste. Ne voi olla vaikeita l\u00f6yt\u00e4\u00e4, mutta oikeilla v\u00e4lineill\u00e4 varustettuna\u00a0voit nousta ennenkuulumattomiin sf\u00e4\u00e4reihin.<\/strong><\/p>\n<p>G\u00adpiste on erogeeninen alue, jonka stimulointi voi tuottaa orgasmin. Nimi on per\u00e4isin\u00a0saksalaiselta gynekologilta, Ernst Gr\u00e4fenbergilt\u00e4, joka jo vuonna 1950 kuvaili alueen\u00a0er\u00e4\u00e4ss\u00e4 artikkelissa.\u00a0On olemassa vibraattoreita, jotka ovat muotoiltuja erityisesti stimuloidakseen G\u00adpistett\u00e4. Belladot\u00a0Bodil on taipuisa G\u00adpistevibraattori taivutetulla p\u00e4\u00e4ll\u00e4 ja sen k\u00e4rjess\u00e4 sijaitsevalla vibraattorila.\u00a0Stimuloinnin vaatiessa voimakasta painetta ja hierontaa, voi sormien lepuuttaminen olla mukavaa\u00a0vibraattorin hoitaessa ty\u00f6n.<\/p>\n<h3>Miss\u00e4 G\u00adpiste sijaitsee?<\/h3>\n<p>G\u00adpiste sijaitsee virtsaputken ja em\u00e4tinsein\u00e4m\u00e4n v\u00e4liss\u00e4, eik\u00e4 siis itse em\u00e4ttimen\u00a0sis\u00e4ll\u00e4. Sen voi tuntea em\u00e4tinsein\u00e4m\u00e4n l\u00e4pi, muutaman sentin syvyydess\u00e4 em\u00e4ttimen\u00a0etu\/yl\u00e4osassa. Alue on t\u00e4ynn\u00e4 hermop\u00e4\u00e4tteit\u00e4 ja paisuvaiskudosta, jonka tuntee\u00a0aluetta hieroessa tai voimakkaasti painaessa. Se ei aina ole suoraan ylh\u00e4\u00e4ll\u00e4, vaan\u00a0saattaa my\u00f6s sijaita hieman ulompana sivussa.<\/p>\n<p>Em\u00e4tinsein\u00e4m\u00e4 saattaa tuntua hieman r\u00f6pel\u00f6iselt\u00e4 G\u00adpisteen kohdalla.\u00a0Kiihottuneessa tilassa alue turpoaa, mink\u00e4 ansiosta se on helpompi paikantaa.\u00a0Kokonsa puolesta alue on noin persikan kiven kokoinen.<\/p>\n<p>G\u00adpisteeseen yll\u00e4t helpoiten, kun olet kyykyss\u00e4, oikean polven lev\u00e4tess\u00e4 alustaa vasten. Vie\u00a0sormi sis\u00e4\u00e4n viistosti alhaalta p\u00e4in k\u00e4mmenen osoittaessa yl\u00f6sp\u00e4in ja etsi hierovin ja painelevin\u00a0liikkein em\u00e4ttimen sein\u00e4m\u00e4n kattoa. Merkki siit\u00e4, ett\u00e4 olet l\u00f6yt\u00e4nyt oikean kohdan on virtsaamisen\u00a0tarpeen tunne. Jos et l\u00f6yd\u00e4 oikeaa kohtaa, vie sormesi niin pitk\u00e4lle sis\u00e4\u00e4n, ett\u00e4 tunnet\u00a0kohdunsuun, jonka j\u00e4lkeen siirr\u00e4 sormea muutama millimetri kerrallaan takaisin p\u00e4in\/ulos\u00a0em\u00e4tinaukkoa kohti.<\/p>\n<h3>Kokemuksia on erilaisia<\/h3>\n<p>Osa naisista ei tunne paljoakaan G\u00adpistett\u00e4 stimuloidessa. Toiset taas eiv\u00e4t pelk\u00e4st\u00e4\u00e4n saa\u00a0orgasmia, vaan voivat kokea orgasmin ejakulaatiolla. Ejakulaatio tarkoittaa, ett\u00e4 nestett\u00e4\u00a0vapautuu virtsaputkesta orgasmin aikana. Neste ei ole virtsaa, vaan sit\u00e4 erittyy virtsaputkea\u00a0ymp\u00e4r\u00f6iv\u00e4n kudoksen rauhasista. Nesteen m\u00e4\u00e4r\u00e4 vaihtelee muutamasta senttilitrasta useampaan\u00a0desilitraan.<\/p>\n<p>On naisia, jotka eiv\u00e4t ejakuloi ollenkaan ja my\u00f6s niit\u00e4, jotka ejakuloivat orgasmista suihkul\u00e4hteen\u00a0tapaan, kun G\u00adpistett\u00e4 on stimuloitu. Toisilla nestett\u00e4 tihkuu ulos hieman kerrallaan,\u00a0kiihotusvaiheen aikana. Monet naiset voivat tuntea itsens\u00e4 noloiksi, kun he eiv\u00e4t ole tietoisia\u00a0naisen ejakulaatiosta ja luulevat vain kastelleensa itsens\u00e4. T\u00e4ll\u00f6in he ehk\u00e4 pid\u00e4ttelev\u00e4t\u00a0orgasmiaan, ollessaan huolissaan siit\u00e4, mit\u00e4 kumppani heist\u00e4 ajattelee.<\/p>\n<h3>A-\u00adpiste<\/h3>\n<p>Malesialainen tohtori, Chua Chee Ann, l\u00f6ysi kyseisen pisteen vuonna 1993. A\u00ad-pistett\u00e4 kutsutaan\u00a0my\u00f6s AFE \u00ad alueeksi (lyhenne Anterior Fornix Erogenous zone:sta).\u00a0A-\u00adalueen stimulointi voi lis\u00e4t\u00e4 kosteutta em\u00e4ttimess\u00e4 ja antaa useita orgasmeja. Se vaatii\u00a0em\u00e4ttimen sein\u00e4m\u00e4n kevytt\u00e4 hieromista, toisin kun G-\u00adpisteen stimulointi.\u00a0Alue on oikeastaan parempi nimitys kuin piste, koska G\u00ad-pisteen ja kohdunaukon v\u00e4liss\u00e4 pienempi\u00a0m\u00e4\u00e4r\u00e4 hermoja on levitt\u00e4ytynyt suuremmalle alueelle.\u00a0Seksiasennot, jotka tekev\u00e4t em\u00e4ttimeen syvemm\u00e4lle ylettymisen helpommaksi ovat niit\u00e4, joissa\u00a0nainen istuu miehen p\u00e4\u00e4ll\u00e4, tai penetraatio takaap\u00e4in.<\/p>\n<h3>Miehen G\u00ad-piste on nimelt\u00e4\u00e4n P-\u00adpiste<\/h3>\n<p>P-\u00adpiste on miehen vastine G-\u00adpisteelle, jossa P-\u00adkirjain tulee prostatasta, eli eturauhasesta. Kun\u00a0aluetta hieroo, sanotaan sen antavan erilaisen nautintokokemuksen kuin peniksen stimulointi.\u00a0P-\u00adpisteen l\u00f6yd\u00e4t 5\u00ad7 senttimetrin syvyydell\u00e4 anuksessa, per\u00e4suolen etummaisesta sein\u00e4m\u00e4st\u00e4,\u00a0vatsaa kohti. Kooltaan se on suurin piirtein viiniryp\u00e4leen tai kastanjan kokoinen.\u00a0Pistett\u00e4 voi stimuloida sormilla, kielell\u00e4, hieromasauvalla tai peniksell\u00e4. T\u00e4rke\u00e4\u00e4 on lyhyet kynnet,\u00a0hyv\u00e4 hygienia (kondomi tai muoviset kertak\u00e4ytt\u00f6hanskat) ja liukuvoide. Kondomia k\u00e4ytt\u00e4ess\u00e4 on\u00a0t\u00e4rke\u00e4\u00e4, ett\u00e4 k\u00e4ytett\u00e4v\u00e4 liukuvoide on vesi\u00ad tai silikonipohjaista. Mik\u00e4li k\u00e4yt\u00e4t \u00f6ljy\u00e4 tai\u00a0kosteusvoidetta, voi kondomi haurastua. Belladot Original on silikonipohjainen liukuvoide, joka\u00a0suojaa anuksen herkki\u00e4 limakalvoja.<\/p>\n<p>Miehet kokevat P\u00ad-pisteen stimuloinnin eri tavoin. Osille miehist\u00e4 se ei tuo mit\u00e4\u00e4n lis\u00e4nautintoa.\u00a0Osa miehist\u00e4 ei pid\u00e4 anuksen stimuloinnista ollenkaan. T\u00e4ll\u00f6in P\u00adpisteeseen voi ylt\u00e4\u00e4 my\u00f6s\u00a0ulkopuolelta v\u00e4lilihan, anuksen ja kivespussin alapuolella sijaitsevan alueen kautta. Kevyt paine\u00a0aluella voi tuntua ihanalta.<\/p>\n","protected":false},"excerpt":{"rendered":"<p>G\u00ad-piste ja P-\u00adpiste \u00ad \u201csatisfaction guaranteed?\u201d (\u201ctyydytys taattu?\u201d) Sek\u00e4 miehill\u00e4 ett\u00e4 naisilla on tiettyj\u00e4 \u201cpisteit\u00e4\u201d \u2013 sis\u00e4isi\u00e4 erogeenisia alueita, jotka oikein\u00a0stimuloituina voivat antaa sek\u00e4 ihanamman seksuaalisen kokemuksen ett\u00e4 voimakkaamman\u00a0oragsmin, nimitt\u00e4in G\u00ad ja P\u00adpiste. Ne voi olla vaikeita l\u00f6yt\u00e4\u00e4, mutta oikeilla v\u00e4lineill\u00e4 varustettuna\u00a0voit nousta ennenkuulumattomiin sf\u00e4\u00e4reihin. G\u00adpiste on erogeeninen alue, jonka stimulointi voi tuottaa orgasmin. Nimi on per\u00e4isin\u00a0saksalaiselta gynekologilta, Ernst Gr\u00e4fenbergilt\u00e4, joka jo vuonna 1950 kuvaili alueen\u00a0er\u00e4\u00e4ss\u00e4 artikkelissa.\u00a0On olemassa vibraattoreita, jotka ovat muotoiltuja erityisesti stimuloidakseen G\u00adpistett\u00e4. Belladot\u00a0Bodil on taipuisa G\u00adpistevibraattori taivutetulla p\u00e4\u00e4ll\u00e4 ja sen k\u00e4rjess\u00e4 sijaitsevalla vibraattorila.\u00a0Stimuloinnin vaatiessa voimakasta painetta ja hierontaa, voi sormien lepuuttaminen olla mukavaa\u00a0vibraattorin hoitaessa ty\u00f6n. Miss\u00e4 G\u00adpiste [&hellip;]<\/p>\n","protected":false},"author":9,"featured_media":0,"parent":5480,"menu_order":8,"comment_status":"open","ping_status":"open","template":"","meta":{"_acf_changed":false,"footnotes":""},"class_list":["post-5614","page","type-page","status-publish","hentry"],"acf":[],"yoast_head":"<!-- This site is optimized with the Yoast SEO plugin v27.1.1 - https:\/\/yoast.com\/product\/yoast-seo-wordpress\/ -->\n<title>G\u2010piste ja P\u2010piste - Belladot<\/title>\n<meta name=\"robots\" content=\"index, follow, max-snippet:-1, max-image-preview:large, max-video-preview:-1\" \/>\n<link rel=\"canonical\" href=\"http:\/\/belladot.com\/fi\/seksologi-vastaa\/g\u2010piste-ja-p\u2010piste\/\" \/>\n<meta property=\"og:locale\" content=\"fi_FI\" \/>\n<meta property=\"og:type\" content=\"article\" \/>\n<meta property=\"og:title\" content=\"G\u2010piste ja P\u2010piste - Belladot\" \/>\n<meta property=\"og:description\" content=\"G\u00ad-piste ja P-\u00adpiste \u00ad \u201csatisfaction guaranteed?\u201d (\u201ctyydytys taattu?\u201d) Sek\u00e4 miehill\u00e4 ett\u00e4 naisilla on tiettyj\u00e4 \u201cpisteit\u00e4\u201d \u2013 sis\u00e4isi\u00e4 erogeenisia alueita, jotka oikein\u00a0stimuloituina voivat antaa sek\u00e4 ihanamman seksuaalisen kokemuksen ett\u00e4 voimakkaamman\u00a0oragsmin, nimitt\u00e4in G\u00ad ja P\u00adpiste. Ne voi olla vaikeita l\u00f6yt\u00e4\u00e4, mutta oikeilla v\u00e4lineill\u00e4 varustettuna\u00a0voit nousta ennenkuulumattomiin sf\u00e4\u00e4reihin. G\u00adpiste on erogeeninen alue, jonka stimulointi voi tuottaa orgasmin. Nimi on per\u00e4isin\u00a0saksalaiselta gynekologilta, Ernst Gr\u00e4fenbergilt\u00e4, joka jo vuonna 1950 kuvaili alueen\u00a0er\u00e4\u00e4ss\u00e4 artikkelissa.\u00a0On olemassa vibraattoreita, jotka ovat muotoiltuja erityisesti stimuloidakseen G\u00adpistett\u00e4. Belladot\u00a0Bodil on taipuisa G\u00adpistevibraattori taivutetulla p\u00e4\u00e4ll\u00e4 ja sen k\u00e4rjess\u00e4 sijaitsevalla vibraattorila.\u00a0Stimuloinnin vaatiessa voimakasta painetta ja hierontaa, voi sormien lepuuttaminen olla mukavaa\u00a0vibraattorin hoitaessa ty\u00f6n. Miss\u00e4 G\u00adpiste [&hellip;]\" \/>\n<meta property=\"og:url\" content=\"http:\/\/belladot.com\/fi\/seksologi-vastaa\/g\u2010piste-ja-p\u2010piste\/\" \/>\n<meta property=\"og:site_name\" content=\"Belladot\" \/>\n<meta name=\"twitter:label1\" content=\"Est. reading time\" \/>\n\t<meta name=\"twitter:data1\" content=\"3 minutes\" \/>\n<script type=\"application\/ld+json\" class=\"yoast-schema-graph\">{\"@context\":\"https:\/\/schema.org\",\"@graph\":[{\"@type\":\"WebPage\",\"@id\":\"http:\/\/belladot.com\/fi\/seksologi-vastaa\/g%e2%80%90piste-ja-p%e2%80%90piste\/\",\"url\":\"http:\/\/belladot.com\/fi\/seksologi-vastaa\/g%e2%80%90piste-ja-p%e2%80%90piste\/\",\"name\":\"G\u2010piste ja P\u2010piste - Belladot\",\"isPartOf\":{\"@id\":\"https:\/\/belladot.com\/#website\"},\"datePublished\":\"2016-05-23T08:30:20+00:00\",\"breadcrumb\":{\"@id\":\"http:\/\/belladot.com\/fi\/seksologi-vastaa\/g%e2%80%90piste-ja-p%e2%80%90piste\/#breadcrumb\"},\"inLanguage\":\"fi-FI\",\"potentialAction\":[{\"@type\":\"ReadAction\",\"target\":[\"http:\/\/belladot.com\/fi\/seksologi-vastaa\/g%e2%80%90piste-ja-p%e2%80%90piste\/\"]}]},{\"@type\":\"BreadcrumbList\",\"@id\":\"http:\/\/belladot.com\/fi\/seksologi-vastaa\/g%e2%80%90piste-ja-p%e2%80%90piste\/#breadcrumb\",\"itemListElement\":[{\"@type\":\"ListItem\",\"position\":1,\"name\":\"Seksologi vastaa\",\"item\":\"https:\/\/belladot.com\/fi\/seksologi-vastaa\/\"},{\"@type\":\"ListItem\",\"position\":2,\"name\":\"G\u2010piste ja P\u2010piste\"}]},{\"@type\":\"WebSite\",\"@id\":\"https:\/\/belladot.com\/#website\",\"url\":\"https:\/\/belladot.com\/\",\"name\":\"Belladot\",\"description\":\"\",\"potentialAction\":[{\"@type\":\"SearchAction\",\"target\":{\"@type\":\"EntryPoint\",\"urlTemplate\":\"https:\/\/belladot.com\/?s={search_term_string}\"},\"query-input\":{\"@type\":\"PropertyValueSpecification\",\"valueRequired\":true,\"valueName\":\"search_term_string\"}}],\"inLanguage\":\"fi-FI\"}]}<\/script>\n<!-- \/ Yoast SEO plugin. -->","yoast_head_json":{"title":"G\u2010piste ja P\u2010piste - Belladot","robots":{"index":"index","follow":"follow","max-snippet":"max-snippet:-1","max-image-preview":"max-image-preview:large","max-video-preview":"max-video-preview:-1"},"canonical":"http:\/\/belladot.com\/fi\/seksologi-vastaa\/g\u2010piste-ja-p\u2010piste\/","og_locale":"fi_FI","og_type":"article","og_title":"G\u2010piste ja P\u2010piste - Belladot","og_description":"G\u00ad-piste ja P-\u00adpiste \u00ad \u201csatisfaction guaranteed?\u201d (\u201ctyydytys taattu?\u201d) Sek\u00e4 miehill\u00e4 ett\u00e4 naisilla on tiettyj\u00e4 \u201cpisteit\u00e4\u201d \u2013 sis\u00e4isi\u00e4 erogeenisia alueita, jotka oikein\u00a0stimuloituina voivat antaa sek\u00e4 ihanamman seksuaalisen kokemuksen ett\u00e4 voimakkaamman\u00a0oragsmin, nimitt\u00e4in G\u00ad ja P\u00adpiste. Ne voi olla vaikeita l\u00f6yt\u00e4\u00e4, mutta oikeilla v\u00e4lineill\u00e4 varustettuna\u00a0voit nousta ennenkuulumattomiin sf\u00e4\u00e4reihin. G\u00adpiste on erogeeninen alue, jonka stimulointi voi tuottaa orgasmin. Nimi on per\u00e4isin\u00a0saksalaiselta gynekologilta, Ernst Gr\u00e4fenbergilt\u00e4, joka jo vuonna 1950 kuvaili alueen\u00a0er\u00e4\u00e4ss\u00e4 artikkelissa.\u00a0On olemassa vibraattoreita, jotka ovat muotoiltuja erityisesti stimuloidakseen G\u00adpistett\u00e4. Belladot\u00a0Bodil on taipuisa G\u00adpistevibraattori taivutetulla p\u00e4\u00e4ll\u00e4 ja sen k\u00e4rjess\u00e4 sijaitsevalla vibraattorila.\u00a0Stimuloinnin vaatiessa voimakasta painetta ja hierontaa, voi sormien lepuuttaminen olla mukavaa\u00a0vibraattorin hoitaessa ty\u00f6n. Miss\u00e4 G\u00adpiste [&hellip;]","og_url":"http:\/\/belladot.com\/fi\/seksologi-vastaa\/g\u2010piste-ja-p\u2010piste\/","og_site_name":"Belladot","twitter_misc":{"Est. reading time":"3 minutes"},"schema":{"@context":"https:\/\/schema.org","@graph":[{"@type":"WebPage","@id":"http:\/\/belladot.com\/fi\/seksologi-vastaa\/g%e2%80%90piste-ja-p%e2%80%90piste\/","url":"http:\/\/belladot.com\/fi\/seksologi-vastaa\/g%e2%80%90piste-ja-p%e2%80%90piste\/","name":"G\u2010piste ja P\u2010piste - Belladot","isPartOf":{"@id":"https:\/\/belladot.com\/#website"},"datePublished":"2016-05-23T08:30:20+00:00","breadcrumb":{"@id":"http:\/\/belladot.com\/fi\/seksologi-vastaa\/g%e2%80%90piste-ja-p%e2%80%90piste\/#breadcrumb"},"inLanguage":"fi-FI","potentialAction":[{"@type":"ReadAction","target":["http:\/\/belladot.com\/fi\/seksologi-vastaa\/g%e2%80%90piste-ja-p%e2%80%90piste\/"]}]},{"@type":"BreadcrumbList","@id":"http:\/\/belladot.com\/fi\/seksologi-vastaa\/g%e2%80%90piste-ja-p%e2%80%90piste\/#breadcrumb","itemListElement":[{"@type":"ListItem","position":1,"name":"Seksologi vastaa","item":"https:\/\/belladot.com\/fi\/seksologi-vastaa\/"},{"@type":"ListItem","position":2,"name":"G\u2010piste ja P\u2010piste"}]},{"@type":"WebSite","@id":"https:\/\/belladot.com\/#website","url":"https:\/\/belladot.com\/","name":"Belladot","description":"","potentialAction":[{"@type":"SearchAction","target":{"@type":"EntryPoint","urlTemplate":"https:\/\/belladot.com\/?s={search_term_string}"},"query-input":{"@type":"PropertyValueSpecification","valueRequired":true,"valueName":"search_term_string"}}],"inLanguage":"fi-FI"}]}},"_links":{"self":[{"href":"https:\/\/belladot.com\/fi\/wp-json\/wp\/v2\/pages\/5614","targetHints":{"allow":["GET"]}}],"collection":[{"href":"https:\/\/belladot.com\/fi\/wp-json\/wp\/v2\/pages"}],"about":[{"href":"https:\/\/belladot.com\/fi\/wp-json\/wp\/v2\/types\/page"}],"author":[{"embeddable":true,"href":"https:\/\/belladot.com\/fi\/wp-json\/wp\/v2\/users\/9"}],"replies":[{"embeddable":true,"href":"https:\/\/belladot.com\/fi\/wp-json\/wp\/v2\/comments?post=5614"}],"version-history":[{"count":0,"href":"https:\/\/belladot.com\/fi\/wp-json\/wp\/v2\/pages\/5614\/revisions"}],"up":[{"embeddable":true,"href":"https:\/\/belladot.com\/fi\/wp-json\/wp\/v2\/pages\/5480"}],"wp:attachment":[{"href":"https:\/\/belladot.com\/fi\/wp-json\/wp\/v2\/media?parent=5614"}],"curies":[{"name":"wp","href":"https:\/\/api.w.org\/{rel}","templated":true}]}}