{"id":5616,"date":"2016-05-23T10:33:13","date_gmt":"2016-05-23T08:33:13","guid":{"rendered":"http:\/\/belladot.com.loopiadns.com.loopiadns.com\/fi\/?page_id=5616"},"modified":"2016-05-23T10:33:13","modified_gmt":"2016-05-23T08:33:13","slug":"seksuaalisuus-%e2%80%90-ei-pelkkaa-seksia","status":"publish","type":"page","link":"https:\/\/belladot.com\/fi\/seksologi-vastaa\/seksuaalisuus-%e2%80%90-ei-pelkkaa-seksia\/","title":{"rendered":"Seksuaalisuus \u2010 ei pelkk\u00e4\u00e4 seksi\u00e4"},"content":{"rendered":"<h3>Mit\u00e4 seksi oikeastaan&#8230;on?<\/h3>\n<p><strong>Seksuaalisuus on kuin sis\u00e4inen tunteiden verkosto, yksil\u00f6llinen kullekkin, rakennettu\u00a0<\/strong><strong>kokemuksistamme ja henkil\u00f6llisyyksist\u00e4mme. Mit\u00e4 oikeastaan tarkoitamme seksuallisuudella?\u00a0<\/strong><strong>Onko se pelk\u00e4st\u00e4\u00e4n fyysist\u00e4 l\u00e4heisyytt\u00e4, vai lasketaanko tunteemme ja fantasiamme my\u00f6s\u00a0<\/strong><strong>siihen? Ja onko asioita, jotka ovat normaaleja tai ep\u00e4normaaleja?<\/strong><\/p>\n<p>N\u00e4kemykset seksuaalisuudesta ovat muuttuneet ajan my\u00f6t\u00e4. Maailman terveysj\u00e4rjest\u00f6 WHO on\u00a0my\u00f6s muuttanut m\u00e4\u00e4ritelm\u00e4\u00e4ns\u00e4 vuosien mittaan. Er\u00e4s tunnetuimmista on vuodelta 1968\u00a0(vapaasti k\u00e4\u00e4nnettyn\u00e4):\u201cSeksuaalisuus on integroitunut osa joka ihmisen\u00a0persoonallisuutta, koskien niin miehi\u00e4, naisia, kuin lapsiakin. Se on perustarve ja osa\u00a0ihmisyytt\u00e4, jota ei voi erottaa el\u00e4m\u00e4n muista osa\u00adalueista. Seksuaalisuus ei ole\u00a0synonyymi yhdynn\u00e4lle, se ei k\u00e4sittele sit\u00e4, voimmeko saada orgasmeja vai emme,\u00a0eik\u00e4 k\u00e4sit\u00e4 ainoastaan eroottista el\u00e4m\u00e4\u00e4mme. N\u00e4m\u00e4 seikat voivat, mutta niiden ei\u00a0tarvitse, olla osa seksuaalisuuttamme! Seksuaalisuus on paljon enemm\u00e4n: sit\u00e4 on\u00a0energiassa, joka saa meid\u00e4t hakemaan rakkautta, kosketusta, l\u00e4mp\u00f6\u00e4 ja l\u00e4heisyytt\u00e4.\u00a0Sit\u00e4 ilmaistaan tavallamme tuntea ja her\u00e4tt\u00e4\u00e4 tunteita, sek\u00e4 koskettaa toisiamme.\u00a0Seksuaalisuus vaikuttaa ajatuksiin, tunteisiin, toimintaan ja vastatoimiimme ja sit\u00e4\u00a0my\u00f6ten psyykkiseen ja fyysiseen terveyteemme.\u201d<\/p>\n<p>Ajatus, ett\u00e4 seksuaalisuudella on monta ulottuvuutta, on hyv\u00e4 pit\u00e4\u00e4 mieless\u00e4 eri el\u00e4m\u00e4n\u00a0vaiheissa: esimerkiksi kun aika ei riit\u00e4 seksiin lapsista ja t\u00f6ist\u00e4 muodostuvan el\u00e4m\u00e4npalapelin tai\u00a0sairauden ja korkean i\u00e4n my\u00f6t\u00e4 huonontuneen jaksamisen ja seksinhalun takia. Yhteydest\u00e4 ja\u00a0l\u00e4heisyydest\u00e4 tulee t\u00e4ll\u00f6in erityisen t\u00e4rkeit\u00e4 yhdynn\u00e4n kautta seksuaalisen suorittamisen paineen\u00a0sijaan.<\/p>\n<p>Viimeisin m\u00e4\u00e4ritelm\u00e4, vuodelta 2006, antaa leve\u00e4mm\u00e4n ja tasavertaisemman n\u00e4kemyksen\u00a0seksuaalisuudesta ja k\u00e4sitt\u00e4\u00e4 my\u00f6s sen, ettei sit\u00e4 voi erist\u00e4\u00e4 ihmisen\u00e4 omassa yhteiskunnassa,\u00a0omassa kulttuurissa ja omin arvoin olemisen aspekteista (vapaasti k\u00e4\u00e4nnettyn\u00e4): \u201cKeskeinen osa\u00a0ihmisen\u00e4 olemisesta l\u00e4pi el\u00e4m\u00e4n k\u00e4sitt\u00e4\u00e4 sukupuolen, sukupuoli\u00adidentieetin ja sukupuoliroolit,\u00a0seksuaalisen suuntautumisen, erotiikan, halut, intimiteetin ja lis\u00e4\u00e4ntymisen. Seksuaalisuus\u00a0koetaan ja ilmaistaan ajatuksien, fantasioiden, halun, vakaumuksien, asenteiden, arvojen,\u00a0k\u00e4ytt\u00e4ytymisen, harjoittamisen, roolien ja suhteiden kautta. Seksuaalisuuden voidessa k\u00e4sitt\u00e4\u00e4\u00a0kaikki n\u00e4m\u00e4 ulottuvuudet, eiv\u00e4t kaikki aina ole samalla tavalla koettuja tai ilmaistuja.\u00a0Seksuaalisuus on biologisten, psykologisten, sosiaalisten, taloudellisten, poliittisten,\u00a0kulttuurillisten, lainomaisuuksien, historiallisten, uskonnollisten ja hengellisten tekij\u00f6iden yht\u00e4l\u00f6.\u201d<\/p>\n<p>Samaan aikaan, kun seksuaalisuus on henkil\u00f6kohtaista, luo yhteiskuntamme ja kulttuurimme tilaa\u00a0sille \u2013 tai rajoittaa sit\u00e4. Se, joka ennen n\u00e4htiin erilaisena ja ehk\u00e4 laittomana, on nyt osa sit\u00e4,\u00a0mink\u00e4 k\u00e4sit\u00e4mme \u201cnormaalina\u201d seksuaalisuutena.<\/p>\n<p>T\u00e4ll\u00f6in kysymys normaaliudesta nousee pintaan. Niin kauan kun se ei ole laitonta, aiheuta\u00a0k\u00e4rsimyst\u00e4, vahinkoa, sekaannuta lapsia tai muita, jotka eiv\u00e4t ymm\u00e4rr\u00e4 my\u00f6ntymyksen\u00a0merkityst\u00e4, tai h\u00e4iritse sosiaalista el\u00e4m\u00e4\u00e4si \u2013 silloin se on normaalia. Se on siis hyv\u00e4ksytt\u00e4v\u00e4\u00e4\u00a0niin kauan, kuin sek\u00e4 sin\u00e4 ett\u00e4 henkil\u00f6, jonka kanssa olet olette sit\u00e4 mielt\u00e4. On ehk\u00e4 helpompaa,\u00a0jos k\u00e4sitteit\u00e4 tavallinen\/ep\u00e4tavallinen seksuaalinen k\u00e4ytt\u00e4ytyminen k\u00e4ytet\u00e4\u00e4n\u00a0normaalin\/ep\u00e4normaalin seksuaalisen k\u00e4ytt\u00e4ytimisen sijaan.<\/p>\n","protected":false},"excerpt":{"rendered":"<p>Mit\u00e4 seksi oikeastaan&#8230;on? Seksuaalisuus on kuin sis\u00e4inen tunteiden verkosto, yksil\u00f6llinen kullekkin, rakennettu\u00a0kokemuksistamme ja henkil\u00f6llisyyksist\u00e4mme. Mit\u00e4 oikeastaan tarkoitamme seksuallisuudella?\u00a0Onko se pelk\u00e4st\u00e4\u00e4n fyysist\u00e4 l\u00e4heisyytt\u00e4, vai lasketaanko tunteemme ja fantasiamme my\u00f6s\u00a0siihen? Ja onko asioita, jotka ovat normaaleja tai ep\u00e4normaaleja? N\u00e4kemykset seksuaalisuudesta ovat muuttuneet ajan my\u00f6t\u00e4. Maailman terveysj\u00e4rjest\u00f6 WHO on\u00a0my\u00f6s muuttanut m\u00e4\u00e4ritelm\u00e4\u00e4ns\u00e4 vuosien mittaan. Er\u00e4s tunnetuimmista on vuodelta 1968\u00a0(vapaasti k\u00e4\u00e4nnettyn\u00e4):\u201cSeksuaalisuus on integroitunut osa joka ihmisen\u00a0persoonallisuutta, koskien niin miehi\u00e4, naisia, kuin lapsiakin. Se on perustarve ja osa\u00a0ihmisyytt\u00e4, jota ei voi erottaa el\u00e4m\u00e4n muista osa\u00adalueista. Seksuaalisuus ei ole\u00a0synonyymi yhdynn\u00e4lle, se ei k\u00e4sittele sit\u00e4, voimmeko saada orgasmeja vai emme,\u00a0eik\u00e4 k\u00e4sit\u00e4 ainoastaan eroottista el\u00e4m\u00e4\u00e4mme. N\u00e4m\u00e4 seikat voivat, mutta [&hellip;]<\/p>\n","protected":false},"author":9,"featured_media":0,"parent":5480,"menu_order":8,"comment_status":"open","ping_status":"open","template":"","meta":{"_acf_changed":false,"footnotes":""},"class_list":["post-5616","page","type-page","status-publish","hentry"],"acf":[],"yoast_head":"<!-- This site is optimized with the Yoast SEO plugin v27.1.1 - https:\/\/yoast.com\/product\/yoast-seo-wordpress\/ -->\n<title>Seksuaalisuus \u2010 ei pelkk\u00e4\u00e4 seksi\u00e4 - Belladot<\/title>\n<meta name=\"robots\" content=\"index, follow, max-snippet:-1, max-image-preview:large, max-video-preview:-1\" \/>\n<link rel=\"canonical\" href=\"http:\/\/belladot.com\/fi\/seksologi-vastaa\/seksuaalisuus-\u2010-ei-pelkkaa-seksia\/\" \/>\n<meta property=\"og:locale\" content=\"fi_FI\" \/>\n<meta property=\"og:type\" content=\"article\" \/>\n<meta property=\"og:title\" content=\"Seksuaalisuus \u2010 ei pelkk\u00e4\u00e4 seksi\u00e4 - Belladot\" \/>\n<meta property=\"og:description\" content=\"Mit\u00e4 seksi oikeastaan&#8230;on? Seksuaalisuus on kuin sis\u00e4inen tunteiden verkosto, yksil\u00f6llinen kullekkin, rakennettu\u00a0kokemuksistamme ja henkil\u00f6llisyyksist\u00e4mme. Mit\u00e4 oikeastaan tarkoitamme seksuallisuudella?\u00a0Onko se pelk\u00e4st\u00e4\u00e4n fyysist\u00e4 l\u00e4heisyytt\u00e4, vai lasketaanko tunteemme ja fantasiamme my\u00f6s\u00a0siihen? Ja onko asioita, jotka ovat normaaleja tai ep\u00e4normaaleja? N\u00e4kemykset seksuaalisuudesta ovat muuttuneet ajan my\u00f6t\u00e4. Maailman terveysj\u00e4rjest\u00f6 WHO on\u00a0my\u00f6s muuttanut m\u00e4\u00e4ritelm\u00e4\u00e4ns\u00e4 vuosien mittaan. Er\u00e4s tunnetuimmista on vuodelta 1968\u00a0(vapaasti k\u00e4\u00e4nnettyn\u00e4):\u201cSeksuaalisuus on integroitunut osa joka ihmisen\u00a0persoonallisuutta, koskien niin miehi\u00e4, naisia, kuin lapsiakin. Se on perustarve ja osa\u00a0ihmisyytt\u00e4, jota ei voi erottaa el\u00e4m\u00e4n muista osa\u00adalueista. Seksuaalisuus ei ole\u00a0synonyymi yhdynn\u00e4lle, se ei k\u00e4sittele sit\u00e4, voimmeko saada orgasmeja vai emme,\u00a0eik\u00e4 k\u00e4sit\u00e4 ainoastaan eroottista el\u00e4m\u00e4\u00e4mme. N\u00e4m\u00e4 seikat voivat, mutta [&hellip;]\" \/>\n<meta property=\"og:url\" content=\"http:\/\/belladot.com\/fi\/seksologi-vastaa\/seksuaalisuus-\u2010-ei-pelkkaa-seksia\/\" \/>\n<meta property=\"og:site_name\" content=\"Belladot\" \/>\n<meta name=\"twitter:label1\" content=\"Est. reading time\" \/>\n\t<meta name=\"twitter:data1\" content=\"2 minutes\" \/>\n<script type=\"application\/ld+json\" class=\"yoast-schema-graph\">{\"@context\":\"https:\/\/schema.org\",\"@graph\":[{\"@type\":\"WebPage\",\"@id\":\"http:\/\/belladot.com\/fi\/seksologi-vastaa\/seksuaalisuus-%e2%80%90-ei-pelkkaa-seksia\/\",\"url\":\"http:\/\/belladot.com\/fi\/seksologi-vastaa\/seksuaalisuus-%e2%80%90-ei-pelkkaa-seksia\/\",\"name\":\"Seksuaalisuus \u2010 ei pelkk\u00e4\u00e4 seksi\u00e4 - Belladot\",\"isPartOf\":{\"@id\":\"https:\/\/belladot.com\/#website\"},\"datePublished\":\"2016-05-23T08:33:13+00:00\",\"breadcrumb\":{\"@id\":\"http:\/\/belladot.com\/fi\/seksologi-vastaa\/seksuaalisuus-%e2%80%90-ei-pelkkaa-seksia\/#breadcrumb\"},\"inLanguage\":\"fi-FI\",\"potentialAction\":[{\"@type\":\"ReadAction\",\"target\":[\"http:\/\/belladot.com\/fi\/seksologi-vastaa\/seksuaalisuus-%e2%80%90-ei-pelkkaa-seksia\/\"]}]},{\"@type\":\"BreadcrumbList\",\"@id\":\"http:\/\/belladot.com\/fi\/seksologi-vastaa\/seksuaalisuus-%e2%80%90-ei-pelkkaa-seksia\/#breadcrumb\",\"itemListElement\":[{\"@type\":\"ListItem\",\"position\":1,\"name\":\"Seksologi vastaa\",\"item\":\"https:\/\/belladot.com\/fi\/seksologi-vastaa\/\"},{\"@type\":\"ListItem\",\"position\":2,\"name\":\"Seksuaalisuus \u2010 ei pelkk\u00e4\u00e4 seksi\u00e4\"}]},{\"@type\":\"WebSite\",\"@id\":\"https:\/\/belladot.com\/#website\",\"url\":\"https:\/\/belladot.com\/\",\"name\":\"Belladot\",\"description\":\"\",\"potentialAction\":[{\"@type\":\"SearchAction\",\"target\":{\"@type\":\"EntryPoint\",\"urlTemplate\":\"https:\/\/belladot.com\/?s={search_term_string}\"},\"query-input\":{\"@type\":\"PropertyValueSpecification\",\"valueRequired\":true,\"valueName\":\"search_term_string\"}}],\"inLanguage\":\"fi-FI\"}]}<\/script>\n<!-- \/ Yoast SEO plugin. -->","yoast_head_json":{"title":"Seksuaalisuus \u2010 ei pelkk\u00e4\u00e4 seksi\u00e4 - Belladot","robots":{"index":"index","follow":"follow","max-snippet":"max-snippet:-1","max-image-preview":"max-image-preview:large","max-video-preview":"max-video-preview:-1"},"canonical":"http:\/\/belladot.com\/fi\/seksologi-vastaa\/seksuaalisuus-\u2010-ei-pelkkaa-seksia\/","og_locale":"fi_FI","og_type":"article","og_title":"Seksuaalisuus \u2010 ei pelkk\u00e4\u00e4 seksi\u00e4 - Belladot","og_description":"Mit\u00e4 seksi oikeastaan&#8230;on? Seksuaalisuus on kuin sis\u00e4inen tunteiden verkosto, yksil\u00f6llinen kullekkin, rakennettu\u00a0kokemuksistamme ja henkil\u00f6llisyyksist\u00e4mme. Mit\u00e4 oikeastaan tarkoitamme seksuallisuudella?\u00a0Onko se pelk\u00e4st\u00e4\u00e4n fyysist\u00e4 l\u00e4heisyytt\u00e4, vai lasketaanko tunteemme ja fantasiamme my\u00f6s\u00a0siihen? Ja onko asioita, jotka ovat normaaleja tai ep\u00e4normaaleja? N\u00e4kemykset seksuaalisuudesta ovat muuttuneet ajan my\u00f6t\u00e4. Maailman terveysj\u00e4rjest\u00f6 WHO on\u00a0my\u00f6s muuttanut m\u00e4\u00e4ritelm\u00e4\u00e4ns\u00e4 vuosien mittaan. Er\u00e4s tunnetuimmista on vuodelta 1968\u00a0(vapaasti k\u00e4\u00e4nnettyn\u00e4):\u201cSeksuaalisuus on integroitunut osa joka ihmisen\u00a0persoonallisuutta, koskien niin miehi\u00e4, naisia, kuin lapsiakin. Se on perustarve ja osa\u00a0ihmisyytt\u00e4, jota ei voi erottaa el\u00e4m\u00e4n muista osa\u00adalueista. Seksuaalisuus ei ole\u00a0synonyymi yhdynn\u00e4lle, se ei k\u00e4sittele sit\u00e4, voimmeko saada orgasmeja vai emme,\u00a0eik\u00e4 k\u00e4sit\u00e4 ainoastaan eroottista el\u00e4m\u00e4\u00e4mme. N\u00e4m\u00e4 seikat voivat, mutta [&hellip;]","og_url":"http:\/\/belladot.com\/fi\/seksologi-vastaa\/seksuaalisuus-\u2010-ei-pelkkaa-seksia\/","og_site_name":"Belladot","twitter_misc":{"Est. reading time":"2 minutes"},"schema":{"@context":"https:\/\/schema.org","@graph":[{"@type":"WebPage","@id":"http:\/\/belladot.com\/fi\/seksologi-vastaa\/seksuaalisuus-%e2%80%90-ei-pelkkaa-seksia\/","url":"http:\/\/belladot.com\/fi\/seksologi-vastaa\/seksuaalisuus-%e2%80%90-ei-pelkkaa-seksia\/","name":"Seksuaalisuus \u2010 ei pelkk\u00e4\u00e4 seksi\u00e4 - Belladot","isPartOf":{"@id":"https:\/\/belladot.com\/#website"},"datePublished":"2016-05-23T08:33:13+00:00","breadcrumb":{"@id":"http:\/\/belladot.com\/fi\/seksologi-vastaa\/seksuaalisuus-%e2%80%90-ei-pelkkaa-seksia\/#breadcrumb"},"inLanguage":"fi-FI","potentialAction":[{"@type":"ReadAction","target":["http:\/\/belladot.com\/fi\/seksologi-vastaa\/seksuaalisuus-%e2%80%90-ei-pelkkaa-seksia\/"]}]},{"@type":"BreadcrumbList","@id":"http:\/\/belladot.com\/fi\/seksologi-vastaa\/seksuaalisuus-%e2%80%90-ei-pelkkaa-seksia\/#breadcrumb","itemListElement":[{"@type":"ListItem","position":1,"name":"Seksologi vastaa","item":"https:\/\/belladot.com\/fi\/seksologi-vastaa\/"},{"@type":"ListItem","position":2,"name":"Seksuaalisuus \u2010 ei pelkk\u00e4\u00e4 seksi\u00e4"}]},{"@type":"WebSite","@id":"https:\/\/belladot.com\/#website","url":"https:\/\/belladot.com\/","name":"Belladot","description":"","potentialAction":[{"@type":"SearchAction","target":{"@type":"EntryPoint","urlTemplate":"https:\/\/belladot.com\/?s={search_term_string}"},"query-input":{"@type":"PropertyValueSpecification","valueRequired":true,"valueName":"search_term_string"}}],"inLanguage":"fi-FI"}]}},"_links":{"self":[{"href":"https:\/\/belladot.com\/fi\/wp-json\/wp\/v2\/pages\/5616","targetHints":{"allow":["GET"]}}],"collection":[{"href":"https:\/\/belladot.com\/fi\/wp-json\/wp\/v2\/pages"}],"about":[{"href":"https:\/\/belladot.com\/fi\/wp-json\/wp\/v2\/types\/page"}],"author":[{"embeddable":true,"href":"https:\/\/belladot.com\/fi\/wp-json\/wp\/v2\/users\/9"}],"replies":[{"embeddable":true,"href":"https:\/\/belladot.com\/fi\/wp-json\/wp\/v2\/comments?post=5616"}],"version-history":[{"count":0,"href":"https:\/\/belladot.com\/fi\/wp-json\/wp\/v2\/pages\/5616\/revisions"}],"up":[{"embeddable":true,"href":"https:\/\/belladot.com\/fi\/wp-json\/wp\/v2\/pages\/5480"}],"wp:attachment":[{"href":"https:\/\/belladot.com\/fi\/wp-json\/wp\/v2\/media?parent=5616"}],"curies":[{"name":"wp","href":"https:\/\/api.w.org\/{rel}","templated":true}]}}