{"id":5759,"date":"2016-06-15T11:58:52","date_gmt":"2016-06-15T09:58:52","guid":{"rendered":"http:\/\/belladot.com.loopiadns.com.loopiadns.com\/fi\/?page_id=5759"},"modified":"2016-06-22T14:48:08","modified_gmt":"2016-06-22T12:48:08","slug":"belladotista","status":"publish","type":"page","link":"https:\/\/belladot.com\/fi\/belladotista\/","title":{"rendered":"Belladot-tuotemerkist\u00e4"},"content":{"rendered":"<h1>Belladot ja Best Friend Moments<\/h1>\n<p>Belladot on intiimiluokkaan uusi ja innovatiivinen tuotemerkki.\u00a0Haluamme Pohjoismaissa kehitt\u00e4\u00e4 leikkisyytt\u00e4 ja intiimi tuotteita valitessa olla itsest\u00e4\u00e4n selv\u00e4 valinta.\u00a0Haluamme olla varmoja siit\u00e4 ett\u00e4 tuotteemme kaikin puolin toimivat parhaalla tavalla, t\u00e4ten tuotteet ovat valmistettu yhteisty\u00f6ss\u00e4 seksologin kanssa.<\/p>\n<h3>Best Friend Moments<\/h3>\n<p>Smooth yet thrilling? Innocent yet daring?<br \/>\n<span style=\"line-height: 1.5;\">However you choose to spend them, trust the<br \/>\n<\/span><span style=\"line-height: 1.5;\">discreet, comforting touch of your Belladot\u00ae<br \/>\n<\/span><span style=\"line-height: 1.5;\">to turn those intimate moments into warm memories.<\/span><\/p>\n<p><em>No one loves you like your Best Friend.<\/em><\/p>\n<p>Tule nautinnolliselle l\u00f6yt\u00f6retkelle ja tutki himoa j\u00e4nnitt\u00e4vin tavoin.<br \/>\nJoko yksin tai rakkaasi seurassa.<br \/>\nKaikki Belladot tuotteet ovat valmistettu pehmeist\u00e4 materiaaleista, jotta ne olisivat mukavan tuntuisia kehoa vasten.<br \/>\nNe ovat helppok\u00e4ytt\u00f6isi\u00e4 ja visuaalisesti eritt\u00e4in miellytt\u00e4vi\u00e4.<br \/>\nBelladot on kuin hyv\u00e4 yst\u00e4v\u00e4, joka luo sinulle hyv\u00e4n olon.<\/p>\n<h2>Ohjeemme<\/h2>\n<h3>Kehitys<\/h3>\n<p>Belladot osallistuu ty\u00f6h\u00f6n kest\u00e4v\u00e4n kehityksen edist\u00e4miseen.\u00a0Esimerkiksi j\u00e4telajittelun, tehokkaan jakelun ja pakkausmateriaalien kierr\u00e4tyksell\u00e4 pyrimme siihen ett\u00e4 ymp\u00e4rist\u00f6vaikutuksemme olisi mahdollisimman pieni.<\/p>\n<p>Teemme jatkuvasti vierailuja meid\u00e4n eurooppalaisten kuin my\u00f6s merentakaisten toimittajiemme luo, varmistaakseen ett\u00e4 ymp\u00e4rist\u00f6- ja turvallisuusvaatimukset yll\u00e4pidet\u00e4\u00e4n, ja ett\u00e4 tehtaat eiv\u00e4t k\u00e4yt\u00e4 lapsity\u00f6voimaa.<\/p>\n<h3>Ymp\u00e4rist\u00f6ty\u00f6t\u00e4<\/h3>\n<p>Meill\u00e4 on seuraavat ohjeet ymp\u00e4rist\u00f6ty\u00f6ss\u00e4mme:<\/p>\n<ul>\n<li>Pyrimme yrityksess\u00e4mme lis\u00e4\u00e4m\u00e4\u00e4n tietoa ja tietoisuutta ymp\u00e4rist\u00f6kysymyksiin liittyen, jatkuvasti keskustelemalla ja puntaroimalla ty\u00f6teht\u00e4viimme liittyv\u00e4t ymp\u00e4rist\u00f6n\u00e4k\u00f6kohdat.<\/li>\n<li>Me vaikutamme, asetamme vaatimuksia ja teemme yhteisty\u00f6t\u00e4 muiden yritysten, viranomaisten ja j\u00e4rjest\u00f6jen kanssa. Olemme &#8220;Elkretsen&#8221; ja &#8220;F\u00f6rpacknings- och tidningsinsamlingen, FTI&#8221; -j\u00e4seni\u00e4.<\/li>\n<li>Meill\u00e4 on jatkuvaa vuoropuhelua asiakkaidemme ja toimittajiemme kanssa ymp\u00e4rist\u00f6kysymyksiin, vaatimuksiin ja ymp\u00e4rist\u00f6tietoisuuteen liittyen.<\/li>\n<li>Pyrimme jatkuvasti minimoimaan kuljetuksista ja matkustamisesta koituvat negatiiviset ymp\u00e4rist\u00f6vaikutukset tehostamalla ja valitsemalla tilanteeseen sopivan kuljetusmuodon.<\/li>\n<li>Liikumme ymp\u00e4rist\u00f6autolla ja valitsemme aina polttoaineista sen ymp\u00e4rist\u00f6yst\u00e4v\u00e4llisimm\u00e4n.<\/li>\n<li>Me lajittelemme j\u00e4tteemme kuntien kierr\u00e4tysohjelmien mukaisesti.<\/li>\n<\/ul>\n<h3>Reklamaatiot<\/h3>\n<p>Belladotin seksilelut ja seksiv\u00e4lineet ovat ainoastaan aikuisille. Kaikki Wellnex AB:n seksilelut ja seksiv\u00e4lineet myyd\u00e4\u00e4n yhden vuoden takuulla. Tietenkin toimimme Ruotsin lains\u00e4\u00e4d\u00e4nn\u00f6n mukaisesti koskien tuoteturvallisuutta, kuluttajansuojalakia jne. Jos huomaat virheen jonka syyp\u00e4\u00e4n\u00e4 on valmistus tai materiaalit, ja ilmoitat siit\u00e4 meille takuuajan ollessa voimassa, me korvaamme tuotteesi maksutta.<\/p>\n<p>Takuu kattaa osat, jotka vaikuttavat tuotteen toimivuuteen. Se ei kata kulumisesta johtuvia ulkon\u00e4\u00f6llisi\u00e4 muutoksia tai virheellisest\u00e4 k\u00e4yt\u00f6st\u00e4 johtuvia vikoja.\u00a0\u00c4l\u00e4 yrit\u00e4 purkaa tuotteita tai lis\u00e4varusteita, sill\u00e4 se mit\u00e4t\u00f6i takuun.<\/p>\n<p>&nbsp;<\/p>\n<h3>Tuoteturvallisuus<\/h3>\n<p>Meid\u00e4n lelut on valmistettu parhaista materiaaleista, yhdist\u00e4\u00e4kseen ominaisuuksia hintalaatusuhteen kanssa. Lelut voivat t\u00e4ten sis\u00e4lt\u00e4\u00e4:<\/p>\n<ul>\n<li>Silikonia<\/li>\n<li>TPE &#8211; kumimainen muovi, joka on hieman silikonia pehme\u00e4mp\u00e4\u00e4. TPE:t\u00e4 k\u00e4ytet\u00e4\u00e4n kaikissa katetreissa.<\/li>\n<li>ABS &#8211; vaaraton kovamuovi, sama materiaali josta kertak\u00e4ytt\u00f6iset ruokailuv\u00e4lineet valmistetaan.<\/li>\n<\/ul>\n<p>Yksik\u00e4\u00e4n tuote ei sis\u00e4ll\u00e4 ftalaatteja.\u00a0Meid\u00e4n tehtaat ovat ISO: 9001: 2008 sertifioitu, ja kaikki toimittajamme ovat my\u00f6s sertifioituja.<\/p>\n<p>Nestem\u00e4iset tuotteet tehd\u00e4\u00e4n parhaista raaka-aineista. Me yksinkertaisesti haluamme ett\u00e4 tuotteemme ovat eritt\u00e4in, eritt\u00e4in hyvi\u00e4. Useimmat tuotteet ovat t\u00e4ysin luonnollisia. Vain tarvittaessa k\u00e4ytet\u00e4\u00e4n synteettisi\u00e4 ainesosia.<\/p>\n<p>Nestem\u00e4iset tuotteet valmistetaan Ruotsissa <a href=\"https:\/\/en.wikipedia.org\/wiki\/Good_manufacturing_practice\">Good Manufacturing Practice<\/a>, GMP mukaisesti ja <a href=\"http:\/\/www.iso.org\/iso\/catalogue_detail?csnumber=36437\">ISO 22716: 2007<\/a> standardin mukaisesti.\u00a0Tehtaalla on my\u00f6s lupa valmistaa 1. luokan l\u00e4\u00e4ketieteellisi\u00e4 tuotteita, eli meid\u00e4n <a href=\"http:\/\/belladot.com.loopiadns.com\/fi\/productcategory\/liukuvoiteet\/\">liukuvoiteita<\/a>.<\/p>\n<h2><\/h2>\n","protected":false},"excerpt":{"rendered":"<p>Belladot ja Best Friend Moments Belladot on intiimiluokkaan uusi ja innovatiivinen tuotemerkki.\u00a0Haluamme Pohjoismaissa kehitt\u00e4\u00e4 leikkisyytt\u00e4 ja intiimi tuotteita valitessa olla itsest\u00e4\u00e4n selv\u00e4 valinta.\u00a0Haluamme olla varmoja siit\u00e4 ett\u00e4 tuotteemme kaikin puolin toimivat parhaalla tavalla, t\u00e4ten tuotteet ovat valmistettu yhteisty\u00f6ss\u00e4 seksologin kanssa. Best Friend Moments Smooth yet thrilling? Innocent yet daring? However you choose to spend them, trust the discreet, comforting touch of your Belladot\u00ae to turn those intimate moments into warm memories. No one loves you like your Best Friend. Tule nautinnolliselle l\u00f6yt\u00f6retkelle ja tutki himoa j\u00e4nnitt\u00e4vin tavoin. Joko yksin tai rakkaasi seurassa. Kaikki Belladot tuotteet ovat valmistettu pehmeist\u00e4 materiaaleista, jotta [&hellip;]<\/p>\n","protected":false},"author":9,"featured_media":0,"parent":0,"menu_order":0,"comment_status":"open","ping_status":"closed","template":"","meta":{"_acf_changed":false,"footnotes":""},"class_list":["post-5759","page","type-page","status-publish","hentry"],"acf":[],"yoast_head":"<!-- This site is optimized with the Yoast SEO plugin v27.1.1 - https:\/\/yoast.com\/product\/yoast-seo-wordpress\/ -->\n<title>Belladot-tuotemerkist\u00e4 - Belladot<\/title>\n<meta name=\"robots\" content=\"index, follow, max-snippet:-1, max-image-preview:large, max-video-preview:-1\" \/>\n<link rel=\"canonical\" href=\"http:\/\/belladot.com\/fi\/belladotista\/\" \/>\n<meta property=\"og:locale\" content=\"fi_FI\" \/>\n<meta property=\"og:type\" content=\"article\" \/>\n<meta property=\"og:title\" content=\"Belladot-tuotemerkist\u00e4 - Belladot\" \/>\n<meta property=\"og:description\" content=\"Belladot ja Best Friend Moments Belladot on intiimiluokkaan uusi ja innovatiivinen tuotemerkki.\u00a0Haluamme Pohjoismaissa kehitt\u00e4\u00e4 leikkisyytt\u00e4 ja intiimi tuotteita valitessa olla itsest\u00e4\u00e4n selv\u00e4 valinta.\u00a0Haluamme olla varmoja siit\u00e4 ett\u00e4 tuotteemme kaikin puolin toimivat parhaalla tavalla, t\u00e4ten tuotteet ovat valmistettu yhteisty\u00f6ss\u00e4 seksologin kanssa. Best Friend Moments Smooth yet thrilling? Innocent yet daring? However you choose to spend them, trust the discreet, comforting touch of your Belladot\u00ae to turn those intimate moments into warm memories. No one loves you like your Best Friend. Tule nautinnolliselle l\u00f6yt\u00f6retkelle ja tutki himoa j\u00e4nnitt\u00e4vin tavoin. Joko yksin tai rakkaasi seurassa. Kaikki Belladot tuotteet ovat valmistettu pehmeist\u00e4 materiaaleista, jotta [&hellip;]\" \/>\n<meta property=\"og:url\" content=\"http:\/\/belladot.com\/fi\/belladotista\/\" \/>\n<meta property=\"og:site_name\" content=\"Belladot\" \/>\n<meta property=\"article:modified_time\" content=\"2016-06-22T12:48:08+00:00\" \/>\n<meta name=\"twitter:label1\" content=\"Est. reading time\" \/>\n\t<meta name=\"twitter:data1\" content=\"3 minutes\" \/>\n<script type=\"application\/ld+json\" class=\"yoast-schema-graph\">{\"@context\":\"https:\/\/schema.org\",\"@graph\":[{\"@type\":\"WebPage\",\"@id\":\"http:\/\/belladot.com\/fi\/belladotista\/\",\"url\":\"http:\/\/belladot.com\/fi\/belladotista\/\",\"name\":\"Belladot-tuotemerkist\u00e4 - Belladot\",\"isPartOf\":{\"@id\":\"https:\/\/belladot.com\/#website\"},\"datePublished\":\"2016-06-15T09:58:52+00:00\",\"dateModified\":\"2016-06-22T12:48:08+00:00\",\"inLanguage\":\"fi-FI\",\"potentialAction\":[{\"@type\":\"ReadAction\",\"target\":[\"http:\/\/belladot.com\/fi\/belladotista\/\"]}]},{\"@type\":\"WebSite\",\"@id\":\"https:\/\/belladot.com\/#website\",\"url\":\"https:\/\/belladot.com\/\",\"name\":\"Belladot\",\"description\":\"\",\"potentialAction\":[{\"@type\":\"SearchAction\",\"target\":{\"@type\":\"EntryPoint\",\"urlTemplate\":\"https:\/\/belladot.com\/?s={search_term_string}\"},\"query-input\":{\"@type\":\"PropertyValueSpecification\",\"valueRequired\":true,\"valueName\":\"search_term_string\"}}],\"inLanguage\":\"fi-FI\"}]}<\/script>\n<!-- \/ Yoast SEO plugin. -->","yoast_head_json":{"title":"Belladot-tuotemerkist\u00e4 - Belladot","robots":{"index":"index","follow":"follow","max-snippet":"max-snippet:-1","max-image-preview":"max-image-preview:large","max-video-preview":"max-video-preview:-1"},"canonical":"http:\/\/belladot.com\/fi\/belladotista\/","og_locale":"fi_FI","og_type":"article","og_title":"Belladot-tuotemerkist\u00e4 - Belladot","og_description":"Belladot ja Best Friend Moments Belladot on intiimiluokkaan uusi ja innovatiivinen tuotemerkki.\u00a0Haluamme Pohjoismaissa kehitt\u00e4\u00e4 leikkisyytt\u00e4 ja intiimi tuotteita valitessa olla itsest\u00e4\u00e4n selv\u00e4 valinta.\u00a0Haluamme olla varmoja siit\u00e4 ett\u00e4 tuotteemme kaikin puolin toimivat parhaalla tavalla, t\u00e4ten tuotteet ovat valmistettu yhteisty\u00f6ss\u00e4 seksologin kanssa. Best Friend Moments Smooth yet thrilling? Innocent yet daring? However you choose to spend them, trust the discreet, comforting touch of your Belladot\u00ae to turn those intimate moments into warm memories. No one loves you like your Best Friend. Tule nautinnolliselle l\u00f6yt\u00f6retkelle ja tutki himoa j\u00e4nnitt\u00e4vin tavoin. Joko yksin tai rakkaasi seurassa. Kaikki Belladot tuotteet ovat valmistettu pehmeist\u00e4 materiaaleista, jotta [&hellip;]","og_url":"http:\/\/belladot.com\/fi\/belladotista\/","og_site_name":"Belladot","article_modified_time":"2016-06-22T12:48:08+00:00","twitter_misc":{"Est. reading time":"3 minutes"},"schema":{"@context":"https:\/\/schema.org","@graph":[{"@type":"WebPage","@id":"http:\/\/belladot.com\/fi\/belladotista\/","url":"http:\/\/belladot.com\/fi\/belladotista\/","name":"Belladot-tuotemerkist\u00e4 - Belladot","isPartOf":{"@id":"https:\/\/belladot.com\/#website"},"datePublished":"2016-06-15T09:58:52+00:00","dateModified":"2016-06-22T12:48:08+00:00","inLanguage":"fi-FI","potentialAction":[{"@type":"ReadAction","target":["http:\/\/belladot.com\/fi\/belladotista\/"]}]},{"@type":"WebSite","@id":"https:\/\/belladot.com\/#website","url":"https:\/\/belladot.com\/","name":"Belladot","description":"","potentialAction":[{"@type":"SearchAction","target":{"@type":"EntryPoint","urlTemplate":"https:\/\/belladot.com\/?s={search_term_string}"},"query-input":{"@type":"PropertyValueSpecification","valueRequired":true,"valueName":"search_term_string"}}],"inLanguage":"fi-FI"}]}},"_links":{"self":[{"href":"https:\/\/belladot.com\/fi\/wp-json\/wp\/v2\/pages\/5759","targetHints":{"allow":["GET"]}}],"collection":[{"href":"https:\/\/belladot.com\/fi\/wp-json\/wp\/v2\/pages"}],"about":[{"href":"https:\/\/belladot.com\/fi\/wp-json\/wp\/v2\/types\/page"}],"author":[{"embeddable":true,"href":"https:\/\/belladot.com\/fi\/wp-json\/wp\/v2\/users\/9"}],"replies":[{"embeddable":true,"href":"https:\/\/belladot.com\/fi\/wp-json\/wp\/v2\/comments?post=5759"}],"version-history":[{"count":0,"href":"https:\/\/belladot.com\/fi\/wp-json\/wp\/v2\/pages\/5759\/revisions"}],"wp:attachment":[{"href":"https:\/\/belladot.com\/fi\/wp-json\/wp\/v2\/media?parent=5759"}],"curies":[{"name":"wp","href":"https:\/\/api.w.org\/{rel}","templated":true}]}}