{"id":10211,"date":"2019-10-14T12:40:32","date_gmt":"2019-10-14T10:40:32","guid":{"rendered":"http:\/\/belladot.com.loopiadns.com.loopiadns.com\/?page_id=10211"},"modified":"2019-10-14T17:39:40","modified_gmt":"2019-10-14T15:39:40","slug":"informationsbroschyrer","status":"publish","type":"page","link":"https:\/\/belladot.com\/sv\/sexologen-svarar\/informationsbroschyrer\/","title":{"rendered":"Informationsbroschyrer"},"content":{"rendered":"<p style=\"text-align: center;\"><img loading=\"lazy\" decoding=\"async\" class=\"alignnone size-medium wp-image-7905\" src=\"http:\/\/belladot.com.loopiadns.com\/wp-content\/uploads\/2019\/08\/Broschyrer-300x225.jpg\" alt=\"informations broschyrer Belladot\" width=\"300\" height=\"225\" srcset=\"https:\/\/belladot.com\/wp-content\/uploads\/2019\/08\/Broschyrer-300x225.jpg 300w, https:\/\/belladot.com\/wp-content\/uploads\/2019\/08\/Broschyrer-768x576.jpg 768w, https:\/\/belladot.com\/wp-content\/uploads\/2019\/08\/Broschyrer.jpg 900w\" sizes=\"auto, (max-width: 300px) 100vw, 300px\" \/><\/p>\n<h4 style=\"text-align: center;\">H\u00e4r hittar du informationsbroschyrer fr\u00e5n Belladot att ladda ner digitalt. Vill du best\u00e4lla informationsbroschyrer som du kan dela ut till kunder\/patienter? <a href=\"http:\/\/belladot.com.loopiadns.com\/sv\/demokit-broschyrer\/\">Klicka h\u00e4r<\/a><\/h4>\n<p>&nbsp;<\/p>\n<div id=\"attachment_10178\" style=\"width: 223px\" class=\"wp-caption alignnone\"><a href=\"http:\/\/belladot.com.loopiadns.com\/wp-content\/uploads\/2014\/08\/Produktbroschyr_Evelina_DIGITAL.pdf\"><img loading=\"lazy\" decoding=\"async\" aria-describedby=\"caption-attachment-10178\" class=\"wp-image-10178 size-medium\" src=\"http:\/\/belladot.com.loopiadns.com\/wp-content\/uploads\/2019\/10\/Evelina-broschyr-sid1-213x300-213x300.png\" alt=\"Evelina menskopp\" width=\"213\" height=\"300\" \/><\/a><p id=\"caption-attachment-10178\" class=\"wp-caption-text\">Evelina menskopp<\/p><\/div>\n<div id=\"attachment_10184\" style=\"width: 222px\" class=\"wp-caption alignnone\"><a href=\"http:\/\/belladot.com.loopiadns.com\/wp-content\/uploads\/2015\/03\/0590-141-Trycksak-kniptr%C3%A4ning_LR-3.pdf\"><img loading=\"lazy\" decoding=\"async\" aria-describedby=\"caption-attachment-10184\" class=\"wp-image-10184 size-medium\" src=\"http:\/\/belladot.com.loopiadns.com\/wp-content\/uploads\/2019\/10\/Allt-om-kniptra\u0308ning-kampanj-212x300-2-212x300.png\" alt=\"Allt om kniptr\u00e4ning\" width=\"212\" height=\"300\" \/><\/a><p id=\"caption-attachment-10184\" class=\"wp-caption-text\">Allt om kniptr\u00e4ning<\/p><\/div>\n<div id=\"attachment_10190\" style=\"width: 222px\" class=\"wp-caption alignnone\"><a href=\"http:\/\/belladot.com.loopiadns.com\/wp-content\/uploads\/2012\/12\/Broschyr-Erektionsproblem_DIGITAL.pdf\"><img loading=\"lazy\" decoding=\"async\" aria-describedby=\"caption-attachment-10190\" class=\"wp-image-10190 size-medium\" src=\"http:\/\/belladot.com.loopiadns.com\/wp-content\/uploads\/2019\/10\/Na\u0308r-erektionen-sviktar-212x300-212x300.png\" alt=\"N\u00e4r erektionen sviktar\" width=\"212\" height=\"300\" \/><\/a><p id=\"caption-attachment-10190\" class=\"wp-caption-text\">N\u00e4r erektionen sviktar<\/p><\/div>\n<div id=\"attachment_10205\" style=\"width: 223px\" class=\"wp-caption alignnone\"><a href=\"http:\/\/belladot.com.loopiadns.com\/wp-content\/uploads\/2019\/10\/Na%CC%88rhet_och_Sensualitet_broschyr_A6_190905_digital-1.pdf\"><img loading=\"lazy\" decoding=\"async\" aria-describedby=\"caption-attachment-10205\" class=\"wp-image-10205 size-medium\" src=\"http:\/\/belladot.com.loopiadns.com\/wp-content\/uploads\/2019\/10\/Na\u0308rhet_och_Sensualitet_broschyr_A6_190905_digital-pdf-1-213x300.jpg\" alt=\"N\u00e4rhet och sensualitet\" width=\"213\" height=\"300\" srcset=\"https:\/\/belladot.com\/wp-content\/uploads\/2019\/10\/Na\u0308rhet_och_Sensualitet_broschyr_A6_190905_digital-pdf-1-213x300.jpg 213w, https:\/\/belladot.com\/wp-content\/uploads\/2019\/10\/Na\u0308rhet_och_Sensualitet_broschyr_A6_190905_digital-pdf-1-300x423.jpg 300w, https:\/\/belladot.com\/wp-content\/uploads\/2019\/10\/Na\u0308rhet_och_Sensualitet_broschyr_A6_190905_digital-pdf-1.jpg 529w\" sizes=\"auto, (max-width: 213px) 100vw, 213px\" \/><\/a><p id=\"caption-attachment-10205\" class=\"wp-caption-text\">N\u00e4rhet och sensualitet<\/p><\/div>\n","protected":false},"excerpt":{"rendered":"<p>H\u00e4r hittar du informationsbroschyrer fr\u00e5n Belladot att ladda ner digitalt. Vill du best\u00e4lla informationsbroschyrer som du kan dela ut till kunder\/patienter? Klicka h\u00e4r &nbsp;<\/p>\n","protected":false},"author":4,"featured_media":0,"parent":2549,"menu_order":10,"comment_status":"closed","ping_status":"closed","template":"","meta":{"_acf_changed":false,"footnotes":""},"class_list":["post-10211","page","type-page","status-publish","hentry"],"acf":[],"yoast_head":"<!-- This site is optimized with the Yoast SEO plugin v27.1.1 - https:\/\/yoast.com\/product\/yoast-seo-wordpress\/ -->\n<title>Informationsbroschyrer - Belladot<\/title>\n<meta name=\"robots\" content=\"index, follow, max-snippet:-1, max-image-preview:large, max-video-preview:-1\" \/>\n<link rel=\"canonical\" href=\"http:\/\/belladot.com\/sv\/sexologen-svarar\/informationsbroschyrer\/\" \/>\n<meta property=\"og:locale\" content=\"sv_SE\" \/>\n<meta property=\"og:type\" content=\"article\" \/>\n<meta property=\"og:title\" content=\"Informationsbroschyrer - Belladot\" \/>\n<meta property=\"og:description\" content=\"H\u00e4r hittar du informationsbroschyrer fr\u00e5n Belladot att ladda ner digitalt. Vill du best\u00e4lla informationsbroschyrer som du kan dela ut till kunder\/patienter? Klicka h\u00e4r &nbsp;\" \/>\n<meta property=\"og:url\" content=\"http:\/\/belladot.com\/sv\/sexologen-svarar\/informationsbroschyrer\/\" \/>\n<meta property=\"og:site_name\" content=\"Belladot\" \/>\n<meta property=\"article:modified_time\" content=\"2019-10-14T15:39:40+00:00\" \/>\n<meta property=\"og:image\" content=\"http:\/\/belladot.com.loopiadns.com\/wp-content\/uploads\/2019\/08\/Broschyrer-300x225.jpg\" \/>\n<script type=\"application\/ld+json\" class=\"yoast-schema-graph\">{\"@context\":\"https:\/\/schema.org\",\"@graph\":[{\"@type\":\"WebPage\",\"@id\":\"http:\/\/belladot.com\/sv\/sexologen-svarar\/informationsbroschyrer\/\",\"url\":\"http:\/\/belladot.com\/sv\/sexologen-svarar\/informationsbroschyrer\/\",\"name\":\"Informationsbroschyrer - Belladot\",\"isPartOf\":{\"@id\":\"https:\/\/belladot.com\/#website\"},\"primaryImageOfPage\":{\"@id\":\"http:\/\/belladot.com\/sv\/sexologen-svarar\/informationsbroschyrer\/#primaryimage\"},\"image\":{\"@id\":\"http:\/\/belladot.com\/sv\/sexologen-svarar\/informationsbroschyrer\/#primaryimage\"},\"thumbnailUrl\":\"http:\/\/belladot.com.loopiadns.com\/wp-content\/uploads\/2019\/08\/Broschyrer-300x225.jpg\",\"datePublished\":\"2019-10-14T10:40:32+00:00\",\"dateModified\":\"2019-10-14T15:39:40+00:00\",\"breadcrumb\":{\"@id\":\"http:\/\/belladot.com\/sv\/sexologen-svarar\/informationsbroschyrer\/#breadcrumb\"},\"inLanguage\":\"sv-SE\",\"potentialAction\":[{\"@type\":\"ReadAction\",\"target\":[\"http:\/\/belladot.com\/sv\/sexologen-svarar\/informationsbroschyrer\/\"]}]},{\"@type\":\"ImageObject\",\"inLanguage\":\"sv-SE\",\"@id\":\"http:\/\/belladot.com\/sv\/sexologen-svarar\/informationsbroschyrer\/#primaryimage\",\"url\":\"http:\/\/belladot.com.loopiadns.com\/wp-content\/uploads\/2019\/08\/Broschyrer-300x225.jpg\",\"contentUrl\":\"http:\/\/belladot.com.loopiadns.com\/wp-content\/uploads\/2019\/08\/Broschyrer-300x225.jpg\"},{\"@type\":\"BreadcrumbList\",\"@id\":\"http:\/\/belladot.com\/sv\/sexologen-svarar\/informationsbroschyrer\/#breadcrumb\",\"itemListElement\":[{\"@type\":\"ListItem\",\"position\":1,\"name\":\"Sexologen svarar\",\"item\":\"https:\/\/belladot.com\/sv\/sexologen-svarar\/\"},{\"@type\":\"ListItem\",\"position\":2,\"name\":\"Informationsbroschyrer\"}]},{\"@type\":\"WebSite\",\"@id\":\"https:\/\/belladot.com\/#website\",\"url\":\"https:\/\/belladot.com\/\",\"name\":\"Belladot\",\"description\":\"\",\"potentialAction\":[{\"@type\":\"SearchAction\",\"target\":{\"@type\":\"EntryPoint\",\"urlTemplate\":\"https:\/\/belladot.com\/?s={search_term_string}\"},\"query-input\":{\"@type\":\"PropertyValueSpecification\",\"valueRequired\":true,\"valueName\":\"search_term_string\"}}],\"inLanguage\":\"sv-SE\"}]}<\/script>\n<!-- \/ Yoast SEO plugin. -->","yoast_head_json":{"title":"Informationsbroschyrer - Belladot","robots":{"index":"index","follow":"follow","max-snippet":"max-snippet:-1","max-image-preview":"max-image-preview:large","max-video-preview":"max-video-preview:-1"},"canonical":"http:\/\/belladot.com\/sv\/sexologen-svarar\/informationsbroschyrer\/","og_locale":"sv_SE","og_type":"article","og_title":"Informationsbroschyrer - Belladot","og_description":"H\u00e4r hittar du informationsbroschyrer fr\u00e5n Belladot att ladda ner digitalt. Vill du best\u00e4lla informationsbroschyrer som du kan dela ut till kunder\/patienter? Klicka h\u00e4r &nbsp;","og_url":"http:\/\/belladot.com\/sv\/sexologen-svarar\/informationsbroschyrer\/","og_site_name":"Belladot","article_modified_time":"2019-10-14T15:39:40+00:00","og_image":[{"url":"http:\/\/belladot.com.loopiadns.com\/wp-content\/uploads\/2019\/08\/Broschyrer-300x225.jpg","type":"","width":"","height":""}],"schema":{"@context":"https:\/\/schema.org","@graph":[{"@type":"WebPage","@id":"http:\/\/belladot.com\/sv\/sexologen-svarar\/informationsbroschyrer\/","url":"http:\/\/belladot.com\/sv\/sexologen-svarar\/informationsbroschyrer\/","name":"Informationsbroschyrer - Belladot","isPartOf":{"@id":"https:\/\/belladot.com\/#website"},"primaryImageOfPage":{"@id":"http:\/\/belladot.com\/sv\/sexologen-svarar\/informationsbroschyrer\/#primaryimage"},"image":{"@id":"http:\/\/belladot.com\/sv\/sexologen-svarar\/informationsbroschyrer\/#primaryimage"},"thumbnailUrl":"http:\/\/belladot.com.loopiadns.com\/wp-content\/uploads\/2019\/08\/Broschyrer-300x225.jpg","datePublished":"2019-10-14T10:40:32+00:00","dateModified":"2019-10-14T15:39:40+00:00","breadcrumb":{"@id":"http:\/\/belladot.com\/sv\/sexologen-svarar\/informationsbroschyrer\/#breadcrumb"},"inLanguage":"sv-SE","potentialAction":[{"@type":"ReadAction","target":["http:\/\/belladot.com\/sv\/sexologen-svarar\/informationsbroschyrer\/"]}]},{"@type":"ImageObject","inLanguage":"sv-SE","@id":"http:\/\/belladot.com\/sv\/sexologen-svarar\/informationsbroschyrer\/#primaryimage","url":"http:\/\/belladot.com.loopiadns.com\/wp-content\/uploads\/2019\/08\/Broschyrer-300x225.jpg","contentUrl":"http:\/\/belladot.com.loopiadns.com\/wp-content\/uploads\/2019\/08\/Broschyrer-300x225.jpg"},{"@type":"BreadcrumbList","@id":"http:\/\/belladot.com\/sv\/sexologen-svarar\/informationsbroschyrer\/#breadcrumb","itemListElement":[{"@type":"ListItem","position":1,"name":"Sexologen svarar","item":"https:\/\/belladot.com\/sv\/sexologen-svarar\/"},{"@type":"ListItem","position":2,"name":"Informationsbroschyrer"}]},{"@type":"WebSite","@id":"https:\/\/belladot.com\/#website","url":"https:\/\/belladot.com\/","name":"Belladot","description":"","potentialAction":[{"@type":"SearchAction","target":{"@type":"EntryPoint","urlTemplate":"https:\/\/belladot.com\/?s={search_term_string}"},"query-input":{"@type":"PropertyValueSpecification","valueRequired":true,"valueName":"search_term_string"}}],"inLanguage":"sv-SE"}]}},"_links":{"self":[{"href":"https:\/\/belladot.com\/sv\/wp-json\/wp\/v2\/pages\/10211","targetHints":{"allow":["GET"]}}],"collection":[{"href":"https:\/\/belladot.com\/sv\/wp-json\/wp\/v2\/pages"}],"about":[{"href":"https:\/\/belladot.com\/sv\/wp-json\/wp\/v2\/types\/page"}],"author":[{"embeddable":true,"href":"https:\/\/belladot.com\/sv\/wp-json\/wp\/v2\/users\/4"}],"replies":[{"embeddable":true,"href":"https:\/\/belladot.com\/sv\/wp-json\/wp\/v2\/comments?post=10211"}],"version-history":[{"count":0,"href":"https:\/\/belladot.com\/sv\/wp-json\/wp\/v2\/pages\/10211\/revisions"}],"up":[{"embeddable":true,"href":"https:\/\/belladot.com\/sv\/wp-json\/wp\/v2\/pages\/2549"}],"wp:attachment":[{"href":"https:\/\/belladot.com\/sv\/wp-json\/wp\/v2\/media?parent=10211"}],"curies":[{"name":"wp","href":"https:\/\/api.w.org\/{rel}","templated":true}]}}