{"id":14,"date":"2012-11-09T10:15:22","date_gmt":"2012-11-09T09:15:22","guid":{"rendered":"http:\/\/belladot.com.loopiadns.com.loopiadns.com\/?page_id=14"},"modified":"2019-10-14T16:22:03","modified_gmt":"2019-10-14T14:22:03","slug":"skotsel-och-anvandning","status":"publish","type":"page","link":"https:\/\/belladot.com\/sv\/skotsel-och-anvandning\/","title":{"rendered":"Fr\u00e5gor och svar"},"content":{"rendered":"<p>Grattis till din nya sexleksak fr\u00e5n Belladot! Tillsammans med <a title=\"Sofia vibrerande dildo\" href=\"http:\/\/belladot.com.loopiadns.com\/sv\/products\/sofia-vibrerande-dildo\/\">Sofia<\/a>, <a title=\"Viktor penisringar\" href=\"http:\/\/belladot.com.loopiadns.com\/sv\/products\/viktor-penisringar\/\">Viktor<\/a> eller n\u00e5gon av de andra <a href=\"http:\/\/belladot.com.loopiadns.com\/sv\/productcategory\/produkter\/\">produkterna<\/a> hoppas vi att du f\u00e5r m\u00e5nga sk\u00f6na stunder. Vi har samlat n\u00e5gra tips som g\u00f6r att din nya kompis h\u00e5ller sig sk\u00f6n och fr\u00e4sch l\u00e4nge. Tag ett par minuter att l\u00e4sa igenom v\u00e5ra r\u00e5d f\u00f6r sk\u00f6tsel och anv\u00e4ndning. Har du funderingar \u00e4r du v\u00e4lkommen att e-posta\u00a0p\u00e5 customercare@belladot.com.<\/p>\n<p>Under fliken Mer info hittar du fler fr\u00e5gor och svar om v\u00e5ra produkter.<\/p>\n<p>&nbsp;<\/p>\n<h3>Anv\u00e4ndning vibratorer och sexleksaker<\/h3>\n<div class=\"entry\">\n<p>Var f\u00f6rsiktig n\u00e4r du anv\u00e4nder vibratorn f\u00f6rsta g\u00e5ngen. Vibrationerna kan vara intensiva. Starta med l\u00e4gre vibration och \u00f6ka till \u00f6nskad styrka.<\/p>\n<p>\u00d6verdriven anv\u00e4ndning av vibratorn kan slita ut eller \u00f6verhetta motorn. Om vibratorn k\u00e4nns f\u00f6r varm, st\u00e4ng av den och l\u00e5t den svalna innan fortsatt anv\u00e4ndning.<\/p>\n<p>Om glidmedel kommer in i batterifacket kan det reagera med batterierna.<\/p>\n<p>F\u00f6r att undvika skada eller f\u00f6rv\u00e4rrande av befintlig sjukdom, ska apparaten inte anv\u00e4ndas p\u00e5 inflammerade omr\u00e5den, skadad hud eller svullnader. Undvik anv\u00e4ndande om sm\u00e4rta uppst\u00e5r.<\/p>\n<p>Anv\u00e4ndning av Belladots produkter garanterar eller medf\u00f6r inga medicinska p\u00e5st\u00e5enden.<\/p>\n<p>&nbsp;<\/p>\n<h3>Anv\u00e4ndning med glidmedel<\/h3>\n<div class=\"entry\">\n<p>Vi rekommenderar Belladots silikon- eller vattenbaserade glidmedel f\u00f6r anv\u00e4ndning tillsammans med sexleksakerna. Om du vill anv\u00e4nda annat silikonbaserat glidmedel, prova f\u00f6rst p\u00e5 en liten yta. Anv\u00e4nd aldrig massageolja eller hudkr\u00e4m i st\u00e4llet f\u00f6r glidmedel.<\/p>\n<p>Om glidmedel kommer in i batterifacket kan det reagera med batterierna.<\/p>\n<p>&nbsp;<\/p>\n<h3>Reng\u00f6ring<\/h3>\n<div class=\"entry\">\n<p>Reng\u00f6r din Belladot efter varje anv\u00e4ndning. F\u00f6r b\u00e4sta resultat, anv\u00e4nd <a href=\"http:\/\/belladot.com.loopiadns.com\/sv\/products\/cleansing-gel\/\">Belladot Cleansing gel<\/a>, en reng\u00f6ringsprodukt s\u00e4rskilt avsedda f\u00f6r sexleksaker. Den reng\u00f6r p\u00e5 djupet och \u00e5terfuktar ocks\u00e5 din leksak. Det betyder att din leksak k\u00e4nns ny och fr\u00e4sch under en l\u00e5ng tid fram\u00f6ver. Torka torr med en ren handduk.<\/p>\n<p>Vid reng\u00f6ring kan fukt skada b\u00e5de motorn och batterierna. Tag d\u00e4rf\u00f6r alltid ur batterierna innan och var f\u00f6rsiktig. H\u00e5ll f\u00f6r batteridelar och se till att lock mm \u00e4r orderntligt \u00e5tskruvade.<\/p>\n<p>&nbsp;<\/p>\n<h3>F\u00f6rvaring<\/h3>\n<div class=\"entry\">\n<p>Efter anv\u00e4ndning b\u00f6r du plocka ur batterierna. D\u00e5 h\u00e5lls vibratorn i allra b\u00e4sta skick. F\u00f6rvara alltid din Belladot i den medf\u00f6ljande p\u00e5sen.<\/p>\n<p>H\u00e5ll produkten ren och torr. Fukt kan skada batterier och motor. F\u00f6rvara den separat fr\u00e5n andra produkter. Olika material har olika kemiska egenskaper och kan reagera med varandra.<\/p>\n<p>L\u00e5t vibratorn svalna innan du f\u00f6rvarar den p\u00e5 en s\u00e4ker plats. Vibratorer \u00e4r elektriska apparater och de kan bli varma vid anv\u00e4ndning.<\/p>\n<\/div>\n<\/div>\n<p>&nbsp;<\/p>\n<h3>Batterier<\/h3>\n<div class=\"entry\">\n<p>H\u00e4r f\u00f6ljer en enkel checklista f\u00f6r batterierna!<\/p>\n<ol>\n<li>Batterierna m\u00e5ste s\u00e4ttas in med polerna \u00e5t r\u00e4tt h\u00e5ll (+\/-).<\/li>\n<li>Tag ur batterierna n\u00e4r produkten inte anv\u00e4nds.<\/li>\n<li>Anslutningspunkterna f\u00e5r inte kortslutas, dvs. koppla inte ihop punkterna med metallsaker.<\/li>\n<li>Anv\u00e4nd endast rekommenderade alkaliska batterier. Andra batterityper ger dig en s\u00e4mre upplevelse. Vissa av detaljhandelskedjorna har egna m\u00e4rkesbatterier. Dessa \u00e4r ofta lite tjockare och medf\u00f6r ibland att batterierna inte f\u00e5r kontakt.<\/li>\n<li>Anv\u00e4nd endast apparaten n\u00e4r den \u00e4r ihopsatt enligt instruktionerna.<\/li>\n<li>Blanda inte nya och anv\u00e4nda batterier.<\/li>\n<\/ol>\n<\/div>\n<\/div>\n<p>&nbsp;<\/p>\n<\/div>\n","protected":false},"excerpt":{"rendered":"<p>Grattis till din nya sexleksak fr\u00e5n Belladot! Tillsammans med Sofia, Viktor eller n\u00e5gon av de andra produkterna hoppas vi att du f\u00e5r m\u00e5nga sk\u00f6na stunder. Vi har samlat n\u00e5gra tips som g\u00f6r att din nya kompis h\u00e5ller sig sk\u00f6n och fr\u00e4sch l\u00e4nge. Tag ett par minuter att l\u00e4sa igenom v\u00e5ra r\u00e5d f\u00f6r sk\u00f6tsel och anv\u00e4ndning. Har du funderingar \u00e4r du v\u00e4lkommen att e-posta\u00a0p\u00e5 customercare@belladot.com. Under fliken Mer info hittar du fler fr\u00e5gor och svar om v\u00e5ra produkter. &nbsp; Anv\u00e4ndning vibratorer och sexleksaker Var f\u00f6rsiktig n\u00e4r du anv\u00e4nder vibratorn f\u00f6rsta g\u00e5ngen. Vibrationerna kan vara intensiva. Starta med l\u00e4gre vibration och \u00f6ka [&hellip;]<\/p>\n","protected":false},"author":4,"featured_media":0,"parent":0,"menu_order":0,"comment_status":"open","ping_status":"closed","template":"","meta":{"_acf_changed":false,"footnotes":""},"class_list":["post-14","page","type-page","status-publish","hentry"],"acf":[],"yoast_head":"<!-- This site is optimized with the Yoast SEO plugin v27.1.1 - https:\/\/yoast.com\/product\/yoast-seo-wordpress\/ -->\n<title>Fr\u00e5gor och svar - Belladot<\/title>\n<meta name=\"description\" content=\"Tag ett par minuter att l\u00e4sa igenom v\u00e5ra r\u00e5d f\u00f6r sk\u00f6tsel och anv\u00e4ndning. Har du fler funderingar \u00e4r du v\u00e4lkommen att e-posta p\u00e5 customercare@belladot.com.\" \/>\n<meta name=\"robots\" content=\"index, follow, max-snippet:-1, max-image-preview:large, max-video-preview:-1\" \/>\n<link rel=\"canonical\" href=\"https:\/\/belladot.com\/sv\/skotsel-och-anvandning\/\" \/>\n<meta property=\"og:locale\" content=\"sv_SE\" \/>\n<meta property=\"og:type\" content=\"article\" \/>\n<meta property=\"og:title\" content=\"Fr\u00e5gor och svar - Belladot\" \/>\n<meta property=\"og:description\" content=\"Tag ett par minuter att l\u00e4sa igenom v\u00e5ra r\u00e5d f\u00f6r sk\u00f6tsel och anv\u00e4ndning. Har du fler funderingar \u00e4r du v\u00e4lkommen att e-posta p\u00e5 customercare@belladot.com.\" \/>\n<meta property=\"og:url\" content=\"https:\/\/belladot.com\/sv\/skotsel-och-anvandning\/\" \/>\n<meta property=\"og:site_name\" content=\"Belladot\" \/>\n<meta property=\"article:modified_time\" content=\"2019-10-14T14:22:03+00:00\" \/>\n<meta name=\"twitter:label1\" content=\"Ber\u00e4knad l\u00e4stid\" \/>\n\t<meta name=\"twitter:data1\" content=\"3 minuter\" \/>\n<script type=\"application\/ld+json\" class=\"yoast-schema-graph\">{\"@context\":\"https:\/\/schema.org\",\"@graph\":[{\"@type\":\"WebPage\",\"@id\":\"https:\/\/belladot.com\/sv\/skotsel-och-anvandning\/\",\"url\":\"https:\/\/belladot.com\/sv\/skotsel-och-anvandning\/\",\"name\":\"Fr\u00e5gor och svar - Belladot\",\"isPartOf\":{\"@id\":\"https:\/\/belladot.com\/#website\"},\"datePublished\":\"2012-11-09T09:15:22+00:00\",\"dateModified\":\"2019-10-14T14:22:03+00:00\",\"description\":\"Tag ett par minuter att l\u00e4sa igenom v\u00e5ra r\u00e5d f\u00f6r sk\u00f6tsel och anv\u00e4ndning. Har du fler funderingar \u00e4r du v\u00e4lkommen att e-posta p\u00e5 customercare@belladot.com.\",\"inLanguage\":\"sv-SE\",\"potentialAction\":[{\"@type\":\"ReadAction\",\"target\":[\"https:\/\/belladot.com\/sv\/skotsel-och-anvandning\/\"]}]},{\"@type\":\"WebSite\",\"@id\":\"https:\/\/belladot.com\/#website\",\"url\":\"https:\/\/belladot.com\/\",\"name\":\"Belladot\",\"description\":\"\",\"potentialAction\":[{\"@type\":\"SearchAction\",\"target\":{\"@type\":\"EntryPoint\",\"urlTemplate\":\"https:\/\/belladot.com\/?s={search_term_string}\"},\"query-input\":{\"@type\":\"PropertyValueSpecification\",\"valueRequired\":true,\"valueName\":\"search_term_string\"}}],\"inLanguage\":\"sv-SE\"}]}<\/script>\n<!-- \/ Yoast SEO plugin. -->","yoast_head_json":{"title":"Fr\u00e5gor och svar - Belladot","description":"Tag ett par minuter att l\u00e4sa igenom v\u00e5ra r\u00e5d f\u00f6r sk\u00f6tsel och anv\u00e4ndning. Har du fler funderingar \u00e4r du v\u00e4lkommen att e-posta p\u00e5 customercare@belladot.com.","robots":{"index":"index","follow":"follow","max-snippet":"max-snippet:-1","max-image-preview":"max-image-preview:large","max-video-preview":"max-video-preview:-1"},"canonical":"https:\/\/belladot.com\/sv\/skotsel-och-anvandning\/","og_locale":"sv_SE","og_type":"article","og_title":"Fr\u00e5gor och svar - Belladot","og_description":"Tag ett par minuter att l\u00e4sa igenom v\u00e5ra r\u00e5d f\u00f6r sk\u00f6tsel och anv\u00e4ndning. Har du fler funderingar \u00e4r du v\u00e4lkommen att e-posta p\u00e5 customercare@belladot.com.","og_url":"https:\/\/belladot.com\/sv\/skotsel-och-anvandning\/","og_site_name":"Belladot","article_modified_time":"2019-10-14T14:22:03+00:00","twitter_misc":{"Ber\u00e4knad l\u00e4stid":"3 minuter"},"schema":{"@context":"https:\/\/schema.org","@graph":[{"@type":"WebPage","@id":"https:\/\/belladot.com\/sv\/skotsel-och-anvandning\/","url":"https:\/\/belladot.com\/sv\/skotsel-och-anvandning\/","name":"Fr\u00e5gor och svar - Belladot","isPartOf":{"@id":"https:\/\/belladot.com\/#website"},"datePublished":"2012-11-09T09:15:22+00:00","dateModified":"2019-10-14T14:22:03+00:00","description":"Tag ett par minuter att l\u00e4sa igenom v\u00e5ra r\u00e5d f\u00f6r sk\u00f6tsel och anv\u00e4ndning. Har du fler funderingar \u00e4r du v\u00e4lkommen att e-posta p\u00e5 customercare@belladot.com.","inLanguage":"sv-SE","potentialAction":[{"@type":"ReadAction","target":["https:\/\/belladot.com\/sv\/skotsel-och-anvandning\/"]}]},{"@type":"WebSite","@id":"https:\/\/belladot.com\/#website","url":"https:\/\/belladot.com\/","name":"Belladot","description":"","potentialAction":[{"@type":"SearchAction","target":{"@type":"EntryPoint","urlTemplate":"https:\/\/belladot.com\/?s={search_term_string}"},"query-input":{"@type":"PropertyValueSpecification","valueRequired":true,"valueName":"search_term_string"}}],"inLanguage":"sv-SE"}]}},"_links":{"self":[{"href":"https:\/\/belladot.com\/sv\/wp-json\/wp\/v2\/pages\/14","targetHints":{"allow":["GET"]}}],"collection":[{"href":"https:\/\/belladot.com\/sv\/wp-json\/wp\/v2\/pages"}],"about":[{"href":"https:\/\/belladot.com\/sv\/wp-json\/wp\/v2\/types\/page"}],"author":[{"embeddable":true,"href":"https:\/\/belladot.com\/sv\/wp-json\/wp\/v2\/users\/4"}],"replies":[{"embeddable":true,"href":"https:\/\/belladot.com\/sv\/wp-json\/wp\/v2\/comments?post=14"}],"version-history":[{"count":0,"href":"https:\/\/belladot.com\/sv\/wp-json\/wp\/v2\/pages\/14\/revisions"}],"wp:attachment":[{"href":"https:\/\/belladot.com\/sv\/wp-json\/wp\/v2\/media?parent=14"}],"curies":[{"name":"wp","href":"https:\/\/api.w.org\/{rel}","templated":true}]}}