{"id":141,"date":"2012-11-16T10:17:55","date_gmt":"2012-11-16T09:17:55","guid":{"rendered":"http:\/\/belladot.com.loopiadns.com.loopiadns.com\/?page_id=141"},"modified":"2024-10-12T22:28:10","modified_gmt":"2024-10-12T20:28:10","slug":"kontakta-oss","status":"publish","type":"page","link":"https:\/\/belladot.com\/sv\/om-belladot\/kontakta-oss\/","title":{"rendered":"Kontakta oss"},"content":{"rendered":"<p>Kontakta oss om konsumentfr\u00e5gor, produktfr\u00e5gor, sk\u00f6tselanvisningar etc. Maila till <a href=\"mailto:info@belladot.com\">info@belladot.com<\/a>. \u00c4ven reklamationer hanteras via denna mailadressen.<\/p>\n<p>&nbsp;<\/p>\n<h3>Belladot Sverige Huvudkontor<\/h3>\n<p>Belladot<br \/>\n<span style=\"font-family: Verdana, Helvetica, Arial;\">Erik Dahlbergsgatan 45<br \/>\n<\/span><span style=\"font-family: Verdana, Helvetica, Arial;\">231 51 Ystad<br \/>\nSweden\u00a0<\/span><\/p>\n<p>Tel: 010-211 55 33<br \/>\n<a href=\"mailto:info@belladot.com\">info@belladot.com<\/a><\/p>\n<p>&nbsp;<\/p>\n<p>&nbsp;<\/p>\n","protected":false},"excerpt":{"rendered":"<p>Kontakta oss om konsumentfr\u00e5gor, produktfr\u00e5gor, sk\u00f6tselanvisningar etc. Maila till info@belladot.com. \u00c4ven reklamationer hanteras via denna mailadressen. &nbsp; Belladot Sverige Huvudkontor Belladot Erik Dahlbergsgatan 45 231 51 Ystad Sweden\u00a0 Tel: 010-211 55 33 info@belladot.com &nbsp; &nbsp;<\/p>\n","protected":false},"author":4,"featured_media":0,"parent":18,"menu_order":2,"comment_status":"open","ping_status":"open","template":"","meta":{"_acf_changed":false,"footnotes":""},"class_list":["post-141","page","type-page","status-publish","hentry"],"acf":[],"yoast_head":"<!-- This site is optimized with the Yoast SEO plugin v27.1.1 - https:\/\/yoast.com\/product\/yoast-seo-wordpress\/ -->\n<title>Kontakta oss - Belladot<\/title>\n<meta name=\"description\" content=\"Kontakta oss oavsett vad du undrar \u00f6ver. Vi hj\u00e4lper dig ex med produktfr\u00e5gor, sk\u00f6tselanvisning, sexologisk r\u00e5dgivning och att hitta n\u00e4rmaste \u00e5terf\u00f6rs\u00e4ljare.\" \/>\n<meta name=\"robots\" content=\"index, follow, max-snippet:-1, max-image-preview:large, max-video-preview:-1\" \/>\n<link rel=\"canonical\" href=\"https:\/\/belladot.com\/sv\/om-belladot\/kontakta-oss\/\" \/>\n<meta property=\"og:locale\" content=\"sv_SE\" \/>\n<meta property=\"og:type\" content=\"article\" \/>\n<meta property=\"og:title\" content=\"Kontakta oss - Belladot\" \/>\n<meta property=\"og:description\" content=\"Kontakta oss oavsett vad du undrar \u00f6ver. Vi hj\u00e4lper dig ex med produktfr\u00e5gor, sk\u00f6tselanvisning, sexologisk r\u00e5dgivning och att hitta n\u00e4rmaste \u00e5terf\u00f6rs\u00e4ljare.\" \/>\n<meta property=\"og:url\" content=\"https:\/\/belladot.com\/sv\/om-belladot\/kontakta-oss\/\" \/>\n<meta property=\"og:site_name\" content=\"Belladot\" \/>\n<meta property=\"article:modified_time\" content=\"2024-10-12T20:28:10+00:00\" \/>\n<meta name=\"twitter:label1\" content=\"Ber\u00e4knad l\u00e4stid\" \/>\n\t<meta name=\"twitter:data1\" content=\"1 minut\" \/>\n<script type=\"application\/ld+json\" class=\"yoast-schema-graph\">{\"@context\":\"https:\/\/schema.org\",\"@graph\":[{\"@type\":\"WebPage\",\"@id\":\"https:\/\/belladot.com\/sv\/om-belladot\/kontakta-oss\/\",\"url\":\"https:\/\/belladot.com\/sv\/om-belladot\/kontakta-oss\/\",\"name\":\"Kontakta oss - Belladot\",\"isPartOf\":{\"@id\":\"https:\/\/belladot.com\/#website\"},\"datePublished\":\"2012-11-16T09:17:55+00:00\",\"dateModified\":\"2024-10-12T20:28:10+00:00\",\"description\":\"Kontakta oss oavsett vad du undrar \u00f6ver. Vi hj\u00e4lper dig ex med produktfr\u00e5gor, sk\u00f6tselanvisning, sexologisk r\u00e5dgivning och att hitta n\u00e4rmaste \u00e5terf\u00f6rs\u00e4ljare.\",\"breadcrumb\":{\"@id\":\"https:\/\/belladot.com\/sv\/om-belladot\/kontakta-oss\/#breadcrumb\"},\"inLanguage\":\"sv-SE\",\"potentialAction\":[{\"@type\":\"ReadAction\",\"target\":[\"https:\/\/belladot.com\/sv\/om-belladot\/kontakta-oss\/\"]}]},{\"@type\":\"BreadcrumbList\",\"@id\":\"https:\/\/belladot.com\/sv\/om-belladot\/kontakta-oss\/#breadcrumb\",\"itemListElement\":[{\"@type\":\"ListItem\",\"position\":1,\"name\":\"Om Belladot\",\"item\":\"https:\/\/belladot.com\/sv\/om-belladot\/\"},{\"@type\":\"ListItem\",\"position\":2,\"name\":\"Kontakta oss\"}]},{\"@type\":\"WebSite\",\"@id\":\"https:\/\/belladot.com\/#website\",\"url\":\"https:\/\/belladot.com\/\",\"name\":\"Belladot\",\"description\":\"\",\"potentialAction\":[{\"@type\":\"SearchAction\",\"target\":{\"@type\":\"EntryPoint\",\"urlTemplate\":\"https:\/\/belladot.com\/?s={search_term_string}\"},\"query-input\":{\"@type\":\"PropertyValueSpecification\",\"valueRequired\":true,\"valueName\":\"search_term_string\"}}],\"inLanguage\":\"sv-SE\"}]}<\/script>\n<!-- \/ Yoast SEO plugin. -->","yoast_head_json":{"title":"Kontakta oss - Belladot","description":"Kontakta oss oavsett vad du undrar \u00f6ver. Vi hj\u00e4lper dig ex med produktfr\u00e5gor, sk\u00f6tselanvisning, sexologisk r\u00e5dgivning och att hitta n\u00e4rmaste \u00e5terf\u00f6rs\u00e4ljare.","robots":{"index":"index","follow":"follow","max-snippet":"max-snippet:-1","max-image-preview":"max-image-preview:large","max-video-preview":"max-video-preview:-1"},"canonical":"https:\/\/belladot.com\/sv\/om-belladot\/kontakta-oss\/","og_locale":"sv_SE","og_type":"article","og_title":"Kontakta oss - Belladot","og_description":"Kontakta oss oavsett vad du undrar \u00f6ver. Vi hj\u00e4lper dig ex med produktfr\u00e5gor, sk\u00f6tselanvisning, sexologisk r\u00e5dgivning och att hitta n\u00e4rmaste \u00e5terf\u00f6rs\u00e4ljare.","og_url":"https:\/\/belladot.com\/sv\/om-belladot\/kontakta-oss\/","og_site_name":"Belladot","article_modified_time":"2024-10-12T20:28:10+00:00","twitter_misc":{"Ber\u00e4knad l\u00e4stid":"1 minut"},"schema":{"@context":"https:\/\/schema.org","@graph":[{"@type":"WebPage","@id":"https:\/\/belladot.com\/sv\/om-belladot\/kontakta-oss\/","url":"https:\/\/belladot.com\/sv\/om-belladot\/kontakta-oss\/","name":"Kontakta oss - Belladot","isPartOf":{"@id":"https:\/\/belladot.com\/#website"},"datePublished":"2012-11-16T09:17:55+00:00","dateModified":"2024-10-12T20:28:10+00:00","description":"Kontakta oss oavsett vad du undrar \u00f6ver. Vi hj\u00e4lper dig ex med produktfr\u00e5gor, sk\u00f6tselanvisning, sexologisk r\u00e5dgivning och att hitta n\u00e4rmaste \u00e5terf\u00f6rs\u00e4ljare.","breadcrumb":{"@id":"https:\/\/belladot.com\/sv\/om-belladot\/kontakta-oss\/#breadcrumb"},"inLanguage":"sv-SE","potentialAction":[{"@type":"ReadAction","target":["https:\/\/belladot.com\/sv\/om-belladot\/kontakta-oss\/"]}]},{"@type":"BreadcrumbList","@id":"https:\/\/belladot.com\/sv\/om-belladot\/kontakta-oss\/#breadcrumb","itemListElement":[{"@type":"ListItem","position":1,"name":"Om Belladot","item":"https:\/\/belladot.com\/sv\/om-belladot\/"},{"@type":"ListItem","position":2,"name":"Kontakta oss"}]},{"@type":"WebSite","@id":"https:\/\/belladot.com\/#website","url":"https:\/\/belladot.com\/","name":"Belladot","description":"","potentialAction":[{"@type":"SearchAction","target":{"@type":"EntryPoint","urlTemplate":"https:\/\/belladot.com\/?s={search_term_string}"},"query-input":{"@type":"PropertyValueSpecification","valueRequired":true,"valueName":"search_term_string"}}],"inLanguage":"sv-SE"}]}},"_links":{"self":[{"href":"https:\/\/belladot.com\/sv\/wp-json\/wp\/v2\/pages\/141","targetHints":{"allow":["GET"]}}],"collection":[{"href":"https:\/\/belladot.com\/sv\/wp-json\/wp\/v2\/pages"}],"about":[{"href":"https:\/\/belladot.com\/sv\/wp-json\/wp\/v2\/types\/page"}],"author":[{"embeddable":true,"href":"https:\/\/belladot.com\/sv\/wp-json\/wp\/v2\/users\/4"}],"replies":[{"embeddable":true,"href":"https:\/\/belladot.com\/sv\/wp-json\/wp\/v2\/comments?post=141"}],"version-history":[{"count":3,"href":"https:\/\/belladot.com\/sv\/wp-json\/wp\/v2\/pages\/141\/revisions"}],"predecessor-version":[{"id":12152,"href":"https:\/\/belladot.com\/sv\/wp-json\/wp\/v2\/pages\/141\/revisions\/12152"}],"up":[{"embeddable":true,"href":"https:\/\/belladot.com\/sv\/wp-json\/wp\/v2\/pages\/18"}],"wp:attachment":[{"href":"https:\/\/belladot.com\/sv\/wp-json\/wp\/v2\/media?parent=141"}],"curies":[{"name":"wp","href":"https:\/\/api.w.org\/{rel}","templated":true}]}}