{"id":175,"date":"2012-11-16T13:52:28","date_gmt":"2012-11-16T12:52:28","guid":{"rendered":"http:\/\/belladot.com.loopiadns.com.loopiadns.com\/?page_id=175"},"modified":"2012-11-16T13:52:28","modified_gmt":"2012-11-16T12:52:28","slug":"anvandning-vibratorer-och-sexleksaker","status":"publish","type":"page","link":"https:\/\/belladot.com\/sv\/skotsel-och-anvandning\/anvandning-vibratorer-och-sexleksaker\/","title":{"rendered":"Anv\u00e4ndning vibratorer och sexleksaker"},"content":{"rendered":"<p>Var f\u00f6rsiktig n\u00e4r du anv\u00e4nder vibratorn f\u00f6rsta g\u00e5ngen. Vibrationerna kan vara intensiva. Starta med l\u00e4gre vibration och \u00f6ka till \u00f6nskad styrka.<\/p>\n<p>\u00d6verdriven anv\u00e4ndning av vibratorn kan slita ut eller \u00f6verhetta motorn. Om vibratorn k\u00e4nns f\u00f6r varm, st\u00e4ng av den och l\u00e5t den svalna innan fortsatt anv\u00e4ndning.<\/p>\n<p>Om glidmedel kommer in i batterifacket kan det reagera med batterierna.<\/p>\n<p>F\u00f6r att undvika skada eller f\u00f6rv\u00e4rrande av befintlig sjukdom, ska apparaten inte anv\u00e4ndas p\u00e5 inflammerade omr\u00e5den, skadad hud eller svullnader. Undvik anv\u00e4ndande om sm\u00e4rta uppst\u00e5r.<\/p>\n<p>Anv\u00e4ndning av Belladots produkter garanterar eller medf\u00f6r inga medicinska p\u00e5st\u00e5enden.<\/p>\n","protected":false},"excerpt":{"rendered":"<p>Var f\u00f6rsiktig n\u00e4r du anv\u00e4nder vibratorn f\u00f6rsta g\u00e5ngen. Vibrationerna kan vara intensiva. Starta med l\u00e4gre vibration och \u00f6ka till \u00f6nskad styrka. \u00d6verdriven anv\u00e4ndning av vibratorn kan slita ut eller \u00f6verhetta motorn. Om vibratorn k\u00e4nns f\u00f6r varm, st\u00e4ng av den och l\u00e5t den svalna innan fortsatt anv\u00e4ndning. Om glidmedel kommer in i batterifacket kan det reagera med batterierna. F\u00f6r att undvika skada eller f\u00f6rv\u00e4rrande av befintlig sjukdom, ska apparaten inte anv\u00e4ndas p\u00e5 inflammerade omr\u00e5den, skadad hud eller svullnader. Undvik anv\u00e4ndande om sm\u00e4rta uppst\u00e5r. Anv\u00e4ndning av Belladots produkter garanterar eller medf\u00f6r inga medicinska p\u00e5st\u00e5enden.<\/p>\n","protected":false},"author":4,"featured_media":0,"parent":14,"menu_order":0,"comment_status":"open","ping_status":"open","template":"","meta":{"_acf_changed":false,"footnotes":""},"class_list":["post-175","page","type-page","status-publish","hentry"],"acf":[],"yoast_head":"<!-- This site is optimized with the Yoast SEO plugin v27.1.1 - https:\/\/yoast.com\/product\/yoast-seo-wordpress\/ -->\n<title>Anv\u00e4ndning vibratorer och sexleksaker - Belladot<\/title>\n<meta name=\"robots\" content=\"index, follow, max-snippet:-1, max-image-preview:large, max-video-preview:-1\" \/>\n<link rel=\"canonical\" href=\"http:\/\/belladot.com\/sv\/skotsel-och-anvandning\/anvandning-vibratorer-och-sexleksaker\/\" \/>\n<meta property=\"og:locale\" content=\"sv_SE\" \/>\n<meta property=\"og:type\" content=\"article\" \/>\n<meta property=\"og:title\" content=\"Anv\u00e4ndning vibratorer och sexleksaker - Belladot\" \/>\n<meta property=\"og:description\" content=\"Var f\u00f6rsiktig n\u00e4r du anv\u00e4nder vibratorn f\u00f6rsta g\u00e5ngen. Vibrationerna kan vara intensiva. Starta med l\u00e4gre vibration och \u00f6ka till \u00f6nskad styrka. \u00d6verdriven anv\u00e4ndning av vibratorn kan slita ut eller \u00f6verhetta motorn. Om vibratorn k\u00e4nns f\u00f6r varm, st\u00e4ng av den och l\u00e5t den svalna innan fortsatt anv\u00e4ndning. Om glidmedel kommer in i batterifacket kan det reagera med batterierna. F\u00f6r att undvika skada eller f\u00f6rv\u00e4rrande av befintlig sjukdom, ska apparaten inte anv\u00e4ndas p\u00e5 inflammerade omr\u00e5den, skadad hud eller svullnader. Undvik anv\u00e4ndande om sm\u00e4rta uppst\u00e5r. Anv\u00e4ndning av Belladots produkter garanterar eller medf\u00f6r inga medicinska p\u00e5st\u00e5enden.\" \/>\n<meta property=\"og:url\" content=\"http:\/\/belladot.com\/sv\/skotsel-och-anvandning\/anvandning-vibratorer-och-sexleksaker\/\" \/>\n<meta property=\"og:site_name\" content=\"Belladot\" \/>\n<meta name=\"twitter:label1\" content=\"Ber\u00e4knad l\u00e4stid\" \/>\n\t<meta name=\"twitter:data1\" content=\"1 minut\" \/>\n<script type=\"application\/ld+json\" class=\"yoast-schema-graph\">{\"@context\":\"https:\/\/schema.org\",\"@graph\":[{\"@type\":\"WebPage\",\"@id\":\"http:\/\/belladot.com\/sv\/skotsel-och-anvandning\/anvandning-vibratorer-och-sexleksaker\/\",\"url\":\"http:\/\/belladot.com\/sv\/skotsel-och-anvandning\/anvandning-vibratorer-och-sexleksaker\/\",\"name\":\"Anv\u00e4ndning vibratorer och sexleksaker - Belladot\",\"isPartOf\":{\"@id\":\"https:\/\/belladot.com\/#website\"},\"datePublished\":\"2012-11-16T12:52:28+00:00\",\"breadcrumb\":{\"@id\":\"http:\/\/belladot.com\/sv\/skotsel-och-anvandning\/anvandning-vibratorer-och-sexleksaker\/#breadcrumb\"},\"inLanguage\":\"sv-SE\",\"potentialAction\":[{\"@type\":\"ReadAction\",\"target\":[\"http:\/\/belladot.com\/sv\/skotsel-och-anvandning\/anvandning-vibratorer-och-sexleksaker\/\"]}]},{\"@type\":\"BreadcrumbList\",\"@id\":\"http:\/\/belladot.com\/sv\/skotsel-och-anvandning\/anvandning-vibratorer-och-sexleksaker\/#breadcrumb\",\"itemListElement\":[{\"@type\":\"ListItem\",\"position\":1,\"name\":\"Fr\u00e5gor och svar\",\"item\":\"https:\/\/belladot.com\/sv\/skotsel-och-anvandning\/\"},{\"@type\":\"ListItem\",\"position\":2,\"name\":\"Anv\u00e4ndning vibratorer och sexleksaker\"}]},{\"@type\":\"WebSite\",\"@id\":\"https:\/\/belladot.com\/#website\",\"url\":\"https:\/\/belladot.com\/\",\"name\":\"Belladot\",\"description\":\"\",\"potentialAction\":[{\"@type\":\"SearchAction\",\"target\":{\"@type\":\"EntryPoint\",\"urlTemplate\":\"https:\/\/belladot.com\/?s={search_term_string}\"},\"query-input\":{\"@type\":\"PropertyValueSpecification\",\"valueRequired\":true,\"valueName\":\"search_term_string\"}}],\"inLanguage\":\"sv-SE\"}]}<\/script>\n<!-- \/ Yoast SEO plugin. -->","yoast_head_json":{"title":"Anv\u00e4ndning vibratorer och sexleksaker - Belladot","robots":{"index":"index","follow":"follow","max-snippet":"max-snippet:-1","max-image-preview":"max-image-preview:large","max-video-preview":"max-video-preview:-1"},"canonical":"http:\/\/belladot.com\/sv\/skotsel-och-anvandning\/anvandning-vibratorer-och-sexleksaker\/","og_locale":"sv_SE","og_type":"article","og_title":"Anv\u00e4ndning vibratorer och sexleksaker - Belladot","og_description":"Var f\u00f6rsiktig n\u00e4r du anv\u00e4nder vibratorn f\u00f6rsta g\u00e5ngen. Vibrationerna kan vara intensiva. Starta med l\u00e4gre vibration och \u00f6ka till \u00f6nskad styrka. \u00d6verdriven anv\u00e4ndning av vibratorn kan slita ut eller \u00f6verhetta motorn. Om vibratorn k\u00e4nns f\u00f6r varm, st\u00e4ng av den och l\u00e5t den svalna innan fortsatt anv\u00e4ndning. Om glidmedel kommer in i batterifacket kan det reagera med batterierna. F\u00f6r att undvika skada eller f\u00f6rv\u00e4rrande av befintlig sjukdom, ska apparaten inte anv\u00e4ndas p\u00e5 inflammerade omr\u00e5den, skadad hud eller svullnader. Undvik anv\u00e4ndande om sm\u00e4rta uppst\u00e5r. Anv\u00e4ndning av Belladots produkter garanterar eller medf\u00f6r inga medicinska p\u00e5st\u00e5enden.","og_url":"http:\/\/belladot.com\/sv\/skotsel-och-anvandning\/anvandning-vibratorer-och-sexleksaker\/","og_site_name":"Belladot","twitter_misc":{"Ber\u00e4knad l\u00e4stid":"1 minut"},"schema":{"@context":"https:\/\/schema.org","@graph":[{"@type":"WebPage","@id":"http:\/\/belladot.com\/sv\/skotsel-och-anvandning\/anvandning-vibratorer-och-sexleksaker\/","url":"http:\/\/belladot.com\/sv\/skotsel-och-anvandning\/anvandning-vibratorer-och-sexleksaker\/","name":"Anv\u00e4ndning vibratorer och sexleksaker - Belladot","isPartOf":{"@id":"https:\/\/belladot.com\/#website"},"datePublished":"2012-11-16T12:52:28+00:00","breadcrumb":{"@id":"http:\/\/belladot.com\/sv\/skotsel-och-anvandning\/anvandning-vibratorer-och-sexleksaker\/#breadcrumb"},"inLanguage":"sv-SE","potentialAction":[{"@type":"ReadAction","target":["http:\/\/belladot.com\/sv\/skotsel-och-anvandning\/anvandning-vibratorer-och-sexleksaker\/"]}]},{"@type":"BreadcrumbList","@id":"http:\/\/belladot.com\/sv\/skotsel-och-anvandning\/anvandning-vibratorer-och-sexleksaker\/#breadcrumb","itemListElement":[{"@type":"ListItem","position":1,"name":"Fr\u00e5gor och svar","item":"https:\/\/belladot.com\/sv\/skotsel-och-anvandning\/"},{"@type":"ListItem","position":2,"name":"Anv\u00e4ndning vibratorer och sexleksaker"}]},{"@type":"WebSite","@id":"https:\/\/belladot.com\/#website","url":"https:\/\/belladot.com\/","name":"Belladot","description":"","potentialAction":[{"@type":"SearchAction","target":{"@type":"EntryPoint","urlTemplate":"https:\/\/belladot.com\/?s={search_term_string}"},"query-input":{"@type":"PropertyValueSpecification","valueRequired":true,"valueName":"search_term_string"}}],"inLanguage":"sv-SE"}]}},"_links":{"self":[{"href":"https:\/\/belladot.com\/sv\/wp-json\/wp\/v2\/pages\/175","targetHints":{"allow":["GET"]}}],"collection":[{"href":"https:\/\/belladot.com\/sv\/wp-json\/wp\/v2\/pages"}],"about":[{"href":"https:\/\/belladot.com\/sv\/wp-json\/wp\/v2\/types\/page"}],"author":[{"embeddable":true,"href":"https:\/\/belladot.com\/sv\/wp-json\/wp\/v2\/users\/4"}],"replies":[{"embeddable":true,"href":"https:\/\/belladot.com\/sv\/wp-json\/wp\/v2\/comments?post=175"}],"version-history":[{"count":0,"href":"https:\/\/belladot.com\/sv\/wp-json\/wp\/v2\/pages\/175\/revisions"}],"up":[{"embeddable":true,"href":"https:\/\/belladot.com\/sv\/wp-json\/wp\/v2\/pages\/14"}],"wp:attachment":[{"href":"https:\/\/belladot.com\/sv\/wp-json\/wp\/v2\/media?parent=175"}],"curies":[{"name":"wp","href":"https:\/\/api.w.org\/{rel}","templated":true}]}}