{"id":177,"date":"2012-11-16T13:53:05","date_gmt":"2012-11-16T12:53:05","guid":{"rendered":"http:\/\/belladot.com.loopiadns.com.loopiadns.com\/?page_id=177"},"modified":"2019-10-06T23:18:44","modified_gmt":"2019-10-06T21:18:44","slug":"anvandning-med-glidmedel","status":"publish","type":"page","link":"https:\/\/belladot.com\/sv\/skotsel-och-anvandning\/anvandning-med-glidmedel\/","title":{"rendered":"Anv\u00e4ndning med glidmedel"},"content":{"rendered":"<p>Vi rekommenderar Belladots silikon- eller vattenbaserade glidmedel f\u00f6r anv\u00e4ndning tillsammans med sexleksakerna. Om du vill anv\u00e4nda annat silikonbaserat glidmedel, prova f\u00f6rst p\u00e5 en liten yta. Anv\u00e4nd aldrig massageolja eller hudkr\u00e4m i st\u00e4llet f\u00f6r glidmedel.<\/p>\n<p>Om glidmedel kommer in i batterifacket kan det reagera med batterierna.<\/p>\n<p><a href=\"http:\/\/belladot.com.loopiadns.com\/sv\/products\/original-2\/\"><img loading=\"lazy\" decoding=\"async\" class=\"alignnone wp-image-8257 size-medium\" src=\"http:\/\/belladot.com.loopiadns.com\/wp-content\/uploads\/2019\/10\/Waterbased_Original100_rgb_ny_1806-2-86x300.png\" alt=\"Belladot glidmedel\" width=\"86\" height=\"300\" srcset=\"https:\/\/belladot.com\/wp-content\/uploads\/2019\/10\/Waterbased_Original100_rgb_ny_1806-2-86x300.png 86w, https:\/\/belladot.com\/wp-content\/uploads\/2019\/10\/Waterbased_Original100_rgb_ny_1806-2-294x1024.png 294w, https:\/\/belladot.com\/wp-content\/uploads\/2019\/10\/Waterbased_Original100_rgb_ny_1806-2-300x1045.png 300w, https:\/\/belladot.com\/wp-content\/uploads\/2019\/10\/Waterbased_Original100_rgb_ny_1806-2.png 475w\" sizes=\"auto, (max-width: 86px) 100vw, 86px\" \/><\/a><a href=\"http:\/\/belladot.com.loopiadns.com\/sv\/products\/original\/\"><img loading=\"lazy\" decoding=\"async\" class=\"alignnone wp-image-8261 size-medium\" src=\"http:\/\/belladot.com.loopiadns.com\/wp-content\/uploads\/2019\/10\/Silicone_Original100_rgb_ny_1806-2-86x300.png\" alt=\"Belladot glidmedel\" width=\"86\" height=\"300\" srcset=\"https:\/\/belladot.com\/wp-content\/uploads\/2019\/10\/Silicone_Original100_rgb_ny_1806-2-86x300.png 86w, https:\/\/belladot.com\/wp-content\/uploads\/2019\/10\/Silicone_Original100_rgb_ny_1806-2-294x1024.png 294w, https:\/\/belladot.com\/wp-content\/uploads\/2019\/10\/Silicone_Original100_rgb_ny_1806-2-300x1045.png 300w, https:\/\/belladot.com\/wp-content\/uploads\/2019\/10\/Silicone_Original100_rgb_ny_1806-2.png 475w\" sizes=\"auto, (max-width: 86px) 100vw, 86px\" \/><\/a><\/p>\n","protected":false},"excerpt":{"rendered":"<p>Vi rekommenderar Belladots silikon- eller vattenbaserade glidmedel f\u00f6r anv\u00e4ndning tillsammans med sexleksakerna. Om du vill anv\u00e4nda annat silikonbaserat glidmedel, prova f\u00f6rst p\u00e5 en liten yta. Anv\u00e4nd aldrig massageolja eller hudkr\u00e4m i st\u00e4llet f\u00f6r glidmedel. Om glidmedel kommer in i batterifacket kan det reagera med batterierna.<\/p>\n","protected":false},"author":4,"featured_media":0,"parent":14,"menu_order":2,"comment_status":"open","ping_status":"open","template":"","meta":{"_acf_changed":false,"footnotes":""},"class_list":["post-177","page","type-page","status-publish","hentry"],"acf":[],"yoast_head":"<!-- This site is optimized with the Yoast SEO plugin v27.1.1 - https:\/\/yoast.com\/product\/yoast-seo-wordpress\/ -->\n<title>Anv\u00e4ndning med glidmedel - Belladot<\/title>\n<meta name=\"robots\" content=\"index, follow, max-snippet:-1, max-image-preview:large, max-video-preview:-1\" \/>\n<link rel=\"canonical\" href=\"http:\/\/belladot.com\/sv\/skotsel-och-anvandning\/anvandning-med-glidmedel\/\" \/>\n<meta property=\"og:locale\" content=\"sv_SE\" \/>\n<meta property=\"og:type\" content=\"article\" \/>\n<meta property=\"og:title\" content=\"Anv\u00e4ndning med glidmedel - Belladot\" \/>\n<meta property=\"og:description\" content=\"Vi rekommenderar Belladots silikon- eller vattenbaserade glidmedel f\u00f6r anv\u00e4ndning tillsammans med sexleksakerna. Om du vill anv\u00e4nda annat silikonbaserat glidmedel, prova f\u00f6rst p\u00e5 en liten yta. Anv\u00e4nd aldrig massageolja eller hudkr\u00e4m i st\u00e4llet f\u00f6r glidmedel. Om glidmedel kommer in i batterifacket kan det reagera med batterierna.\" \/>\n<meta property=\"og:url\" content=\"http:\/\/belladot.com\/sv\/skotsel-och-anvandning\/anvandning-med-glidmedel\/\" \/>\n<meta property=\"og:site_name\" content=\"Belladot\" \/>\n<meta property=\"article:modified_time\" content=\"2019-10-06T21:18:44+00:00\" \/>\n<meta property=\"og:image\" content=\"http:\/\/belladot.com.loopiadns.com\/wp-content\/uploads\/2019\/10\/Waterbased_Original100_rgb_ny_1806-2-86x300.png\" \/>\n<script type=\"application\/ld+json\" class=\"yoast-schema-graph\">{\"@context\":\"https:\/\/schema.org\",\"@graph\":[{\"@type\":\"WebPage\",\"@id\":\"http:\/\/belladot.com\/sv\/skotsel-och-anvandning\/anvandning-med-glidmedel\/\",\"url\":\"http:\/\/belladot.com\/sv\/skotsel-och-anvandning\/anvandning-med-glidmedel\/\",\"name\":\"Anv\u00e4ndning med glidmedel - Belladot\",\"isPartOf\":{\"@id\":\"https:\/\/belladot.com\/#website\"},\"primaryImageOfPage\":{\"@id\":\"http:\/\/belladot.com\/sv\/skotsel-och-anvandning\/anvandning-med-glidmedel\/#primaryimage\"},\"image\":{\"@id\":\"http:\/\/belladot.com\/sv\/skotsel-och-anvandning\/anvandning-med-glidmedel\/#primaryimage\"},\"thumbnailUrl\":\"http:\/\/belladot.com.loopiadns.com\/wp-content\/uploads\/2019\/10\/Waterbased_Original100_rgb_ny_1806-2-86x300.png\",\"datePublished\":\"2012-11-16T12:53:05+00:00\",\"dateModified\":\"2019-10-06T21:18:44+00:00\",\"breadcrumb\":{\"@id\":\"http:\/\/belladot.com\/sv\/skotsel-och-anvandning\/anvandning-med-glidmedel\/#breadcrumb\"},\"inLanguage\":\"sv-SE\",\"potentialAction\":[{\"@type\":\"ReadAction\",\"target\":[\"http:\/\/belladot.com\/sv\/skotsel-och-anvandning\/anvandning-med-glidmedel\/\"]}]},{\"@type\":\"ImageObject\",\"inLanguage\":\"sv-SE\",\"@id\":\"http:\/\/belladot.com\/sv\/skotsel-och-anvandning\/anvandning-med-glidmedel\/#primaryimage\",\"url\":\"http:\/\/belladot.com.loopiadns.com\/wp-content\/uploads\/2019\/10\/Waterbased_Original100_rgb_ny_1806-2-86x300.png\",\"contentUrl\":\"http:\/\/belladot.com.loopiadns.com\/wp-content\/uploads\/2019\/10\/Waterbased_Original100_rgb_ny_1806-2-86x300.png\"},{\"@type\":\"BreadcrumbList\",\"@id\":\"http:\/\/belladot.com\/sv\/skotsel-och-anvandning\/anvandning-med-glidmedel\/#breadcrumb\",\"itemListElement\":[{\"@type\":\"ListItem\",\"position\":1,\"name\":\"Fr\u00e5gor och svar\",\"item\":\"https:\/\/belladot.com\/sv\/skotsel-och-anvandning\/\"},{\"@type\":\"ListItem\",\"position\":2,\"name\":\"Anv\u00e4ndning med glidmedel\"}]},{\"@type\":\"WebSite\",\"@id\":\"https:\/\/belladot.com\/#website\",\"url\":\"https:\/\/belladot.com\/\",\"name\":\"Belladot\",\"description\":\"\",\"potentialAction\":[{\"@type\":\"SearchAction\",\"target\":{\"@type\":\"EntryPoint\",\"urlTemplate\":\"https:\/\/belladot.com\/?s={search_term_string}\"},\"query-input\":{\"@type\":\"PropertyValueSpecification\",\"valueRequired\":true,\"valueName\":\"search_term_string\"}}],\"inLanguage\":\"sv-SE\"}]}<\/script>\n<!-- \/ Yoast SEO plugin. -->","yoast_head_json":{"title":"Anv\u00e4ndning med glidmedel - Belladot","robots":{"index":"index","follow":"follow","max-snippet":"max-snippet:-1","max-image-preview":"max-image-preview:large","max-video-preview":"max-video-preview:-1"},"canonical":"http:\/\/belladot.com\/sv\/skotsel-och-anvandning\/anvandning-med-glidmedel\/","og_locale":"sv_SE","og_type":"article","og_title":"Anv\u00e4ndning med glidmedel - Belladot","og_description":"Vi rekommenderar Belladots silikon- eller vattenbaserade glidmedel f\u00f6r anv\u00e4ndning tillsammans med sexleksakerna. Om du vill anv\u00e4nda annat silikonbaserat glidmedel, prova f\u00f6rst p\u00e5 en liten yta. Anv\u00e4nd aldrig massageolja eller hudkr\u00e4m i st\u00e4llet f\u00f6r glidmedel. Om glidmedel kommer in i batterifacket kan det reagera med batterierna.","og_url":"http:\/\/belladot.com\/sv\/skotsel-och-anvandning\/anvandning-med-glidmedel\/","og_site_name":"Belladot","article_modified_time":"2019-10-06T21:18:44+00:00","og_image":[{"url":"http:\/\/belladot.com.loopiadns.com\/wp-content\/uploads\/2019\/10\/Waterbased_Original100_rgb_ny_1806-2-86x300.png","type":"","width":"","height":""}],"schema":{"@context":"https:\/\/schema.org","@graph":[{"@type":"WebPage","@id":"http:\/\/belladot.com\/sv\/skotsel-och-anvandning\/anvandning-med-glidmedel\/","url":"http:\/\/belladot.com\/sv\/skotsel-och-anvandning\/anvandning-med-glidmedel\/","name":"Anv\u00e4ndning med glidmedel - Belladot","isPartOf":{"@id":"https:\/\/belladot.com\/#website"},"primaryImageOfPage":{"@id":"http:\/\/belladot.com\/sv\/skotsel-och-anvandning\/anvandning-med-glidmedel\/#primaryimage"},"image":{"@id":"http:\/\/belladot.com\/sv\/skotsel-och-anvandning\/anvandning-med-glidmedel\/#primaryimage"},"thumbnailUrl":"http:\/\/belladot.com.loopiadns.com\/wp-content\/uploads\/2019\/10\/Waterbased_Original100_rgb_ny_1806-2-86x300.png","datePublished":"2012-11-16T12:53:05+00:00","dateModified":"2019-10-06T21:18:44+00:00","breadcrumb":{"@id":"http:\/\/belladot.com\/sv\/skotsel-och-anvandning\/anvandning-med-glidmedel\/#breadcrumb"},"inLanguage":"sv-SE","potentialAction":[{"@type":"ReadAction","target":["http:\/\/belladot.com\/sv\/skotsel-och-anvandning\/anvandning-med-glidmedel\/"]}]},{"@type":"ImageObject","inLanguage":"sv-SE","@id":"http:\/\/belladot.com\/sv\/skotsel-och-anvandning\/anvandning-med-glidmedel\/#primaryimage","url":"http:\/\/belladot.com.loopiadns.com\/wp-content\/uploads\/2019\/10\/Waterbased_Original100_rgb_ny_1806-2-86x300.png","contentUrl":"http:\/\/belladot.com.loopiadns.com\/wp-content\/uploads\/2019\/10\/Waterbased_Original100_rgb_ny_1806-2-86x300.png"},{"@type":"BreadcrumbList","@id":"http:\/\/belladot.com\/sv\/skotsel-och-anvandning\/anvandning-med-glidmedel\/#breadcrumb","itemListElement":[{"@type":"ListItem","position":1,"name":"Fr\u00e5gor och svar","item":"https:\/\/belladot.com\/sv\/skotsel-och-anvandning\/"},{"@type":"ListItem","position":2,"name":"Anv\u00e4ndning med glidmedel"}]},{"@type":"WebSite","@id":"https:\/\/belladot.com\/#website","url":"https:\/\/belladot.com\/","name":"Belladot","description":"","potentialAction":[{"@type":"SearchAction","target":{"@type":"EntryPoint","urlTemplate":"https:\/\/belladot.com\/?s={search_term_string}"},"query-input":{"@type":"PropertyValueSpecification","valueRequired":true,"valueName":"search_term_string"}}],"inLanguage":"sv-SE"}]}},"_links":{"self":[{"href":"https:\/\/belladot.com\/sv\/wp-json\/wp\/v2\/pages\/177","targetHints":{"allow":["GET"]}}],"collection":[{"href":"https:\/\/belladot.com\/sv\/wp-json\/wp\/v2\/pages"}],"about":[{"href":"https:\/\/belladot.com\/sv\/wp-json\/wp\/v2\/types\/page"}],"author":[{"embeddable":true,"href":"https:\/\/belladot.com\/sv\/wp-json\/wp\/v2\/users\/4"}],"replies":[{"embeddable":true,"href":"https:\/\/belladot.com\/sv\/wp-json\/wp\/v2\/comments?post=177"}],"version-history":[{"count":0,"href":"https:\/\/belladot.com\/sv\/wp-json\/wp\/v2\/pages\/177\/revisions"}],"up":[{"embeddable":true,"href":"https:\/\/belladot.com\/sv\/wp-json\/wp\/v2\/pages\/14"}],"wp:attachment":[{"href":"https:\/\/belladot.com\/sv\/wp-json\/wp\/v2\/media?parent=177"}],"curies":[{"name":"wp","href":"https:\/\/api.w.org\/{rel}","templated":true}]}}