{"id":18,"date":"2012-11-09T10:15:43","date_gmt":"2012-11-09T09:15:43","guid":{"rendered":"http:\/\/belladot.com.loopiadns.com.loopiadns.com\/?page_id=18"},"modified":"2019-10-23T21:31:26","modified_gmt":"2019-10-23T19:31:26","slug":"om-belladot","status":"publish","type":"page","link":"https:\/\/belladot.com\/sv\/om-belladot\/","title":{"rendered":"Om Belladot"},"content":{"rendered":"<h1>Om Belladot och Best Friend Moments<\/h1>\n<p>Belladot \u00e4r ett innovativt varum\u00e4rke inom intimkategorin. Vi vill sprida leklusten i Norden och vara det sj\u00e4lvklara valet n\u00e4r man v\u00e4ljer intimprodukter. Produkterna \u00e4r framtagna tillsammans med en <a href=\"http:\/\/belladot.com.loopiadns.com\/sv\/sexologen-svarar\/\">sexolog<\/a> eftersom vi vill vara s\u00e4kra p\u00e5 att de fungerar p\u00e5 allra b\u00e4sta s\u00e4tt, ur alla aspekter.<\/p>\n<h3>Best Friend Moments<\/h3>\n<div class=\"page\" title=\"Page 1\">\n<div class=\"section\">\n<div class=\"layoutArea\">\n<div class=\"column\">\n<p>We believe in freedom and your ability to embrace yourself.<br \/>\nJoin us on a journey of discovery in exploring <em>Best Friend Moments.<\/em><br \/>\n&#8211; Like a picnic in the Swedish countryside.<\/p>\n<\/div>\n<\/div>\n<\/div>\n<\/div>\n<p>Vi tror p\u00e5 friheten och f\u00f6rm\u00e5gan hos varje individ att bejaka sig sj\u00e4lv f\u00f6r Best Friend Moments, genom att erbjuda r\u00e5d och produkter inom<br \/>\nintim egenv\u00e5rd. Lustfyllt, l\u00e4ttillg\u00e4ngligt och avdramatiserat<br \/>\n\u2013 som att ta sig ut p\u00e5 en picknick i den svenska naturen.<\/p>\n<h2>V\u00e5ra guidelines<\/h2>\n<h3>Kvalitet<\/h3>\n<p>Allt vi g\u00f6r genomsyras av kvalitet, f\u00f6ruts\u00e4gbarhet och s\u00e4kerhet. D\u00e4rf\u00f6r har vi kvalitetsledningssystemet 9001:2015 som \u00f6vervakar alla v\u00e5ra kritiska processer och s\u00e4kerst\u00e4ller att allt g\u00e5r r\u00e4tt till.<\/p>\n<h3>Utveckling<\/h3>\n<p>Belladot deltar i arbetet f\u00f6r en varaktig h\u00e5llbar utveckling. Vi efterstr\u00e4var att v\u00e5r milj\u00f6p\u00e5verkan alltid \u00e4r minsta m\u00f6jliga, exempelvis genom k\u00e4llsortering, effektiv distribution och att vi \u00e5teranv\u00e4nder emballage i flera led.<\/p>\n<p>Genom kontinuerliga bes\u00f6k hos v\u00e5ra leverant\u00f6rer, s\u00e5v\u00e4l v\u00e5ra europeiska som v\u00e5ra utomeuropeiska, f\u00f6rs\u00e4krar vi oss om att respektabla milj\u00f6- och s\u00e4kerhetskrav uppr\u00e4tth\u00e5lls, samt att fabrikerna inte anv\u00e4nder barnarbetare.<\/p>\n<h3>Milj\u00f6arbete<\/h3>\n<p>Vi har f\u00f6ljande riktlinjer f\u00f6r v\u00e5rt milj\u00f6arbete:<\/p>\n<ul>\n<li>Vi arbetar f\u00f6r att \u00f6ka kunskapen och h\u00f6ja medvetenheten kring milj\u00f6fr\u00e5gor inom f\u00f6retaget, genom att kontinuerligt diskutera och v\u00e4ga in milj\u00f6aspekter i v\u00e5ra arbetsuppgifter.<\/li>\n<li>Vi p\u00e5verkar, st\u00e4ller krav och samarbetar med andra f\u00f6retag, myndigheter och organisationer. Vi \u00e4r medlemmar i\u00a0<a href=\"http:\/\/www.elkretsen.se\/\" target=\"_blank\" rel=\"noopener noreferrer\">Elkretsen<\/a>\u00a0och\u00a0F\u00f6rpacknings- och tidningsinsamlingen, <a href=\"http:\/\/www.ftiab.se\/hushall.html\" target=\"_blank\" rel=\"noopener noreferrer\">FTI<\/a>.<\/li>\n<li>Vi har en p\u00e5g\u00e5ende dialog med v\u00e5ra kunder och leverant\u00f6rer ang\u00e5ende milj\u00f6aspekter, krav och milj\u00f6 t\u00e4nkande.<\/li>\n<li>Vi s\u00f6ker st\u00e4ndigt minimera de negativa effekterna p\u00e5 milj\u00f6n fr\u00e5n v\u00e5ra transporter och resor genom effektivisering och l\u00e4mpliga val av transportmedel.<\/li>\n<li>Vi \u00e5ker milj\u00f6bil och v\u00e4ljer alltid milj\u00f6v\u00e4nligaste br\u00e4nsle.<\/li>\n<li>Vi k\u00e4llsorterar avfall i enlighet med kommunens k\u00e4llsorteringsprogram.<\/li>\n<\/ul>\n<h3><\/h3>\n<p>&nbsp;<\/p>\n<h3>Reklamationer<\/h3>\n<p>Belladots sexleksaker och sexhj\u00e4lpmedel \u00e4r endast till f\u00f6r vuxna. Alla sexleksaker och hj\u00e4lpmedel som saluf\u00f6rs av Wellnex\u00a0AB omfattas av 1 \u00e5rs garanti. Sj\u00e4lvklart f\u00f6ljer vi svensk lagstiftning g\u00e4llande produkts\u00e4kerhet, konsumentk\u00f6plag mm. Om du uppt\u00e4cker ett fel som beror p\u00e5 tillverkning eller material och meddelar oss inom garantiperioden, ers\u00e4tter vi produkten kostnadsfritt.<\/p>\n<p>Garantin t\u00e4cker de delar som p\u00e5verkar produktens funktion. Den t\u00e4cker inte utseendem\u00e4ssiga f\u00f6r\u00e4ndringar som beror p\u00e5 tidens \u00e5verkan eller skador orsakade av felaktigt anv\u00e4ndande eller omh\u00e4ndertagande. Alla f\u00f6rs\u00f6k att ta is\u00e4r produkter eller tillbeh\u00f6r g\u00f6r garantin ogiltig.<\/p>\n<h3>Produkts\u00e4kerhet<\/h3>\n<p>V\u00e5ra leksaker\u00a0\u00e4r tillverkade i\u00a0b\u00e4sta t\u00e4nkbara\u00a0material f\u00f6r att kombinera egenskaper och prisv\u00e4rdhet. Det kan handla om:<\/p>\n<ul>\n<li>Silikon<\/li>\n<li>TPE &#8211; en gummiliknande plast, som \u00e4r lite mjukare \u00e4n silikon. TPE anv\u00e4nds i alla katetrar.<\/li>\n<li>ABS &#8211; en ofarlig h\u00e5rdplast, samma som eng\u00e5ngsbestick tillverkas av.<\/li>\n<\/ul>\n<p>Samtliga produkter \u00e4r fria fr\u00e5n ftalater. V\u00e5ra fabriker \u00e4r certifierade enligt ISO:9001:2015 och alla underleverant\u00f6rer har i sin tur certifierats.<\/p>\n<p>De flytande artiklarna \u00e4r tillverkade med b\u00e4sta t\u00e4nkbara r\u00e5varor. Vi vill helt enkelt ha v\u00e4ldigt v\u00e4ldigt bra produkter. De flesta av dem \u00e4r naturliga. Endast n\u00e4r det \u00e4r n\u00f6dv\u00e4ndigt anv\u00e4nds syntetiska r\u00e5varor.<\/p>\n<p>De flytande artiklarna tillverkas i Norden enligt <a href=\"http:\/\/sv.wikipedia.org\/wiki\/Good_Manufacturing_Practice\" target=\"_blank\" rel=\"noopener noreferrer\">Good Manufacturing Practice<\/a>, GMP och enligt standard: <a href=\"http:\/\/www.iso.org\/iso\/catalogue_detail?csnumber=36437\" target=\"_blank\" rel=\"noopener noreferrer\">ISO 22716:2007<\/a>. Fabriken har ocks\u00e5 tillst\u00e5nd att tillverka medicintekniska produkter, dvs v\u00e5ra <a title=\"Original vattenbaserad\" href=\"http:\/\/belladot.com.loopiadns.com\/sv\/products\/original-2\/\">glidmedel<\/a>\u00a0och \u00e4r certifierade enligt ISO 13485:2016.<\/p>\n<div class=\"gmail_default\">\n<h2>Belladot \u00e4r med och driver ISO-certifieringen globalt \u2013 f\u00f6r h\u00f6gre s\u00e4kerhetskrav i branschen<\/h2>\n<p>P\u00e5 Belladot har vi h\u00f6gt st\u00e4llda krav p\u00e5 b\u00e5de s\u00e4kerhet och kvalitet n\u00e4r vi tar fram v\u00e5ra produkter. Det \u00e4r den l\u00e5nga erfarenheten fr\u00e5n att utveckla medicintekniska produkter, och de krav som st\u00e4lls i samband med detta, som vi har med oss n\u00e4r vi tar fram sexleksaker. Men alla g\u00f6r inte som vi &#8211;\u00a0 branschen saknar kvalitetsstandard och det inneb\u00e4r en \u00f6kad risk f\u00f6r konsumenten. Det kan t ex handla om att design eller materialval inte ska riskera att skada anv\u00e4ndaren eller att man m\u00e5ste ha ett dokumenterat s\u00e4tt att hantera reklamationer och klagom\u00e5l. Nu \u00e4r vi med och driver standardiseringsarbetet globalt.<\/p>\n<p>Allt startade h\u00f6sten 2018 d\u00e5 Svenska Institutet f\u00f6r Standarder, <a href=\"https:\/\/www.sis.se\/\">SIS<\/a>, tillsammans med Belladot och en rad andra svenska intressenter p\u00e5b\u00f6rjade ett standardiseringsarbete som ska bidra till h\u00f6gre kvalitet och s\u00e4kerhet p\u00e5 sexleksaker. Flera andra l\u00e4nder tyckte att detta var ett bra initiativ och i september 2019 skapades den internationella gruppen \u201dISO\/PC 325 Sex toys \u2013 Design and safety requirements for products in direct contact with genitalia, the anus, or both\u201d. Sverige innehar b\u00e5de ordf\u00f6randeskapet och sekretariatet f\u00f6r denna grupp.<\/p>\n<p>L\u00e4s mer om arbetet <a href=\"https:\/\/www.sis.se\/standardutveckling\/tksidor\/tk600699\/sistk-612\/\">H\u00c4R<\/a><\/p>\n<\/div>\n<div>\n<div dir=\"ltr\" data-smartmail=\"gmail_signature\">\n<div dir=\"ltr\">\n<div>\n<div dir=\"ltr\">\n<div>\n<div dir=\"ltr\">\n<div>\n<div dir=\"ltr\">\n<div>\n<div dir=\"ltr\">\n<div>\n<div dir=\"ltr\">\n<div>\n<div dir=\"ltr\">\n<div>\n<div dir=\"ltr\">\n<div dir=\"ltr\">\n<div dir=\"ltr\">\n<div dir=\"ltr\">\n<div dir=\"ltr\">\n<div dir=\"ltr\">\n<div dir=\"ltr\">\n<div dir=\"ltr\">\n<div dir=\"ltr\">\n<div dir=\"ltr\">\n<div dir=\"ltr\">\n<div dir=\"ltr\">\n<div dir=\"ltr\">\n<div dir=\"ltr\">\n<div dir=\"ltr\">\n<div dir=\"ltr\">\n<div dir=\"ltr\"><\/div>\n<\/div>\n<\/div>\n<\/div>\n<\/div>\n<\/div>\n<\/div>\n<\/div>\n<\/div>\n<\/div>\n<\/div>\n<\/div>\n<\/div>\n<\/div>\n<\/div>\n<\/div>\n<\/div>\n<\/div>\n<\/div>\n<\/div>\n<\/div>\n<\/div>\n<\/div>\n<\/div>\n<\/div>\n<\/div>\n<\/div>\n<\/div>\n<\/div>\n<\/div>\n<\/div>\n<\/div>\n<\/div>\n","protected":false},"excerpt":{"rendered":"<p>Om Belladot och Best Friend Moments Belladot \u00e4r ett innovativt varum\u00e4rke inom intimkategorin. Vi vill sprida leklusten i Norden och vara det sj\u00e4lvklara valet n\u00e4r man v\u00e4ljer intimprodukter. Produkterna \u00e4r framtagna tillsammans med en sexolog eftersom vi vill vara s\u00e4kra p\u00e5 att de fungerar p\u00e5 allra b\u00e4sta s\u00e4tt, ur alla aspekter. Best Friend Moments We believe in freedom and your ability to embrace yourself. Join us on a journey of discovery in exploring Best Friend Moments. &#8211; Like a picnic in the Swedish countryside. Vi tror p\u00e5 friheten och f\u00f6rm\u00e5gan hos varje individ att bejaka sig sj\u00e4lv f\u00f6r Best Friend [&hellip;]<\/p>\n","protected":false},"author":4,"featured_media":0,"parent":0,"menu_order":0,"comment_status":"open","ping_status":"closed","template":"","meta":{"_acf_changed":false,"footnotes":""},"class_list":["post-18","page","type-page","status-publish","hentry"],"acf":[],"yoast_head":"<!-- This site is optimized with the Yoast SEO plugin v27.1.1 - https:\/\/yoast.com\/product\/yoast-seo-wordpress\/ -->\n<title>Om Belladot och Best Friend Moments<\/title>\n<meta name=\"description\" content=\"Belladot \u00e4r ett svenskt varum\u00e4rke som sprider leklusten i Norden. Vi vill vara det sj\u00e4lvklara valet n\u00e4r man v\u00e4ljer intimprodukter. L\u00e4s mer h\u00e4r.\" \/>\n<meta name=\"robots\" content=\"index, follow, max-snippet:-1, max-image-preview:large, max-video-preview:-1\" \/>\n<link rel=\"canonical\" href=\"https:\/\/belladot.com\/sv\/om-belladot\/\" \/>\n<meta property=\"og:locale\" content=\"sv_SE\" \/>\n<meta property=\"og:type\" content=\"article\" \/>\n<meta property=\"og:title\" content=\"Om Belladot och Best Friend Moments\" \/>\n<meta property=\"og:description\" content=\"Belladot \u00e4r ett svenskt varum\u00e4rke som sprider leklusten i Norden. Vi vill vara det sj\u00e4lvklara valet n\u00e4r man v\u00e4ljer intimprodukter. L\u00e4s mer h\u00e4r.\" \/>\n<meta property=\"og:url\" content=\"https:\/\/belladot.com\/sv\/om-belladot\/\" \/>\n<meta property=\"og:site_name\" content=\"Belladot\" \/>\n<meta property=\"article:modified_time\" content=\"2019-10-23T19:31:26+00:00\" \/>\n<meta name=\"twitter:label1\" content=\"Ber\u00e4knad l\u00e4stid\" \/>\n\t<meta name=\"twitter:data1\" content=\"5 minuter\" \/>\n<script type=\"application\/ld+json\" class=\"yoast-schema-graph\">{\"@context\":\"https:\/\/schema.org\",\"@graph\":[{\"@type\":\"WebPage\",\"@id\":\"https:\/\/belladot.com\/sv\/om-belladot\/\",\"url\":\"https:\/\/belladot.com\/sv\/om-belladot\/\",\"name\":\"Om Belladot och Best Friend Moments\",\"isPartOf\":{\"@id\":\"https:\/\/belladot.com\/#website\"},\"datePublished\":\"2012-11-09T09:15:43+00:00\",\"dateModified\":\"2019-10-23T19:31:26+00:00\",\"description\":\"Belladot \u00e4r ett svenskt varum\u00e4rke som sprider leklusten i Norden. Vi vill vara det sj\u00e4lvklara valet n\u00e4r man v\u00e4ljer intimprodukter. L\u00e4s mer h\u00e4r.\",\"inLanguage\":\"sv-SE\",\"potentialAction\":[{\"@type\":\"ReadAction\",\"target\":[\"https:\/\/belladot.com\/sv\/om-belladot\/\"]}]},{\"@type\":\"WebSite\",\"@id\":\"https:\/\/belladot.com\/#website\",\"url\":\"https:\/\/belladot.com\/\",\"name\":\"Belladot\",\"description\":\"\",\"potentialAction\":[{\"@type\":\"SearchAction\",\"target\":{\"@type\":\"EntryPoint\",\"urlTemplate\":\"https:\/\/belladot.com\/?s={search_term_string}\"},\"query-input\":{\"@type\":\"PropertyValueSpecification\",\"valueRequired\":true,\"valueName\":\"search_term_string\"}}],\"inLanguage\":\"sv-SE\"}]}<\/script>\n<!-- \/ Yoast SEO plugin. -->","yoast_head_json":{"title":"Om Belladot och Best Friend Moments","description":"Belladot \u00e4r ett svenskt varum\u00e4rke som sprider leklusten i Norden. Vi vill vara det sj\u00e4lvklara valet n\u00e4r man v\u00e4ljer intimprodukter. L\u00e4s mer h\u00e4r.","robots":{"index":"index","follow":"follow","max-snippet":"max-snippet:-1","max-image-preview":"max-image-preview:large","max-video-preview":"max-video-preview:-1"},"canonical":"https:\/\/belladot.com\/sv\/om-belladot\/","og_locale":"sv_SE","og_type":"article","og_title":"Om Belladot och Best Friend Moments","og_description":"Belladot \u00e4r ett svenskt varum\u00e4rke som sprider leklusten i Norden. Vi vill vara det sj\u00e4lvklara valet n\u00e4r man v\u00e4ljer intimprodukter. L\u00e4s mer h\u00e4r.","og_url":"https:\/\/belladot.com\/sv\/om-belladot\/","og_site_name":"Belladot","article_modified_time":"2019-10-23T19:31:26+00:00","twitter_misc":{"Ber\u00e4knad l\u00e4stid":"5 minuter"},"schema":{"@context":"https:\/\/schema.org","@graph":[{"@type":"WebPage","@id":"https:\/\/belladot.com\/sv\/om-belladot\/","url":"https:\/\/belladot.com\/sv\/om-belladot\/","name":"Om Belladot och Best Friend Moments","isPartOf":{"@id":"https:\/\/belladot.com\/#website"},"datePublished":"2012-11-09T09:15:43+00:00","dateModified":"2019-10-23T19:31:26+00:00","description":"Belladot \u00e4r ett svenskt varum\u00e4rke som sprider leklusten i Norden. Vi vill vara det sj\u00e4lvklara valet n\u00e4r man v\u00e4ljer intimprodukter. L\u00e4s mer h\u00e4r.","inLanguage":"sv-SE","potentialAction":[{"@type":"ReadAction","target":["https:\/\/belladot.com\/sv\/om-belladot\/"]}]},{"@type":"WebSite","@id":"https:\/\/belladot.com\/#website","url":"https:\/\/belladot.com\/","name":"Belladot","description":"","potentialAction":[{"@type":"SearchAction","target":{"@type":"EntryPoint","urlTemplate":"https:\/\/belladot.com\/?s={search_term_string}"},"query-input":{"@type":"PropertyValueSpecification","valueRequired":true,"valueName":"search_term_string"}}],"inLanguage":"sv-SE"}]}},"_links":{"self":[{"href":"https:\/\/belladot.com\/sv\/wp-json\/wp\/v2\/pages\/18","targetHints":{"allow":["GET"]}}],"collection":[{"href":"https:\/\/belladot.com\/sv\/wp-json\/wp\/v2\/pages"}],"about":[{"href":"https:\/\/belladot.com\/sv\/wp-json\/wp\/v2\/types\/page"}],"author":[{"embeddable":true,"href":"https:\/\/belladot.com\/sv\/wp-json\/wp\/v2\/users\/4"}],"replies":[{"embeddable":true,"href":"https:\/\/belladot.com\/sv\/wp-json\/wp\/v2\/comments?post=18"}],"version-history":[{"count":0,"href":"https:\/\/belladot.com\/sv\/wp-json\/wp\/v2\/pages\/18\/revisions"}],"wp:attachment":[{"href":"https:\/\/belladot.com\/sv\/wp-json\/wp\/v2\/media?parent=18"}],"curies":[{"name":"wp","href":"https:\/\/api.w.org\/{rel}","templated":true}]}}