{"id":181,"date":"2012-11-16T13:53:55","date_gmt":"2012-11-16T12:53:55","guid":{"rendered":"http:\/\/belladot.com.loopiadns.com.loopiadns.com\/?page_id=181"},"modified":"2019-10-06T21:25:56","modified_gmt":"2019-10-06T19:25:56","slug":"forvaring","status":"publish","type":"page","link":"https:\/\/belladot.com\/sv\/skotsel-och-anvandning\/forvaring\/","title":{"rendered":"F\u00f6rvaring"},"content":{"rendered":"<p>Efter anv\u00e4ndning b\u00f6r du plocka ur batterierna. D\u00e5 h\u00e5lls vibratorn i allra b\u00e4sta skick. F\u00f6rvara alltid din Belladot i den medf\u00f6ljande p\u00e5sen.<\/p>\n<p>H\u00e5ll produkten ren och torr. Fukt kan skada batterier och motor. F\u00f6rvara den separat fr\u00e5n andra produkter. Olika material har olika kemiska egenskaper och kan reagera med varandra.<\/p>\n<p>L\u00e5t vibratorn svalna innan du f\u00f6rvarar den p\u00e5 en s\u00e4ker plats. Vibratorer \u00e4r elektriska apparater och de kan bli varma vid anv\u00e4ndning.<\/p>\n<p><img loading=\"lazy\" decoding=\"async\" class=\"alignnone size-medium wp-image-8228\" src=\"http:\/\/belladot.com.loopiadns.com\/wp-content\/uploads\/2019\/10\/Ester_Greta_Britt_pouch-177x300.png\" alt=\"Belladot p\u00e5se\" width=\"177\" height=\"300\" srcset=\"https:\/\/belladot.com\/wp-content\/uploads\/2019\/10\/Ester_Greta_Britt_pouch-177x300.png 177w, https:\/\/belladot.com\/wp-content\/uploads\/2019\/10\/Ester_Greta_Britt_pouch-300x508.png 300w, https:\/\/belladot.com\/wp-content\/uploads\/2019\/10\/Ester_Greta_Britt_pouch.png 406w\" sizes=\"auto, (max-width: 177px) 100vw, 177px\" \/><\/p>\n","protected":false},"excerpt":{"rendered":"<p>Efter anv\u00e4ndning b\u00f6r du plocka ur batterierna. D\u00e5 h\u00e5lls vibratorn i allra b\u00e4sta skick. F\u00f6rvara alltid din Belladot i den medf\u00f6ljande p\u00e5sen. H\u00e5ll produkten ren och torr. Fukt kan skada batterier och motor. F\u00f6rvara den separat fr\u00e5n andra produkter. Olika material har olika kemiska egenskaper och kan reagera med varandra. L\u00e5t vibratorn svalna innan du f\u00f6rvarar den p\u00e5 en s\u00e4ker plats. Vibratorer \u00e4r elektriska apparater och de kan bli varma vid anv\u00e4ndning.<\/p>\n","protected":false},"author":4,"featured_media":0,"parent":14,"menu_order":4,"comment_status":"open","ping_status":"open","template":"","meta":{"_acf_changed":false,"footnotes":""},"class_list":["post-181","page","type-page","status-publish","hentry"],"acf":[],"yoast_head":"<!-- This site is optimized with the Yoast SEO plugin v27.1.1 - https:\/\/yoast.com\/product\/yoast-seo-wordpress\/ -->\n<title>F\u00f6rvaring - Belladot<\/title>\n<meta name=\"robots\" content=\"index, follow, max-snippet:-1, max-image-preview:large, max-video-preview:-1\" \/>\n<link rel=\"canonical\" href=\"http:\/\/belladot.com\/sv\/skotsel-och-anvandning\/forvaring\/\" \/>\n<meta property=\"og:locale\" content=\"sv_SE\" \/>\n<meta property=\"og:type\" content=\"article\" \/>\n<meta property=\"og:title\" content=\"F\u00f6rvaring - Belladot\" \/>\n<meta property=\"og:description\" content=\"Efter anv\u00e4ndning b\u00f6r du plocka ur batterierna. D\u00e5 h\u00e5lls vibratorn i allra b\u00e4sta skick. F\u00f6rvara alltid din Belladot i den medf\u00f6ljande p\u00e5sen. H\u00e5ll produkten ren och torr. Fukt kan skada batterier och motor. F\u00f6rvara den separat fr\u00e5n andra produkter. Olika material har olika kemiska egenskaper och kan reagera med varandra. L\u00e5t vibratorn svalna innan du f\u00f6rvarar den p\u00e5 en s\u00e4ker plats. Vibratorer \u00e4r elektriska apparater och de kan bli varma vid anv\u00e4ndning.\" \/>\n<meta property=\"og:url\" content=\"http:\/\/belladot.com\/sv\/skotsel-och-anvandning\/forvaring\/\" \/>\n<meta property=\"og:site_name\" content=\"Belladot\" \/>\n<meta property=\"article:modified_time\" content=\"2019-10-06T19:25:56+00:00\" \/>\n<meta property=\"og:image\" content=\"http:\/\/belladot.com.loopiadns.com\/wp-content\/uploads\/2019\/10\/Ester_Greta_Britt_pouch-177x300.png\" \/>\n<script type=\"application\/ld+json\" class=\"yoast-schema-graph\">{\"@context\":\"https:\/\/schema.org\",\"@graph\":[{\"@type\":\"WebPage\",\"@id\":\"http:\/\/belladot.com\/sv\/skotsel-och-anvandning\/forvaring\/\",\"url\":\"http:\/\/belladot.com\/sv\/skotsel-och-anvandning\/forvaring\/\",\"name\":\"F\u00f6rvaring - Belladot\",\"isPartOf\":{\"@id\":\"https:\/\/belladot.com\/#website\"},\"primaryImageOfPage\":{\"@id\":\"http:\/\/belladot.com\/sv\/skotsel-och-anvandning\/forvaring\/#primaryimage\"},\"image\":{\"@id\":\"http:\/\/belladot.com\/sv\/skotsel-och-anvandning\/forvaring\/#primaryimage\"},\"thumbnailUrl\":\"http:\/\/belladot.com.loopiadns.com\/wp-content\/uploads\/2019\/10\/Ester_Greta_Britt_pouch-177x300.png\",\"datePublished\":\"2012-11-16T12:53:55+00:00\",\"dateModified\":\"2019-10-06T19:25:56+00:00\",\"breadcrumb\":{\"@id\":\"http:\/\/belladot.com\/sv\/skotsel-och-anvandning\/forvaring\/#breadcrumb\"},\"inLanguage\":\"sv-SE\",\"potentialAction\":[{\"@type\":\"ReadAction\",\"target\":[\"http:\/\/belladot.com\/sv\/skotsel-och-anvandning\/forvaring\/\"]}]},{\"@type\":\"ImageObject\",\"inLanguage\":\"sv-SE\",\"@id\":\"http:\/\/belladot.com\/sv\/skotsel-och-anvandning\/forvaring\/#primaryimage\",\"url\":\"http:\/\/belladot.com.loopiadns.com\/wp-content\/uploads\/2019\/10\/Ester_Greta_Britt_pouch-177x300.png\",\"contentUrl\":\"http:\/\/belladot.com.loopiadns.com\/wp-content\/uploads\/2019\/10\/Ester_Greta_Britt_pouch-177x300.png\"},{\"@type\":\"BreadcrumbList\",\"@id\":\"http:\/\/belladot.com\/sv\/skotsel-och-anvandning\/forvaring\/#breadcrumb\",\"itemListElement\":[{\"@type\":\"ListItem\",\"position\":1,\"name\":\"Fr\u00e5gor och svar\",\"item\":\"https:\/\/belladot.com\/sv\/skotsel-och-anvandning\/\"},{\"@type\":\"ListItem\",\"position\":2,\"name\":\"F\u00f6rvaring\"}]},{\"@type\":\"WebSite\",\"@id\":\"https:\/\/belladot.com\/#website\",\"url\":\"https:\/\/belladot.com\/\",\"name\":\"Belladot\",\"description\":\"\",\"potentialAction\":[{\"@type\":\"SearchAction\",\"target\":{\"@type\":\"EntryPoint\",\"urlTemplate\":\"https:\/\/belladot.com\/?s={search_term_string}\"},\"query-input\":{\"@type\":\"PropertyValueSpecification\",\"valueRequired\":true,\"valueName\":\"search_term_string\"}}],\"inLanguage\":\"sv-SE\"}]}<\/script>\n<!-- \/ Yoast SEO plugin. -->","yoast_head_json":{"title":"F\u00f6rvaring - Belladot","robots":{"index":"index","follow":"follow","max-snippet":"max-snippet:-1","max-image-preview":"max-image-preview:large","max-video-preview":"max-video-preview:-1"},"canonical":"http:\/\/belladot.com\/sv\/skotsel-och-anvandning\/forvaring\/","og_locale":"sv_SE","og_type":"article","og_title":"F\u00f6rvaring - Belladot","og_description":"Efter anv\u00e4ndning b\u00f6r du plocka ur batterierna. D\u00e5 h\u00e5lls vibratorn i allra b\u00e4sta skick. F\u00f6rvara alltid din Belladot i den medf\u00f6ljande p\u00e5sen. H\u00e5ll produkten ren och torr. Fukt kan skada batterier och motor. F\u00f6rvara den separat fr\u00e5n andra produkter. Olika material har olika kemiska egenskaper och kan reagera med varandra. L\u00e5t vibratorn svalna innan du f\u00f6rvarar den p\u00e5 en s\u00e4ker plats. Vibratorer \u00e4r elektriska apparater och de kan bli varma vid anv\u00e4ndning.","og_url":"http:\/\/belladot.com\/sv\/skotsel-och-anvandning\/forvaring\/","og_site_name":"Belladot","article_modified_time":"2019-10-06T19:25:56+00:00","og_image":[{"url":"http:\/\/belladot.com.loopiadns.com\/wp-content\/uploads\/2019\/10\/Ester_Greta_Britt_pouch-177x300.png","type":"","width":"","height":""}],"schema":{"@context":"https:\/\/schema.org","@graph":[{"@type":"WebPage","@id":"http:\/\/belladot.com\/sv\/skotsel-och-anvandning\/forvaring\/","url":"http:\/\/belladot.com\/sv\/skotsel-och-anvandning\/forvaring\/","name":"F\u00f6rvaring - Belladot","isPartOf":{"@id":"https:\/\/belladot.com\/#website"},"primaryImageOfPage":{"@id":"http:\/\/belladot.com\/sv\/skotsel-och-anvandning\/forvaring\/#primaryimage"},"image":{"@id":"http:\/\/belladot.com\/sv\/skotsel-och-anvandning\/forvaring\/#primaryimage"},"thumbnailUrl":"http:\/\/belladot.com.loopiadns.com\/wp-content\/uploads\/2019\/10\/Ester_Greta_Britt_pouch-177x300.png","datePublished":"2012-11-16T12:53:55+00:00","dateModified":"2019-10-06T19:25:56+00:00","breadcrumb":{"@id":"http:\/\/belladot.com\/sv\/skotsel-och-anvandning\/forvaring\/#breadcrumb"},"inLanguage":"sv-SE","potentialAction":[{"@type":"ReadAction","target":["http:\/\/belladot.com\/sv\/skotsel-och-anvandning\/forvaring\/"]}]},{"@type":"ImageObject","inLanguage":"sv-SE","@id":"http:\/\/belladot.com\/sv\/skotsel-och-anvandning\/forvaring\/#primaryimage","url":"http:\/\/belladot.com.loopiadns.com\/wp-content\/uploads\/2019\/10\/Ester_Greta_Britt_pouch-177x300.png","contentUrl":"http:\/\/belladot.com.loopiadns.com\/wp-content\/uploads\/2019\/10\/Ester_Greta_Britt_pouch-177x300.png"},{"@type":"BreadcrumbList","@id":"http:\/\/belladot.com\/sv\/skotsel-och-anvandning\/forvaring\/#breadcrumb","itemListElement":[{"@type":"ListItem","position":1,"name":"Fr\u00e5gor och svar","item":"https:\/\/belladot.com\/sv\/skotsel-och-anvandning\/"},{"@type":"ListItem","position":2,"name":"F\u00f6rvaring"}]},{"@type":"WebSite","@id":"https:\/\/belladot.com\/#website","url":"https:\/\/belladot.com\/","name":"Belladot","description":"","potentialAction":[{"@type":"SearchAction","target":{"@type":"EntryPoint","urlTemplate":"https:\/\/belladot.com\/?s={search_term_string}"},"query-input":{"@type":"PropertyValueSpecification","valueRequired":true,"valueName":"search_term_string"}}],"inLanguage":"sv-SE"}]}},"_links":{"self":[{"href":"https:\/\/belladot.com\/sv\/wp-json\/wp\/v2\/pages\/181","targetHints":{"allow":["GET"]}}],"collection":[{"href":"https:\/\/belladot.com\/sv\/wp-json\/wp\/v2\/pages"}],"about":[{"href":"https:\/\/belladot.com\/sv\/wp-json\/wp\/v2\/types\/page"}],"author":[{"embeddable":true,"href":"https:\/\/belladot.com\/sv\/wp-json\/wp\/v2\/users\/4"}],"replies":[{"embeddable":true,"href":"https:\/\/belladot.com\/sv\/wp-json\/wp\/v2\/comments?post=181"}],"version-history":[{"count":0,"href":"https:\/\/belladot.com\/sv\/wp-json\/wp\/v2\/pages\/181\/revisions"}],"up":[{"embeddable":true,"href":"https:\/\/belladot.com\/sv\/wp-json\/wp\/v2\/pages\/14"}],"wp:attachment":[{"href":"https:\/\/belladot.com\/sv\/wp-json\/wp\/v2\/media?parent=181"}],"curies":[{"name":"wp","href":"https:\/\/api.w.org\/{rel}","templated":true}]}}