{"id":183,"date":"2012-11-16T13:54:20","date_gmt":"2012-11-16T12:54:20","guid":{"rendered":"http:\/\/belladot.com.loopiadns.com.loopiadns.com\/?page_id=183"},"modified":"2019-10-14T11:16:08","modified_gmt":"2019-10-14T09:16:08","slug":"batterier","status":"publish","type":"page","link":"https:\/\/belladot.com\/sv\/skotsel-och-anvandning\/batterier\/","title":{"rendered":"Batterier"},"content":{"rendered":"<p>H\u00e4r f\u00f6ljer en enkel checklista f\u00f6r batterierna!<\/p>\n<ol>\n<li>Batterierna m\u00e5ste s\u00e4ttas in med polerna \u00e5t r\u00e4tt h\u00e5ll (+\/-).<\/li>\n<li>Tag ur batterierna n\u00e4r produkten inte anv\u00e4nds.<\/li>\n<li>Anslutningspunkterna f\u00e5r inte kortslutas, dvs. koppla inte ihop punkterna med metallsaker.<\/li>\n<li>Anv\u00e4nd endast rekommenderade alkaliska batterier. Andra batterityper ger dig en s\u00e4mre upplevelse.\u00a0Vissa av detaljhandelskedjorna har egna m\u00e4rkesbatterier. Dessa \u00e4r ofta lite tjockare och medf\u00f6r ibland att batterierna inte f\u00e5r kontakt.<\/li>\n<li>Anv\u00e4nd endast apparaten n\u00e4r den \u00e4r ihopsatt enligt instruktionerna.<\/li>\n<li>Blanda inte nya och anv\u00e4nda batterier.<\/li>\n<\/ol>\n","protected":false},"excerpt":{"rendered":"<p>H\u00e4r f\u00f6ljer en enkel checklista f\u00f6r batterierna! Batterierna m\u00e5ste s\u00e4ttas in med polerna \u00e5t r\u00e4tt h\u00e5ll (+\/-). Tag ur batterierna n\u00e4r produkten inte anv\u00e4nds. Anslutningspunkterna f\u00e5r inte kortslutas, dvs. koppla inte ihop punkterna med metallsaker. Anv\u00e4nd endast rekommenderade alkaliska batterier. Andra batterityper ger dig en s\u00e4mre upplevelse.\u00a0Vissa av detaljhandelskedjorna har egna m\u00e4rkesbatterier. Dessa \u00e4r ofta lite tjockare och medf\u00f6r ibland att batterierna inte f\u00e5r kontakt. Anv\u00e4nd endast apparaten n\u00e4r den \u00e4r ihopsatt enligt instruktionerna. Blanda inte nya och anv\u00e4nda batterier.<\/p>\n","protected":false},"author":4,"featured_media":0,"parent":14,"menu_order":4,"comment_status":"open","ping_status":"open","template":"","meta":{"_acf_changed":false,"footnotes":""},"class_list":["post-183","page","type-page","status-publish","hentry"],"acf":[],"yoast_head":"<!-- This site is optimized with the Yoast SEO plugin v27.1.1 - https:\/\/yoast.com\/product\/yoast-seo-wordpress\/ -->\n<title>Batterier - Belladot<\/title>\n<meta name=\"robots\" content=\"index, follow, max-snippet:-1, max-image-preview:large, max-video-preview:-1\" \/>\n<link rel=\"canonical\" href=\"http:\/\/belladot.com\/sv\/skotsel-och-anvandning\/batterier\/\" \/>\n<meta property=\"og:locale\" content=\"sv_SE\" \/>\n<meta property=\"og:type\" content=\"article\" \/>\n<meta property=\"og:title\" content=\"Batterier - Belladot\" \/>\n<meta property=\"og:description\" content=\"H\u00e4r f\u00f6ljer en enkel checklista f\u00f6r batterierna! Batterierna m\u00e5ste s\u00e4ttas in med polerna \u00e5t r\u00e4tt h\u00e5ll (+\/-). Tag ur batterierna n\u00e4r produkten inte anv\u00e4nds. Anslutningspunkterna f\u00e5r inte kortslutas, dvs. koppla inte ihop punkterna med metallsaker. Anv\u00e4nd endast rekommenderade alkaliska batterier. Andra batterityper ger dig en s\u00e4mre upplevelse.\u00a0Vissa av detaljhandelskedjorna har egna m\u00e4rkesbatterier. Dessa \u00e4r ofta lite tjockare och medf\u00f6r ibland att batterierna inte f\u00e5r kontakt. Anv\u00e4nd endast apparaten n\u00e4r den \u00e4r ihopsatt enligt instruktionerna. Blanda inte nya och anv\u00e4nda batterier.\" \/>\n<meta property=\"og:url\" content=\"http:\/\/belladot.com\/sv\/skotsel-och-anvandning\/batterier\/\" \/>\n<meta property=\"og:site_name\" content=\"Belladot\" \/>\n<meta property=\"article:modified_time\" content=\"2019-10-14T09:16:08+00:00\" \/>\n<script type=\"application\/ld+json\" class=\"yoast-schema-graph\">{\"@context\":\"https:\/\/schema.org\",\"@graph\":[{\"@type\":\"WebPage\",\"@id\":\"http:\/\/belladot.com\/sv\/skotsel-och-anvandning\/batterier\/\",\"url\":\"http:\/\/belladot.com\/sv\/skotsel-och-anvandning\/batterier\/\",\"name\":\"Batterier - Belladot\",\"isPartOf\":{\"@id\":\"https:\/\/belladot.com\/#website\"},\"datePublished\":\"2012-11-16T12:54:20+00:00\",\"dateModified\":\"2019-10-14T09:16:08+00:00\",\"breadcrumb\":{\"@id\":\"http:\/\/belladot.com\/sv\/skotsel-och-anvandning\/batterier\/#breadcrumb\"},\"inLanguage\":\"sv-SE\",\"potentialAction\":[{\"@type\":\"ReadAction\",\"target\":[\"http:\/\/belladot.com\/sv\/skotsel-och-anvandning\/batterier\/\"]}]},{\"@type\":\"BreadcrumbList\",\"@id\":\"http:\/\/belladot.com\/sv\/skotsel-och-anvandning\/batterier\/#breadcrumb\",\"itemListElement\":[{\"@type\":\"ListItem\",\"position\":1,\"name\":\"Fr\u00e5gor och svar\",\"item\":\"https:\/\/belladot.com\/sv\/skotsel-och-anvandning\/\"},{\"@type\":\"ListItem\",\"position\":2,\"name\":\"Batterier\"}]},{\"@type\":\"WebSite\",\"@id\":\"https:\/\/belladot.com\/#website\",\"url\":\"https:\/\/belladot.com\/\",\"name\":\"Belladot\",\"description\":\"\",\"potentialAction\":[{\"@type\":\"SearchAction\",\"target\":{\"@type\":\"EntryPoint\",\"urlTemplate\":\"https:\/\/belladot.com\/?s={search_term_string}\"},\"query-input\":{\"@type\":\"PropertyValueSpecification\",\"valueRequired\":true,\"valueName\":\"search_term_string\"}}],\"inLanguage\":\"sv-SE\"}]}<\/script>\n<!-- \/ Yoast SEO plugin. -->","yoast_head_json":{"title":"Batterier - Belladot","robots":{"index":"index","follow":"follow","max-snippet":"max-snippet:-1","max-image-preview":"max-image-preview:large","max-video-preview":"max-video-preview:-1"},"canonical":"http:\/\/belladot.com\/sv\/skotsel-och-anvandning\/batterier\/","og_locale":"sv_SE","og_type":"article","og_title":"Batterier - Belladot","og_description":"H\u00e4r f\u00f6ljer en enkel checklista f\u00f6r batterierna! Batterierna m\u00e5ste s\u00e4ttas in med polerna \u00e5t r\u00e4tt h\u00e5ll (+\/-). Tag ur batterierna n\u00e4r produkten inte anv\u00e4nds. Anslutningspunkterna f\u00e5r inte kortslutas, dvs. koppla inte ihop punkterna med metallsaker. Anv\u00e4nd endast rekommenderade alkaliska batterier. Andra batterityper ger dig en s\u00e4mre upplevelse.\u00a0Vissa av detaljhandelskedjorna har egna m\u00e4rkesbatterier. Dessa \u00e4r ofta lite tjockare och medf\u00f6r ibland att batterierna inte f\u00e5r kontakt. Anv\u00e4nd endast apparaten n\u00e4r den \u00e4r ihopsatt enligt instruktionerna. Blanda inte nya och anv\u00e4nda batterier.","og_url":"http:\/\/belladot.com\/sv\/skotsel-och-anvandning\/batterier\/","og_site_name":"Belladot","article_modified_time":"2019-10-14T09:16:08+00:00","schema":{"@context":"https:\/\/schema.org","@graph":[{"@type":"WebPage","@id":"http:\/\/belladot.com\/sv\/skotsel-och-anvandning\/batterier\/","url":"http:\/\/belladot.com\/sv\/skotsel-och-anvandning\/batterier\/","name":"Batterier - Belladot","isPartOf":{"@id":"https:\/\/belladot.com\/#website"},"datePublished":"2012-11-16T12:54:20+00:00","dateModified":"2019-10-14T09:16:08+00:00","breadcrumb":{"@id":"http:\/\/belladot.com\/sv\/skotsel-och-anvandning\/batterier\/#breadcrumb"},"inLanguage":"sv-SE","potentialAction":[{"@type":"ReadAction","target":["http:\/\/belladot.com\/sv\/skotsel-och-anvandning\/batterier\/"]}]},{"@type":"BreadcrumbList","@id":"http:\/\/belladot.com\/sv\/skotsel-och-anvandning\/batterier\/#breadcrumb","itemListElement":[{"@type":"ListItem","position":1,"name":"Fr\u00e5gor och svar","item":"https:\/\/belladot.com\/sv\/skotsel-och-anvandning\/"},{"@type":"ListItem","position":2,"name":"Batterier"}]},{"@type":"WebSite","@id":"https:\/\/belladot.com\/#website","url":"https:\/\/belladot.com\/","name":"Belladot","description":"","potentialAction":[{"@type":"SearchAction","target":{"@type":"EntryPoint","urlTemplate":"https:\/\/belladot.com\/?s={search_term_string}"},"query-input":{"@type":"PropertyValueSpecification","valueRequired":true,"valueName":"search_term_string"}}],"inLanguage":"sv-SE"}]}},"_links":{"self":[{"href":"https:\/\/belladot.com\/sv\/wp-json\/wp\/v2\/pages\/183","targetHints":{"allow":["GET"]}}],"collection":[{"href":"https:\/\/belladot.com\/sv\/wp-json\/wp\/v2\/pages"}],"about":[{"href":"https:\/\/belladot.com\/sv\/wp-json\/wp\/v2\/types\/page"}],"author":[{"embeddable":true,"href":"https:\/\/belladot.com\/sv\/wp-json\/wp\/v2\/users\/4"}],"replies":[{"embeddable":true,"href":"https:\/\/belladot.com\/sv\/wp-json\/wp\/v2\/comments?post=183"}],"version-history":[{"count":0,"href":"https:\/\/belladot.com\/sv\/wp-json\/wp\/v2\/pages\/183\/revisions"}],"up":[{"embeddable":true,"href":"https:\/\/belladot.com\/sv\/wp-json\/wp\/v2\/pages\/14"}],"wp:attachment":[{"href":"https:\/\/belladot.com\/sv\/wp-json\/wp\/v2\/media?parent=183"}],"curies":[{"name":"wp","href":"https:\/\/api.w.org\/{rel}","templated":true}]}}