{"id":2549,"date":"2013-08-29T11:15:53","date_gmt":"2013-08-29T09:15:53","guid":{"rendered":"http:\/\/belladot.com.loopiadns.com.loopiadns.com\/?page_id=2549"},"modified":"2021-10-14T23:15:26","modified_gmt":"2021-10-14T21:15:26","slug":"sexologen-svarar","status":"publish","type":"page","link":"https:\/\/belladot.com\/sv\/sexologen-svarar\/","title":{"rendered":"Sexologen svarar"},"content":{"rendered":"<h3 style=\"text-align: left;\">Sexologen svarar p\u00e5 dina fr\u00e5gor<\/h3>\n<p style=\"text-align: left;\">H\u00e4r under &#8221;sexologen svarar&#8221; f\u00e5r du hj\u00e4lp. Belladots sexolog svarar p\u00e5 dina fr\u00e5gor som r\u00f6r lust, relationer och intimitet.<\/p>\n<p style=\"text-align: left;\">M\u00e5nga relevanta \u00e4mnen och r\u00e5d finner du i v\u00e4nstermenyn.<\/p>\n<p>F\u00f6r mer fr\u00e5gor och svar kring v\u00e5ra produkter klicka <a href=\"http:\/\/belladot.com.loopiadns.com\/sv\/skotsel-och-anvandning\/\">H\u00c4R<\/a><\/p>\n<p>&nbsp;<\/p>\n<p>&nbsp;<\/p>\n","protected":false},"excerpt":{"rendered":"<p>Sexologen svarar p\u00e5 dina fr\u00e5gor H\u00e4r under &#8221;sexologen svarar&#8221; f\u00e5r du hj\u00e4lp. Belladots sexolog svarar p\u00e5 dina fr\u00e5gor som r\u00f6r lust, relationer och intimitet. M\u00e5nga relevanta \u00e4mnen och r\u00e5d finner du i v\u00e4nstermenyn. F\u00f6r mer fr\u00e5gor och svar kring v\u00e5ra produkter klicka H\u00c4R &nbsp; &nbsp;<\/p>\n","protected":false},"author":4,"featured_media":0,"parent":0,"menu_order":0,"comment_status":"open","ping_status":"open","template":"","meta":{"_acf_changed":false,"footnotes":""},"class_list":["post-2549","page","type-page","status-publish","hentry"],"acf":[],"yoast_head":"<!-- This site is optimized with the Yoast SEO plugin v27.1.1 - https:\/\/yoast.com\/product\/yoast-seo-wordpress\/ -->\n<title>Sexologen svarar - Belladot<\/title>\n<meta name=\"description\" content=\"H\u00e4r under &quot;sexologen svarar&quot; f\u00e5r du hj\u00e4lp. Belladots sexolog Sylvia Lid\u00e9n Nordlund svarar p\u00e5 dina fr\u00e5gor som r\u00f6r lust, relationer och intimitet. Anonymt!\" \/>\n<meta name=\"robots\" content=\"index, follow, max-snippet:-1, max-image-preview:large, max-video-preview:-1\" \/>\n<link rel=\"canonical\" href=\"https:\/\/belladot.com\/sv\/sexologen-svarar\/\" \/>\n<meta property=\"og:locale\" content=\"sv_SE\" \/>\n<meta property=\"og:type\" content=\"article\" \/>\n<meta property=\"og:title\" content=\"Sexologen svarar - Belladot\" \/>\n<meta property=\"og:description\" content=\"H\u00e4r under &quot;sexologen svarar&quot; f\u00e5r du hj\u00e4lp. Belladots sexolog Sylvia Lid\u00e9n Nordlund svarar p\u00e5 dina fr\u00e5gor som r\u00f6r lust, relationer och intimitet. Anonymt!\" \/>\n<meta property=\"og:url\" content=\"https:\/\/belladot.com\/sv\/sexologen-svarar\/\" \/>\n<meta property=\"og:site_name\" content=\"Belladot\" \/>\n<meta property=\"article:modified_time\" content=\"2021-10-14T21:15:26+00:00\" \/>\n<meta name=\"twitter:label1\" content=\"Ber\u00e4knad l\u00e4stid\" \/>\n\t<meta name=\"twitter:data1\" content=\"1 minut\" \/>\n<script type=\"application\/ld+json\" class=\"yoast-schema-graph\">{\"@context\":\"https:\/\/schema.org\",\"@graph\":[{\"@type\":\"WebPage\",\"@id\":\"https:\/\/belladot.com\/sv\/sexologen-svarar\/\",\"url\":\"https:\/\/belladot.com\/sv\/sexologen-svarar\/\",\"name\":\"Sexologen svarar - Belladot\",\"isPartOf\":{\"@id\":\"https:\/\/belladot.com\/#website\"},\"datePublished\":\"2013-08-29T09:15:53+00:00\",\"dateModified\":\"2021-10-14T21:15:26+00:00\",\"description\":\"H\u00e4r under \\\"sexologen svarar\\\" f\u00e5r du hj\u00e4lp. Belladots sexolog Sylvia Lid\u00e9n Nordlund svarar p\u00e5 dina fr\u00e5gor som r\u00f6r lust, relationer och intimitet. Anonymt!\",\"inLanguage\":\"sv-SE\",\"potentialAction\":[{\"@type\":\"ReadAction\",\"target\":[\"https:\/\/belladot.com\/sv\/sexologen-svarar\/\"]}]},{\"@type\":\"WebSite\",\"@id\":\"https:\/\/belladot.com\/#website\",\"url\":\"https:\/\/belladot.com\/\",\"name\":\"Belladot\",\"description\":\"\",\"potentialAction\":[{\"@type\":\"SearchAction\",\"target\":{\"@type\":\"EntryPoint\",\"urlTemplate\":\"https:\/\/belladot.com\/?s={search_term_string}\"},\"query-input\":{\"@type\":\"PropertyValueSpecification\",\"valueRequired\":true,\"valueName\":\"search_term_string\"}}],\"inLanguage\":\"sv-SE\"}]}<\/script>\n<!-- \/ Yoast SEO plugin. -->","yoast_head_json":{"title":"Sexologen svarar - Belladot","description":"H\u00e4r under \"sexologen svarar\" f\u00e5r du hj\u00e4lp. Belladots sexolog Sylvia Lid\u00e9n Nordlund svarar p\u00e5 dina fr\u00e5gor som r\u00f6r lust, relationer och intimitet. Anonymt!","robots":{"index":"index","follow":"follow","max-snippet":"max-snippet:-1","max-image-preview":"max-image-preview:large","max-video-preview":"max-video-preview:-1"},"canonical":"https:\/\/belladot.com\/sv\/sexologen-svarar\/","og_locale":"sv_SE","og_type":"article","og_title":"Sexologen svarar - Belladot","og_description":"H\u00e4r under \"sexologen svarar\" f\u00e5r du hj\u00e4lp. Belladots sexolog Sylvia Lid\u00e9n Nordlund svarar p\u00e5 dina fr\u00e5gor som r\u00f6r lust, relationer och intimitet. Anonymt!","og_url":"https:\/\/belladot.com\/sv\/sexologen-svarar\/","og_site_name":"Belladot","article_modified_time":"2021-10-14T21:15:26+00:00","twitter_misc":{"Ber\u00e4knad l\u00e4stid":"1 minut"},"schema":{"@context":"https:\/\/schema.org","@graph":[{"@type":"WebPage","@id":"https:\/\/belladot.com\/sv\/sexologen-svarar\/","url":"https:\/\/belladot.com\/sv\/sexologen-svarar\/","name":"Sexologen svarar - Belladot","isPartOf":{"@id":"https:\/\/belladot.com\/#website"},"datePublished":"2013-08-29T09:15:53+00:00","dateModified":"2021-10-14T21:15:26+00:00","description":"H\u00e4r under \"sexologen svarar\" f\u00e5r du hj\u00e4lp. Belladots sexolog Sylvia Lid\u00e9n Nordlund svarar p\u00e5 dina fr\u00e5gor som r\u00f6r lust, relationer och intimitet. Anonymt!","inLanguage":"sv-SE","potentialAction":[{"@type":"ReadAction","target":["https:\/\/belladot.com\/sv\/sexologen-svarar\/"]}]},{"@type":"WebSite","@id":"https:\/\/belladot.com\/#website","url":"https:\/\/belladot.com\/","name":"Belladot","description":"","potentialAction":[{"@type":"SearchAction","target":{"@type":"EntryPoint","urlTemplate":"https:\/\/belladot.com\/?s={search_term_string}"},"query-input":{"@type":"PropertyValueSpecification","valueRequired":true,"valueName":"search_term_string"}}],"inLanguage":"sv-SE"}]}},"_links":{"self":[{"href":"https:\/\/belladot.com\/sv\/wp-json\/wp\/v2\/pages\/2549","targetHints":{"allow":["GET"]}}],"collection":[{"href":"https:\/\/belladot.com\/sv\/wp-json\/wp\/v2\/pages"}],"about":[{"href":"https:\/\/belladot.com\/sv\/wp-json\/wp\/v2\/types\/page"}],"author":[{"embeddable":true,"href":"https:\/\/belladot.com\/sv\/wp-json\/wp\/v2\/users\/4"}],"replies":[{"embeddable":true,"href":"https:\/\/belladot.com\/sv\/wp-json\/wp\/v2\/comments?post=2549"}],"version-history":[{"count":2,"href":"https:\/\/belladot.com\/sv\/wp-json\/wp\/v2\/pages\/2549\/revisions"}],"predecessor-version":[{"id":11778,"href":"https:\/\/belladot.com\/sv\/wp-json\/wp\/v2\/pages\/2549\/revisions\/11778"}],"wp:attachment":[{"href":"https:\/\/belladot.com\/sv\/wp-json\/wp\/v2\/media?parent=2549"}],"curies":[{"name":"wp","href":"https:\/\/api.w.org\/{rel}","templated":true}]}}