{"id":2589,"date":"2013-09-10T15:42:49","date_gmt":"2013-09-10T13:42:49","guid":{"rendered":"http:\/\/belladot.com.loopiadns.com.loopiadns.com\/?page_id=2589"},"modified":"2017-01-05T22:47:27","modified_gmt":"2017-01-05T21:47:27","slug":"kvinnlig-inkontinens","status":"publish","type":"page","link":"https:\/\/belladot.com\/sv\/sexologen-svarar\/kvinnlig-inkontinens\/","title":{"rendered":"Inkontinens hos kvinnor &#8211; tr\u00e4na b\u00e4ckenbotten"},"content":{"rendered":"<h3><b><b>Kniip! S\u00e5 kan du sj\u00e4lv f\u00f6rebygga och bota inkontinens<\/b><\/b><\/h3>\n<p>&nbsp;<\/p>\n<p>Inkontinens g\u00e5r b\u00e5de att f\u00f6rebygga och bota, p\u00e5 flera olika s\u00e4tt. Oavsett vilken orsaken \u00e4r. Tr\u00e4ning och knip\u00f6vningar har s\u00e4kert de flesta h\u00f6rt talas om. Med knipkulor blir tr\u00e4ningen \u00e4nnu mer effektiv. Sexologen ger r\u00e5d.<\/p>\n<p>Trots att urininkontinens drabbar mellan 10 och 25 procent av alla kvinnor i Sverige, \u00e4r det l\u00e4tt att tro att du \u00e4r ensam om problemet. Det beror kanske p\u00e5 att vi s\u00e5 s\u00e4llan pratar om det. De flesta typer av inkontinens g\u00e5r att f\u00f6rebygga och bota med hj\u00e4lp av tr\u00e4ning. Vi rekommenderar <a title=\"Britt knipkulor\" href=\"http:\/\/belladot.com.loopiadns.com\/sv\/products\/britt-knipkulor\/\">Belladot Britt knipkulor <\/a>med b\u00e5de kulor och snodd i silikon. De tr\u00e4nar och stimulerar b\u00e5de b\u00e4ckenbotten och slidans muskler. P\u00e5 k\u00f6pet kan man ocks\u00e5 f\u00e5 ett b\u00e4ttre sexliv.\u00a0Orsaker <b><\/b>Precis som att resten av kroppens muskler \u00e5ldras, kan \u00e4ven slidmuskulaturen f\u00f6rslappas n\u00e4r vi blir \u00e4ldre. Inkontinens \u00e4r d\u00e4rf\u00f6r vanligast efter klimakteriet. Mellan 15 och 40 procent av de kvinnor som passerat klimakteriet har problem med inkontinens. Ut\u00f6ver \u00e5lder finns det flera andra orsaker till inkontinens:<b><\/b><\/p>\n<ul>\n<li>graviditet och f\u00f6rlossning<\/li>\n<li>astma eller kronisk luftr\u00f6rskatarr<\/li>\n<li>r\u00f6kning<\/li>\n<li>\u00f6vervikt<\/li>\n<li>kraftig f\u00f6rstoppning<\/li>\n<li>fysiskt tungt arbete<\/li>\n<\/ul>\n<h3><\/h3>\n<h3>Det finns olika typer av inkontinens. De vanligaste \u00e4r:<\/h3>\n<p>&nbsp;<\/p>\n<h4><b><em>Anstr\u00e4ngningsinkontinens<br \/>\n<\/em><\/b><\/h4>\n<p>Anstr\u00e4ngningsinkontinens inneb\u00e4r att du l\u00e4cker n\u00e5gra droppar urin vid skratt, hosta, nysning, motion, hopp, tunga lyft och andra anstr\u00e4ngningar.<\/p>\n<h4><b><em>Tr\u00e4ngningsinkontinens<br \/>\n<\/em><\/b><\/h4>\n<p>Tr\u00e4ngningsinkontinens inneb\u00e4r att du pl\u00f6tsligt m\u00e5ste kissa och snabbt g\u00e5 p\u00e5 toaletten, \u00e4ven om det bara \u00e4r litet urin som kommer. Du beh\u00f6ver kissa oftare \u00e4n normalt(mer \u00e4n 4-8 ggr per dag) och p\u00e5 natten.<\/p>\n<h4><b><em>Blandinkontinens<br \/>\n<\/em><\/b><\/h4>\n<p>Blandinkontinens \u00e4r en blandning av anstr\u00e4ngnings- och tr\u00e4ngningsinkontinens.<\/p>\n<h4><b><em>Neurogen bl\u00e5sst\u00f6rning<br \/>\n<\/em><\/b><\/h4>\n<p>Neurogen bl\u00e5sst\u00f6rning inneb\u00e4r att du har en neurologisk sjukdom, ryggm\u00e4rgsskada eller diabetes som g\u00f6r att du pl\u00f6tsligt l\u00e4cker eller kissar p\u00e5 dig. Du kan \u00e4ven ha sv\u00e5rt att t\u00f6mma bl\u00e5san.<\/p>\n<h4><b><em>\u00d6verfyllnadsinkontinens<br \/>\n<\/em><\/b><\/h4>\n<p>\u00d6verfyllnadsinkontinens inneb\u00e4r att urinen kommer i ett fl\u00f6de i perioder eller hela tiden. Denna typ \u00e4r vanligare hos m\u00e4n, n\u00e4r de av olika sk\u00e4l inte kan t\u00f6mma bl\u00e5san helt.<\/p>\n<h4><em><b>Andra typer av inkontinens<br \/>\n<\/b><\/em><\/h4>\n<p>N\u00e4r urinbl\u00e5san \u00e4r irriterad av urinv\u00e4gsinfektion kan du f\u00e5 tillf\u00e4lligt l\u00e4ckage. En f\u00f6rstorad livmoder, tum\u00f6r i en \u00e4ggstock eller i urinbl\u00e5san kan ge tr\u00e4ngningar.<\/p>\n<p><b>Att f\u00f6rebygga inkontinens &#8211; Det h\u00e4r kan du g\u00f6ra sj\u00e4lv<br \/>\n<\/b>Beroende p\u00e5 typ av inkontinens kan du f\u00f6rebygga och \u00e4ven minska dina besv\u00e4r. <b>G\u00e5 p\u00e5 toa ofta \u2013 men inte f\u00f6r ofta.\u00a0<\/b>Det \u00e4r viktigt att g\u00e5 regelbundet p\u00e5 toaletten och inte h\u00e5lla sig f\u00f6r l\u00e4nge. Det \u00e4r lika viktigt att inte g\u00e5 f\u00f6r ofta. Vid tr\u00e4ngningsinkontinens kan en del av behandlingen vara att tr\u00e4na bl\u00e5san att h\u00e5lla sig l\u00e4ngre och l\u00e4ngre.<\/p>\n<h3><b>Kniip!<br \/>\n<\/b><\/h3>\n<p>B\u00e4ckenbottentr\u00e4ning g\u00f6r dina slidmuskler starkare, vilket har effekt p\u00e5 inkontinens. Av kvinnor som tr\u00e4nar blir 60-70 % b\u00e4ttre eller helt bra.<\/p>\n<p>Tr\u00e4ningen kan ocks\u00e5 f\u00f6rb\u00e4ttra ditt sexliv genom \u00f6kad blodgenomstr\u00f6mning, st\u00f6rre k\u00e4nslighet, mer kraft och elasticitet i slidan. Detta i sin tur kan inneb\u00e4ra starkare orgasm och mer njutning f\u00f6r dig och din partner.<\/p>\n<p>B\u00e4ckenbottentr\u00e4ning \u00e4r bra vid alla sorters inkontinens och anv\u00e4nds ofta vid anstr\u00e4ngningsinkontinens. Du tr\u00e4nar genom att knipa ihop och lyfta upp b\u00e4ckenbottenmusklerna s\u00e5 mycket det g\u00e5r, h\u00e5lla kvar n\u00e5gra sekunder och slappna av ca 10 sekunder och upprepa igen i n\u00e5gra minuter, ett par g\u00e5nger om dagen, eller n\u00e5gra fler om du redan har besv\u00e4r. Detta g\u00f6r du under olika antal m\u00e5nader, 2-6, beroende p\u00e5 om det \u00e4r f\u00f6rebyggande eller f\u00f6r att minska inkontinens. Du kan genom att sticka in ett finger i slidan kontrollera att du verkligen kniper. F\u00f6r att f\u00e5 b\u00e4ttre effekt av knip\u00f6vningarna kan du anv\u00e4nda knipkulor. De underl\u00e4ttar och hj\u00e4lper dig att knipa r\u00e4tt f\u00f6r att f\u00e5 b\u00e4st effekt av tr\u00e4ningen. Det \u00e4r enklast att ligga ner f\u00f6rsta g\u00e5ngerna som kulorna anv\u00e4nds. <a title=\"Original vattenbaserad\" href=\"http:\/\/belladot.com.loopiadns.com\/sv\/products\/original-2\/\">Glidmedel <\/a>underl\u00e4ttar inf\u00f6randet och f\u00f6rhindrar eventuell irritation i slidan. Vi rekommenderar <a title=\"Britt knipkulor\" href=\"http:\/\/belladot.com.loopiadns.com\/sv\/products\/britt-knipkulor\/\">Belladot Britt knipkulor<\/a> med b\u00e5de kulor och snodd i silikon. De tr\u00e4nar och stimulerar b\u00e5de b\u00e4ckenbotten och slidans muskler.<\/p>\n<p><b>N\u00e4r ska jag s\u00f6ka l\u00e4karv\u00e5rd?<br \/>\n<\/b>\u00c4ven om du vill f\u00f6rs\u00f6ka sj\u00e4lv f\u00f6r att r\u00e5da bot p\u00e5 din inkontinens kan du beh\u00f6va <a href=\"http:\/\/www.1177.se\/Fakta-och-rad\/Sjukdomar\/Urininkontinens-hos-kvinnor\/\" target=\"_blank\">l\u00e4karv\u00e5rd<\/a>. V\u00e4nd dig antingen till l\u00e4kare, gynekolog eller barnmorska f\u00f6r att f\u00e5 hj\u00e4lp och r\u00e5d. Du kan ocks\u00e5 f\u00e5 inkontinensskydd utskrivna. Det finns medicin som g\u00f6r kroppen mindre k\u00e4nslig f\u00f6r bl\u00e5sans signaler. \u00d6strogenpreparat kan anv\u00e4ndas f\u00f6r att st\u00e4rka slemhinnan efter klimakteriet. Elektrostimulering och akupunktur fungerar ibland som ett komplement eller alternativ till medicin. Operation kan ocks\u00e5 vara en m\u00f6jlighet. Inkontinens \u00e4r s\u00e4llan tecken p\u00e5 n\u00e5gon sjukdom men kan orsakas av neurologiska sjukdomar som demens, Parkinsons sjukdom och MS. Det kan \u00e4ven uppst\u00e5 efter en stroke. Om du k\u00e4nner igen n\u00e5got av f\u00f6ljande b\u00f6r du s\u00f6ka medicinsk hj\u00e4lp: synligt blod i urinen, sv\u00e5rt att t\u00f6mma bl\u00e5san, kraftiga pl\u00f6tsliga tr\u00e4ngningar, neurologisk sjukdom typ MS eller ryggm\u00e4rgsskada eller om du vill reda ut orsak och f\u00e5 behandling f\u00f6r dina besv\u00e4r.<\/p>\n<p style=\"text-align: right;\"><a href=\"http:\/\/belladot.com.loopiadns.com\/sv\/products\/britt-knipkulor\/\"><img loading=\"lazy\" decoding=\"async\" class=\"aligncenter size-medium wp-image-6220\" src=\"http:\/\/belladot.com.loopiadns.com\/wp-content\/uploads\/2014\/12\/Britt_pro_pack_C_P-300x216.png\" alt=\"\" width=\"300\" height=\"216\" srcset=\"https:\/\/belladot.com\/wp-content\/uploads\/2014\/12\/Britt_pro_pack_C_P-300x216.png 300w, https:\/\/belladot.com\/wp-content\/uploads\/2014\/12\/Britt_pro_pack_C_P-768x552.png 768w, https:\/\/belladot.com\/wp-content\/uploads\/2014\/12\/Britt_pro_pack_C_P.png 964w\" sizes=\"auto, (max-width: 300px) 100vw, 300px\" \/><\/a><\/p>\n<p>&nbsp;<\/p>\n","protected":false},"excerpt":{"rendered":"<p>Kniip! S\u00e5 kan du sj\u00e4lv f\u00f6rebygga och bota inkontinens &nbsp; Inkontinens g\u00e5r b\u00e5de att f\u00f6rebygga och bota, p\u00e5 flera olika s\u00e4tt. Oavsett vilken orsaken \u00e4r. Tr\u00e4ning och knip\u00f6vningar har s\u00e4kert de flesta h\u00f6rt talas om. Med knipkulor blir tr\u00e4ningen \u00e4nnu mer effektiv. Sexologen ger r\u00e5d. Trots att urininkontinens drabbar mellan 10 och 25 procent av alla kvinnor i Sverige, \u00e4r det l\u00e4tt att tro att du \u00e4r ensam om problemet. Det beror kanske p\u00e5 att vi s\u00e5 s\u00e4llan pratar om det. De flesta typer av inkontinens g\u00e5r att f\u00f6rebygga och bota med hj\u00e4lp av tr\u00e4ning. Vi rekommenderar Belladot Britt knipkulor [&hellip;]<\/p>\n","protected":false},"author":4,"featured_media":0,"parent":2549,"menu_order":1,"comment_status":"open","ping_status":"open","template":"","meta":{"_acf_changed":false,"footnotes":""},"class_list":["post-2589","page","type-page","status-publish","hentry"],"acf":[],"yoast_head":"<!-- This site is optimized with the Yoast SEO plugin v27.1.1 - https:\/\/yoast.com\/product\/yoast-seo-wordpress\/ -->\n<title>Inkontinens hos kvinnor - tr\u00e4na b\u00e4ckenbotten - Belladot<\/title>\n<meta name=\"description\" content=\"Kvinnlig inkontinens - s\u00e5 kan du sj\u00e4lv f\u00f6rebygga och inkontinens med Belladot Britt Knipkulor. Tr\u00e4na din b\u00e4ckenbotten, ex efter f\u00f6rlossning, klimakteriet.\" \/>\n<meta name=\"robots\" content=\"index, follow, max-snippet:-1, max-image-preview:large, max-video-preview:-1\" \/>\n<link rel=\"canonical\" href=\"https:\/\/belladot.com\/sv\/sexologen-svarar\/kvinnlig-inkontinens\/\" \/>\n<meta property=\"og:locale\" content=\"sv_SE\" \/>\n<meta property=\"og:type\" content=\"article\" \/>\n<meta property=\"og:title\" content=\"Inkontinens hos kvinnor - tr\u00e4na b\u00e4ckenbotten - Belladot\" \/>\n<meta property=\"og:description\" content=\"Kvinnlig inkontinens - s\u00e5 kan du sj\u00e4lv f\u00f6rebygga och inkontinens med Belladot Britt Knipkulor. Tr\u00e4na din b\u00e4ckenbotten, ex efter f\u00f6rlossning, klimakteriet.\" \/>\n<meta property=\"og:url\" content=\"https:\/\/belladot.com\/sv\/sexologen-svarar\/kvinnlig-inkontinens\/\" \/>\n<meta property=\"og:site_name\" content=\"Belladot\" \/>\n<meta property=\"article:modified_time\" content=\"2017-01-05T21:47:27+00:00\" \/>\n<meta property=\"og:image\" content=\"http:\/\/belladot.com.loopiadns.com\/wp-content\/uploads\/2014\/12\/Britt_pro_pack_C_P-300x216.png\" \/>\n<meta name=\"twitter:label1\" content=\"Ber\u00e4knad l\u00e4stid\" \/>\n\t<meta name=\"twitter:data1\" content=\"5 minuter\" \/>\n<script type=\"application\/ld+json\" class=\"yoast-schema-graph\">{\"@context\":\"https:\/\/schema.org\",\"@graph\":[{\"@type\":\"WebPage\",\"@id\":\"https:\/\/belladot.com\/sv\/sexologen-svarar\/kvinnlig-inkontinens\/\",\"url\":\"https:\/\/belladot.com\/sv\/sexologen-svarar\/kvinnlig-inkontinens\/\",\"name\":\"Inkontinens hos kvinnor - tr\u00e4na b\u00e4ckenbotten - Belladot\",\"isPartOf\":{\"@id\":\"https:\/\/belladot.com\/#website\"},\"primaryImageOfPage\":{\"@id\":\"https:\/\/belladot.com\/sv\/sexologen-svarar\/kvinnlig-inkontinens\/#primaryimage\"},\"image\":{\"@id\":\"https:\/\/belladot.com\/sv\/sexologen-svarar\/kvinnlig-inkontinens\/#primaryimage\"},\"thumbnailUrl\":\"http:\/\/belladot.com.loopiadns.com\/wp-content\/uploads\/2014\/12\/Britt_pro_pack_C_P-300x216.png\",\"datePublished\":\"2013-09-10T13:42:49+00:00\",\"dateModified\":\"2017-01-05T21:47:27+00:00\",\"description\":\"Kvinnlig inkontinens - s\u00e5 kan du sj\u00e4lv f\u00f6rebygga och inkontinens med Belladot Britt Knipkulor. Tr\u00e4na din b\u00e4ckenbotten, ex efter f\u00f6rlossning, klimakteriet.\",\"breadcrumb\":{\"@id\":\"https:\/\/belladot.com\/sv\/sexologen-svarar\/kvinnlig-inkontinens\/#breadcrumb\"},\"inLanguage\":\"sv-SE\",\"potentialAction\":[{\"@type\":\"ReadAction\",\"target\":[\"https:\/\/belladot.com\/sv\/sexologen-svarar\/kvinnlig-inkontinens\/\"]}]},{\"@type\":\"ImageObject\",\"inLanguage\":\"sv-SE\",\"@id\":\"https:\/\/belladot.com\/sv\/sexologen-svarar\/kvinnlig-inkontinens\/#primaryimage\",\"url\":\"http:\/\/belladot.com.loopiadns.com\/wp-content\/uploads\/2014\/12\/Britt_pro_pack_C_P-300x216.png\",\"contentUrl\":\"http:\/\/belladot.com.loopiadns.com\/wp-content\/uploads\/2014\/12\/Britt_pro_pack_C_P-300x216.png\"},{\"@type\":\"BreadcrumbList\",\"@id\":\"https:\/\/belladot.com\/sv\/sexologen-svarar\/kvinnlig-inkontinens\/#breadcrumb\",\"itemListElement\":[{\"@type\":\"ListItem\",\"position\":1,\"name\":\"Sexologen svarar\",\"item\":\"https:\/\/belladot.com\/sv\/sexologen-svarar\/\"},{\"@type\":\"ListItem\",\"position\":2,\"name\":\"Inkontinens hos kvinnor &#8211; tr\u00e4na b\u00e4ckenbotten\"}]},{\"@type\":\"WebSite\",\"@id\":\"https:\/\/belladot.com\/#website\",\"url\":\"https:\/\/belladot.com\/\",\"name\":\"Belladot\",\"description\":\"\",\"potentialAction\":[{\"@type\":\"SearchAction\",\"target\":{\"@type\":\"EntryPoint\",\"urlTemplate\":\"https:\/\/belladot.com\/?s={search_term_string}\"},\"query-input\":{\"@type\":\"PropertyValueSpecification\",\"valueRequired\":true,\"valueName\":\"search_term_string\"}}],\"inLanguage\":\"sv-SE\"}]}<\/script>\n<!-- \/ Yoast SEO plugin. -->","yoast_head_json":{"title":"Inkontinens hos kvinnor - tr\u00e4na b\u00e4ckenbotten - Belladot","description":"Kvinnlig inkontinens - s\u00e5 kan du sj\u00e4lv f\u00f6rebygga och inkontinens med Belladot Britt Knipkulor. Tr\u00e4na din b\u00e4ckenbotten, ex efter f\u00f6rlossning, klimakteriet.","robots":{"index":"index","follow":"follow","max-snippet":"max-snippet:-1","max-image-preview":"max-image-preview:large","max-video-preview":"max-video-preview:-1"},"canonical":"https:\/\/belladot.com\/sv\/sexologen-svarar\/kvinnlig-inkontinens\/","og_locale":"sv_SE","og_type":"article","og_title":"Inkontinens hos kvinnor - tr\u00e4na b\u00e4ckenbotten - Belladot","og_description":"Kvinnlig inkontinens - s\u00e5 kan du sj\u00e4lv f\u00f6rebygga och inkontinens med Belladot Britt Knipkulor. Tr\u00e4na din b\u00e4ckenbotten, ex efter f\u00f6rlossning, klimakteriet.","og_url":"https:\/\/belladot.com\/sv\/sexologen-svarar\/kvinnlig-inkontinens\/","og_site_name":"Belladot","article_modified_time":"2017-01-05T21:47:27+00:00","og_image":[{"url":"http:\/\/belladot.com.loopiadns.com\/wp-content\/uploads\/2014\/12\/Britt_pro_pack_C_P-300x216.png","type":"","width":"","height":""}],"twitter_misc":{"Ber\u00e4knad l\u00e4stid":"5 minuter"},"schema":{"@context":"https:\/\/schema.org","@graph":[{"@type":"WebPage","@id":"https:\/\/belladot.com\/sv\/sexologen-svarar\/kvinnlig-inkontinens\/","url":"https:\/\/belladot.com\/sv\/sexologen-svarar\/kvinnlig-inkontinens\/","name":"Inkontinens hos kvinnor - tr\u00e4na b\u00e4ckenbotten - Belladot","isPartOf":{"@id":"https:\/\/belladot.com\/#website"},"primaryImageOfPage":{"@id":"https:\/\/belladot.com\/sv\/sexologen-svarar\/kvinnlig-inkontinens\/#primaryimage"},"image":{"@id":"https:\/\/belladot.com\/sv\/sexologen-svarar\/kvinnlig-inkontinens\/#primaryimage"},"thumbnailUrl":"http:\/\/belladot.com.loopiadns.com\/wp-content\/uploads\/2014\/12\/Britt_pro_pack_C_P-300x216.png","datePublished":"2013-09-10T13:42:49+00:00","dateModified":"2017-01-05T21:47:27+00:00","description":"Kvinnlig inkontinens - s\u00e5 kan du sj\u00e4lv f\u00f6rebygga och inkontinens med Belladot Britt Knipkulor. Tr\u00e4na din b\u00e4ckenbotten, ex efter f\u00f6rlossning, klimakteriet.","breadcrumb":{"@id":"https:\/\/belladot.com\/sv\/sexologen-svarar\/kvinnlig-inkontinens\/#breadcrumb"},"inLanguage":"sv-SE","potentialAction":[{"@type":"ReadAction","target":["https:\/\/belladot.com\/sv\/sexologen-svarar\/kvinnlig-inkontinens\/"]}]},{"@type":"ImageObject","inLanguage":"sv-SE","@id":"https:\/\/belladot.com\/sv\/sexologen-svarar\/kvinnlig-inkontinens\/#primaryimage","url":"http:\/\/belladot.com.loopiadns.com\/wp-content\/uploads\/2014\/12\/Britt_pro_pack_C_P-300x216.png","contentUrl":"http:\/\/belladot.com.loopiadns.com\/wp-content\/uploads\/2014\/12\/Britt_pro_pack_C_P-300x216.png"},{"@type":"BreadcrumbList","@id":"https:\/\/belladot.com\/sv\/sexologen-svarar\/kvinnlig-inkontinens\/#breadcrumb","itemListElement":[{"@type":"ListItem","position":1,"name":"Sexologen svarar","item":"https:\/\/belladot.com\/sv\/sexologen-svarar\/"},{"@type":"ListItem","position":2,"name":"Inkontinens hos kvinnor &#8211; tr\u00e4na b\u00e4ckenbotten"}]},{"@type":"WebSite","@id":"https:\/\/belladot.com\/#website","url":"https:\/\/belladot.com\/","name":"Belladot","description":"","potentialAction":[{"@type":"SearchAction","target":{"@type":"EntryPoint","urlTemplate":"https:\/\/belladot.com\/?s={search_term_string}"},"query-input":{"@type":"PropertyValueSpecification","valueRequired":true,"valueName":"search_term_string"}}],"inLanguage":"sv-SE"}]}},"_links":{"self":[{"href":"https:\/\/belladot.com\/sv\/wp-json\/wp\/v2\/pages\/2589","targetHints":{"allow":["GET"]}}],"collection":[{"href":"https:\/\/belladot.com\/sv\/wp-json\/wp\/v2\/pages"}],"about":[{"href":"https:\/\/belladot.com\/sv\/wp-json\/wp\/v2\/types\/page"}],"author":[{"embeddable":true,"href":"https:\/\/belladot.com\/sv\/wp-json\/wp\/v2\/users\/4"}],"replies":[{"embeddable":true,"href":"https:\/\/belladot.com\/sv\/wp-json\/wp\/v2\/comments?post=2589"}],"version-history":[{"count":0,"href":"https:\/\/belladot.com\/sv\/wp-json\/wp\/v2\/pages\/2589\/revisions"}],"up":[{"embeddable":true,"href":"https:\/\/belladot.com\/sv\/wp-json\/wp\/v2\/pages\/2549"}],"wp:attachment":[{"href":"https:\/\/belladot.com\/sv\/wp-json\/wp\/v2\/media?parent=2589"}],"curies":[{"name":"wp","href":"https:\/\/api.w.org\/{rel}","templated":true}]}}