{"id":2603,"date":"2013-09-10T15:43:16","date_gmt":"2013-09-10T13:43:16","guid":{"rendered":"http:\/\/belladot.com.loopiadns.com.loopiadns.com\/?page_id=2603"},"modified":"2014-09-29T09:36:19","modified_gmt":"2014-09-29T07:36:19","slug":"erektionsproblem","status":"publish","type":"page","link":"https:\/\/belladot.com\/sv\/sexologen-svarar\/erektionsproblem\/","title":{"rendered":"Erektionsproblem"},"content":{"rendered":"<h3><b>Erektion \u2013 eller inte?<\/b><\/h3>\n<h3><\/h3>\n<h3><b>Sex \u00e4r mer \u00e4n en styv penis \u2013 men alla som drabbats av erektionsproblem kan nog skriva under p\u00e5 att det \u00e4r p\u00e5frestande f\u00f6r b\u00e5de relationen och det allm\u00e4nna v\u00e4lm\u00e5endet. Det \u00e4r l\u00e4tt att hamna i en ond cirkel, d\u00e4r negativa tankar p\u00e5verkar f\u00f6rm\u00e5gan att f\u00e5 st\u00e5nd. Men i de allra flesta fall finns hj\u00e4lp att f\u00e5.<\/b><\/h3>\n<p>&nbsp;<\/p>\n<p>Erektionsproblem drabbar n\u00e4stan alla m\u00e4n n\u00e5gon g\u00e5ng i livet, kanske bara under en kortare period, och f\u00f6rsvinner d\u00e5 oftast av sig sj\u00e4lv. Ju \u00e4ldre du blir desto vanligare blir det att erektionen inte fungerar som du vill. Var femte man \u2013 eller ca en halv miljon m\u00e4n i Sverige lider av erektionsst\u00f6rning<\/p>\n<h3><b>Ta hj\u00e4lp av Ingemar, Viktor eller Bertil!<br \/>\n<\/b><\/h3>\n<p>N\u00e5got du kan testa sj\u00e4lv \u00e4r en erektionspump\/vakuumpump, som med hj\u00e4lp av vakuum pumpar blod till sv\u00e4llkropparna, vilket g\u00f6r att penis blir h\u00e5rd.<\/p>\n<p><a title=\"Ingemar erektionspump\" href=\"http:\/\/belladot.com.loopiadns.com\/sv\/products\/ingemar-erektionspump\/\"><b>Belladot Ingemar<\/b><\/a> erektionspump \u00e4r en kraftfull vakuumpump med h\u00f6g kapacitet. Den \u00e4r l\u00e4tt att pumpa med och du kan enkelt j\u00e4mf\u00f6ra resultatet p\u00e5 m\u00e4tskalan. Ingemar har ocks\u00e5 en l\u00e4ttillg\u00e4nglig ventil f\u00f6r att snabbt och l\u00e4tt kunna sl\u00e4ppa p\u00e5 trycket.<\/p>\n<p>F\u00f6r att beh\u00e5lla erektionen efter pumpandet kan du anv\u00e4nda en penisring (max 30 minuter).<\/p>\n<p>Som penisring rekommenderas <a title=\"Viktor penisringar\" href=\"http:\/\/belladot.com.loopiadns.com\/sv\/products\/viktor-penisringar\/\"><b>Belladot Viktor<\/b><\/a>, och <a title=\"Bertil vibrerande penisring\" href=\"http:\/\/belladot.com.loopiadns.com\/sv\/products\/bertil-vibrerande-penisring\/\"><b>Belladot Bertil <\/b><\/a>som vibrerar och har \u201dklitorisknopp\u201d som stimulerar kvinnan eller v\u00e4nds in\u00e5t mot pungen.<\/p>\n<p>Metoden \u00e4r helt ofarlig, enkel och fungerar bra \u00e4ven vid sv\u00e5ra f\u00f6rtr\u00e4ngningar i k\u00e4rlen eller n\u00e4r medicin inte kan anv\u00e4ndas.<\/p>\n<h3><b>Stress och oro ofta boven i dramat<br \/>\n<\/b><\/h3>\n<p>Det \u00e4r inte ovanligt att erektionsproblem uppkommer p\u00e5 grund av stress, tr\u00f6tthet, problem i relationen eller helt enkelt oro f\u00f6r att du inte ska f\u00e5 erektion. Det kan r\u00e4cka att det kr\u00e5nglar en g\u00e5ng, f\u00f6r att oron att det ska h\u00e4nda igen st\u00e4ller till det.<\/p>\n<h3><b>H\u00e5ll relationen vid liv \u2013 sex \u00e4r mer \u00e4n penetration<br \/>\n<\/b><\/h3>\n<p>Om du har en partner \u00e4r det viktigt att prata med honom\/henne, dels f\u00f6r att dela ditt bekymmer med n\u00e5gon, men ocks\u00e5 f\u00f6r att inte tappa kontakten mellan varandra. Som man kan det k\u00e4nnas pinsamt, omanligt och skamligt och man drar sig undan fysisk kontakt. Partnern blir oroad och drar sig i sin tur undan och s\u00e5 har man en ond cirkel. Sexualitet \u00e4r s\u00e5 mycket mer \u00e4n en styv penis, och om du och din partner kan prata med varandra och hitta andra v\u00e4gar till njutning \u00e4r det till stor hj\u00e4lp.<\/p>\n<h3><b>Fysiska orsaker<br \/>\n<\/b><\/h3>\n<p>Erektionsproblem kan ocks\u00e5 orsakas av sjukdom. Vanligast \u00e4r hj\u00e4rt- och k\u00e4rlsjukdomar men \u00e4ven h\u00f6gt blodtryck, diabetes, ryggm\u00e4rgsskada, MS, Parkinsons sjukdom, eller hormonbrist kan vara bakomliggande orsaker. Om problemet kommit smygande och varat en l\u00e4ngre tid (mer \u00e4n ett halv\u00e5r) b\u00f6r du v\u00e4nda dig till l\u00e4kare f\u00f6r en h\u00e4lsounders\u00f6kning och kanske medicinsk behandling. \u00c4ven operation, str\u00e5lbehandling och vissa l\u00e4kemedel kan vara orsaken till att du drabbats. Tecken p\u00e5 att det inte finns n\u00e5gon fysisk orsak till problemet, \u00e4r at du f\u00e5r morgonerektion och erektion n\u00e4r du pr\u00f6var att onanera.<\/p>\n<p>Hj\u00e4lp mot erektionsproblem finns att f\u00e5 av l\u00e4kare, som kan skriva ut medicin eller injektioner, beroende p\u00e5 om det finns bakomliggande sjukdom eller inte.<\/p>\n<h3><b>N\u00e5gra ytterligare tips<br \/>\n<\/b><\/h3>\n<p>F\u00f6r att f\u00f6rebygga erektionsproblem finns en hel del du kan g\u00f6ra:<\/p>\n<ul>\n<li>L\u00e5t bli att r\u00f6ka<\/li>\n<li>Anv\u00e4nd alkohol m\u00e5ttligt<\/li>\n<li>Undvik stress<\/li>\n<li>Motionera och var fysiskt aktiv<\/li>\n<li>H\u00e5ll vikten normal<\/li>\n<li>H\u00e5ll n\u00e4rheten levande till din partner<\/li>\n<\/ul>\n<p>Enkelt uttryckt, ett h\u00e4lsosamt liv underl\u00e4ttar f\u00f6r att f\u00e5 och beh\u00e5lla en erektion. Om du \u00e4nd\u00e5 har problem finns hj\u00e4lp att f\u00e5 och alternativa s\u00e4tt att ha sex p\u00e5.<\/p>\n<p>&nbsp;<\/p>\n","protected":false},"excerpt":{"rendered":"<p>Erektion \u2013 eller inte? Sex \u00e4r mer \u00e4n en styv penis \u2013 men alla som drabbats av erektionsproblem kan nog skriva under p\u00e5 att det \u00e4r p\u00e5frestande f\u00f6r b\u00e5de relationen och det allm\u00e4nna v\u00e4lm\u00e5endet. Det \u00e4r l\u00e4tt att hamna i en ond cirkel, d\u00e4r negativa tankar p\u00e5verkar f\u00f6rm\u00e5gan att f\u00e5 st\u00e5nd. Men i de allra flesta fall finns hj\u00e4lp att f\u00e5. &nbsp; Erektionsproblem drabbar n\u00e4stan alla m\u00e4n n\u00e5gon g\u00e5ng i livet, kanske bara under en kortare period, och f\u00f6rsvinner d\u00e5 oftast av sig sj\u00e4lv. Ju \u00e4ldre du blir desto vanligare blir det att erektionen inte fungerar som du vill. Var [&hellip;]<\/p>\n","protected":false},"author":4,"featured_media":0,"parent":2549,"menu_order":2,"comment_status":"open","ping_status":"open","template":"","meta":{"_acf_changed":false,"footnotes":""},"class_list":["post-2603","page","type-page","status-publish","hentry"],"acf":[],"yoast_head":"<!-- This site is optimized with the Yoast SEO plugin v27.1.1 - https:\/\/yoast.com\/product\/yoast-seo-wordpress\/ -->\n<title>Slipp dina erektionsproblem - enkla tips<\/title>\n<meta name=\"description\" content=\"Alla som drabbats av erektionsproblem kan nog skriva under p\u00e5 att det \u00e4r p\u00e5frestande f\u00f6r b\u00e5de relationen och det allm\u00e4nna v\u00e4lm\u00e5endet. Ta hj\u00e4lp av Belladot!\" \/>\n<meta name=\"robots\" content=\"index, follow, max-snippet:-1, max-image-preview:large, max-video-preview:-1\" \/>\n<link rel=\"canonical\" href=\"http:\/\/belladot.com\/sv\/sexologen-svarar\/erektionsproblem\/\" \/>\n<meta property=\"og:locale\" content=\"sv_SE\" \/>\n<meta property=\"og:type\" content=\"article\" \/>\n<meta property=\"og:title\" content=\"Slipp dina erektionsproblem - enkla tips\" \/>\n<meta property=\"og:description\" content=\"Alla som drabbats av erektionsproblem kan nog skriva under p\u00e5 att det \u00e4r p\u00e5frestande f\u00f6r b\u00e5de relationen och det allm\u00e4nna v\u00e4lm\u00e5endet. Ta hj\u00e4lp av Belladot!\" \/>\n<meta property=\"og:url\" content=\"http:\/\/belladot.com\/sv\/sexologen-svarar\/erektionsproblem\/\" \/>\n<meta property=\"og:site_name\" content=\"Belladot\" \/>\n<meta property=\"article:modified_time\" content=\"2014-09-29T07:36:19+00:00\" \/>\n<meta name=\"twitter:label1\" content=\"Ber\u00e4knad l\u00e4stid\" \/>\n\t<meta name=\"twitter:data1\" content=\"3 minuter\" \/>\n<script type=\"application\/ld+json\" class=\"yoast-schema-graph\">{\"@context\":\"https:\/\/schema.org\",\"@graph\":[{\"@type\":\"WebPage\",\"@id\":\"http:\/\/belladot.com\/sv\/sexologen-svarar\/erektionsproblem\/\",\"url\":\"http:\/\/belladot.com\/sv\/sexologen-svarar\/erektionsproblem\/\",\"name\":\"Slipp dina erektionsproblem - enkla tips\",\"isPartOf\":{\"@id\":\"https:\/\/belladot.com\/#website\"},\"datePublished\":\"2013-09-10T13:43:16+00:00\",\"dateModified\":\"2014-09-29T07:36:19+00:00\",\"description\":\"Alla som drabbats av erektionsproblem kan nog skriva under p\u00e5 att det \u00e4r p\u00e5frestande f\u00f6r b\u00e5de relationen och det allm\u00e4nna v\u00e4lm\u00e5endet. Ta hj\u00e4lp av Belladot!\",\"breadcrumb\":{\"@id\":\"http:\/\/belladot.com\/sv\/sexologen-svarar\/erektionsproblem\/#breadcrumb\"},\"inLanguage\":\"sv-SE\",\"potentialAction\":[{\"@type\":\"ReadAction\",\"target\":[\"http:\/\/belladot.com\/sv\/sexologen-svarar\/erektionsproblem\/\"]}]},{\"@type\":\"BreadcrumbList\",\"@id\":\"http:\/\/belladot.com\/sv\/sexologen-svarar\/erektionsproblem\/#breadcrumb\",\"itemListElement\":[{\"@type\":\"ListItem\",\"position\":1,\"name\":\"Sexologen svarar\",\"item\":\"https:\/\/belladot.com\/sv\/sexologen-svarar\/\"},{\"@type\":\"ListItem\",\"position\":2,\"name\":\"Erektionsproblem\"}]},{\"@type\":\"WebSite\",\"@id\":\"https:\/\/belladot.com\/#website\",\"url\":\"https:\/\/belladot.com\/\",\"name\":\"Belladot\",\"description\":\"\",\"potentialAction\":[{\"@type\":\"SearchAction\",\"target\":{\"@type\":\"EntryPoint\",\"urlTemplate\":\"https:\/\/belladot.com\/?s={search_term_string}\"},\"query-input\":{\"@type\":\"PropertyValueSpecification\",\"valueRequired\":true,\"valueName\":\"search_term_string\"}}],\"inLanguage\":\"sv-SE\"}]}<\/script>\n<!-- \/ Yoast SEO plugin. -->","yoast_head_json":{"title":"Slipp dina erektionsproblem - enkla tips","description":"Alla som drabbats av erektionsproblem kan nog skriva under p\u00e5 att det \u00e4r p\u00e5frestande f\u00f6r b\u00e5de relationen och det allm\u00e4nna v\u00e4lm\u00e5endet. Ta hj\u00e4lp av Belladot!","robots":{"index":"index","follow":"follow","max-snippet":"max-snippet:-1","max-image-preview":"max-image-preview:large","max-video-preview":"max-video-preview:-1"},"canonical":"http:\/\/belladot.com\/sv\/sexologen-svarar\/erektionsproblem\/","og_locale":"sv_SE","og_type":"article","og_title":"Slipp dina erektionsproblem - enkla tips","og_description":"Alla som drabbats av erektionsproblem kan nog skriva under p\u00e5 att det \u00e4r p\u00e5frestande f\u00f6r b\u00e5de relationen och det allm\u00e4nna v\u00e4lm\u00e5endet. Ta hj\u00e4lp av Belladot!","og_url":"http:\/\/belladot.com\/sv\/sexologen-svarar\/erektionsproblem\/","og_site_name":"Belladot","article_modified_time":"2014-09-29T07:36:19+00:00","twitter_misc":{"Ber\u00e4knad l\u00e4stid":"3 minuter"},"schema":{"@context":"https:\/\/schema.org","@graph":[{"@type":"WebPage","@id":"http:\/\/belladot.com\/sv\/sexologen-svarar\/erektionsproblem\/","url":"http:\/\/belladot.com\/sv\/sexologen-svarar\/erektionsproblem\/","name":"Slipp dina erektionsproblem - enkla tips","isPartOf":{"@id":"https:\/\/belladot.com\/#website"},"datePublished":"2013-09-10T13:43:16+00:00","dateModified":"2014-09-29T07:36:19+00:00","description":"Alla som drabbats av erektionsproblem kan nog skriva under p\u00e5 att det \u00e4r p\u00e5frestande f\u00f6r b\u00e5de relationen och det allm\u00e4nna v\u00e4lm\u00e5endet. Ta hj\u00e4lp av Belladot!","breadcrumb":{"@id":"http:\/\/belladot.com\/sv\/sexologen-svarar\/erektionsproblem\/#breadcrumb"},"inLanguage":"sv-SE","potentialAction":[{"@type":"ReadAction","target":["http:\/\/belladot.com\/sv\/sexologen-svarar\/erektionsproblem\/"]}]},{"@type":"BreadcrumbList","@id":"http:\/\/belladot.com\/sv\/sexologen-svarar\/erektionsproblem\/#breadcrumb","itemListElement":[{"@type":"ListItem","position":1,"name":"Sexologen svarar","item":"https:\/\/belladot.com\/sv\/sexologen-svarar\/"},{"@type":"ListItem","position":2,"name":"Erektionsproblem"}]},{"@type":"WebSite","@id":"https:\/\/belladot.com\/#website","url":"https:\/\/belladot.com\/","name":"Belladot","description":"","potentialAction":[{"@type":"SearchAction","target":{"@type":"EntryPoint","urlTemplate":"https:\/\/belladot.com\/?s={search_term_string}"},"query-input":{"@type":"PropertyValueSpecification","valueRequired":true,"valueName":"search_term_string"}}],"inLanguage":"sv-SE"}]}},"_links":{"self":[{"href":"https:\/\/belladot.com\/sv\/wp-json\/wp\/v2\/pages\/2603","targetHints":{"allow":["GET"]}}],"collection":[{"href":"https:\/\/belladot.com\/sv\/wp-json\/wp\/v2\/pages"}],"about":[{"href":"https:\/\/belladot.com\/sv\/wp-json\/wp\/v2\/types\/page"}],"author":[{"embeddable":true,"href":"https:\/\/belladot.com\/sv\/wp-json\/wp\/v2\/users\/4"}],"replies":[{"embeddable":true,"href":"https:\/\/belladot.com\/sv\/wp-json\/wp\/v2\/comments?post=2603"}],"version-history":[{"count":0,"href":"https:\/\/belladot.com\/sv\/wp-json\/wp\/v2\/pages\/2603\/revisions"}],"up":[{"embeddable":true,"href":"https:\/\/belladot.com\/sv\/wp-json\/wp\/v2\/pages\/2549"}],"wp:attachment":[{"href":"https:\/\/belladot.com\/sv\/wp-json\/wp\/v2\/media?parent=2603"}],"curies":[{"name":"wp","href":"https:\/\/api.w.org\/{rel}","templated":true}]}}