{"id":2607,"date":"2013-09-10T15:48:08","date_gmt":"2013-09-10T13:48:08","guid":{"rendered":"http:\/\/belladot.com.loopiadns.com.loopiadns.com\/?page_id=2607"},"modified":"2014-09-07T21:24:03","modified_gmt":"2014-09-07T19:24:03","slug":"g-punkt-och-p-punkt","status":"publish","type":"page","link":"https:\/\/belladot.com\/sv\/sexologen-svarar\/g-punkt-och-p-punkt\/","title":{"rendered":"G-punkt och P-punkt"},"content":{"rendered":"<h3><b>G-punkt och P-punkt \u2013 \u201dsatisfaction guaranteed?\u201d<\/b><\/h3>\n<p><b>B\u00e5de hos m\u00e4n och kvinnor finns speciella \u201dpunkter\u201d \u2013 inv\u00e4ndiga erogena zoner som r\u00e4tt stimulerade kan ge b\u00e5de en sk\u00f6nare sexuell upplevelse och starkare orgasm. G-punkten och P-punkten. De kan vara sv\u00e5ra att hitta men med r\u00e4tt hj\u00e4lpmedel kan du n\u00e5 oanade h\u00f6jder.<\/b><\/p>\n<p>G-punkten \u00e4r en erogen zon som vid stimulering kan ge orgasm. Namnet kommer fr\u00e5n Ernst Gr\u00e4fenberg, en tysk gynekolog, som 1950 beskrev zonen i en artikel.<\/p>\n<p>Det finns vibratorer som \u00e4r speciellt utformade f\u00f6r att stimulera G-punkten. <a title=\"Bodil G-punktsvibrator\" href=\"http:\/\/belladot.com.loopiadns.com\/sv\/products\/bodil-g-punktsvibrator\/\"><b>Belladot Bodil<\/b> <\/a>\u00e4r en b\u00f6jbar G-punktsvibrator med vinklat huvud och vibrator i toppen. Eftersom det beh\u00f6vs kraftigt tryck och massage kan det vara sk\u00f6nt att vila fingrarna och l\u00e5ta vibratorn g\u00f6ra jobbet.<\/p>\n<h3><b>Var sitter G-punkten?<br \/>\n<\/b><\/h3>\n<p>G-punkten \u00e4r placerad mellan urinr\u00f6ret och slidv\u00e4ggen och sitter inte inne i sj\u00e4lva slidan. Du kan k\u00e4nna den genom slidv\u00e4ggen, n\u00e5gra centimeter in, p\u00e5 fr\u00e4mre\/\u00f6vre delen av slidan. Omr\u00e5det \u00e4r fullt av nervtr\u00e5dar och sv\u00e4llkroppar som du kommer \u00e5t n\u00e4r du trycker eller masserar kraftigt upp\u00e5t. Den sitter inte alltid rakt upp, utan kan \u00e4ven sitta ut\u00e5t sidorna.<\/p>\n<p>Vid G-punkten kan slidv\u00e4ggen k\u00e4nnas lite skrovlig p\u00e5 ytan. N\u00e4r du \u00e4r sexuellt upphetsad s\u00e5 svullnar omr\u00e5det, vilket g\u00f6r det l\u00e4ttare att hitta den lilla upph\u00f6jningen. Storleksm\u00e4ssigt \u00e4r omr\u00e5det ungef\u00e4r liknande en persikok\u00e4rna.<br \/>\nG-punkten \u00e4r enklast att n\u00e5 om du sitter p\u00e5 huk med h\u00f6ger kn\u00e4 vilande mot underlaget. Du f\u00f6r in ett finger snett underifr\u00e5n med handflatan upp\u00e5t och letar med en masserande och tryckande r\u00f6relse utefter slidv\u00e4ggens tak. Ett tecken p\u00e5 att du hittat r\u00e4tt \u00e4r om du f\u00e5r en k\u00e4nsla av kissn\u00f6dighet. Hittar du den inte s\u00e5 f\u00f6r in fingret s\u00e5 l\u00e5ngt in att du k\u00e4nner livmodertappen och f\u00f6rflytta fingret millimeter i taget bak\u00e5t\/ut\u00e5t mot slid\u00f6ppningen.<\/p>\n<h3><b>Upplevelsen \u00e4r olika<br \/>\n<\/b><\/h3>\n<p>En del kvinnor k\u00e4nner inte s\u00e5 mycket n\u00e4r G-punkten stimuleras.\u00a0 Andra inte bara f\u00e5r orgasm utan kan uppleva en font\u00e4norgasm, \u00e4ven kallad kvinnlig ejakulation. Font\u00e4norgasm eller sprutorgasm inneb\u00e4r att det kommer v\u00e4tska ur urinr\u00f6ret vid orgasmen. V\u00e4tskan \u00e4r inte urin utan bildas i en k\u00f6rtelsamling i v\u00e4vnaden runt urinr\u00f6ret . M\u00e4ngden v\u00e4tska varierar fr\u00e5n n\u00e5gon centiliter upp till flera deciliter.<\/p>\n<p>Det finns allt ifr\u00e5n kvinnor som inte ejakulerar alls, till kvinnor som sprutar likt en font\u00e4n vid orgasm d\u00e5 G-punkten stimulerats. Hos vissa sipprar v\u00e4tskan ut lite i taget under hela upphetsningsfasen. M\u00e5nga kvinnor kan tycka det k\u00e4nns pinsamt om de inte k\u00e4nner till kvinnlig ejakulation, utan tror att de kissat p\u00e5 sig. D\u00e5 kanske de h\u00e5ller tillbaka sin orgasm av r\u00e4dsla f\u00f6r vad partnern ska t\u00e4nka.<\/p>\n<h3><b>A-punkt<\/b><\/h3>\n<p>A-punkten uppt\u00e4cktes 1993 av Dr Chua Chee Ann fr\u00e5n Maylasia.\u00a0A-punkten kallas ocks\u00e5 A-zoneller AFE-zonen (f\u00f6rkortning f\u00f6r Anterior Fornix Erogenous).<\/p>\n<p>Stimulering av A-punkten kan \u00f6ka lubrikationen (fuktigheten) i slidan och ge multipla orgasmer. Ett l\u00e4tt masserande av slidv\u00e4ggen beh\u00f6vs, till skillnad fr\u00e5n stimulering av G-punkten.<\/p>\n<p>Zon \u00e4r egentligen en b\u00e4ttre ben\u00e4mning \u00e4n punkt, eftersom ett mindre antal nerver finns p\u00e5 ett st\u00f6rre omr\u00e5de l\u00e4ngre in i slidan, mellan G-punkten och livmodertappen.<\/p>\n<p>Samlagsst\u00e4llningar som g\u00f6r det l\u00e4ttare att n\u00e5 l\u00e5ngt in i slidan, \u00e4r d\u00e4r kvinnan sitter ovanp\u00e5 mannen eller penetrering bakifr\u00e5n.<\/p>\n<h3><b>Mannens G-punkt heter P-punkt<\/b><\/h3>\n<p>P-punkten \u00e4r mannens motsvarighet till G-punkten, d\u00e4r P st\u00e5r f\u00f6r prostata. N\u00e4r omr\u00e5det masseras s\u00e4gs det ge en annorlunda lustupplevelse \u00e4n vid stimulering av penis.<\/p>\n<p>P-punkten hittar du i anus ca 5-7 centimeter upp, p\u00e5 fr\u00e4mre \u00e4ndtarmsv\u00e4ggen, mot magen. Storleksm\u00e4ssigt \u00e4r den ungef\u00e4r som en vindruva eller kastanj.<\/p>\n<p>Punkten kan stimuleras med fingrar, tunga, dildo eller penis. A och O \u00e4r kortklippta naglar,\u00a0 god hygien (kondom eller eng\u00e5ngsplasthandskar) samt glidmedel. \u00a0N\u00e4r kondom anv\u00e4nds \u00e4r det viktigt att anv\u00e4nda ett vatten- eller silikonbaserat glidmedel. Anv\u00e4nder du ist\u00e4llet olja eller hudkr\u00e4m, kan kondomen bli mindre h\u00e5llbar. <a title=\"Original silikon\" href=\"http:\/\/belladot.com.loopiadns.com\/sv\/products\/original\/\"><b>Belladot Original<\/b><\/a> \u00e4r ett silikonbaserat glidmedel, som skyddar de k\u00e4nsliga slemhinnorna i anus.<\/p>\n<p>Det \u00e4r olika hur du upplever stimulering av P-punkten. F\u00f6r en del m\u00e4n tillf\u00f6r det ingen extra lustupplevelse. En del m\u00e4n tycker inte om stimulering i anus. D\u00e5 kan P-punkten \u00e4ven n\u00e5s fr\u00e5n utsidan via mellang\u00e5rden, omr\u00e5det mellan anus och undersidan av pungen. Ett l\u00e4tt tryck d\u00e4r kan k\u00e4nnas sk\u00f6nt.<\/p>\n","protected":false},"excerpt":{"rendered":"<p>G-punkt och P-punkt \u2013 \u201dsatisfaction guaranteed?\u201d B\u00e5de hos m\u00e4n och kvinnor finns speciella \u201dpunkter\u201d \u2013 inv\u00e4ndiga erogena zoner som r\u00e4tt stimulerade kan ge b\u00e5de en sk\u00f6nare sexuell upplevelse och starkare orgasm. G-punkten och P-punkten. De kan vara sv\u00e5ra att hitta men med r\u00e4tt hj\u00e4lpmedel kan du n\u00e5 oanade h\u00f6jder. G-punkten \u00e4r en erogen zon som vid stimulering kan ge orgasm. Namnet kommer fr\u00e5n Ernst Gr\u00e4fenberg, en tysk gynekolog, som 1950 beskrev zonen i en artikel. Det finns vibratorer som \u00e4r speciellt utformade f\u00f6r att stimulera G-punkten. Belladot Bodil \u00e4r en b\u00f6jbar G-punktsvibrator med vinklat huvud och vibrator i toppen. Eftersom [&hellip;]<\/p>\n","protected":false},"author":4,"featured_media":0,"parent":2549,"menu_order":8,"comment_status":"open","ping_status":"open","template":"","meta":{"_acf_changed":false,"footnotes":""},"class_list":["post-2607","page","type-page","status-publish","hentry"],"acf":[],"yoast_head":"<!-- This site is optimized with the Yoast SEO plugin v27.1.1 - https:\/\/yoast.com\/product\/yoast-seo-wordpress\/ -->\n<title>G-punkt och P-punkt - Belladot<\/title>\n<meta name=\"description\" content=\"G-punkt \u00e4r p\u00e5 kvinnan och P-punkt \u00e4r p\u00e5 mannen. P st\u00e5r f\u00f6r prostata. F\u00f6r b\u00e5da blir upplevelserna annorlunda \u00e4n vid vanlig stimulering av vagina och penis.\" \/>\n<meta name=\"robots\" content=\"index, follow, max-snippet:-1, max-image-preview:large, max-video-preview:-1\" \/>\n<link rel=\"canonical\" href=\"http:\/\/belladot.com\/sv\/sexologen-svarar\/g-punkt-och-p-punkt\/\" \/>\n<meta property=\"og:locale\" content=\"sv_SE\" \/>\n<meta property=\"og:type\" content=\"article\" \/>\n<meta property=\"og:title\" content=\"G-punkt och P-punkt - Belladot\" \/>\n<meta property=\"og:description\" content=\"G-punkt \u00e4r p\u00e5 kvinnan och P-punkt \u00e4r p\u00e5 mannen. P st\u00e5r f\u00f6r prostata. F\u00f6r b\u00e5da blir upplevelserna annorlunda \u00e4n vid vanlig stimulering av vagina och penis.\" \/>\n<meta property=\"og:url\" content=\"http:\/\/belladot.com\/sv\/sexologen-svarar\/g-punkt-och-p-punkt\/\" \/>\n<meta property=\"og:site_name\" content=\"Belladot\" \/>\n<meta property=\"article:modified_time\" content=\"2014-09-07T19:24:03+00:00\" \/>\n<meta name=\"twitter:label1\" content=\"Ber\u00e4knad l\u00e4stid\" \/>\n\t<meta name=\"twitter:data1\" content=\"4 minuter\" \/>\n<script type=\"application\/ld+json\" class=\"yoast-schema-graph\">{\"@context\":\"https:\/\/schema.org\",\"@graph\":[{\"@type\":\"WebPage\",\"@id\":\"http:\/\/belladot.com\/sv\/sexologen-svarar\/g-punkt-och-p-punkt\/\",\"url\":\"http:\/\/belladot.com\/sv\/sexologen-svarar\/g-punkt-och-p-punkt\/\",\"name\":\"G-punkt och P-punkt - Belladot\",\"isPartOf\":{\"@id\":\"https:\/\/belladot.com\/#website\"},\"datePublished\":\"2013-09-10T13:48:08+00:00\",\"dateModified\":\"2014-09-07T19:24:03+00:00\",\"description\":\"G-punkt \u00e4r p\u00e5 kvinnan och P-punkt \u00e4r p\u00e5 mannen. P st\u00e5r f\u00f6r prostata. F\u00f6r b\u00e5da blir upplevelserna annorlunda \u00e4n vid vanlig stimulering av vagina och penis.\",\"breadcrumb\":{\"@id\":\"http:\/\/belladot.com\/sv\/sexologen-svarar\/g-punkt-och-p-punkt\/#breadcrumb\"},\"inLanguage\":\"sv-SE\",\"potentialAction\":[{\"@type\":\"ReadAction\",\"target\":[\"http:\/\/belladot.com\/sv\/sexologen-svarar\/g-punkt-och-p-punkt\/\"]}]},{\"@type\":\"BreadcrumbList\",\"@id\":\"http:\/\/belladot.com\/sv\/sexologen-svarar\/g-punkt-och-p-punkt\/#breadcrumb\",\"itemListElement\":[{\"@type\":\"ListItem\",\"position\":1,\"name\":\"Sexologen svarar\",\"item\":\"https:\/\/belladot.com\/sv\/sexologen-svarar\/\"},{\"@type\":\"ListItem\",\"position\":2,\"name\":\"G-punkt och P-punkt\"}]},{\"@type\":\"WebSite\",\"@id\":\"https:\/\/belladot.com\/#website\",\"url\":\"https:\/\/belladot.com\/\",\"name\":\"Belladot\",\"description\":\"\",\"potentialAction\":[{\"@type\":\"SearchAction\",\"target\":{\"@type\":\"EntryPoint\",\"urlTemplate\":\"https:\/\/belladot.com\/?s={search_term_string}\"},\"query-input\":{\"@type\":\"PropertyValueSpecification\",\"valueRequired\":true,\"valueName\":\"search_term_string\"}}],\"inLanguage\":\"sv-SE\"}]}<\/script>\n<!-- \/ Yoast SEO plugin. -->","yoast_head_json":{"title":"G-punkt och P-punkt - Belladot","description":"G-punkt \u00e4r p\u00e5 kvinnan och P-punkt \u00e4r p\u00e5 mannen. P st\u00e5r f\u00f6r prostata. F\u00f6r b\u00e5da blir upplevelserna annorlunda \u00e4n vid vanlig stimulering av vagina och penis.","robots":{"index":"index","follow":"follow","max-snippet":"max-snippet:-1","max-image-preview":"max-image-preview:large","max-video-preview":"max-video-preview:-1"},"canonical":"http:\/\/belladot.com\/sv\/sexologen-svarar\/g-punkt-och-p-punkt\/","og_locale":"sv_SE","og_type":"article","og_title":"G-punkt och P-punkt - Belladot","og_description":"G-punkt \u00e4r p\u00e5 kvinnan och P-punkt \u00e4r p\u00e5 mannen. P st\u00e5r f\u00f6r prostata. F\u00f6r b\u00e5da blir upplevelserna annorlunda \u00e4n vid vanlig stimulering av vagina och penis.","og_url":"http:\/\/belladot.com\/sv\/sexologen-svarar\/g-punkt-och-p-punkt\/","og_site_name":"Belladot","article_modified_time":"2014-09-07T19:24:03+00:00","twitter_misc":{"Ber\u00e4knad l\u00e4stid":"4 minuter"},"schema":{"@context":"https:\/\/schema.org","@graph":[{"@type":"WebPage","@id":"http:\/\/belladot.com\/sv\/sexologen-svarar\/g-punkt-och-p-punkt\/","url":"http:\/\/belladot.com\/sv\/sexologen-svarar\/g-punkt-och-p-punkt\/","name":"G-punkt och P-punkt - Belladot","isPartOf":{"@id":"https:\/\/belladot.com\/#website"},"datePublished":"2013-09-10T13:48:08+00:00","dateModified":"2014-09-07T19:24:03+00:00","description":"G-punkt \u00e4r p\u00e5 kvinnan och P-punkt \u00e4r p\u00e5 mannen. P st\u00e5r f\u00f6r prostata. F\u00f6r b\u00e5da blir upplevelserna annorlunda \u00e4n vid vanlig stimulering av vagina och penis.","breadcrumb":{"@id":"http:\/\/belladot.com\/sv\/sexologen-svarar\/g-punkt-och-p-punkt\/#breadcrumb"},"inLanguage":"sv-SE","potentialAction":[{"@type":"ReadAction","target":["http:\/\/belladot.com\/sv\/sexologen-svarar\/g-punkt-och-p-punkt\/"]}]},{"@type":"BreadcrumbList","@id":"http:\/\/belladot.com\/sv\/sexologen-svarar\/g-punkt-och-p-punkt\/#breadcrumb","itemListElement":[{"@type":"ListItem","position":1,"name":"Sexologen svarar","item":"https:\/\/belladot.com\/sv\/sexologen-svarar\/"},{"@type":"ListItem","position":2,"name":"G-punkt och P-punkt"}]},{"@type":"WebSite","@id":"https:\/\/belladot.com\/#website","url":"https:\/\/belladot.com\/","name":"Belladot","description":"","potentialAction":[{"@type":"SearchAction","target":{"@type":"EntryPoint","urlTemplate":"https:\/\/belladot.com\/?s={search_term_string}"},"query-input":{"@type":"PropertyValueSpecification","valueRequired":true,"valueName":"search_term_string"}}],"inLanguage":"sv-SE"}]}},"_links":{"self":[{"href":"https:\/\/belladot.com\/sv\/wp-json\/wp\/v2\/pages\/2607","targetHints":{"allow":["GET"]}}],"collection":[{"href":"https:\/\/belladot.com\/sv\/wp-json\/wp\/v2\/pages"}],"about":[{"href":"https:\/\/belladot.com\/sv\/wp-json\/wp\/v2\/types\/page"}],"author":[{"embeddable":true,"href":"https:\/\/belladot.com\/sv\/wp-json\/wp\/v2\/users\/4"}],"replies":[{"embeddable":true,"href":"https:\/\/belladot.com\/sv\/wp-json\/wp\/v2\/comments?post=2607"}],"version-history":[{"count":0,"href":"https:\/\/belladot.com\/sv\/wp-json\/wp\/v2\/pages\/2607\/revisions"}],"up":[{"embeddable":true,"href":"https:\/\/belladot.com\/sv\/wp-json\/wp\/v2\/pages\/2549"}],"wp:attachment":[{"href":"https:\/\/belladot.com\/sv\/wp-json\/wp\/v2\/media?parent=2607"}],"curies":[{"name":"wp","href":"https:\/\/api.w.org\/{rel}","templated":true}]}}