{"id":2624,"date":"2013-09-10T15:48:52","date_gmt":"2013-09-10T13:48:52","guid":{"rendered":"http:\/\/belladot.com.loopiadns.com.loopiadns.com\/?page_id=2624"},"modified":"2014-07-27T16:20:14","modified_gmt":"2014-07-27T14:20:14","slug":"sexualitet","status":"publish","type":"page","link":"https:\/\/belladot.com\/sv\/sexologen-svarar\/sexualitet\/","title":{"rendered":"Sexualitet &#8211; inte bara sex"},"content":{"rendered":"<h3><b>Vad \u00e4r sex \u2026 egentligen?<\/b><\/h3>\n<p><b>Sexualiteten \u00e4r som ett inre n\u00e4tverk av k\u00e4nslor, unika f\u00f6r var och en av oss, uppbyggt av v\u00e5ra erfarenheter och v\u00e5r personlighet. Men vad menar vi egentligen med sexualitet? \u00c4r det enbart fysisk kontakt och n\u00e4rhet \u2013 eller r\u00e4knas v\u00e5ra k\u00e4nslor och fantasier dit? Och finns det n\u00e5got som \u00e4r normalt eller onormalt? <\/b><\/p>\n<p>Synen p\u00e5 sexualitet f\u00f6r\u00e4ndras \u00f6ver tid, liksom beskrivningen av den.<b> <\/b><a href=\"http:\/\/www.who.int\/en\/\" target=\"_blank\">V\u00e4rldsh\u00e4lsoorganisationen (WHO)<\/a> har ocks\u00e5 \u00e4ndrat sin definition genom \u00e5ren. En av de mest k\u00e4nda \u00e4r fr\u00e5n 1986<i> <\/i><i>(fritt \u00f6versatt): \u201dSexualiteten \u00e4r en integrerad del av personligheten hos varje m\u00e4nniska; man, kvinna och barn. Den \u00e4r ett basbehov och en aspekt av att vara m\u00e4nsklig, som inte kan separeras fr\u00e5n v\u00e5ra andra livsaspekter. Sexualitet \u00e4r inte samma sak som samlag; den handlar inte om ifall vi kan f\u00e5 orgasm eller inte, och \u00e4r inte heller v\u00e5rt totala erotiska liv. Dessa kan vara en del av v\u00e5r sexualitet, eller ocks\u00e5 inte. Sexualiteten \u00e4r s\u00e5 mycket mer: den finns i energin som motiverar oss att s\u00f6ka k\u00e4rlek, kontakt, v\u00e4rme och intimitet. Den uttrycks genom hur vi k\u00e4nner, r\u00f6r vid, ber\u00f6r och blir ber\u00f6rda av andra. Den handlar om att vara sensuell likav\u00e4l som sexuell. Sexualiteten p\u00e5verkar tankar, k\u00e4nslor, handlingar och samspel och d\u00e4rigenom v\u00e5r psykiska och fysiska h\u00e4lsa.\u201d<\/i><\/p>\n<p>Tanken p\u00e5 att sexualitet har m\u00e5nga dimensioner, kan vara bra att ha ibland i olika faser av livet; t ex n\u00e4r tiden inte r\u00e4cker till f\u00f6r sex, pga livspusslet med jobb och sm\u00e5barn, eller vid sjukdom och h\u00f6g \u00e5lder d\u00e5 orken och sexdriften minskar. Kontakt och n\u00e4rhet blir d\u00e5 extra viktigt, i st\u00e4llet f\u00f6r att k\u00e4nna pressen att prestera sexuellt genom samlag.<\/p>\n<p>Den senaste <a href=\"http:\/\/www.who.int\/reproductivehealth\/topics\/sexual_health\/sh_definitions\/en\/\" target=\"_blank\">definitionen<\/a>, fr\u00e5n 2006 ger ett brett och j\u00e4mlikt perspektiv p\u00e5 sexualitet och inneb\u00e4r att den inte kan frikopplas fr\u00e5n n\u00e5gra aspekter av att vara m\u00e4nniska i ett samh\u00e4lle med dess kultur och v\u00e4rderingar (<i>fritt \u00f6versatt): \u201dEn central aspekt genom livet av att vara m\u00e4nsklig best\u00e5r av k\u00f6n, k\u00f6nsidentitet och k\u00f6nsroller, sexuell orientering, erotik, lust, intimitet och reproduktion. Sexualitet upplevs och uttrycks genom tankar, fantasier, \u00e5tr\u00e5, \u00f6vertygelser, attityder, v\u00e4rderingar, beteende, ut\u00f6vande, roller och relationer. Samtidigt som sexualitet kan inneh\u00e5lla alla dessa dimensioner, \u00e4r inte alla alltid upplevda eller uttryckta. Sexualitet p\u00e5verkas av samspelet mellan biologiska, psykologiska, sociala, ekonomiska, politiska, kulturella, legala, historiska, religi\u00f6sa och andliga faktorer\u201d<\/i><\/p>\n<p>Samtidigt som sexualiteten \u00e4r personlig \u00e4r det v\u00e5rt samh\u00e4lle och v\u00e5r kultur som skapar utrymme f\u00f6r den \u2013 eller begr\u00e4nsar den. Det som f\u00f6rr s\u00e5gs som annorlunda och kanske var olagligt, \u00e4r nu en del av det vi ser som \u201dnormal\u201d sexualitet.<\/p>\n<p>D\u00e5 dyker direkt fr\u00e5gan om vad som \u00e4r normalt upp. Mitt svar \u00e4r att s\u00e5 l\u00e4nge det inte \u00e4r olagligt, ger upphov till lidande, skada, innefattar barn eller andra som inte kan samtycka, eller st\u00f6r ditt sociala liv \u2013 d\u00e5 \u00e4r det normalt.\u00a0 D\u00e5 \u00e4r det allts\u00e5 helt okej s\u00e5 l\u00e4nge du sj\u00e4lv och den du \u00e4r med tycker det. Det kanske blir enklare om begreppen vanligt\/ovanligt sexuellt beteende anv\u00e4nds ist\u00e4llet f\u00f6r normalt\/onormalt.<\/p>\n","protected":false},"excerpt":{"rendered":"<p>Vad \u00e4r sex \u2026 egentligen? Sexualiteten \u00e4r som ett inre n\u00e4tverk av k\u00e4nslor, unika f\u00f6r var och en av oss, uppbyggt av v\u00e5ra erfarenheter och v\u00e5r personlighet. Men vad menar vi egentligen med sexualitet? \u00c4r det enbart fysisk kontakt och n\u00e4rhet \u2013 eller r\u00e4knas v\u00e5ra k\u00e4nslor och fantasier dit? Och finns det n\u00e5got som \u00e4r normalt eller onormalt? Synen p\u00e5 sexualitet f\u00f6r\u00e4ndras \u00f6ver tid, liksom beskrivningen av den. V\u00e4rldsh\u00e4lsoorganisationen (WHO) har ocks\u00e5 \u00e4ndrat sin definition genom \u00e5ren. En av de mest k\u00e4nda \u00e4r fr\u00e5n 1986 (fritt \u00f6versatt): \u201dSexualiteten \u00e4r en integrerad del av personligheten hos varje m\u00e4nniska; man, kvinna och [&hellip;]<\/p>\n","protected":false},"author":4,"featured_media":0,"parent":2549,"menu_order":8,"comment_status":"open","ping_status":"open","template":"","meta":{"_acf_changed":false,"footnotes":""},"class_list":["post-2624","page","type-page","status-publish","hentry"],"acf":[],"yoast_head":"<!-- This site is optimized with the Yoast SEO plugin v27.1.1 - https:\/\/yoast.com\/product\/yoast-seo-wordpress\/ -->\n<title>Sexualitet - inte bara sex - Belladot<\/title>\n<meta name=\"description\" content=\"Sexualitet \u00e4r som ett inre n\u00e4tverk av k\u00e4nslor, unika f\u00f6r var och en av oss, uppbyggt av v\u00e5ra erfarenheter och v\u00e5r personlighet. Och en m\u00e4nsklig r\u00e4ttighet!\" \/>\n<meta name=\"robots\" content=\"index, follow, max-snippet:-1, max-image-preview:large, max-video-preview:-1\" \/>\n<link rel=\"canonical\" href=\"http:\/\/belladot.com\/sv\/sexologen-svarar\/sexualitet\/\" \/>\n<meta property=\"og:locale\" content=\"sv_SE\" \/>\n<meta property=\"og:type\" content=\"article\" \/>\n<meta property=\"og:title\" content=\"Sexualitet - inte bara sex - Belladot\" \/>\n<meta property=\"og:description\" content=\"Sexualitet \u00e4r som ett inre n\u00e4tverk av k\u00e4nslor, unika f\u00f6r var och en av oss, uppbyggt av v\u00e5ra erfarenheter och v\u00e5r personlighet. Och en m\u00e4nsklig r\u00e4ttighet!\" \/>\n<meta property=\"og:url\" content=\"http:\/\/belladot.com\/sv\/sexologen-svarar\/sexualitet\/\" \/>\n<meta property=\"og:site_name\" content=\"Belladot\" \/>\n<meta property=\"article:modified_time\" content=\"2014-07-27T14:20:14+00:00\" \/>\n<meta name=\"twitter:label1\" content=\"Ber\u00e4knad l\u00e4stid\" \/>\n\t<meta name=\"twitter:data1\" content=\"3 minuter\" \/>\n<script type=\"application\/ld+json\" class=\"yoast-schema-graph\">{\"@context\":\"https:\/\/schema.org\",\"@graph\":[{\"@type\":\"WebPage\",\"@id\":\"http:\/\/belladot.com\/sv\/sexologen-svarar\/sexualitet\/\",\"url\":\"http:\/\/belladot.com\/sv\/sexologen-svarar\/sexualitet\/\",\"name\":\"Sexualitet - inte bara sex - Belladot\",\"isPartOf\":{\"@id\":\"https:\/\/belladot.com\/#website\"},\"datePublished\":\"2013-09-10T13:48:52+00:00\",\"dateModified\":\"2014-07-27T14:20:14+00:00\",\"description\":\"Sexualitet \u00e4r som ett inre n\u00e4tverk av k\u00e4nslor, unika f\u00f6r var och en av oss, uppbyggt av v\u00e5ra erfarenheter och v\u00e5r personlighet. Och en m\u00e4nsklig r\u00e4ttighet!\",\"breadcrumb\":{\"@id\":\"http:\/\/belladot.com\/sv\/sexologen-svarar\/sexualitet\/#breadcrumb\"},\"inLanguage\":\"sv-SE\",\"potentialAction\":[{\"@type\":\"ReadAction\",\"target\":[\"http:\/\/belladot.com\/sv\/sexologen-svarar\/sexualitet\/\"]}]},{\"@type\":\"BreadcrumbList\",\"@id\":\"http:\/\/belladot.com\/sv\/sexologen-svarar\/sexualitet\/#breadcrumb\",\"itemListElement\":[{\"@type\":\"ListItem\",\"position\":1,\"name\":\"Sexologen svarar\",\"item\":\"https:\/\/belladot.com\/sv\/sexologen-svarar\/\"},{\"@type\":\"ListItem\",\"position\":2,\"name\":\"Sexualitet &#8211; inte bara sex\"}]},{\"@type\":\"WebSite\",\"@id\":\"https:\/\/belladot.com\/#website\",\"url\":\"https:\/\/belladot.com\/\",\"name\":\"Belladot\",\"description\":\"\",\"potentialAction\":[{\"@type\":\"SearchAction\",\"target\":{\"@type\":\"EntryPoint\",\"urlTemplate\":\"https:\/\/belladot.com\/?s={search_term_string}\"},\"query-input\":{\"@type\":\"PropertyValueSpecification\",\"valueRequired\":true,\"valueName\":\"search_term_string\"}}],\"inLanguage\":\"sv-SE\"}]}<\/script>\n<!-- \/ Yoast SEO plugin. -->","yoast_head_json":{"title":"Sexualitet - inte bara sex - Belladot","description":"Sexualitet \u00e4r som ett inre n\u00e4tverk av k\u00e4nslor, unika f\u00f6r var och en av oss, uppbyggt av v\u00e5ra erfarenheter och v\u00e5r personlighet. Och en m\u00e4nsklig r\u00e4ttighet!","robots":{"index":"index","follow":"follow","max-snippet":"max-snippet:-1","max-image-preview":"max-image-preview:large","max-video-preview":"max-video-preview:-1"},"canonical":"http:\/\/belladot.com\/sv\/sexologen-svarar\/sexualitet\/","og_locale":"sv_SE","og_type":"article","og_title":"Sexualitet - inte bara sex - Belladot","og_description":"Sexualitet \u00e4r som ett inre n\u00e4tverk av k\u00e4nslor, unika f\u00f6r var och en av oss, uppbyggt av v\u00e5ra erfarenheter och v\u00e5r personlighet. Och en m\u00e4nsklig r\u00e4ttighet!","og_url":"http:\/\/belladot.com\/sv\/sexologen-svarar\/sexualitet\/","og_site_name":"Belladot","article_modified_time":"2014-07-27T14:20:14+00:00","twitter_misc":{"Ber\u00e4knad l\u00e4stid":"3 minuter"},"schema":{"@context":"https:\/\/schema.org","@graph":[{"@type":"WebPage","@id":"http:\/\/belladot.com\/sv\/sexologen-svarar\/sexualitet\/","url":"http:\/\/belladot.com\/sv\/sexologen-svarar\/sexualitet\/","name":"Sexualitet - inte bara sex - Belladot","isPartOf":{"@id":"https:\/\/belladot.com\/#website"},"datePublished":"2013-09-10T13:48:52+00:00","dateModified":"2014-07-27T14:20:14+00:00","description":"Sexualitet \u00e4r som ett inre n\u00e4tverk av k\u00e4nslor, unika f\u00f6r var och en av oss, uppbyggt av v\u00e5ra erfarenheter och v\u00e5r personlighet. Och en m\u00e4nsklig r\u00e4ttighet!","breadcrumb":{"@id":"http:\/\/belladot.com\/sv\/sexologen-svarar\/sexualitet\/#breadcrumb"},"inLanguage":"sv-SE","potentialAction":[{"@type":"ReadAction","target":["http:\/\/belladot.com\/sv\/sexologen-svarar\/sexualitet\/"]}]},{"@type":"BreadcrumbList","@id":"http:\/\/belladot.com\/sv\/sexologen-svarar\/sexualitet\/#breadcrumb","itemListElement":[{"@type":"ListItem","position":1,"name":"Sexologen svarar","item":"https:\/\/belladot.com\/sv\/sexologen-svarar\/"},{"@type":"ListItem","position":2,"name":"Sexualitet &#8211; inte bara sex"}]},{"@type":"WebSite","@id":"https:\/\/belladot.com\/#website","url":"https:\/\/belladot.com\/","name":"Belladot","description":"","potentialAction":[{"@type":"SearchAction","target":{"@type":"EntryPoint","urlTemplate":"https:\/\/belladot.com\/?s={search_term_string}"},"query-input":{"@type":"PropertyValueSpecification","valueRequired":true,"valueName":"search_term_string"}}],"inLanguage":"sv-SE"}]}},"_links":{"self":[{"href":"https:\/\/belladot.com\/sv\/wp-json\/wp\/v2\/pages\/2624","targetHints":{"allow":["GET"]}}],"collection":[{"href":"https:\/\/belladot.com\/sv\/wp-json\/wp\/v2\/pages"}],"about":[{"href":"https:\/\/belladot.com\/sv\/wp-json\/wp\/v2\/types\/page"}],"author":[{"embeddable":true,"href":"https:\/\/belladot.com\/sv\/wp-json\/wp\/v2\/users\/4"}],"replies":[{"embeddable":true,"href":"https:\/\/belladot.com\/sv\/wp-json\/wp\/v2\/comments?post=2624"}],"version-history":[{"count":0,"href":"https:\/\/belladot.com\/sv\/wp-json\/wp\/v2\/pages\/2624\/revisions"}],"up":[{"embeddable":true,"href":"https:\/\/belladot.com\/sv\/wp-json\/wp\/v2\/pages\/2549"}],"wp:attachment":[{"href":"https:\/\/belladot.com\/sv\/wp-json\/wp\/v2\/media?parent=2624"}],"curies":[{"name":"wp","href":"https:\/\/api.w.org\/{rel}","templated":true}]}}