{"id":3566,"date":"2014-09-07T21:26:53","date_gmt":"2014-09-07T19:26:53","guid":{"rendered":"http:\/\/belladot.com.loopiadns.com.loopiadns.com\/?page_id=3566"},"modified":"2016-01-26T11:52:48","modified_gmt":"2016-01-26T10:52:48","slug":"onani-ar-naturligt","status":"publish","type":"page","link":"https:\/\/belladot.com\/sv\/sexologen-svarar\/onani-ar-naturligt\/","title":{"rendered":"Onani \u00e4r naturligt"},"content":{"rendered":"<h3><b><b>Onani \u00e4r naturligt<\/b><\/b><\/h3>\n<p>Onani \u00e4r naturligt. Har du onanerat nyligen? D\u00e5 \u00e4r du inte ensam. De flesta av oss onanerar mer eller mindre regelbundet.<\/p>\n<p>Det finns m\u00e5nga vardagsnamn p\u00e5 onani, t ex runka, pulla, taja, klia Doris och ha solosex, och det finns m\u00e5nga s\u00e4tt att onanera p\u00e5. Det vanligaste \u00e4r att anv\u00e4nda fingrarna och handen. Olika f\u00f6rem\u00e5l i hemmet som handdusch, kuddar eller annat anv\u00e4nds ibland.<\/p>\n<p>Belladots sexhj\u00e4lpmedel \u00e4r noga utprovade f\u00f6r att vara s\u00e4kra och ge maximal njutning. Som kvinna finns ett antal dildos och vibratorer att v\u00e4lja p\u00e5 t ex:<\/p>\n<p>Belladot Bodil som stimulerar <a title=\"G-punkt och P-punkt\" href=\"http:\/\/belladot.com.loopiadns.com\/sv\/sexologen-svarar\/g-punkt-och-p-punkt\/\">G-punkten och A-punkten<\/a>, \u00a0Belladot Greta som \u00e4r liten och beh\u00e4ndig och Vilma som stimulerar b\u00e5de G-punkt och klitoris samtidigt. Alla tre \u00e4r vattent\u00e4ta och kan f\u00f6lja med i duschen. L\u00e4s om fler produkter under rubriken \u201dLeksaker\u201d.<\/p>\n<p>Du vet s\u00e4kert att det \u00e4r viktigt att lyssna p\u00e5 kroppen i olika sammanhang, t ex f\u00f6r att undvika stress. Onani och orgasm \u00e4r ett bra s\u00e4tt att slappna av. Hormoner som f\u00e5r dig att m\u00e5 gott frig\u00f6rs. Det s\u00e4gs att minne och koncentrationsf\u00f6rm\u00e5ga \u00f6kar. \u00c5ngest och stress kan d\u00e4mpas. Detta g\u00e4ller sex \u00f6verhuvudtaget, men f\u00f6rdelen med onani \u00e4r att du sj\u00e4lv v\u00e4ljer n\u00e4r och hur.<\/p>\n<p>Att som kvinna ha en v\u00e4ltr\u00e4nad b\u00e4ckenbotten f\u00f6rst\u00e4rker lustk\u00e4nslan och kan ge starkare orgasmer. Britt knipkulor hj\u00e4lper till att hitta r\u00e4tt muskler och kan \u00e4ven anv\u00e4ndas f\u00f6r en starkare onaniupplevelse. L\u00e4s mer om hur du tr\u00e4nar musklerna under rubriken \u201d<a title=\"Inkontinens hos kvinnor \u2013 tr\u00e4na b\u00e4ckenbotten\" href=\"http:\/\/belladot.com.loopiadns.com\/sv\/sexologen-svarar\/kvinnlig-inkontinens\/\">Kvinnlig inkontinens<\/a>\u201d.<\/p>\n<p>Att onanera tillsammans eller inf\u00f6r sin partner, \u00e4r ett utm\u00e4rkt tillf\u00e4lle att l\u00e4ra k\u00e4nna kropparna och visa vad man njuter av. Det kan \u00e4ven ge m\u00f6jlighet att ha sex tillsammans om man av olika sk\u00e4l inte kan ha samlag.<\/p>\n<p>Forskning visar att den som f\u00e5r sin f\u00f6rsta orgasm genom onani, har b\u00e4ttre parsex. De som onanerar beh\u00e5ller sin sexualitet l\u00e4ngre i livet och h\u00e5ller sexlusten vid liv om partner saknas.<\/p>\n<p>Att ha lust, onanera och njuta utan skam \u00e4r en r\u00e4ttighet f\u00f6r alla. \u00c4nd\u00e5 finns m\u00e5nga tabun kring att tillfredst\u00e4lla sig sj\u00e4lv sexuellt. Varf\u00f6r tycker m\u00e5nga det \u00e4r sv\u00e5rt att prata om onani? Det tar flera generationer f\u00f6r v\u00e4rderingar att f\u00f6r\u00e4ndras, och historiskt sett har onani varit tabu.<\/p>\n<h3><b><b>Historia av tabun<\/b><\/b><\/h3>\n<p>Ordet kommer fr\u00e5n en av bibelns ber\u00e4ttelser d\u00e4r Gud d\u00f6dar Onan som avbr\u00f6t samlag f\u00f6re utl\u00f6sning, s\u00e5 att s\u00e4den inte hamnade i kvinnan. Onani innebar d\u00e4rf\u00f6r avbrutet samlag fram till 1700- talet, d\u00e5 ordet fick betydelsen att tillfredsst\u00e4lla sig sj\u00e4lv. Det latinska ordet masturbation anv\u00e4nds ocks\u00e5 och kommer av manus(hand)och stuprum(sk\u00e4nda).<\/p>\n<p>L\u00e5ngt in p\u00e5 1900-talet ans\u00e5gs onani skamligt, skadligt och onormalt. Onanisten visades p\u00e5 bild som blek, sjuklig och \u201dsinnessvag\u201d. Skam f\u00f6ds ofta tidigt i livet och finns kvar \u00e4ven om minnena \u00e4r f\u00f6rsvunna sedan l\u00e4nge. N\u00e4r ett barn l\u00e4r sig g\u00e5 f\u00e5r det av appl\u00e5der av de vuxna. Onani \u00e5 andra sidan kanske bem\u00f6ts med os\u00e4kerhet och tystnad, eller i v\u00e4rsta fall skarpa ord.<\/p>\n<h3><b><b>Fortfarande tabu<\/b><\/b><\/h3>\n<p>M\u00e5nga utan partner k\u00e4nner sig misslyckade \u00f6ver att ha sex f\u00f6r egen hand. De som har partner, kan sk\u00e4mmas \u00f6ver att onanera och v\u00e4lja att h\u00e5lla det f\u00f6r sig sj\u00e4lv. Det \u00e4r viktigt att v\u00e5ga ber\u00e4tta hur man k\u00e4nner och t\u00e4nker, i st\u00e4llet f\u00f6r att vara ensam om sin hemlighet.<\/p>\n<p>Den som kommer p\u00e5 att partnern onanerar, kan tro att hen \u00e4r oattraktiv och inte duger. \u00a0Sanningen \u00e4r att lusten att onanera inte alls beh\u00f6ver kopplas till d\u00e5ligt partnersex. I st\u00e4llet visar unders\u00f6kningar att personer som onanerar \u00e4r mer n\u00f6jda med sexlivet med sin partner och dessutom mer n\u00f6jda med sexualiteten totalt.<\/p>\n<p>M\u00e5nga m\u00e4n njuter av att anv\u00e4nda Belladots vibratorer. Belladot Bertil, \u00e4r en vibrerande penisring som f\u00f6rst\u00e4rker och f\u00f6rl\u00e4nger erektion. Extra bonus \u00e4r en liten knopp som kan v\u00e4ndas mot pungen eller mot partners klitoris.<\/p>\n<p>Hur ofta \u00e4r det normalt att onanera undrar m\u00e5nga. S\u00e5 ofta du har lust brukar jag svara. Om onanerandet blir tv\u00e5ngsm\u00e4ssig och ett hinder f\u00f6r det dagliga livet beh\u00f6ver du s\u00f6ka hj\u00e4lp. Onanin \u00e4r inte ett problem, d\u00e4remot tv\u00e5ngsm\u00e4ssigheten. Det ska inte heller g\u00f6ra ont att onanera eller medf\u00f6ra skador i underlivet.<\/p>\n<p>Glidmedel f\u00f6rst\u00e4rker njutning och minskar slitage. Belladot har vattenbaserade glidmedel, med eller utan doft, och silikonbaserade. Alla \u00e4r sj\u00e4lvklart s\u00e4kra ihop med kondom.<\/p>\n<p>Om du har sv\u00e5rt att f\u00e5 orgasm med partner \u00e4r onani och utforskandet av den egna sexualiteten till stor hj\u00e4lp. L\u00e4s mer under rubrikerna \u201dOrgasmproblem\u201d och \u201dLust och sensualitet\u201d.<\/p>\n<p>\u201dOrgasmera mera\u201d \u00e4r en informativ bok av <a href=\"http:\/\/www.orgasmeramera.se\/omylva.html\" target=\"_blank\">Ylva Franz\u00e9n<\/a> som jag k\u00f6pte direkt av f\u00f6rfattaren under min sexologutbildning. Jag bad henne signera och hon skrev f\u00f6ljande: \u201dM\u00e5nga sk\u00f6na orgasmer, Sylvia!\u201d<\/p>\n<p>Nu \u00f6nskar jag dig detsamma!<\/p>\n<p>&nbsp;<\/p>\n","protected":false},"excerpt":{"rendered":"<p>Onani \u00e4r naturligt Onani \u00e4r naturligt. Har du onanerat nyligen? D\u00e5 \u00e4r du inte ensam. De flesta av oss onanerar mer eller mindre regelbundet. Det finns m\u00e5nga vardagsnamn p\u00e5 onani, t ex runka, pulla, taja, klia Doris och ha solosex, och det finns m\u00e5nga s\u00e4tt att onanera p\u00e5. Det vanligaste \u00e4r att anv\u00e4nda fingrarna och handen. Olika f\u00f6rem\u00e5l i hemmet som handdusch, kuddar eller annat anv\u00e4nds ibland. Belladots sexhj\u00e4lpmedel \u00e4r noga utprovade f\u00f6r att vara s\u00e4kra och ge maximal njutning. Som kvinna finns ett antal dildos och vibratorer att v\u00e4lja p\u00e5 t ex: Belladot Bodil som stimulerar G-punkten och A-punkten, [&hellip;]<\/p>\n","protected":false},"author":4,"featured_media":0,"parent":2549,"menu_order":0,"comment_status":"open","ping_status":"open","template":"","meta":{"_acf_changed":false,"footnotes":""},"class_list":["post-3566","page","type-page","status-publish","hentry"],"acf":[],"yoast_head":"<!-- This site is optimized with the Yoast SEO plugin v27.1.1 - https:\/\/yoast.com\/product\/yoast-seo-wordpress\/ -->\n<title>Onani \u00e4r naturligt - Belladot<\/title>\n<meta name=\"description\" content=\"Onani \u00e4r naturligt. Har du onanerat nyligen? D\u00e5 \u00e4r du inte ensam. De flesta av oss onanerar. Det finns m\u00e5nga s\u00e4tt att onanera p\u00e5.\" \/>\n<meta name=\"robots\" content=\"index, follow, max-snippet:-1, max-image-preview:large, max-video-preview:-1\" \/>\n<link rel=\"canonical\" href=\"http:\/\/belladot.com\/sv\/sexologen-svarar\/onani-ar-naturligt\/\" \/>\n<meta property=\"og:locale\" content=\"sv_SE\" \/>\n<meta property=\"og:type\" content=\"article\" \/>\n<meta property=\"og:title\" content=\"Onani \u00e4r naturligt - Belladot\" \/>\n<meta property=\"og:description\" content=\"Onani \u00e4r naturligt. Har du onanerat nyligen? D\u00e5 \u00e4r du inte ensam. De flesta av oss onanerar. Det finns m\u00e5nga s\u00e4tt att onanera p\u00e5.\" \/>\n<meta property=\"og:url\" content=\"http:\/\/belladot.com\/sv\/sexologen-svarar\/onani-ar-naturligt\/\" \/>\n<meta property=\"og:site_name\" content=\"Belladot\" \/>\n<meta property=\"article:modified_time\" content=\"2016-01-26T10:52:48+00:00\" \/>\n<meta name=\"twitter:label1\" content=\"Ber\u00e4knad l\u00e4stid\" \/>\n\t<meta name=\"twitter:data1\" content=\"5 minuter\" \/>\n<script type=\"application\/ld+json\" class=\"yoast-schema-graph\">{\"@context\":\"https:\/\/schema.org\",\"@graph\":[{\"@type\":\"WebPage\",\"@id\":\"http:\/\/belladot.com\/sv\/sexologen-svarar\/onani-ar-naturligt\/\",\"url\":\"http:\/\/belladot.com\/sv\/sexologen-svarar\/onani-ar-naturligt\/\",\"name\":\"Onani \u00e4r naturligt - Belladot\",\"isPartOf\":{\"@id\":\"https:\/\/belladot.com\/#website\"},\"datePublished\":\"2014-09-07T19:26:53+00:00\",\"dateModified\":\"2016-01-26T10:52:48+00:00\",\"description\":\"Onani \u00e4r naturligt. Har du onanerat nyligen? D\u00e5 \u00e4r du inte ensam. De flesta av oss onanerar. Det finns m\u00e5nga s\u00e4tt att onanera p\u00e5.\",\"breadcrumb\":{\"@id\":\"http:\/\/belladot.com\/sv\/sexologen-svarar\/onani-ar-naturligt\/#breadcrumb\"},\"inLanguage\":\"sv-SE\",\"potentialAction\":[{\"@type\":\"ReadAction\",\"target\":[\"http:\/\/belladot.com\/sv\/sexologen-svarar\/onani-ar-naturligt\/\"]}]},{\"@type\":\"BreadcrumbList\",\"@id\":\"http:\/\/belladot.com\/sv\/sexologen-svarar\/onani-ar-naturligt\/#breadcrumb\",\"itemListElement\":[{\"@type\":\"ListItem\",\"position\":1,\"name\":\"Sexologen svarar\",\"item\":\"https:\/\/belladot.com\/sv\/sexologen-svarar\/\"},{\"@type\":\"ListItem\",\"position\":2,\"name\":\"Onani \u00e4r naturligt\"}]},{\"@type\":\"WebSite\",\"@id\":\"https:\/\/belladot.com\/#website\",\"url\":\"https:\/\/belladot.com\/\",\"name\":\"Belladot\",\"description\":\"\",\"potentialAction\":[{\"@type\":\"SearchAction\",\"target\":{\"@type\":\"EntryPoint\",\"urlTemplate\":\"https:\/\/belladot.com\/?s={search_term_string}\"},\"query-input\":{\"@type\":\"PropertyValueSpecification\",\"valueRequired\":true,\"valueName\":\"search_term_string\"}}],\"inLanguage\":\"sv-SE\"}]}<\/script>\n<!-- \/ Yoast SEO plugin. -->","yoast_head_json":{"title":"Onani \u00e4r naturligt - Belladot","description":"Onani \u00e4r naturligt. Har du onanerat nyligen? D\u00e5 \u00e4r du inte ensam. De flesta av oss onanerar. Det finns m\u00e5nga s\u00e4tt att onanera p\u00e5.","robots":{"index":"index","follow":"follow","max-snippet":"max-snippet:-1","max-image-preview":"max-image-preview:large","max-video-preview":"max-video-preview:-1"},"canonical":"http:\/\/belladot.com\/sv\/sexologen-svarar\/onani-ar-naturligt\/","og_locale":"sv_SE","og_type":"article","og_title":"Onani \u00e4r naturligt - Belladot","og_description":"Onani \u00e4r naturligt. Har du onanerat nyligen? D\u00e5 \u00e4r du inte ensam. De flesta av oss onanerar. Det finns m\u00e5nga s\u00e4tt att onanera p\u00e5.","og_url":"http:\/\/belladot.com\/sv\/sexologen-svarar\/onani-ar-naturligt\/","og_site_name":"Belladot","article_modified_time":"2016-01-26T10:52:48+00:00","twitter_misc":{"Ber\u00e4knad l\u00e4stid":"5 minuter"},"schema":{"@context":"https:\/\/schema.org","@graph":[{"@type":"WebPage","@id":"http:\/\/belladot.com\/sv\/sexologen-svarar\/onani-ar-naturligt\/","url":"http:\/\/belladot.com\/sv\/sexologen-svarar\/onani-ar-naturligt\/","name":"Onani \u00e4r naturligt - Belladot","isPartOf":{"@id":"https:\/\/belladot.com\/#website"},"datePublished":"2014-09-07T19:26:53+00:00","dateModified":"2016-01-26T10:52:48+00:00","description":"Onani \u00e4r naturligt. Har du onanerat nyligen? D\u00e5 \u00e4r du inte ensam. De flesta av oss onanerar. Det finns m\u00e5nga s\u00e4tt att onanera p\u00e5.","breadcrumb":{"@id":"http:\/\/belladot.com\/sv\/sexologen-svarar\/onani-ar-naturligt\/#breadcrumb"},"inLanguage":"sv-SE","potentialAction":[{"@type":"ReadAction","target":["http:\/\/belladot.com\/sv\/sexologen-svarar\/onani-ar-naturligt\/"]}]},{"@type":"BreadcrumbList","@id":"http:\/\/belladot.com\/sv\/sexologen-svarar\/onani-ar-naturligt\/#breadcrumb","itemListElement":[{"@type":"ListItem","position":1,"name":"Sexologen svarar","item":"https:\/\/belladot.com\/sv\/sexologen-svarar\/"},{"@type":"ListItem","position":2,"name":"Onani \u00e4r naturligt"}]},{"@type":"WebSite","@id":"https:\/\/belladot.com\/#website","url":"https:\/\/belladot.com\/","name":"Belladot","description":"","potentialAction":[{"@type":"SearchAction","target":{"@type":"EntryPoint","urlTemplate":"https:\/\/belladot.com\/?s={search_term_string}"},"query-input":{"@type":"PropertyValueSpecification","valueRequired":true,"valueName":"search_term_string"}}],"inLanguage":"sv-SE"}]}},"_links":{"self":[{"href":"https:\/\/belladot.com\/sv\/wp-json\/wp\/v2\/pages\/3566","targetHints":{"allow":["GET"]}}],"collection":[{"href":"https:\/\/belladot.com\/sv\/wp-json\/wp\/v2\/pages"}],"about":[{"href":"https:\/\/belladot.com\/sv\/wp-json\/wp\/v2\/types\/page"}],"author":[{"embeddable":true,"href":"https:\/\/belladot.com\/sv\/wp-json\/wp\/v2\/users\/4"}],"replies":[{"embeddable":true,"href":"https:\/\/belladot.com\/sv\/wp-json\/wp\/v2\/comments?post=3566"}],"version-history":[{"count":0,"href":"https:\/\/belladot.com\/sv\/wp-json\/wp\/v2\/pages\/3566\/revisions"}],"up":[{"embeddable":true,"href":"https:\/\/belladot.com\/sv\/wp-json\/wp\/v2\/pages\/2549"}],"wp:attachment":[{"href":"https:\/\/belladot.com\/sv\/wp-json\/wp\/v2\/media?parent=3566"}],"curies":[{"name":"wp","href":"https:\/\/api.w.org\/{rel}","templated":true}]}}