{"id":4689,"date":"2015-02-02T11:42:57","date_gmt":"2015-02-02T10:42:57","guid":{"rendered":"http:\/\/belladot.com.loopiadns.com.loopiadns.com\/?page_id=4689"},"modified":"2017-06-20T10:06:37","modified_gmt":"2017-06-20T08:06:37","slug":"menstruation-och-menskopp","status":"publish","type":"page","link":"https:\/\/belladot.com\/sv\/sexologen-svarar\/menstruation-och-menskopp\/","title":{"rendered":"Menstruation och menskopp"},"content":{"rendered":"<h3><strong>Menstruation och menskopp<\/strong><\/h3>\n<p>Jaha, s\u00e5 var det dags igen, t\u00e4nker m\u00e5nga kvinnor en g\u00e5ng i m\u00e5naden. En del v\u00e4lkomnar sin m\u00e5nadsbl\u00f6dning med gl\u00e4dje \u00f6ver att inte vara o\u00f6nskat gravida, andra med sorg \u00f6ver att inte b\u00e4ra p\u00e5 fr\u00f6et till det barn de \u00f6nskar sig.<\/p>\n<p>P\u00e5 engelska kallas <a href=\"http:\/\/www.1177.se\/Halland\/Tema\/Sex-och-relationer\/Kroppen\/Mens-menstruation\/?ar=True\" target=\"_blank\" rel=\"noopener noreferrer\">menstruation<\/a> ibland f\u00f6r \u201dthe curse \u2013 f\u00f6rbannelsen\u201d, n\u00e5got alla kvinnor drabbas av. I m\u00e5nga kulturer har kvinnan betraktats som oren under tiden hon bl\u00f6der. Kanske lever det kvar till viss del i v\u00e5rt moderna samh\u00e4lle.<\/p>\n<p>Alla \u00f6knamn och omskrivningar som finns, skulle kunna vara ett tecken p\u00e5 att menstruation fortfarande \u00e4r n\u00e5got man undviker att n\u00e4mna. I st\u00e4llet kanske vi borde fira menstruation som ett av tecknen p\u00e5 kvinnlig fysisk mognad.<\/p>\n<h3>Menskopp &#8211; Med r\u00e4tt mensskydd kan \u201df\u00f6rbannelsen\u201d k\u00e4nnas l\u00e4ttare att b\u00e4ra!<\/h3>\n<p>Menskopp \u00e4r en beh\u00e5llare av silikon som samlar upp blodet. Den finns i olika storlekar, t\u00f6ms och reng\u00f6rs n\u00e5gra g\u00e5nger per dag, samt f\u00f6re varje menstruation. Den placeras precis innanf\u00f6r slidmynningen. Den \u00f6mt\u00e5liga pH-balansen i slidan p\u00e5verkas inte och menskoppen \u00e4r allergiv\u00e4nlig. R\u00e4tt insatt h\u00e5ller menskoppen t\u00e4tt vid sportaktiviteter, bad och under natten. Den rymmer mycket v\u00e4tska och beh\u00f6ver d\u00e4rf\u00f6r inte t\u00f6mmas s\u00e5 ofta. Menskoppen kan h\u00e5lla upp emot 5-10 \u00e5r och \u00e4r d\u00e4rmed bra b\u00e5de f\u00f6r pl\u00e5nbok och milj\u00f6. <a title=\"Evelina menskopp\" href=\"http:\/\/belladot.com.loopiadns.com\/sv\/products\/evelina-menskopp\/\" target=\"_blank\" rel=\"noopener noreferrer\">Belladot Evelina<\/a> \u00e4r en smidig menskopp i silikon. Menskoppen \u00e4r helt s\u00e4ker! Traditionella menskydd kan leda till exempelvis uttorkning, rubbning av pH-balansen och ger inte samma frihet som en menskopp. Belladot Evelina menskopp \u00e4r ett riktigt bra val!<\/p>\n<p>&nbsp;<\/p>\n<div id=\"attachment_5827\" style=\"width: 310px\" class=\"wp-caption aligncenter\"><a href=\"http:\/\/belladot.com.loopiadns.com\/wp-content\/uploads\/2015\/02\/Evelina_pro_pack_CP_l_p.png\"><img loading=\"lazy\" decoding=\"async\" aria-describedby=\"caption-attachment-5827\" class=\"size-medium wp-image-5827\" src=\"http:\/\/belladot.com.loopiadns.com\/wp-content\/uploads\/2015\/02\/Evelina_pro_pack_CP_l_p-300x244.png\" alt=\"Belladot Evelina menskopp\" width=\"300\" height=\"244\" srcset=\"https:\/\/belladot.com\/wp-content\/uploads\/2015\/02\/Evelina_pro_pack_CP_l_p-300x244.png 300w, https:\/\/belladot.com\/wp-content\/uploads\/2015\/02\/Evelina_pro_pack_CP_l_p-768x626.png 768w, https:\/\/belladot.com\/wp-content\/uploads\/2015\/02\/Evelina_pro_pack_CP_l_p.png 870w\" sizes=\"auto, (max-width: 300px) 100vw, 300px\" \/><\/a><p id=\"caption-attachment-5827\" class=\"wp-caption-text\">Belladot Evelina menskopp<\/p><\/div>\n<h3>Traditionella mensskydd<\/h3>\n<p><em>Binda<\/em> &#8211; Som l\u00e4ggs i trosan och absorberar blodet. De s\u00e4tts fast direkt i trosan med en klisterremsa och har oftast \u201dvingar\u201d som skyddar kanten p\u00e5 trosorna. Det finns eng\u00e5ngsbindor eller bindor som tv\u00e4ttas och \u00e5teranv\u00e4nds p\u00e5 samma s\u00e4tt som tygbl\u00f6jor. Trosskydd, en mindre och tunnare typ av binda, kan vara tillr\u00e4ckligt n\u00e4r bl\u00f6dningen \u00e4r liten eller i slutet av perioden. Att ha binda eller trosskydd kan k\u00e4nnas klumpigt och ge en fuktig k\u00e4nsla, \u00e4ven om mensblodet absorberas. Fukt i underlivet \u00f6kar risken f\u00f6r svamp, Candida. P\u00e5 natten finns risk f\u00f6r l\u00e4ckage. Eng\u00e5ngsbindor kostar m\u00e5nga tusen kronor under en livstid. M\u00e5nga bindor blir det under \u00e5ret, vilket bidrar till sopberget.<\/p>\n<p><em>Tampong<\/em> &#8211; en liten bomullsrulle som f\u00f6rs upp i slidan och d\u00e4r absorberar blodet. Tampongen tas ut med hj\u00e4lp av sn\u00f6ret som finns i ena \u00e4nden. Tampongen kan torka ut och p\u00e5verka de sk\u00f6ra slemhinnorna i slidan negativt. Om bl\u00f6dningen \u00e4r liten finns risk att tampongrester blir kvar i slidan n\u00e4r tampongen dras ut, vilket kan \u00f6ka infektionsrisken. <a href=\"http:\/\/sv.wikipedia.org\/wiki\/Toxic_shock_syndrome\" target=\"_blank\" rel=\"noopener noreferrer\">Tampongsjuka<\/a> \u00e4r en allvarlig bakteriesjukdom som kan vara en risk, i enstaka fall, om tampongen sitter inne f\u00f6r l\u00e4nge och man slarvar med hygienen vid ins\u00e4ttandet. En tampong kostar n\u00e5gon krona, vilket med m\u00e4ngden tamponger som anv\u00e4nds under en livstid inneb\u00e4r m\u00e5nga tusen kronor.<\/p>\n<h3>Fakta om mens<\/h3>\n<p><em>Menarche<\/em> &#8211; den f\u00f6rsta bl\u00f6dningen intr\u00e4ffar oftast mellan 10-16 \u00e5rs \u00e5lder. Har menstruationen inte kommit ig\u00e5ng runt 16-17 \u00e5r kan det vara klokt att kontakta en ungdomsmottagning f\u00f6r unders\u00f6kning. H\u00f6g stress, \u00f6verdriven tr\u00e4ning och \u00e4tst\u00f6rningar kan f\u00f6rsena eller f\u00e5 mensen att utebli. Hormonniv\u00e5er kan ocks\u00e5 p\u00e5verka.<\/p>\n<p><em>Menstrationscykel<\/em> &#8211; tiden fr\u00e5n mensens f\u00f6rsta dag till f\u00f6rsta dagen p\u00e5 n\u00e4sta mens \u00e4r oftast mellan 21-35 dagar. Ungef\u00e4r fjorton dagar efter \u00e4gglossning om \u00e4gget inte \u00e4r befruktat kommer bl\u00f6dningen. I enstaka fall kan en mindre bl\u00f6dning komma \u00e4nd\u00e5. D\u00e4rf\u00f6r \u00e4r det b\u00e4st att efter oskyddad sex g\u00f6ra en graviditetstest, om man vill vara helt s\u00e4ker.<\/p>\n<p><em>Menopaus<\/em> &#8211; inneb\u00e4r att tiden av fertilitet(fruktsamhet) \u00e4r \u00f6ver och menstruationen slut. Den konstateras ett \u00e5r efter sista bl\u00f6dningen, vanligtvis n\u00e5gon g\u00e5ng mellan 45 och 55 \u00e5rs \u00e5lder.<\/p>\n<h3>Problem vid mens<\/h3>\n<p>M\u00e5nga lider av sm\u00e4rtor under menstruationen. Sm\u00e4rtstillande tabletter, v\u00e4rme och motion kan hj\u00e4lpa. Om sm\u00e4rtan \u00e4r mycket kraftig, kan en gynekologunders\u00f6kning vara n\u00f6dv\u00e4ndig. Medicinska problem s\u00e5som exempelvis endometrios och myom kan ge sv\u00e5ra sm\u00e4rtor under mensen. Irritation, sp\u00e4nningar och svullenhet i kroppen, PMS, \u00e4r ocks\u00e5 ett vanligt problem.<\/p>\n<p>Vid rikliga bl\u00f6dningar finns l\u00e4kemedel att tillg\u00e5. Normal m\u00e4ngd blod under en menstruation \u00e4r knappt en deciliter, men det kan variera.<\/p>\n<p>&nbsp;<\/p>\n<h3><\/h3>\n<p>&nbsp;<\/p>\n","protected":false},"excerpt":{"rendered":"<p>Menstruation och menskopp Jaha, s\u00e5 var det dags igen, t\u00e4nker m\u00e5nga kvinnor en g\u00e5ng i m\u00e5naden. En del v\u00e4lkomnar sin m\u00e5nadsbl\u00f6dning med gl\u00e4dje \u00f6ver att inte vara o\u00f6nskat gravida, andra med sorg \u00f6ver att inte b\u00e4ra p\u00e5 fr\u00f6et till det barn de \u00f6nskar sig. P\u00e5 engelska kallas menstruation ibland f\u00f6r \u201dthe curse \u2013 f\u00f6rbannelsen\u201d, n\u00e5got alla kvinnor drabbas av. I m\u00e5nga kulturer har kvinnan betraktats som oren under tiden hon bl\u00f6der. Kanske lever det kvar till viss del i v\u00e5rt moderna samh\u00e4lle. Alla \u00f6knamn och omskrivningar som finns, skulle kunna vara ett tecken p\u00e5 att menstruation fortfarande \u00e4r n\u00e5got man [&hellip;]<\/p>\n","protected":false},"author":4,"featured_media":0,"parent":2549,"menu_order":0,"comment_status":"open","ping_status":"open","template":"","meta":{"_acf_changed":false,"footnotes":""},"class_list":["post-4689","page","type-page","status-publish","hentry"],"acf":[],"yoast_head":"<!-- This site is optimized with the Yoast SEO plugin v27.1.1 - https:\/\/yoast.com\/product\/yoast-seo-wordpress\/ -->\n<title>Menstruation och menskopp - Belladot<\/title>\n<meta name=\"description\" content=\"Menstruation och menskoppen Evelina. F\u00f6r den aktiva kvinnan. Funderingar om mens? H\u00e4r finns allt du beh\u00f6ver veta.\" \/>\n<meta name=\"robots\" content=\"index, follow, max-snippet:-1, max-image-preview:large, max-video-preview:-1\" \/>\n<link rel=\"canonical\" href=\"http:\/\/belladot.com\/sv\/sexologen-svarar\/menstruation-och-menskopp\/\" \/>\n<meta property=\"og:locale\" content=\"sv_SE\" \/>\n<meta property=\"og:type\" content=\"article\" \/>\n<meta property=\"og:title\" content=\"Menstruation och menskopp - Belladot\" \/>\n<meta property=\"og:description\" content=\"Menstruation och menskoppen Evelina. F\u00f6r den aktiva kvinnan. Funderingar om mens? H\u00e4r finns allt du beh\u00f6ver veta.\" \/>\n<meta property=\"og:url\" content=\"http:\/\/belladot.com\/sv\/sexologen-svarar\/menstruation-och-menskopp\/\" \/>\n<meta property=\"og:site_name\" content=\"Belladot\" \/>\n<meta property=\"article:modified_time\" content=\"2017-06-20T08:06:37+00:00\" \/>\n<meta property=\"og:image\" content=\"http:\/\/belladot.com.loopiadns.com\/wp-content\/uploads\/2015\/02\/Evelina_pro_pack_CP_l_p-300x244.png\" \/>\n<meta name=\"twitter:label1\" content=\"Ber\u00e4knad l\u00e4stid\" \/>\n\t<meta name=\"twitter:data1\" content=\"4 minuter\" \/>\n<script type=\"application\/ld+json\" class=\"yoast-schema-graph\">{\"@context\":\"https:\/\/schema.org\",\"@graph\":[{\"@type\":\"WebPage\",\"@id\":\"http:\/\/belladot.com\/sv\/sexologen-svarar\/menstruation-och-menskopp\/\",\"url\":\"http:\/\/belladot.com\/sv\/sexologen-svarar\/menstruation-och-menskopp\/\",\"name\":\"Menstruation och menskopp - Belladot\",\"isPartOf\":{\"@id\":\"https:\/\/belladot.com\/#website\"},\"primaryImageOfPage\":{\"@id\":\"http:\/\/belladot.com\/sv\/sexologen-svarar\/menstruation-och-menskopp\/#primaryimage\"},\"image\":{\"@id\":\"http:\/\/belladot.com\/sv\/sexologen-svarar\/menstruation-och-menskopp\/#primaryimage\"},\"thumbnailUrl\":\"http:\/\/belladot.com.loopiadns.com\/wp-content\/uploads\/2015\/02\/Evelina_pro_pack_CP_l_p-300x244.png\",\"datePublished\":\"2015-02-02T10:42:57+00:00\",\"dateModified\":\"2017-06-20T08:06:37+00:00\",\"description\":\"Menstruation och menskoppen Evelina. F\u00f6r den aktiva kvinnan. Funderingar om mens? H\u00e4r finns allt du beh\u00f6ver veta.\",\"breadcrumb\":{\"@id\":\"http:\/\/belladot.com\/sv\/sexologen-svarar\/menstruation-och-menskopp\/#breadcrumb\"},\"inLanguage\":\"sv-SE\",\"potentialAction\":[{\"@type\":\"ReadAction\",\"target\":[\"http:\/\/belladot.com\/sv\/sexologen-svarar\/menstruation-och-menskopp\/\"]}]},{\"@type\":\"ImageObject\",\"inLanguage\":\"sv-SE\",\"@id\":\"http:\/\/belladot.com\/sv\/sexologen-svarar\/menstruation-och-menskopp\/#primaryimage\",\"url\":\"http:\/\/belladot.com.loopiadns.com\/wp-content\/uploads\/2015\/02\/Evelina_pro_pack_CP_l_p-300x244.png\",\"contentUrl\":\"http:\/\/belladot.com.loopiadns.com\/wp-content\/uploads\/2015\/02\/Evelina_pro_pack_CP_l_p-300x244.png\"},{\"@type\":\"BreadcrumbList\",\"@id\":\"http:\/\/belladot.com\/sv\/sexologen-svarar\/menstruation-och-menskopp\/#breadcrumb\",\"itemListElement\":[{\"@type\":\"ListItem\",\"position\":1,\"name\":\"Sexologen svarar\",\"item\":\"https:\/\/belladot.com\/sv\/sexologen-svarar\/\"},{\"@type\":\"ListItem\",\"position\":2,\"name\":\"Menstruation och menskopp\"}]},{\"@type\":\"WebSite\",\"@id\":\"https:\/\/belladot.com\/#website\",\"url\":\"https:\/\/belladot.com\/\",\"name\":\"Belladot\",\"description\":\"\",\"potentialAction\":[{\"@type\":\"SearchAction\",\"target\":{\"@type\":\"EntryPoint\",\"urlTemplate\":\"https:\/\/belladot.com\/?s={search_term_string}\"},\"query-input\":{\"@type\":\"PropertyValueSpecification\",\"valueRequired\":true,\"valueName\":\"search_term_string\"}}],\"inLanguage\":\"sv-SE\"}]}<\/script>\n<!-- \/ Yoast SEO plugin. -->","yoast_head_json":{"title":"Menstruation och menskopp - Belladot","description":"Menstruation och menskoppen Evelina. F\u00f6r den aktiva kvinnan. Funderingar om mens? H\u00e4r finns allt du beh\u00f6ver veta.","robots":{"index":"index","follow":"follow","max-snippet":"max-snippet:-1","max-image-preview":"max-image-preview:large","max-video-preview":"max-video-preview:-1"},"canonical":"http:\/\/belladot.com\/sv\/sexologen-svarar\/menstruation-och-menskopp\/","og_locale":"sv_SE","og_type":"article","og_title":"Menstruation och menskopp - Belladot","og_description":"Menstruation och menskoppen Evelina. F\u00f6r den aktiva kvinnan. Funderingar om mens? H\u00e4r finns allt du beh\u00f6ver veta.","og_url":"http:\/\/belladot.com\/sv\/sexologen-svarar\/menstruation-och-menskopp\/","og_site_name":"Belladot","article_modified_time":"2017-06-20T08:06:37+00:00","og_image":[{"url":"http:\/\/belladot.com.loopiadns.com\/wp-content\/uploads\/2015\/02\/Evelina_pro_pack_CP_l_p-300x244.png","type":"","width":"","height":""}],"twitter_misc":{"Ber\u00e4knad l\u00e4stid":"4 minuter"},"schema":{"@context":"https:\/\/schema.org","@graph":[{"@type":"WebPage","@id":"http:\/\/belladot.com\/sv\/sexologen-svarar\/menstruation-och-menskopp\/","url":"http:\/\/belladot.com\/sv\/sexologen-svarar\/menstruation-och-menskopp\/","name":"Menstruation och menskopp - Belladot","isPartOf":{"@id":"https:\/\/belladot.com\/#website"},"primaryImageOfPage":{"@id":"http:\/\/belladot.com\/sv\/sexologen-svarar\/menstruation-och-menskopp\/#primaryimage"},"image":{"@id":"http:\/\/belladot.com\/sv\/sexologen-svarar\/menstruation-och-menskopp\/#primaryimage"},"thumbnailUrl":"http:\/\/belladot.com.loopiadns.com\/wp-content\/uploads\/2015\/02\/Evelina_pro_pack_CP_l_p-300x244.png","datePublished":"2015-02-02T10:42:57+00:00","dateModified":"2017-06-20T08:06:37+00:00","description":"Menstruation och menskoppen Evelina. F\u00f6r den aktiva kvinnan. Funderingar om mens? H\u00e4r finns allt du beh\u00f6ver veta.","breadcrumb":{"@id":"http:\/\/belladot.com\/sv\/sexologen-svarar\/menstruation-och-menskopp\/#breadcrumb"},"inLanguage":"sv-SE","potentialAction":[{"@type":"ReadAction","target":["http:\/\/belladot.com\/sv\/sexologen-svarar\/menstruation-och-menskopp\/"]}]},{"@type":"ImageObject","inLanguage":"sv-SE","@id":"http:\/\/belladot.com\/sv\/sexologen-svarar\/menstruation-och-menskopp\/#primaryimage","url":"http:\/\/belladot.com.loopiadns.com\/wp-content\/uploads\/2015\/02\/Evelina_pro_pack_CP_l_p-300x244.png","contentUrl":"http:\/\/belladot.com.loopiadns.com\/wp-content\/uploads\/2015\/02\/Evelina_pro_pack_CP_l_p-300x244.png"},{"@type":"BreadcrumbList","@id":"http:\/\/belladot.com\/sv\/sexologen-svarar\/menstruation-och-menskopp\/#breadcrumb","itemListElement":[{"@type":"ListItem","position":1,"name":"Sexologen svarar","item":"https:\/\/belladot.com\/sv\/sexologen-svarar\/"},{"@type":"ListItem","position":2,"name":"Menstruation och menskopp"}]},{"@type":"WebSite","@id":"https:\/\/belladot.com\/#website","url":"https:\/\/belladot.com\/","name":"Belladot","description":"","potentialAction":[{"@type":"SearchAction","target":{"@type":"EntryPoint","urlTemplate":"https:\/\/belladot.com\/?s={search_term_string}"},"query-input":{"@type":"PropertyValueSpecification","valueRequired":true,"valueName":"search_term_string"}}],"inLanguage":"sv-SE"}]}},"_links":{"self":[{"href":"https:\/\/belladot.com\/sv\/wp-json\/wp\/v2\/pages\/4689","targetHints":{"allow":["GET"]}}],"collection":[{"href":"https:\/\/belladot.com\/sv\/wp-json\/wp\/v2\/pages"}],"about":[{"href":"https:\/\/belladot.com\/sv\/wp-json\/wp\/v2\/types\/page"}],"author":[{"embeddable":true,"href":"https:\/\/belladot.com\/sv\/wp-json\/wp\/v2\/users\/4"}],"replies":[{"embeddable":true,"href":"https:\/\/belladot.com\/sv\/wp-json\/wp\/v2\/comments?post=4689"}],"version-history":[{"count":0,"href":"https:\/\/belladot.com\/sv\/wp-json\/wp\/v2\/pages\/4689\/revisions"}],"up":[{"embeddable":true,"href":"https:\/\/belladot.com\/sv\/wp-json\/wp\/v2\/pages\/2549"}],"wp:attachment":[{"href":"https:\/\/belladot.com\/sv\/wp-json\/wp\/v2\/media?parent=4689"}],"curies":[{"name":"wp","href":"https:\/\/api.w.org\/{rel}","templated":true}]}}