{"id":4729,"date":"2015-02-04T13:41:10","date_gmt":"2015-02-04T12:41:10","guid":{"rendered":"http:\/\/belladot.com.loopiadns.com.loopiadns.com\/?page_id=4729"},"modified":"2015-02-04T13:42:16","modified_gmt":"2015-02-04T12:42:16","slug":"cancer-paverkar-sexlivet-pa-flera-satt","status":"publish","type":"page","link":"https:\/\/belladot.com\/sv\/sexologen-svarar\/cancer-paverkar-sexlivet-pa-flera-satt\/","title":{"rendered":"Cancer p\u00e5verkar sexlivet p\u00e5 flera s\u00e4tt"},"content":{"rendered":"<h3>Cancer p\u00e5verkar sexlivet p\u00e5 flera s\u00e4tt<\/h3>\n<p>M\u00e5nga av v\u00e5ra vanligaste cancerformer, exempelvis cancer i br\u00f6st, prostata och underliv, p\u00e5verkar sexlivet negativt. B\u00e5de under sjukdomstiden, men ofta ocks\u00e5 l\u00e5ng tid efter\u00e5t.<\/p>\n<p>Mellan 25 och 50 procent av alla med cancer f\u00e5r n\u00e5gon form av kroniskt sexuellt problem. Eftersom allt fler blir botade fr\u00e5n cancer blir dessa problem en allt vanligare fr\u00e5ga.<\/p>\n<p>All form av cancerbehandling kan p\u00e5verka det sexuella, oavsett vilket del av kroppen cancern sitter i.<\/p>\n<p>Flera av v\u00e5ra Landsting har uppm\u00e4rksammat detta och erbjuder sexolog-kontakt i samband med cancerrehabiliteringen. Det \u00e4r viktigt att fr\u00e5ga sin behandlande l\u00e4kare om sjukdomen kommer att p\u00e5verka sexualiteten och i s\u00e5 fall hur.<\/p>\n<h3>Kort om sexualitet och cancer<\/h3>\n<p>Sexlusten brukar f\u00f6rsvinna n\u00e4r sjukdom tar \u00f6ver det vanliga livet. Det kan bli sv\u00e5rare att k\u00e4nna sig attraktiv inf\u00f6r sin partner. Stress och oro p\u00e5verkar all lust, inte minst den sexuella. Det finns en del knep f\u00f6r att hitta lusten. L\u00e4s mer om\u00a0<a href=\"http:\/\/belladot.com.loopiadns.com\/sv\/sexologen-svarar\/lust-och-sensualitet\/\" target=\"_blank\">lust och sensualitet<\/a>.<\/p>\n<p>Behov av kroppskontakt har vi alla sedan f\u00f6dseln. N\u00e4r vi inte m\u00e5r bra, \u00e4r behovet st\u00f6rre \u00e4n n\u00e5gonsin. \u00c4nd\u00e5 finns risken att vi drar oss undan, eller att v\u00e5r partner inte v\u00e5gar n\u00e4rma sig av r\u00e4dsla f\u00f6r att inte vara v\u00e4lkommen mitt i sjukdomen. En stunds kroppskontakt minskar oro och skapar samtidigt n\u00e4rhet.\u00a0<a href=\"http:\/\/belladot.com.loopiadns.com\/sv\/sexologen-svarar\/sensualitetstraning\/\" target=\"_blank\">Sensualitetstr\u00e4ning<\/a>\u00a0\u00e4r en metod som rekommenderas av sexologer f\u00f6r att komma ig\u00e5ng n\u00e4r sexlivet och n\u00e4rheten avstannat.<\/p>\n<p>Att kommunicera sina k\u00e4nslor och behov till sin partner \u00e4r en av de viktigaste faktorerna f\u00f6r en bra relation. M\u00e5nga par har sv\u00e5rt att prata om det innersta och mest privata, som hur de vill ha sex. Att dessutom ha en allvarlig sjukdom som p\u00e5verkar sexlivet negativt g\u00f6r inte samtalet l\u00e4ttare. Ibland kan en utomst\u00e5ende samtalspartner vara till stor hj\u00e4lp.<\/p>\n<p>Efter cancerbehandling kan den sexuella f\u00f6rm\u00e5gan bli f\u00f6rs\u00e4mrad. Belladot erbjuder flera <a href=\"http:\/\/belladot.com.loopiadns.com\/sv\/productcategory\/produkt\/\" target=\"_blank\">hj\u00e4lpmedel<\/a> som passar bra. Vid problem med st\u00e5ndet finns <a title=\"Ingemar erektionspump\" href=\"http:\/\/belladot.com.loopiadns.com\/sv\/products\/ingemar-erektionspump\/\" target=\"_blank\">erektionspump<\/a> och <a title=\"Viktor penisringar\" href=\"http:\/\/belladot.com.loopiadns.com\/sv\/products\/viktor-penisringar\/\" target=\"_blank\">penisringar<\/a> till hj\u00e4lp. Vid minskad k\u00e4nsel efter str\u00e5lning kan en vibrator underl\u00e4tta. Behandling med hormoner, str\u00e5lning och cytostatika kan g\u00f6ra de \u00f6mt\u00e5liga slemhinnorna i underlivet sk\u00f6ra. Ett pH-balanserat <a title=\"Original vattenbaserad\" href=\"http:\/\/belladot.com.loopiadns.com\/sv\/products\/original-2\/\" target=\"_blank\">glidmedel<\/a> kan d\u00e5 rekommenderas.<\/p>\n<p>L\u00e4s mer om cancer och sexualitet hos <a href=\"http:\/\/www.cancerfonden.se\/sv\/cancer\/for-patienter\/Vardagen-forandras\/Sex-och-cancer1\/\" target=\"_blank\">Cancerfonden<\/a> och <a href=\"http:\/\/www.1177.se\/Halland\/Tema\/Cancer\/Under-och-efter-behandling\/Fertilitet-och-sexualitet\/Cancer-och-sexualitet\/\" target=\"_blank\">V\u00e5rdguiden<\/a>.<\/p>\n<p>&nbsp;<\/p>\n<div id=\"attachment_4449\" style=\"width: 211px\" class=\"wp-caption alignnone\"><a title=\"Original vattenbaserad\" href=\"http:\/\/belladot.com.loopiadns.com\/sv\/products\/original-2\/\"><img loading=\"lazy\" decoding=\"async\" aria-describedby=\"caption-attachment-4449\" class=\"size-medium wp-image-4449\" src=\"http:\/\/belladot.com.loopiadns.com\/wp-content\/uploads\/2014\/12\/Waterbased_Original10050_rgb-201x300.png\" alt=\"vattenbaserat glidmedel\" width=\"201\" height=\"300\" srcset=\"https:\/\/belladot.com\/wp-content\/uploads\/2014\/12\/Waterbased_Original10050_rgb-201x300.png 201w, https:\/\/belladot.com\/wp-content\/uploads\/2014\/12\/Waterbased_Original10050_rgb-300x446.png 300w, https:\/\/belladot.com\/wp-content\/uploads\/2014\/12\/Waterbased_Original10050_rgb.png 510w\" sizes=\"auto, (max-width: 201px) 100vw, 201px\" \/><\/a><p id=\"caption-attachment-4449\" class=\"wp-caption-text\">Skonsamt vattenbaserat glidmedel med pH-4,7 fr\u00e5n Belladot<\/p><\/div>\n","protected":false},"excerpt":{"rendered":"<p>Cancer p\u00e5verkar sexlivet p\u00e5 flera s\u00e4tt M\u00e5nga av v\u00e5ra vanligaste cancerformer, exempelvis cancer i br\u00f6st, prostata och underliv, p\u00e5verkar sexlivet negativt. B\u00e5de under sjukdomstiden, men ofta ocks\u00e5 l\u00e5ng tid efter\u00e5t. Mellan 25 och 50 procent av alla med cancer f\u00e5r n\u00e5gon form av kroniskt sexuellt problem. Eftersom allt fler blir botade fr\u00e5n cancer blir dessa problem en allt vanligare fr\u00e5ga. All form av cancerbehandling kan p\u00e5verka det sexuella, oavsett vilket del av kroppen cancern sitter i. Flera av v\u00e5ra Landsting har uppm\u00e4rksammat detta och erbjuder sexolog-kontakt i samband med cancerrehabiliteringen. Det \u00e4r viktigt att fr\u00e5ga sin behandlande l\u00e4kare om sjukdomen [&hellip;]<\/p>\n","protected":false},"author":4,"featured_media":0,"parent":2549,"menu_order":0,"comment_status":"open","ping_status":"open","template":"","meta":{"_acf_changed":false,"footnotes":""},"class_list":["post-4729","page","type-page","status-publish","hentry"],"acf":[],"yoast_head":"<!-- This site is optimized with the Yoast SEO plugin v27.1.1 - https:\/\/yoast.com\/product\/yoast-seo-wordpress\/ -->\n<title>Cancer p\u00e5verkar sexlivet p\u00e5 flera s\u00e4tt - Belladot<\/title>\n<meta name=\"description\" content=\"Cancer p\u00e5verkar sexlivet. Alla form av cancerbehandling kan p\u00e5verka. L\u00e4s mer om cancer och samliv och vad v\u00e5rden erbjuder.\" \/>\n<meta name=\"robots\" content=\"index, follow, max-snippet:-1, max-image-preview:large, max-video-preview:-1\" \/>\n<link rel=\"canonical\" href=\"http:\/\/belladot.com\/sv\/sexologen-svarar\/cancer-paverkar-sexlivet-pa-flera-satt\/\" \/>\n<meta property=\"og:locale\" content=\"sv_SE\" \/>\n<meta property=\"og:type\" content=\"article\" \/>\n<meta property=\"og:title\" content=\"Cancer p\u00e5verkar sexlivet p\u00e5 flera s\u00e4tt - Belladot\" \/>\n<meta property=\"og:description\" content=\"Cancer p\u00e5verkar sexlivet. Alla form av cancerbehandling kan p\u00e5verka. L\u00e4s mer om cancer och samliv och vad v\u00e5rden erbjuder.\" \/>\n<meta property=\"og:url\" content=\"http:\/\/belladot.com\/sv\/sexologen-svarar\/cancer-paverkar-sexlivet-pa-flera-satt\/\" \/>\n<meta property=\"og:site_name\" content=\"Belladot\" \/>\n<meta property=\"article:modified_time\" content=\"2015-02-04T12:42:16+00:00\" \/>\n<meta property=\"og:image\" content=\"http:\/\/belladot.com.loopiadns.com\/wp-content\/uploads\/2014\/12\/Waterbased_Original10050_rgb-201x300.png\" \/>\n<meta name=\"twitter:label1\" content=\"Ber\u00e4knad l\u00e4stid\" \/>\n\t<meta name=\"twitter:data1\" content=\"2 minuter\" \/>\n<script type=\"application\/ld+json\" class=\"yoast-schema-graph\">{\"@context\":\"https:\/\/schema.org\",\"@graph\":[{\"@type\":\"WebPage\",\"@id\":\"http:\/\/belladot.com\/sv\/sexologen-svarar\/cancer-paverkar-sexlivet-pa-flera-satt\/\",\"url\":\"http:\/\/belladot.com\/sv\/sexologen-svarar\/cancer-paverkar-sexlivet-pa-flera-satt\/\",\"name\":\"Cancer p\u00e5verkar sexlivet p\u00e5 flera s\u00e4tt - Belladot\",\"isPartOf\":{\"@id\":\"https:\/\/belladot.com\/#website\"},\"primaryImageOfPage\":{\"@id\":\"http:\/\/belladot.com\/sv\/sexologen-svarar\/cancer-paverkar-sexlivet-pa-flera-satt\/#primaryimage\"},\"image\":{\"@id\":\"http:\/\/belladot.com\/sv\/sexologen-svarar\/cancer-paverkar-sexlivet-pa-flera-satt\/#primaryimage\"},\"thumbnailUrl\":\"http:\/\/belladot.com.loopiadns.com\/wp-content\/uploads\/2014\/12\/Waterbased_Original10050_rgb-201x300.png\",\"datePublished\":\"2015-02-04T12:41:10+00:00\",\"dateModified\":\"2015-02-04T12:42:16+00:00\",\"description\":\"Cancer p\u00e5verkar sexlivet. Alla form av cancerbehandling kan p\u00e5verka. L\u00e4s mer om cancer och samliv och vad v\u00e5rden erbjuder.\",\"breadcrumb\":{\"@id\":\"http:\/\/belladot.com\/sv\/sexologen-svarar\/cancer-paverkar-sexlivet-pa-flera-satt\/#breadcrumb\"},\"inLanguage\":\"sv-SE\",\"potentialAction\":[{\"@type\":\"ReadAction\",\"target\":[\"http:\/\/belladot.com\/sv\/sexologen-svarar\/cancer-paverkar-sexlivet-pa-flera-satt\/\"]}]},{\"@type\":\"ImageObject\",\"inLanguage\":\"sv-SE\",\"@id\":\"http:\/\/belladot.com\/sv\/sexologen-svarar\/cancer-paverkar-sexlivet-pa-flera-satt\/#primaryimage\",\"url\":\"http:\/\/belladot.com.loopiadns.com\/wp-content\/uploads\/2014\/12\/Waterbased_Original10050_rgb-201x300.png\",\"contentUrl\":\"http:\/\/belladot.com.loopiadns.com\/wp-content\/uploads\/2014\/12\/Waterbased_Original10050_rgb-201x300.png\"},{\"@type\":\"BreadcrumbList\",\"@id\":\"http:\/\/belladot.com\/sv\/sexologen-svarar\/cancer-paverkar-sexlivet-pa-flera-satt\/#breadcrumb\",\"itemListElement\":[{\"@type\":\"ListItem\",\"position\":1,\"name\":\"Sexologen svarar\",\"item\":\"https:\/\/belladot.com\/sv\/sexologen-svarar\/\"},{\"@type\":\"ListItem\",\"position\":2,\"name\":\"Cancer p\u00e5verkar sexlivet p\u00e5 flera s\u00e4tt\"}]},{\"@type\":\"WebSite\",\"@id\":\"https:\/\/belladot.com\/#website\",\"url\":\"https:\/\/belladot.com\/\",\"name\":\"Belladot\",\"description\":\"\",\"potentialAction\":[{\"@type\":\"SearchAction\",\"target\":{\"@type\":\"EntryPoint\",\"urlTemplate\":\"https:\/\/belladot.com\/?s={search_term_string}\"},\"query-input\":{\"@type\":\"PropertyValueSpecification\",\"valueRequired\":true,\"valueName\":\"search_term_string\"}}],\"inLanguage\":\"sv-SE\"}]}<\/script>\n<!-- \/ Yoast SEO plugin. -->","yoast_head_json":{"title":"Cancer p\u00e5verkar sexlivet p\u00e5 flera s\u00e4tt - Belladot","description":"Cancer p\u00e5verkar sexlivet. Alla form av cancerbehandling kan p\u00e5verka. L\u00e4s mer om cancer och samliv och vad v\u00e5rden erbjuder.","robots":{"index":"index","follow":"follow","max-snippet":"max-snippet:-1","max-image-preview":"max-image-preview:large","max-video-preview":"max-video-preview:-1"},"canonical":"http:\/\/belladot.com\/sv\/sexologen-svarar\/cancer-paverkar-sexlivet-pa-flera-satt\/","og_locale":"sv_SE","og_type":"article","og_title":"Cancer p\u00e5verkar sexlivet p\u00e5 flera s\u00e4tt - Belladot","og_description":"Cancer p\u00e5verkar sexlivet. Alla form av cancerbehandling kan p\u00e5verka. L\u00e4s mer om cancer och samliv och vad v\u00e5rden erbjuder.","og_url":"http:\/\/belladot.com\/sv\/sexologen-svarar\/cancer-paverkar-sexlivet-pa-flera-satt\/","og_site_name":"Belladot","article_modified_time":"2015-02-04T12:42:16+00:00","og_image":[{"url":"http:\/\/belladot.com.loopiadns.com\/wp-content\/uploads\/2014\/12\/Waterbased_Original10050_rgb-201x300.png","type":"","width":"","height":""}],"twitter_misc":{"Ber\u00e4knad l\u00e4stid":"2 minuter"},"schema":{"@context":"https:\/\/schema.org","@graph":[{"@type":"WebPage","@id":"http:\/\/belladot.com\/sv\/sexologen-svarar\/cancer-paverkar-sexlivet-pa-flera-satt\/","url":"http:\/\/belladot.com\/sv\/sexologen-svarar\/cancer-paverkar-sexlivet-pa-flera-satt\/","name":"Cancer p\u00e5verkar sexlivet p\u00e5 flera s\u00e4tt - Belladot","isPartOf":{"@id":"https:\/\/belladot.com\/#website"},"primaryImageOfPage":{"@id":"http:\/\/belladot.com\/sv\/sexologen-svarar\/cancer-paverkar-sexlivet-pa-flera-satt\/#primaryimage"},"image":{"@id":"http:\/\/belladot.com\/sv\/sexologen-svarar\/cancer-paverkar-sexlivet-pa-flera-satt\/#primaryimage"},"thumbnailUrl":"http:\/\/belladot.com.loopiadns.com\/wp-content\/uploads\/2014\/12\/Waterbased_Original10050_rgb-201x300.png","datePublished":"2015-02-04T12:41:10+00:00","dateModified":"2015-02-04T12:42:16+00:00","description":"Cancer p\u00e5verkar sexlivet. Alla form av cancerbehandling kan p\u00e5verka. L\u00e4s mer om cancer och samliv och vad v\u00e5rden erbjuder.","breadcrumb":{"@id":"http:\/\/belladot.com\/sv\/sexologen-svarar\/cancer-paverkar-sexlivet-pa-flera-satt\/#breadcrumb"},"inLanguage":"sv-SE","potentialAction":[{"@type":"ReadAction","target":["http:\/\/belladot.com\/sv\/sexologen-svarar\/cancer-paverkar-sexlivet-pa-flera-satt\/"]}]},{"@type":"ImageObject","inLanguage":"sv-SE","@id":"http:\/\/belladot.com\/sv\/sexologen-svarar\/cancer-paverkar-sexlivet-pa-flera-satt\/#primaryimage","url":"http:\/\/belladot.com.loopiadns.com\/wp-content\/uploads\/2014\/12\/Waterbased_Original10050_rgb-201x300.png","contentUrl":"http:\/\/belladot.com.loopiadns.com\/wp-content\/uploads\/2014\/12\/Waterbased_Original10050_rgb-201x300.png"},{"@type":"BreadcrumbList","@id":"http:\/\/belladot.com\/sv\/sexologen-svarar\/cancer-paverkar-sexlivet-pa-flera-satt\/#breadcrumb","itemListElement":[{"@type":"ListItem","position":1,"name":"Sexologen svarar","item":"https:\/\/belladot.com\/sv\/sexologen-svarar\/"},{"@type":"ListItem","position":2,"name":"Cancer p\u00e5verkar sexlivet p\u00e5 flera s\u00e4tt"}]},{"@type":"WebSite","@id":"https:\/\/belladot.com\/#website","url":"https:\/\/belladot.com\/","name":"Belladot","description":"","potentialAction":[{"@type":"SearchAction","target":{"@type":"EntryPoint","urlTemplate":"https:\/\/belladot.com\/?s={search_term_string}"},"query-input":{"@type":"PropertyValueSpecification","valueRequired":true,"valueName":"search_term_string"}}],"inLanguage":"sv-SE"}]}},"_links":{"self":[{"href":"https:\/\/belladot.com\/sv\/wp-json\/wp\/v2\/pages\/4729","targetHints":{"allow":["GET"]}}],"collection":[{"href":"https:\/\/belladot.com\/sv\/wp-json\/wp\/v2\/pages"}],"about":[{"href":"https:\/\/belladot.com\/sv\/wp-json\/wp\/v2\/types\/page"}],"author":[{"embeddable":true,"href":"https:\/\/belladot.com\/sv\/wp-json\/wp\/v2\/users\/4"}],"replies":[{"embeddable":true,"href":"https:\/\/belladot.com\/sv\/wp-json\/wp\/v2\/comments?post=4729"}],"version-history":[{"count":0,"href":"https:\/\/belladot.com\/sv\/wp-json\/wp\/v2\/pages\/4729\/revisions"}],"up":[{"embeddable":true,"href":"https:\/\/belladot.com\/sv\/wp-json\/wp\/v2\/pages\/2549"}],"wp:attachment":[{"href":"https:\/\/belladot.com\/sv\/wp-json\/wp\/v2\/media?parent=4729"}],"curies":[{"name":"wp","href":"https:\/\/api.w.org\/{rel}","templated":true}]}}