{"id":7810,"date":"2019-07-31T11:24:16","date_gmt":"2019-07-31T09:24:16","guid":{"rendered":"http:\/\/belladot.com.loopiadns.com.loopiadns.com\/?page_id=7810"},"modified":"2019-10-06T23:08:29","modified_gmt":"2019-10-06T21:08:29","slug":"evelina-menskopp","status":"publish","type":"page","link":"https:\/\/belladot.com\/sv\/skotsel-och-anvandning\/evelina-menskopp\/","title":{"rendered":"Evelina Menskopp"},"content":{"rendered":"<h2 style=\"text-align: left;\"><a href=\"http:\/\/belladot.com.loopiadns.com\/sv\/products\/evelina-menskopp\/\"><img loading=\"lazy\" decoding=\"async\" class=\"alignnone wp-image-8050 size-medium\" style=\"color: #333333; font-family: Georgia, 'Times New Roman', 'Bitstream Charter', Times, serif; font-size: 16px;\" src=\"http:\/\/belladot.com.loopiadns.com\/wp-content\/uploads\/2014\/08\/Evelina_B_2_l_pro_pack_-1-e1570383376245-300x179.png\" alt=\"Belladot Evelina\" width=\"300\" height=\"179\" srcset=\"https:\/\/belladot.com\/wp-content\/uploads\/2014\/08\/Evelina_B_2_l_pro_pack_-1-e1570383376245-300x179.png 300w, https:\/\/belladot.com\/wp-content\/uploads\/2014\/08\/Evelina_B_2_l_pro_pack_-1-e1570383376245-768x459.png 768w, https:\/\/belladot.com\/wp-content\/uploads\/2014\/08\/Evelina_B_2_l_pro_pack_-1-e1570383376245-1024x611.png 1024w, https:\/\/belladot.com\/wp-content\/uploads\/2014\/08\/Evelina_B_2_l_pro_pack_-1-e1570383376245.png 1194w\" sizes=\"auto, (max-width: 300px) 100vw, 300px\" \/><\/a><\/h2>\n<h2 style=\"text-align: left;\">Fr\u00e5gor och svar<\/h2>\n<p><strong>Min Menskopp l\u00e4cker, vad g\u00f6r jag f\u00f6r fel?<\/strong><\/p>\n<p><span class=\"s1\">Att menskoppen l\u00e4cker beror ofta p\u00e5 att koppen inte har \u00f6ppnat sig ordentligt. Det kan \u00e4ven bero p\u00e5 fel storlek eller att koppen faktiskt \u00e4r full och beh\u00f6ver t\u00f6mmas. Det viktigaste f\u00f6r att undvika l\u00e4ckage \u00e4r att se till att koppen placeras r\u00e4tt s\u00e5 att ett vakuum uppst\u00e5r.<\/span><\/p>\n<p><em>S\u00e5 h\u00e4r g\u00f6r du f\u00f6r att s\u00e4tta in din Evelina menskopp:<\/em><\/p>\n<p><strong>1.\u00a0<\/strong>Tv\u00e4tta h\u00e4nderna noggrant. B\u00f6rja med att vika koppen en g\u00e5ng. Se medf\u00f6ljande anvisning.<\/p>\n<p><strong>2.\u00a0<\/strong>H\u00e5ll d\u00e4refter ihop Evelina menskopp s\u00e5 att den passar just dig vid inf\u00f6ring i slidan.<\/p>\n<p><strong>3.\u00a0<\/strong>Sitt eller st\u00e5 i en st\u00e4llning s\u00e5 att Evelina menskopp blir l\u00e4tt att f\u00f6ra in\/ta ut. Till skillnad fr\u00e5n en tampong, s\u00e4tts koppen i slidmynningen.<\/p>\n<p><strong>4.\u00a0<\/strong>F\u00f6r in fingret och k\u00e4nns l\u00e4ngs med Evelina menskopps sidor s\u00e5 att den har \u00f6ppnat sig. Om inte, kl\u00e4m ihop koppens nedre del och vrid lite f\u00f6r att \u00f6ppna.<\/p>\n<p><strong>Jag har problem med att f\u00e5 in menskoppen.<\/strong><\/p>\n<p>Se till att du viker koppen enligt medf\u00f6ljande anvisning. Upplever du \u00e4nd\u00e5 problem med att f\u00e5 in den kan du med f\u00f6rdel applicera lite av Belladots vattenbaserade glidmedel. Om du fortfarande har problem med att f\u00e5 in koppen s\u00e5 \u00e4r du varmt v\u00e4lkommen att kontakta v\u00e5r support p\u00e5 info@belladot.com<\/p>\n<p><strong>Kan jag klippa av &#8221;piggen&#8221; p\u00e5 menskoppen?<\/strong><\/p>\n<p>Ja, det kan du g\u00f6ra. Om du upplever att \u201dpiggen\u201d p\u00e5 menskoppen \u00e4r f\u00f6r l\u00e5ng kan du enkelt klippa av den till \u00f6nskad l\u00e4ngd.<\/p>\n<p><strong>Kan jag anv\u00e4nda glidmedel till min menskopp?<\/strong><\/p>\n<p class=\"p1\"><span class=\"s1\">Absolut kan du g\u00f6ra det. Vi rekommenderar Belladots vattenbaserade glidmedel,\u00a0<a href=\"http:\/\/belladot.com.loopiadns.com\/sv\/products\/original-2\/\">Klicka h\u00e4r<\/a>.\u00a0 Du ska dock inte anv\u00e4nda vaselin eller ett silikonbaserat glidmedel.<\/span><\/p>\n<p><strong>Kan jag bada och simma med menskopp?<\/strong><\/p>\n<p>Det kan du absolut g\u00f6ra. \u00c4r menskoppen placerad som den ska s\u00e5 l\u00e4cker den inte alls. S\u00e5 byt ut de traditionella mensskydden mot en menskopp och njut av sommaren eller semestern och l\u00e5t inte mensen hindra dig!<\/p>\n<p><strong>Kan jag rida med menskopp?<\/strong><\/p>\n<p>Du kan absolut rida med menskopp. Det finns till och med flera f\u00f6rdelar med att anv\u00e4nda menskopp just i kombination med t ex ridning. En menskopp rymmer betydligt mycket mer blod \u00e4n en tampong, detta inneb\u00e4r att du kan tr\u00e4na l\u00e4ngre perioder utan risk f\u00f6r avbrott eller l\u00e4ckage. Vi rekommenderar dock att du v\u00e4ntar med att rida i samband med att du anv\u00e4nder din menskopp tills dess att du \u00e4r bekv\u00e4m med din menskopp.<\/p>\n<p><strong>Jag \u00e4r oskuld, kan jag anv\u00e4nda menskopp \u00e4nd\u00e5?<\/strong><\/p>\n<p>Absolut kan du det, menskoppen kan anv\u00e4ndas oavsett om du har haft sex eller inte.<\/p>\n<p style=\"text-align: left;\"><strong>R\u00e4cker det att jag k\u00f6per 1 menskopp?<\/strong><\/p>\n<p>Om m\u00e4ngden blod \u00e4r relativt j\u00e4mn under mensen s\u00e5 r\u00e4cker det absolut med en menskopp. Om du d\u00e4remot har en v\u00e4ldigt varierande mens kan du p\u00e5 sikt vilja k\u00f6pa en till menskopp av en annan storlek f\u00f6r att variera dig efter m\u00e4ngden blod under mensperioden. Vi rekommenderar alltid att du b\u00f6rjar med att k\u00f6pa en menskopp,\u00a0 detta med anledning att det \u00e4r v\u00e4ldigt l\u00e4tt f\u00f6r dig att avg\u00f6ra hur mycket du faktiskt bl\u00f6der. L\u00e4s g\u00e4rna mer om v\u00e5r gener\u00f6sa\u00a0<a href=\"http:\/\/belladot.com.loopiadns.com\/sv\/products\/evelina-menskopp\/\">storleksgaranti<\/a>\u00a0h\u00e4r p\u00e5 sidan som kostnadsfritt ger dig m\u00f6jligheten att byta kopp om den inte passar.<\/p>\n<p><strong>Hur l\u00e4nge h\u00e5ller en menskopp?<\/strong><\/p>\n<p>Evelina menskopp kan h\u00e5lla upp emot 5-10 \u00e5r. Livsl\u00e4ngden \u00f6kar om du regelbundet sk\u00f6ter reng\u00f6ring samt f\u00f6rvarar koppen torr och ren i medf\u00f6ljande f\u00f6rvaringsp\u00e5se. N\u00e4r du m\u00e4rker att koppen f\u00f6r\u00e4ndrar karakt\u00e4r \u00e4r det dags att byta, tecken p\u00e5 detta kan t ex vara f\u00f6r\u00e4ndringar p\u00e5 ytan s\u00e5som torrhet och sprickor.<\/p>\n<p><strong>Varf\u00f6r \u00e4r det sm\u00e5 h\u00e5l i menskoppen?<\/strong><\/p>\n<p>H\u00f6gst upp p\u00e5 koppen sitter det fyra stycken sm\u00e5 h\u00e5l som finns till f\u00f6r att skapa ett undertryck. Undertycket g\u00f6r s\u00e5 att menskoppen sitter stabilt och ordentligt. Om menskoppen fylls upp till h\u00e5len f\u00f6rlorar koppen sitt undertryck och det finns risk f\u00f6r l\u00e4ckage, se d\u00e4rf\u00f6r till att t\u00f6mma koppen var 4-8 timme.<\/p>\n<p><strong>Varf\u00f6r har min menskopp blivit missf\u00e4rgad?<\/strong><\/p>\n<p>Missf\u00e4rgningar p\u00e5 koppen beror i de flesta fall p\u00e5 grund av hemoglobinet som finns i blodet. Detta p\u00e5verkar inte p\u00e5 n\u00e5got s\u00e4tt funktionen hos koppen. F\u00f6r att motverka att missf\u00e4rgningar uppst\u00e5r koka menskoppen i vanligt vatten i 5-7 minuter eller anv\u00e4nd Belladot Cleansing gel innan och efter varje mensperiod.<\/p>\n<p><strong>Hur ofta ska man t\u00f6mma sin menskopp?<\/strong><\/p>\n<p>Det beror dels p\u00e5 vilken koppstorlek du har k\u00f6pt, samt hur mycket du bl\u00f6der. Rekommendationen \u00e4r att man t\u00f6mmer koppen var 4-8 timme. Blir koppen full finns risken att den f\u00f6rlorar sitt vakuum och b\u00f6rjar l\u00e4cka.<\/p>\n<p><strong>Hur ska man f\u00f6rvara sin menskopp?<\/strong><\/p>\n<p>N\u00e4r du inte anv\u00e4nder din menskopp ska du f\u00f6rvara den i medf\u00f6ljande p\u00e5se. T\u00e4nk p\u00e5 att aldrig f\u00f6rvara menskoppen i en plastp\u00e5se eller annan typ av st\u00e4ngd beh\u00e5llare.<\/p>\n<p><strong>Min menskopp l\u00e4cker, jag tror att den \u00f6ppnar sig som den ska men den verkar hamna p\u00e5 samma plats \u00e4ven om jag f\u00f6rs\u00f6ker s\u00e4tta den l\u00e4ngre in\/ut. Vad g\u00f6r jag f\u00f6r fel?<\/strong><\/p>\n<p>Har du testat att g\u00f6ra snurrtestet? D\u00e5 tar man tag i botten p\u00e5 koppen och snurrar f\u00f6r att se om den har vecklat ut sig som den ska. Testa ocks\u00e5 att vicka lite p\u00e5 koppen eller f\u00f6r in ett finger \u00f6ver kanten f\u00f6r att f\u00e5 in mer luft. Om du fortfarande tror att den har vecklat ut sig som den ska och den fortfarande l\u00e4cker kan det vara s\u00e5 att du beh\u00f6ver en annan storlek.<\/p>\n<p><strong>Hur s\u00e4tter jag in menskoppen korrekt?<\/strong><\/p>\n<p>Tv\u00e4tta h\u00e4nderna noggrant. Tryck ihop koppen p\u00e5 mitten. B\u00f6rja med att vika den en g\u00e5ng. H\u00e5ll d\u00e4refter ihop Evelina menskopp s\u00e5 att den passar just dig vid inf\u00f6ring i slidan. Sitt eller st\u00e5 i en st\u00e4llning s\u00e5 att Evelina menskopp blir l\u00e4tt att f\u00f6ra in\/ta ut. Till skillnad fr\u00e5n en tampong, s\u00e4tts koppen i slidmynningen. F\u00f6r in fingret och k\u00e4nn l\u00e4ngs med Evelina menskopps sidor s\u00e5 att den \u00e4r \u00f6ppen. Om inte, kl\u00e4m ihop koppens nedre del och vrid lite f\u00f6r att \u00f6ppna den.<\/p>\n<p>&nbsp;<\/p>\n","protected":false},"excerpt":{"rendered":"<p>Fr\u00e5gor och svar Min Menskopp l\u00e4cker, vad g\u00f6r jag f\u00f6r fel? Att menskoppen l\u00e4cker beror ofta p\u00e5 att koppen inte har \u00f6ppnat sig ordentligt. Det kan \u00e4ven bero p\u00e5 fel storlek eller att koppen faktiskt \u00e4r full och beh\u00f6ver t\u00f6mmas. Det viktigaste f\u00f6r att undvika l\u00e4ckage \u00e4r att se till att koppen placeras r\u00e4tt s\u00e5 att ett vakuum uppst\u00e5r. S\u00e5 h\u00e4r g\u00f6r du f\u00f6r att s\u00e4tta in din Evelina menskopp: 1.\u00a0Tv\u00e4tta h\u00e4nderna noggrant. B\u00f6rja med att vika koppen en g\u00e5ng. Se medf\u00f6ljande anvisning. 2.\u00a0H\u00e5ll d\u00e4refter ihop Evelina menskopp s\u00e5 att den passar just dig vid inf\u00f6ring i slidan. 3.\u00a0Sitt eller [&hellip;]<\/p>\n","protected":false},"author":4,"featured_media":0,"parent":14,"menu_order":6,"comment_status":"closed","ping_status":"closed","template":"","meta":{"_acf_changed":false,"footnotes":""},"class_list":["post-7810","page","type-page","status-publish","hentry"],"acf":[],"yoast_head":"<!-- This site is optimized with the Yoast SEO plugin v27.1.1 - https:\/\/yoast.com\/product\/yoast-seo-wordpress\/ -->\n<title>Evelina Menskopp - Belladot<\/title>\n<meta name=\"robots\" content=\"index, follow, max-snippet:-1, max-image-preview:large, max-video-preview:-1\" \/>\n<link rel=\"canonical\" href=\"http:\/\/belladot.com\/sv\/skotsel-och-anvandning\/evelina-menskopp\/\" \/>\n<meta property=\"og:locale\" content=\"sv_SE\" \/>\n<meta property=\"og:type\" content=\"article\" \/>\n<meta property=\"og:title\" content=\"Evelina Menskopp - Belladot\" \/>\n<meta property=\"og:description\" content=\"Fr\u00e5gor och svar Min Menskopp l\u00e4cker, vad g\u00f6r jag f\u00f6r fel? Att menskoppen l\u00e4cker beror ofta p\u00e5 att koppen inte har \u00f6ppnat sig ordentligt. Det kan \u00e4ven bero p\u00e5 fel storlek eller att koppen faktiskt \u00e4r full och beh\u00f6ver t\u00f6mmas. Det viktigaste f\u00f6r att undvika l\u00e4ckage \u00e4r att se till att koppen placeras r\u00e4tt s\u00e5 att ett vakuum uppst\u00e5r. S\u00e5 h\u00e4r g\u00f6r du f\u00f6r att s\u00e4tta in din Evelina menskopp: 1.\u00a0Tv\u00e4tta h\u00e4nderna noggrant. B\u00f6rja med att vika koppen en g\u00e5ng. Se medf\u00f6ljande anvisning. 2.\u00a0H\u00e5ll d\u00e4refter ihop Evelina menskopp s\u00e5 att den passar just dig vid inf\u00f6ring i slidan. 3.\u00a0Sitt eller [&hellip;]\" \/>\n<meta property=\"og:url\" content=\"http:\/\/belladot.com\/sv\/skotsel-och-anvandning\/evelina-menskopp\/\" \/>\n<meta property=\"og:site_name\" content=\"Belladot\" \/>\n<meta property=\"article:modified_time\" content=\"2019-10-06T21:08:29+00:00\" \/>\n<meta property=\"og:image\" content=\"http:\/\/belladot.com.loopiadns.com\/wp-content\/uploads\/2014\/08\/Evelina_B_2_l_pro_pack_-1-e1570383376245-300x179.png\" \/>\n<meta name=\"twitter:label1\" content=\"Ber\u00e4knad l\u00e4stid\" \/>\n\t<meta name=\"twitter:data1\" content=\"6 minuter\" \/>\n<script type=\"application\/ld+json\" class=\"yoast-schema-graph\">{\"@context\":\"https:\/\/schema.org\",\"@graph\":[{\"@type\":\"WebPage\",\"@id\":\"http:\/\/belladot.com\/sv\/skotsel-och-anvandning\/evelina-menskopp\/\",\"url\":\"http:\/\/belladot.com\/sv\/skotsel-och-anvandning\/evelina-menskopp\/\",\"name\":\"Evelina Menskopp - Belladot\",\"isPartOf\":{\"@id\":\"https:\/\/belladot.com\/#website\"},\"primaryImageOfPage\":{\"@id\":\"http:\/\/belladot.com\/sv\/skotsel-och-anvandning\/evelina-menskopp\/#primaryimage\"},\"image\":{\"@id\":\"http:\/\/belladot.com\/sv\/skotsel-och-anvandning\/evelina-menskopp\/#primaryimage\"},\"thumbnailUrl\":\"http:\/\/belladot.com.loopiadns.com\/wp-content\/uploads\/2014\/08\/Evelina_B_2_l_pro_pack_-1-e1570383376245-300x179.png\",\"datePublished\":\"2019-07-31T09:24:16+00:00\",\"dateModified\":\"2019-10-06T21:08:29+00:00\",\"breadcrumb\":{\"@id\":\"http:\/\/belladot.com\/sv\/skotsel-och-anvandning\/evelina-menskopp\/#breadcrumb\"},\"inLanguage\":\"sv-SE\",\"potentialAction\":[{\"@type\":\"ReadAction\",\"target\":[\"http:\/\/belladot.com\/sv\/skotsel-och-anvandning\/evelina-menskopp\/\"]}]},{\"@type\":\"ImageObject\",\"inLanguage\":\"sv-SE\",\"@id\":\"http:\/\/belladot.com\/sv\/skotsel-och-anvandning\/evelina-menskopp\/#primaryimage\",\"url\":\"http:\/\/belladot.com.loopiadns.com\/wp-content\/uploads\/2014\/08\/Evelina_B_2_l_pro_pack_-1-e1570383376245-300x179.png\",\"contentUrl\":\"http:\/\/belladot.com.loopiadns.com\/wp-content\/uploads\/2014\/08\/Evelina_B_2_l_pro_pack_-1-e1570383376245-300x179.png\"},{\"@type\":\"BreadcrumbList\",\"@id\":\"http:\/\/belladot.com\/sv\/skotsel-och-anvandning\/evelina-menskopp\/#breadcrumb\",\"itemListElement\":[{\"@type\":\"ListItem\",\"position\":1,\"name\":\"Fr\u00e5gor och svar\",\"item\":\"https:\/\/belladot.com\/sv\/skotsel-och-anvandning\/\"},{\"@type\":\"ListItem\",\"position\":2,\"name\":\"Evelina Menskopp\"}]},{\"@type\":\"WebSite\",\"@id\":\"https:\/\/belladot.com\/#website\",\"url\":\"https:\/\/belladot.com\/\",\"name\":\"Belladot\",\"description\":\"\",\"potentialAction\":[{\"@type\":\"SearchAction\",\"target\":{\"@type\":\"EntryPoint\",\"urlTemplate\":\"https:\/\/belladot.com\/?s={search_term_string}\"},\"query-input\":{\"@type\":\"PropertyValueSpecification\",\"valueRequired\":true,\"valueName\":\"search_term_string\"}}],\"inLanguage\":\"sv-SE\"}]}<\/script>\n<!-- \/ Yoast SEO plugin. -->","yoast_head_json":{"title":"Evelina Menskopp - Belladot","robots":{"index":"index","follow":"follow","max-snippet":"max-snippet:-1","max-image-preview":"max-image-preview:large","max-video-preview":"max-video-preview:-1"},"canonical":"http:\/\/belladot.com\/sv\/skotsel-och-anvandning\/evelina-menskopp\/","og_locale":"sv_SE","og_type":"article","og_title":"Evelina Menskopp - Belladot","og_description":"Fr\u00e5gor och svar Min Menskopp l\u00e4cker, vad g\u00f6r jag f\u00f6r fel? Att menskoppen l\u00e4cker beror ofta p\u00e5 att koppen inte har \u00f6ppnat sig ordentligt. Det kan \u00e4ven bero p\u00e5 fel storlek eller att koppen faktiskt \u00e4r full och beh\u00f6ver t\u00f6mmas. Det viktigaste f\u00f6r att undvika l\u00e4ckage \u00e4r att se till att koppen placeras r\u00e4tt s\u00e5 att ett vakuum uppst\u00e5r. S\u00e5 h\u00e4r g\u00f6r du f\u00f6r att s\u00e4tta in din Evelina menskopp: 1.\u00a0Tv\u00e4tta h\u00e4nderna noggrant. B\u00f6rja med att vika koppen en g\u00e5ng. Se medf\u00f6ljande anvisning. 2.\u00a0H\u00e5ll d\u00e4refter ihop Evelina menskopp s\u00e5 att den passar just dig vid inf\u00f6ring i slidan. 3.\u00a0Sitt eller [&hellip;]","og_url":"http:\/\/belladot.com\/sv\/skotsel-och-anvandning\/evelina-menskopp\/","og_site_name":"Belladot","article_modified_time":"2019-10-06T21:08:29+00:00","og_image":[{"url":"http:\/\/belladot.com.loopiadns.com\/wp-content\/uploads\/2014\/08\/Evelina_B_2_l_pro_pack_-1-e1570383376245-300x179.png","type":"","width":"","height":""}],"twitter_misc":{"Ber\u00e4knad l\u00e4stid":"6 minuter"},"schema":{"@context":"https:\/\/schema.org","@graph":[{"@type":"WebPage","@id":"http:\/\/belladot.com\/sv\/skotsel-och-anvandning\/evelina-menskopp\/","url":"http:\/\/belladot.com\/sv\/skotsel-och-anvandning\/evelina-menskopp\/","name":"Evelina Menskopp - Belladot","isPartOf":{"@id":"https:\/\/belladot.com\/#website"},"primaryImageOfPage":{"@id":"http:\/\/belladot.com\/sv\/skotsel-och-anvandning\/evelina-menskopp\/#primaryimage"},"image":{"@id":"http:\/\/belladot.com\/sv\/skotsel-och-anvandning\/evelina-menskopp\/#primaryimage"},"thumbnailUrl":"http:\/\/belladot.com.loopiadns.com\/wp-content\/uploads\/2014\/08\/Evelina_B_2_l_pro_pack_-1-e1570383376245-300x179.png","datePublished":"2019-07-31T09:24:16+00:00","dateModified":"2019-10-06T21:08:29+00:00","breadcrumb":{"@id":"http:\/\/belladot.com\/sv\/skotsel-och-anvandning\/evelina-menskopp\/#breadcrumb"},"inLanguage":"sv-SE","potentialAction":[{"@type":"ReadAction","target":["http:\/\/belladot.com\/sv\/skotsel-och-anvandning\/evelina-menskopp\/"]}]},{"@type":"ImageObject","inLanguage":"sv-SE","@id":"http:\/\/belladot.com\/sv\/skotsel-och-anvandning\/evelina-menskopp\/#primaryimage","url":"http:\/\/belladot.com.loopiadns.com\/wp-content\/uploads\/2014\/08\/Evelina_B_2_l_pro_pack_-1-e1570383376245-300x179.png","contentUrl":"http:\/\/belladot.com.loopiadns.com\/wp-content\/uploads\/2014\/08\/Evelina_B_2_l_pro_pack_-1-e1570383376245-300x179.png"},{"@type":"BreadcrumbList","@id":"http:\/\/belladot.com\/sv\/skotsel-och-anvandning\/evelina-menskopp\/#breadcrumb","itemListElement":[{"@type":"ListItem","position":1,"name":"Fr\u00e5gor och svar","item":"https:\/\/belladot.com\/sv\/skotsel-och-anvandning\/"},{"@type":"ListItem","position":2,"name":"Evelina Menskopp"}]},{"@type":"WebSite","@id":"https:\/\/belladot.com\/#website","url":"https:\/\/belladot.com\/","name":"Belladot","description":"","potentialAction":[{"@type":"SearchAction","target":{"@type":"EntryPoint","urlTemplate":"https:\/\/belladot.com\/?s={search_term_string}"},"query-input":{"@type":"PropertyValueSpecification","valueRequired":true,"valueName":"search_term_string"}}],"inLanguage":"sv-SE"}]}},"_links":{"self":[{"href":"https:\/\/belladot.com\/sv\/wp-json\/wp\/v2\/pages\/7810","targetHints":{"allow":["GET"]}}],"collection":[{"href":"https:\/\/belladot.com\/sv\/wp-json\/wp\/v2\/pages"}],"about":[{"href":"https:\/\/belladot.com\/sv\/wp-json\/wp\/v2\/types\/page"}],"author":[{"embeddable":true,"href":"https:\/\/belladot.com\/sv\/wp-json\/wp\/v2\/users\/4"}],"replies":[{"embeddable":true,"href":"https:\/\/belladot.com\/sv\/wp-json\/wp\/v2\/comments?post=7810"}],"version-history":[{"count":0,"href":"https:\/\/belladot.com\/sv\/wp-json\/wp\/v2\/pages\/7810\/revisions"}],"up":[{"embeddable":true,"href":"https:\/\/belladot.com\/sv\/wp-json\/wp\/v2\/pages\/14"}],"wp:attachment":[{"href":"https:\/\/belladot.com\/sv\/wp-json\/wp\/v2\/media?parent=7810"}],"curies":[{"name":"wp","href":"https:\/\/api.w.org\/{rel}","templated":true}]}}