{"id":7819,"date":"2019-07-31T12:20:31","date_gmt":"2019-07-31T10:20:31","guid":{"rendered":"http:\/\/belladot.com.loopiadns.com.loopiadns.com\/?page_id=7819"},"modified":"2019-10-06T23:09:09","modified_gmt":"2019-10-06T21:09:09","slug":"ingemar-penispump","status":"publish","type":"page","link":"https:\/\/belladot.com\/sv\/skotsel-och-anvandning\/ingemar-penispump\/","title":{"rendered":"Ingemar Erektionspump"},"content":{"rendered":"<p><a href=\"http:\/\/belladot.com.loopiadns.com\/sv\/products\/ingemar-erektionspump\/\"><img loading=\"lazy\" decoding=\"async\" class=\"alignnone wp-image-8059 size-medium\" src=\"http:\/\/belladot.com.loopiadns.com\/wp-content\/uploads\/2012\/12\/Ingemar_B_pro_pack-e1570383798322-264x300.jpg\" alt=\"Belladot Ingemar\" width=\"264\" height=\"300\" srcset=\"https:\/\/belladot.com\/wp-content\/uploads\/2012\/12\/Ingemar_B_pro_pack-e1570383798322-264x300.jpg 264w, https:\/\/belladot.com\/wp-content\/uploads\/2012\/12\/Ingemar_B_pro_pack-e1570383798322-768x872.jpg 768w, https:\/\/belladot.com\/wp-content\/uploads\/2012\/12\/Ingemar_B_pro_pack-e1570383798322-902x1024.jpg 902w, https:\/\/belladot.com\/wp-content\/uploads\/2012\/12\/Ingemar_B_pro_pack-e1570383798322-300x341.jpg 300w, https:\/\/belladot.com\/wp-content\/uploads\/2012\/12\/Ingemar_B_pro_pack-e1570383798322.jpg 1194w\" sizes=\"auto, (max-width: 264px) 100vw, 264px\" \/><\/a><\/p>\n<p><strong>Trasig ring?<\/strong><\/p>\n<p>I just Ingemars fall s\u00e5 kan ringen l\u00e4tt g\u00e5 s\u00f6nder d\u00e5 den \u00e4r lite k\u00e4nslig och d\u00e4r f\u00f6resl\u00e5r vi endast vattenbaserat glidmedel och sedan att man tv\u00e4ttar av direkt efter anv\u00e4ndning. Om du tex anv\u00e4nder diverse olika oljor, tex olivolja, hudlotion, massageoljor g\u00e5r den s\u00f6nder. Det \u00e4r l\u00e4tt att tro oljor\/kr\u00e4mer med naturliga \u00e4mnen tex oliv, aloe vera o dyl ocks\u00e5 \u00e4r bra f\u00f6r leksakerna,men det \u00e4r det motsatta.<\/p>\n","protected":false},"excerpt":{"rendered":"<p>Trasig ring? I just Ingemars fall s\u00e5 kan ringen l\u00e4tt g\u00e5 s\u00f6nder d\u00e5 den \u00e4r lite k\u00e4nslig och d\u00e4r f\u00f6resl\u00e5r vi endast vattenbaserat glidmedel och sedan att man tv\u00e4ttar av direkt efter anv\u00e4ndning. Om du tex anv\u00e4nder diverse olika oljor, tex olivolja, hudlotion, massageoljor g\u00e5r den s\u00f6nder. Det \u00e4r l\u00e4tt att tro oljor\/kr\u00e4mer med naturliga \u00e4mnen tex oliv, aloe vera o dyl ocks\u00e5 \u00e4r bra f\u00f6r leksakerna,men det \u00e4r det motsatta.<\/p>\n","protected":false},"author":4,"featured_media":0,"parent":14,"menu_order":5,"comment_status":"closed","ping_status":"closed","template":"","meta":{"_acf_changed":false,"footnotes":""},"class_list":["post-7819","page","type-page","status-publish","hentry"],"acf":[],"yoast_head":"<!-- This site is optimized with the Yoast SEO plugin v27.1.1 - https:\/\/yoast.com\/product\/yoast-seo-wordpress\/ -->\n<title>Ingemar Erektionspump - Belladot<\/title>\n<meta name=\"robots\" content=\"index, follow, max-snippet:-1, max-image-preview:large, max-video-preview:-1\" \/>\n<link rel=\"canonical\" href=\"http:\/\/belladot.com\/sv\/skotsel-och-anvandning\/ingemar-penispump\/\" \/>\n<meta property=\"og:locale\" content=\"sv_SE\" \/>\n<meta property=\"og:type\" content=\"article\" \/>\n<meta property=\"og:title\" content=\"Ingemar Erektionspump - Belladot\" \/>\n<meta property=\"og:description\" content=\"Trasig ring? I just Ingemars fall s\u00e5 kan ringen l\u00e4tt g\u00e5 s\u00f6nder d\u00e5 den \u00e4r lite k\u00e4nslig och d\u00e4r f\u00f6resl\u00e5r vi endast vattenbaserat glidmedel och sedan att man tv\u00e4ttar av direkt efter anv\u00e4ndning. Om du tex anv\u00e4nder diverse olika oljor, tex olivolja, hudlotion, massageoljor g\u00e5r den s\u00f6nder. Det \u00e4r l\u00e4tt att tro oljor\/kr\u00e4mer med naturliga \u00e4mnen tex oliv, aloe vera o dyl ocks\u00e5 \u00e4r bra f\u00f6r leksakerna,men det \u00e4r det motsatta.\" \/>\n<meta property=\"og:url\" content=\"http:\/\/belladot.com\/sv\/skotsel-och-anvandning\/ingemar-penispump\/\" \/>\n<meta property=\"og:site_name\" content=\"Belladot\" \/>\n<meta property=\"article:modified_time\" content=\"2019-10-06T21:09:09+00:00\" \/>\n<meta property=\"og:image\" content=\"http:\/\/belladot.com.loopiadns.com\/wp-content\/uploads\/2012\/12\/Ingemar_B_pro_pack-e1570383798322-264x300.jpg\" \/>\n<script type=\"application\/ld+json\" class=\"yoast-schema-graph\">{\"@context\":\"https:\/\/schema.org\",\"@graph\":[{\"@type\":\"WebPage\",\"@id\":\"http:\/\/belladot.com\/sv\/skotsel-och-anvandning\/ingemar-penispump\/\",\"url\":\"http:\/\/belladot.com\/sv\/skotsel-och-anvandning\/ingemar-penispump\/\",\"name\":\"Ingemar Erektionspump - Belladot\",\"isPartOf\":{\"@id\":\"https:\/\/belladot.com\/#website\"},\"primaryImageOfPage\":{\"@id\":\"http:\/\/belladot.com\/sv\/skotsel-och-anvandning\/ingemar-penispump\/#primaryimage\"},\"image\":{\"@id\":\"http:\/\/belladot.com\/sv\/skotsel-och-anvandning\/ingemar-penispump\/#primaryimage\"},\"thumbnailUrl\":\"http:\/\/belladot.com.loopiadns.com\/wp-content\/uploads\/2012\/12\/Ingemar_B_pro_pack-e1570383798322-264x300.jpg\",\"datePublished\":\"2019-07-31T10:20:31+00:00\",\"dateModified\":\"2019-10-06T21:09:09+00:00\",\"breadcrumb\":{\"@id\":\"http:\/\/belladot.com\/sv\/skotsel-och-anvandning\/ingemar-penispump\/#breadcrumb\"},\"inLanguage\":\"sv-SE\",\"potentialAction\":[{\"@type\":\"ReadAction\",\"target\":[\"http:\/\/belladot.com\/sv\/skotsel-och-anvandning\/ingemar-penispump\/\"]}]},{\"@type\":\"ImageObject\",\"inLanguage\":\"sv-SE\",\"@id\":\"http:\/\/belladot.com\/sv\/skotsel-och-anvandning\/ingemar-penispump\/#primaryimage\",\"url\":\"http:\/\/belladot.com.loopiadns.com\/wp-content\/uploads\/2012\/12\/Ingemar_B_pro_pack-e1570383798322-264x300.jpg\",\"contentUrl\":\"http:\/\/belladot.com.loopiadns.com\/wp-content\/uploads\/2012\/12\/Ingemar_B_pro_pack-e1570383798322-264x300.jpg\"},{\"@type\":\"BreadcrumbList\",\"@id\":\"http:\/\/belladot.com\/sv\/skotsel-och-anvandning\/ingemar-penispump\/#breadcrumb\",\"itemListElement\":[{\"@type\":\"ListItem\",\"position\":1,\"name\":\"Fr\u00e5gor och svar\",\"item\":\"https:\/\/belladot.com\/sv\/skotsel-och-anvandning\/\"},{\"@type\":\"ListItem\",\"position\":2,\"name\":\"Ingemar Erektionspump\"}]},{\"@type\":\"WebSite\",\"@id\":\"https:\/\/belladot.com\/#website\",\"url\":\"https:\/\/belladot.com\/\",\"name\":\"Belladot\",\"description\":\"\",\"potentialAction\":[{\"@type\":\"SearchAction\",\"target\":{\"@type\":\"EntryPoint\",\"urlTemplate\":\"https:\/\/belladot.com\/?s={search_term_string}\"},\"query-input\":{\"@type\":\"PropertyValueSpecification\",\"valueRequired\":true,\"valueName\":\"search_term_string\"}}],\"inLanguage\":\"sv-SE\"}]}<\/script>\n<!-- \/ Yoast SEO plugin. -->","yoast_head_json":{"title":"Ingemar Erektionspump - Belladot","robots":{"index":"index","follow":"follow","max-snippet":"max-snippet:-1","max-image-preview":"max-image-preview:large","max-video-preview":"max-video-preview:-1"},"canonical":"http:\/\/belladot.com\/sv\/skotsel-och-anvandning\/ingemar-penispump\/","og_locale":"sv_SE","og_type":"article","og_title":"Ingemar Erektionspump - Belladot","og_description":"Trasig ring? I just Ingemars fall s\u00e5 kan ringen l\u00e4tt g\u00e5 s\u00f6nder d\u00e5 den \u00e4r lite k\u00e4nslig och d\u00e4r f\u00f6resl\u00e5r vi endast vattenbaserat glidmedel och sedan att man tv\u00e4ttar av direkt efter anv\u00e4ndning. Om du tex anv\u00e4nder diverse olika oljor, tex olivolja, hudlotion, massageoljor g\u00e5r den s\u00f6nder. Det \u00e4r l\u00e4tt att tro oljor\/kr\u00e4mer med naturliga \u00e4mnen tex oliv, aloe vera o dyl ocks\u00e5 \u00e4r bra f\u00f6r leksakerna,men det \u00e4r det motsatta.","og_url":"http:\/\/belladot.com\/sv\/skotsel-och-anvandning\/ingemar-penispump\/","og_site_name":"Belladot","article_modified_time":"2019-10-06T21:09:09+00:00","og_image":[{"url":"http:\/\/belladot.com.loopiadns.com\/wp-content\/uploads\/2012\/12\/Ingemar_B_pro_pack-e1570383798322-264x300.jpg","type":"","width":"","height":""}],"schema":{"@context":"https:\/\/schema.org","@graph":[{"@type":"WebPage","@id":"http:\/\/belladot.com\/sv\/skotsel-och-anvandning\/ingemar-penispump\/","url":"http:\/\/belladot.com\/sv\/skotsel-och-anvandning\/ingemar-penispump\/","name":"Ingemar Erektionspump - Belladot","isPartOf":{"@id":"https:\/\/belladot.com\/#website"},"primaryImageOfPage":{"@id":"http:\/\/belladot.com\/sv\/skotsel-och-anvandning\/ingemar-penispump\/#primaryimage"},"image":{"@id":"http:\/\/belladot.com\/sv\/skotsel-och-anvandning\/ingemar-penispump\/#primaryimage"},"thumbnailUrl":"http:\/\/belladot.com.loopiadns.com\/wp-content\/uploads\/2012\/12\/Ingemar_B_pro_pack-e1570383798322-264x300.jpg","datePublished":"2019-07-31T10:20:31+00:00","dateModified":"2019-10-06T21:09:09+00:00","breadcrumb":{"@id":"http:\/\/belladot.com\/sv\/skotsel-och-anvandning\/ingemar-penispump\/#breadcrumb"},"inLanguage":"sv-SE","potentialAction":[{"@type":"ReadAction","target":["http:\/\/belladot.com\/sv\/skotsel-och-anvandning\/ingemar-penispump\/"]}]},{"@type":"ImageObject","inLanguage":"sv-SE","@id":"http:\/\/belladot.com\/sv\/skotsel-och-anvandning\/ingemar-penispump\/#primaryimage","url":"http:\/\/belladot.com.loopiadns.com\/wp-content\/uploads\/2012\/12\/Ingemar_B_pro_pack-e1570383798322-264x300.jpg","contentUrl":"http:\/\/belladot.com.loopiadns.com\/wp-content\/uploads\/2012\/12\/Ingemar_B_pro_pack-e1570383798322-264x300.jpg"},{"@type":"BreadcrumbList","@id":"http:\/\/belladot.com\/sv\/skotsel-och-anvandning\/ingemar-penispump\/#breadcrumb","itemListElement":[{"@type":"ListItem","position":1,"name":"Fr\u00e5gor och svar","item":"https:\/\/belladot.com\/sv\/skotsel-och-anvandning\/"},{"@type":"ListItem","position":2,"name":"Ingemar Erektionspump"}]},{"@type":"WebSite","@id":"https:\/\/belladot.com\/#website","url":"https:\/\/belladot.com\/","name":"Belladot","description":"","potentialAction":[{"@type":"SearchAction","target":{"@type":"EntryPoint","urlTemplate":"https:\/\/belladot.com\/?s={search_term_string}"},"query-input":{"@type":"PropertyValueSpecification","valueRequired":true,"valueName":"search_term_string"}}],"inLanguage":"sv-SE"}]}},"_links":{"self":[{"href":"https:\/\/belladot.com\/sv\/wp-json\/wp\/v2\/pages\/7819","targetHints":{"allow":["GET"]}}],"collection":[{"href":"https:\/\/belladot.com\/sv\/wp-json\/wp\/v2\/pages"}],"about":[{"href":"https:\/\/belladot.com\/sv\/wp-json\/wp\/v2\/types\/page"}],"author":[{"embeddable":true,"href":"https:\/\/belladot.com\/sv\/wp-json\/wp\/v2\/users\/4"}],"replies":[{"embeddable":true,"href":"https:\/\/belladot.com\/sv\/wp-json\/wp\/v2\/comments?post=7819"}],"version-history":[{"count":0,"href":"https:\/\/belladot.com\/sv\/wp-json\/wp\/v2\/pages\/7819\/revisions"}],"up":[{"embeddable":true,"href":"https:\/\/belladot.com\/sv\/wp-json\/wp\/v2\/pages\/14"}],"wp:attachment":[{"href":"https:\/\/belladot.com\/sv\/wp-json\/wp\/v2\/media?parent=7819"}],"curies":[{"name":"wp","href":"https:\/\/api.w.org\/{rel}","templated":true}]}}