{"id":7828,"date":"2019-07-31T12:28:00","date_gmt":"2019-07-31T10:28:00","guid":{"rendered":"http:\/\/belladot.com.loopiadns.com.loopiadns.com\/?page_id=7828"},"modified":"2019-10-06T23:09:45","modified_gmt":"2019-10-06T21:09:45","slug":"bertil-vibrerande-penisring","status":"publish","type":"page","link":"https:\/\/belladot.com\/sv\/skotsel-och-anvandning\/bertil-vibrerande-penisring\/","title":{"rendered":"Bertil vibrerande penisring"},"content":{"rendered":"<p><a href=\"http:\/\/belladot.com.loopiadns.com\/sv\/products\/bertil-vibrerande-penisring\/\"><img loading=\"lazy\" decoding=\"async\" class=\"alignnone wp-image-8041 size-medium\" src=\"http:\/\/belladot.com.loopiadns.com\/wp-content\/uploads\/2012\/12\/Bertil_B_pro_pack-e1570383486811-300x276.png\" alt=\"Belladot Bertil\" width=\"300\" height=\"276\" srcset=\"https:\/\/belladot.com\/wp-content\/uploads\/2012\/12\/Bertil_B_pro_pack-e1570383486811-300x276.png 300w, https:\/\/belladot.com\/wp-content\/uploads\/2012\/12\/Bertil_B_pro_pack-e1570383486811.png 765w\" sizes=\"auto, (max-width: 300px) 100vw, 300px\" \/><\/a><\/p>\n<p><strong>Bertil fungerar inte, vad \u00e4r felet?<\/strong><\/p>\n<p>I batterifacket ska det sitta en papperslapp, som anger batteririktningen. Om den inte sitter kvarh\u00e4nder det som du beskriver.Testa att s\u00e4tta tillbaks den. Fungerar det fortfarande inte, kontaktar du oss p\u00e5 <a href=\"mailto:info@belladot.se\">info@belladot.se<\/a> s\u00e5 skickar vi dig en ny vara, vi har 1 \u00e5rs garanti.<\/p>\n","protected":false},"excerpt":{"rendered":"<p>Bertil fungerar inte, vad \u00e4r felet? I batterifacket ska det sitta en papperslapp, som anger batteririktningen. Om den inte sitter kvarh\u00e4nder det som du beskriver.Testa att s\u00e4tta tillbaks den. Fungerar det fortfarande inte, kontaktar du oss p\u00e5 info@belladot.se s\u00e5 skickar vi dig en ny vara, vi har 1 \u00e5rs garanti.<\/p>\n","protected":false},"author":4,"featured_media":0,"parent":14,"menu_order":6,"comment_status":"closed","ping_status":"closed","template":"","meta":{"_acf_changed":false,"footnotes":""},"class_list":["post-7828","page","type-page","status-publish","hentry"],"acf":[],"yoast_head":"<!-- This site is optimized with the Yoast SEO plugin v27.1.1 - https:\/\/yoast.com\/product\/yoast-seo-wordpress\/ -->\n<title>Bertil vibrerande penisring - Belladot<\/title>\n<meta name=\"robots\" content=\"index, follow, max-snippet:-1, max-image-preview:large, max-video-preview:-1\" \/>\n<link rel=\"canonical\" href=\"http:\/\/belladot.com\/sv\/skotsel-och-anvandning\/bertil-vibrerande-penisring\/\" \/>\n<meta property=\"og:locale\" content=\"sv_SE\" \/>\n<meta property=\"og:type\" content=\"article\" \/>\n<meta property=\"og:title\" content=\"Bertil vibrerande penisring - Belladot\" \/>\n<meta property=\"og:description\" content=\"Bertil fungerar inte, vad \u00e4r felet? I batterifacket ska det sitta en papperslapp, som anger batteririktningen. Om den inte sitter kvarh\u00e4nder det som du beskriver.Testa att s\u00e4tta tillbaks den. Fungerar det fortfarande inte, kontaktar du oss p\u00e5 info@belladot.se s\u00e5 skickar vi dig en ny vara, vi har 1 \u00e5rs garanti.\" \/>\n<meta property=\"og:url\" content=\"http:\/\/belladot.com\/sv\/skotsel-och-anvandning\/bertil-vibrerande-penisring\/\" \/>\n<meta property=\"og:site_name\" content=\"Belladot\" \/>\n<meta property=\"article:modified_time\" content=\"2019-10-06T21:09:45+00:00\" \/>\n<meta property=\"og:image\" content=\"http:\/\/belladot.com.loopiadns.com\/wp-content\/uploads\/2012\/12\/Bertil_B_pro_pack-e1570383486811-300x276.png\" \/>\n<script type=\"application\/ld+json\" class=\"yoast-schema-graph\">{\"@context\":\"https:\/\/schema.org\",\"@graph\":[{\"@type\":\"WebPage\",\"@id\":\"http:\/\/belladot.com\/sv\/skotsel-och-anvandning\/bertil-vibrerande-penisring\/\",\"url\":\"http:\/\/belladot.com\/sv\/skotsel-och-anvandning\/bertil-vibrerande-penisring\/\",\"name\":\"Bertil vibrerande penisring - Belladot\",\"isPartOf\":{\"@id\":\"https:\/\/belladot.com\/#website\"},\"primaryImageOfPage\":{\"@id\":\"http:\/\/belladot.com\/sv\/skotsel-och-anvandning\/bertil-vibrerande-penisring\/#primaryimage\"},\"image\":{\"@id\":\"http:\/\/belladot.com\/sv\/skotsel-och-anvandning\/bertil-vibrerande-penisring\/#primaryimage\"},\"thumbnailUrl\":\"http:\/\/belladot.com.loopiadns.com\/wp-content\/uploads\/2012\/12\/Bertil_B_pro_pack-e1570383486811-300x276.png\",\"datePublished\":\"2019-07-31T10:28:00+00:00\",\"dateModified\":\"2019-10-06T21:09:45+00:00\",\"breadcrumb\":{\"@id\":\"http:\/\/belladot.com\/sv\/skotsel-och-anvandning\/bertil-vibrerande-penisring\/#breadcrumb\"},\"inLanguage\":\"sv-SE\",\"potentialAction\":[{\"@type\":\"ReadAction\",\"target\":[\"http:\/\/belladot.com\/sv\/skotsel-och-anvandning\/bertil-vibrerande-penisring\/\"]}]},{\"@type\":\"ImageObject\",\"inLanguage\":\"sv-SE\",\"@id\":\"http:\/\/belladot.com\/sv\/skotsel-och-anvandning\/bertil-vibrerande-penisring\/#primaryimage\",\"url\":\"http:\/\/belladot.com.loopiadns.com\/wp-content\/uploads\/2012\/12\/Bertil_B_pro_pack-e1570383486811-300x276.png\",\"contentUrl\":\"http:\/\/belladot.com.loopiadns.com\/wp-content\/uploads\/2012\/12\/Bertil_B_pro_pack-e1570383486811-300x276.png\"},{\"@type\":\"BreadcrumbList\",\"@id\":\"http:\/\/belladot.com\/sv\/skotsel-och-anvandning\/bertil-vibrerande-penisring\/#breadcrumb\",\"itemListElement\":[{\"@type\":\"ListItem\",\"position\":1,\"name\":\"Fr\u00e5gor och svar\",\"item\":\"https:\/\/belladot.com\/sv\/skotsel-och-anvandning\/\"},{\"@type\":\"ListItem\",\"position\":2,\"name\":\"Bertil vibrerande penisring\"}]},{\"@type\":\"WebSite\",\"@id\":\"https:\/\/belladot.com\/#website\",\"url\":\"https:\/\/belladot.com\/\",\"name\":\"Belladot\",\"description\":\"\",\"potentialAction\":[{\"@type\":\"SearchAction\",\"target\":{\"@type\":\"EntryPoint\",\"urlTemplate\":\"https:\/\/belladot.com\/?s={search_term_string}\"},\"query-input\":{\"@type\":\"PropertyValueSpecification\",\"valueRequired\":true,\"valueName\":\"search_term_string\"}}],\"inLanguage\":\"sv-SE\"}]}<\/script>\n<!-- \/ Yoast SEO plugin. -->","yoast_head_json":{"title":"Bertil vibrerande penisring - Belladot","robots":{"index":"index","follow":"follow","max-snippet":"max-snippet:-1","max-image-preview":"max-image-preview:large","max-video-preview":"max-video-preview:-1"},"canonical":"http:\/\/belladot.com\/sv\/skotsel-och-anvandning\/bertil-vibrerande-penisring\/","og_locale":"sv_SE","og_type":"article","og_title":"Bertil vibrerande penisring - Belladot","og_description":"Bertil fungerar inte, vad \u00e4r felet? I batterifacket ska det sitta en papperslapp, som anger batteririktningen. Om den inte sitter kvarh\u00e4nder det som du beskriver.Testa att s\u00e4tta tillbaks den. Fungerar det fortfarande inte, kontaktar du oss p\u00e5 info@belladot.se s\u00e5 skickar vi dig en ny vara, vi har 1 \u00e5rs garanti.","og_url":"http:\/\/belladot.com\/sv\/skotsel-och-anvandning\/bertil-vibrerande-penisring\/","og_site_name":"Belladot","article_modified_time":"2019-10-06T21:09:45+00:00","og_image":[{"url":"http:\/\/belladot.com.loopiadns.com\/wp-content\/uploads\/2012\/12\/Bertil_B_pro_pack-e1570383486811-300x276.png","type":"","width":"","height":""}],"schema":{"@context":"https:\/\/schema.org","@graph":[{"@type":"WebPage","@id":"http:\/\/belladot.com\/sv\/skotsel-och-anvandning\/bertil-vibrerande-penisring\/","url":"http:\/\/belladot.com\/sv\/skotsel-och-anvandning\/bertil-vibrerande-penisring\/","name":"Bertil vibrerande penisring - Belladot","isPartOf":{"@id":"https:\/\/belladot.com\/#website"},"primaryImageOfPage":{"@id":"http:\/\/belladot.com\/sv\/skotsel-och-anvandning\/bertil-vibrerande-penisring\/#primaryimage"},"image":{"@id":"http:\/\/belladot.com\/sv\/skotsel-och-anvandning\/bertil-vibrerande-penisring\/#primaryimage"},"thumbnailUrl":"http:\/\/belladot.com.loopiadns.com\/wp-content\/uploads\/2012\/12\/Bertil_B_pro_pack-e1570383486811-300x276.png","datePublished":"2019-07-31T10:28:00+00:00","dateModified":"2019-10-06T21:09:45+00:00","breadcrumb":{"@id":"http:\/\/belladot.com\/sv\/skotsel-och-anvandning\/bertil-vibrerande-penisring\/#breadcrumb"},"inLanguage":"sv-SE","potentialAction":[{"@type":"ReadAction","target":["http:\/\/belladot.com\/sv\/skotsel-och-anvandning\/bertil-vibrerande-penisring\/"]}]},{"@type":"ImageObject","inLanguage":"sv-SE","@id":"http:\/\/belladot.com\/sv\/skotsel-och-anvandning\/bertil-vibrerande-penisring\/#primaryimage","url":"http:\/\/belladot.com.loopiadns.com\/wp-content\/uploads\/2012\/12\/Bertil_B_pro_pack-e1570383486811-300x276.png","contentUrl":"http:\/\/belladot.com.loopiadns.com\/wp-content\/uploads\/2012\/12\/Bertil_B_pro_pack-e1570383486811-300x276.png"},{"@type":"BreadcrumbList","@id":"http:\/\/belladot.com\/sv\/skotsel-och-anvandning\/bertil-vibrerande-penisring\/#breadcrumb","itemListElement":[{"@type":"ListItem","position":1,"name":"Fr\u00e5gor och svar","item":"https:\/\/belladot.com\/sv\/skotsel-och-anvandning\/"},{"@type":"ListItem","position":2,"name":"Bertil vibrerande penisring"}]},{"@type":"WebSite","@id":"https:\/\/belladot.com\/#website","url":"https:\/\/belladot.com\/","name":"Belladot","description":"","potentialAction":[{"@type":"SearchAction","target":{"@type":"EntryPoint","urlTemplate":"https:\/\/belladot.com\/?s={search_term_string}"},"query-input":{"@type":"PropertyValueSpecification","valueRequired":true,"valueName":"search_term_string"}}],"inLanguage":"sv-SE"}]}},"_links":{"self":[{"href":"https:\/\/belladot.com\/sv\/wp-json\/wp\/v2\/pages\/7828","targetHints":{"allow":["GET"]}}],"collection":[{"href":"https:\/\/belladot.com\/sv\/wp-json\/wp\/v2\/pages"}],"about":[{"href":"https:\/\/belladot.com\/sv\/wp-json\/wp\/v2\/types\/page"}],"author":[{"embeddable":true,"href":"https:\/\/belladot.com\/sv\/wp-json\/wp\/v2\/users\/4"}],"replies":[{"embeddable":true,"href":"https:\/\/belladot.com\/sv\/wp-json\/wp\/v2\/comments?post=7828"}],"version-history":[{"count":0,"href":"https:\/\/belladot.com\/sv\/wp-json\/wp\/v2\/pages\/7828\/revisions"}],"up":[{"embeddable":true,"href":"https:\/\/belladot.com\/sv\/wp-json\/wp\/v2\/pages\/14"}],"wp:attachment":[{"href":"https:\/\/belladot.com\/sv\/wp-json\/wp\/v2\/media?parent=7828"}],"curies":[{"name":"wp","href":"https:\/\/api.w.org\/{rel}","templated":true}]}}