{"id":7842,"date":"2019-07-31T12:44:55","date_gmt":"2019-07-31T10:44:55","guid":{"rendered":"http:\/\/belladot.com.loopiadns.com.loopiadns.com\/?page_id=7842"},"modified":"2019-10-06T23:11:24","modified_gmt":"2019-10-06T21:11:24","slug":"ester-klitorisvibrator","status":"publish","type":"page","link":"https:\/\/belladot.com\/sv\/skotsel-och-anvandning\/ester-klitorisvibrator\/","title":{"rendered":"Ester Klitorisvibrator"},"content":{"rendered":"<p><a href=\"http:\/\/belladot.com.loopiadns.com\/sv\/products\/ester-klitorisvibrator\/\"><img loading=\"lazy\" decoding=\"async\" class=\"alignnone wp-image-8072 size-medium\" src=\"http:\/\/belladot.com.loopiadns.com\/wp-content\/uploads\/2012\/12\/Ester_B_2_pro_pack-e1570384536579-300x283.png\" alt=\"Belladot Ester\" width=\"300\" height=\"283\" srcset=\"https:\/\/belladot.com\/wp-content\/uploads\/2012\/12\/Ester_B_2_pro_pack-e1570384536579-300x283.png 300w, https:\/\/belladot.com\/wp-content\/uploads\/2012\/12\/Ester_B_2_pro_pack-e1570384536579-768x725.png 768w, https:\/\/belladot.com\/wp-content\/uploads\/2012\/12\/Ester_B_2_pro_pack-e1570384536579.png 771w\" sizes=\"auto, (max-width: 300px) 100vw, 300px\" \/><\/a><\/p>\n<p><strong>Jag har problem att s\u00e4tta i batterierna i min Ester, kan ni hj\u00e4lpa mig?<\/strong><\/p>\n<p>Om det \u00e4r tr\u00f6gt att trycka ner batteribeh\u00e5llaren s\u00e5 har den satts i fel. Batterierna ska s\u00e4ttas i den vita batterih\u00e5llaren. Det st\u00e5r angivet i batterih\u00e5llaren \u00e5t vilka h\u00e5ll som plus och minus ska sitta \u00e5t. Sedan ska du placera batterih\u00e5llaren s\u00e5 att kontaktplattorna hamnar upp\u00e5t mot korken, det st\u00e5r ocks\u00e5 &#8221;Insert this way&#8221; p\u00e5 batterih\u00e5llaren. D\u00e4refter ska du rotera batterih\u00e5llaren s\u00e5 att plus och minus st\u00e4mmer med anvisning p\u00e5 klisterlappen som du hittar i godset p\u00e5 vibratorn. Funkar det fortfarande inte kan du \u00e5terkomma till oss p\u00e5 <a href=\"mailto:info@belladot.se\">info@belladot.se<\/a><\/p>\n","protected":false},"excerpt":{"rendered":"<p>Jag har problem att s\u00e4tta i batterierna i min Ester, kan ni hj\u00e4lpa mig? Om det \u00e4r tr\u00f6gt att trycka ner batteribeh\u00e5llaren s\u00e5 har den satts i fel. Batterierna ska s\u00e4ttas i den vita batterih\u00e5llaren. Det st\u00e5r angivet i batterih\u00e5llaren \u00e5t vilka h\u00e5ll som plus och minus ska sitta \u00e5t. Sedan ska du placera batterih\u00e5llaren s\u00e5 att kontaktplattorna hamnar upp\u00e5t mot korken, det st\u00e5r ocks\u00e5 &#8221;Insert this way&#8221; p\u00e5 batterih\u00e5llaren. D\u00e4refter ska du rotera batterih\u00e5llaren s\u00e5 att plus och minus st\u00e4mmer med anvisning p\u00e5 klisterlappen som du hittar i godset p\u00e5 vibratorn. Funkar det fortfarande inte kan du \u00e5terkomma till [&hellip;]<\/p>\n","protected":false},"author":4,"featured_media":0,"parent":14,"menu_order":8,"comment_status":"closed","ping_status":"closed","template":"","meta":{"_acf_changed":false,"footnotes":""},"class_list":["post-7842","page","type-page","status-publish","hentry"],"acf":[],"yoast_head":"<!-- This site is optimized with the Yoast SEO plugin v27.1.1 - https:\/\/yoast.com\/product\/yoast-seo-wordpress\/ -->\n<title>Ester Klitorisvibrator - Belladot<\/title>\n<meta name=\"robots\" content=\"index, follow, max-snippet:-1, max-image-preview:large, max-video-preview:-1\" \/>\n<link rel=\"canonical\" href=\"http:\/\/belladot.com\/sv\/skotsel-och-anvandning\/ester-klitorisvibrator\/\" \/>\n<meta property=\"og:locale\" content=\"sv_SE\" \/>\n<meta property=\"og:type\" content=\"article\" \/>\n<meta property=\"og:title\" content=\"Ester Klitorisvibrator - Belladot\" \/>\n<meta property=\"og:description\" content=\"Jag har problem att s\u00e4tta i batterierna i min Ester, kan ni hj\u00e4lpa mig? Om det \u00e4r tr\u00f6gt att trycka ner batteribeh\u00e5llaren s\u00e5 har den satts i fel. Batterierna ska s\u00e4ttas i den vita batterih\u00e5llaren. Det st\u00e5r angivet i batterih\u00e5llaren \u00e5t vilka h\u00e5ll som plus och minus ska sitta \u00e5t. Sedan ska du placera batterih\u00e5llaren s\u00e5 att kontaktplattorna hamnar upp\u00e5t mot korken, det st\u00e5r ocks\u00e5 &#8221;Insert this way&#8221; p\u00e5 batterih\u00e5llaren. D\u00e4refter ska du rotera batterih\u00e5llaren s\u00e5 att plus och minus st\u00e4mmer med anvisning p\u00e5 klisterlappen som du hittar i godset p\u00e5 vibratorn. Funkar det fortfarande inte kan du \u00e5terkomma till [&hellip;]\" \/>\n<meta property=\"og:url\" content=\"http:\/\/belladot.com\/sv\/skotsel-och-anvandning\/ester-klitorisvibrator\/\" \/>\n<meta property=\"og:site_name\" content=\"Belladot\" \/>\n<meta property=\"article:modified_time\" content=\"2019-10-06T21:11:24+00:00\" \/>\n<meta property=\"og:image\" content=\"http:\/\/belladot.com.loopiadns.com\/wp-content\/uploads\/2012\/12\/Ester_B_2_pro_pack-e1570384536579-300x283.png\" \/>\n<meta name=\"twitter:label1\" content=\"Ber\u00e4knad l\u00e4stid\" \/>\n\t<meta name=\"twitter:data1\" content=\"1 minut\" \/>\n<script type=\"application\/ld+json\" class=\"yoast-schema-graph\">{\"@context\":\"https:\/\/schema.org\",\"@graph\":[{\"@type\":\"WebPage\",\"@id\":\"http:\/\/belladot.com\/sv\/skotsel-och-anvandning\/ester-klitorisvibrator\/\",\"url\":\"http:\/\/belladot.com\/sv\/skotsel-och-anvandning\/ester-klitorisvibrator\/\",\"name\":\"Ester Klitorisvibrator - Belladot\",\"isPartOf\":{\"@id\":\"https:\/\/belladot.com\/#website\"},\"primaryImageOfPage\":{\"@id\":\"http:\/\/belladot.com\/sv\/skotsel-och-anvandning\/ester-klitorisvibrator\/#primaryimage\"},\"image\":{\"@id\":\"http:\/\/belladot.com\/sv\/skotsel-och-anvandning\/ester-klitorisvibrator\/#primaryimage\"},\"thumbnailUrl\":\"http:\/\/belladot.com.loopiadns.com\/wp-content\/uploads\/2012\/12\/Ester_B_2_pro_pack-e1570384536579-300x283.png\",\"datePublished\":\"2019-07-31T10:44:55+00:00\",\"dateModified\":\"2019-10-06T21:11:24+00:00\",\"breadcrumb\":{\"@id\":\"http:\/\/belladot.com\/sv\/skotsel-och-anvandning\/ester-klitorisvibrator\/#breadcrumb\"},\"inLanguage\":\"sv-SE\",\"potentialAction\":[{\"@type\":\"ReadAction\",\"target\":[\"http:\/\/belladot.com\/sv\/skotsel-och-anvandning\/ester-klitorisvibrator\/\"]}]},{\"@type\":\"ImageObject\",\"inLanguage\":\"sv-SE\",\"@id\":\"http:\/\/belladot.com\/sv\/skotsel-och-anvandning\/ester-klitorisvibrator\/#primaryimage\",\"url\":\"http:\/\/belladot.com.loopiadns.com\/wp-content\/uploads\/2012\/12\/Ester_B_2_pro_pack-e1570384536579-300x283.png\",\"contentUrl\":\"http:\/\/belladot.com.loopiadns.com\/wp-content\/uploads\/2012\/12\/Ester_B_2_pro_pack-e1570384536579-300x283.png\"},{\"@type\":\"BreadcrumbList\",\"@id\":\"http:\/\/belladot.com\/sv\/skotsel-och-anvandning\/ester-klitorisvibrator\/#breadcrumb\",\"itemListElement\":[{\"@type\":\"ListItem\",\"position\":1,\"name\":\"Fr\u00e5gor och svar\",\"item\":\"https:\/\/belladot.com\/sv\/skotsel-och-anvandning\/\"},{\"@type\":\"ListItem\",\"position\":2,\"name\":\"Ester Klitorisvibrator\"}]},{\"@type\":\"WebSite\",\"@id\":\"https:\/\/belladot.com\/#website\",\"url\":\"https:\/\/belladot.com\/\",\"name\":\"Belladot\",\"description\":\"\",\"potentialAction\":[{\"@type\":\"SearchAction\",\"target\":{\"@type\":\"EntryPoint\",\"urlTemplate\":\"https:\/\/belladot.com\/?s={search_term_string}\"},\"query-input\":{\"@type\":\"PropertyValueSpecification\",\"valueRequired\":true,\"valueName\":\"search_term_string\"}}],\"inLanguage\":\"sv-SE\"}]}<\/script>\n<!-- \/ Yoast SEO plugin. -->","yoast_head_json":{"title":"Ester Klitorisvibrator - Belladot","robots":{"index":"index","follow":"follow","max-snippet":"max-snippet:-1","max-image-preview":"max-image-preview:large","max-video-preview":"max-video-preview:-1"},"canonical":"http:\/\/belladot.com\/sv\/skotsel-och-anvandning\/ester-klitorisvibrator\/","og_locale":"sv_SE","og_type":"article","og_title":"Ester Klitorisvibrator - Belladot","og_description":"Jag har problem att s\u00e4tta i batterierna i min Ester, kan ni hj\u00e4lpa mig? Om det \u00e4r tr\u00f6gt att trycka ner batteribeh\u00e5llaren s\u00e5 har den satts i fel. Batterierna ska s\u00e4ttas i den vita batterih\u00e5llaren. Det st\u00e5r angivet i batterih\u00e5llaren \u00e5t vilka h\u00e5ll som plus och minus ska sitta \u00e5t. Sedan ska du placera batterih\u00e5llaren s\u00e5 att kontaktplattorna hamnar upp\u00e5t mot korken, det st\u00e5r ocks\u00e5 &#8221;Insert this way&#8221; p\u00e5 batterih\u00e5llaren. D\u00e4refter ska du rotera batterih\u00e5llaren s\u00e5 att plus och minus st\u00e4mmer med anvisning p\u00e5 klisterlappen som du hittar i godset p\u00e5 vibratorn. Funkar det fortfarande inte kan du \u00e5terkomma till [&hellip;]","og_url":"http:\/\/belladot.com\/sv\/skotsel-och-anvandning\/ester-klitorisvibrator\/","og_site_name":"Belladot","article_modified_time":"2019-10-06T21:11:24+00:00","og_image":[{"url":"http:\/\/belladot.com.loopiadns.com\/wp-content\/uploads\/2012\/12\/Ester_B_2_pro_pack-e1570384536579-300x283.png","type":"","width":"","height":""}],"twitter_misc":{"Ber\u00e4knad l\u00e4stid":"1 minut"},"schema":{"@context":"https:\/\/schema.org","@graph":[{"@type":"WebPage","@id":"http:\/\/belladot.com\/sv\/skotsel-och-anvandning\/ester-klitorisvibrator\/","url":"http:\/\/belladot.com\/sv\/skotsel-och-anvandning\/ester-klitorisvibrator\/","name":"Ester Klitorisvibrator - Belladot","isPartOf":{"@id":"https:\/\/belladot.com\/#website"},"primaryImageOfPage":{"@id":"http:\/\/belladot.com\/sv\/skotsel-och-anvandning\/ester-klitorisvibrator\/#primaryimage"},"image":{"@id":"http:\/\/belladot.com\/sv\/skotsel-och-anvandning\/ester-klitorisvibrator\/#primaryimage"},"thumbnailUrl":"http:\/\/belladot.com.loopiadns.com\/wp-content\/uploads\/2012\/12\/Ester_B_2_pro_pack-e1570384536579-300x283.png","datePublished":"2019-07-31T10:44:55+00:00","dateModified":"2019-10-06T21:11:24+00:00","breadcrumb":{"@id":"http:\/\/belladot.com\/sv\/skotsel-och-anvandning\/ester-klitorisvibrator\/#breadcrumb"},"inLanguage":"sv-SE","potentialAction":[{"@type":"ReadAction","target":["http:\/\/belladot.com\/sv\/skotsel-och-anvandning\/ester-klitorisvibrator\/"]}]},{"@type":"ImageObject","inLanguage":"sv-SE","@id":"http:\/\/belladot.com\/sv\/skotsel-och-anvandning\/ester-klitorisvibrator\/#primaryimage","url":"http:\/\/belladot.com.loopiadns.com\/wp-content\/uploads\/2012\/12\/Ester_B_2_pro_pack-e1570384536579-300x283.png","contentUrl":"http:\/\/belladot.com.loopiadns.com\/wp-content\/uploads\/2012\/12\/Ester_B_2_pro_pack-e1570384536579-300x283.png"},{"@type":"BreadcrumbList","@id":"http:\/\/belladot.com\/sv\/skotsel-och-anvandning\/ester-klitorisvibrator\/#breadcrumb","itemListElement":[{"@type":"ListItem","position":1,"name":"Fr\u00e5gor och svar","item":"https:\/\/belladot.com\/sv\/skotsel-och-anvandning\/"},{"@type":"ListItem","position":2,"name":"Ester Klitorisvibrator"}]},{"@type":"WebSite","@id":"https:\/\/belladot.com\/#website","url":"https:\/\/belladot.com\/","name":"Belladot","description":"","potentialAction":[{"@type":"SearchAction","target":{"@type":"EntryPoint","urlTemplate":"https:\/\/belladot.com\/?s={search_term_string}"},"query-input":{"@type":"PropertyValueSpecification","valueRequired":true,"valueName":"search_term_string"}}],"inLanguage":"sv-SE"}]}},"_links":{"self":[{"href":"https:\/\/belladot.com\/sv\/wp-json\/wp\/v2\/pages\/7842","targetHints":{"allow":["GET"]}}],"collection":[{"href":"https:\/\/belladot.com\/sv\/wp-json\/wp\/v2\/pages"}],"about":[{"href":"https:\/\/belladot.com\/sv\/wp-json\/wp\/v2\/types\/page"}],"author":[{"embeddable":true,"href":"https:\/\/belladot.com\/sv\/wp-json\/wp\/v2\/users\/4"}],"replies":[{"embeddable":true,"href":"https:\/\/belladot.com\/sv\/wp-json\/wp\/v2\/comments?post=7842"}],"version-history":[{"count":0,"href":"https:\/\/belladot.com\/sv\/wp-json\/wp\/v2\/pages\/7842\/revisions"}],"up":[{"embeddable":true,"href":"https:\/\/belladot.com\/sv\/wp-json\/wp\/v2\/pages\/14"}],"wp:attachment":[{"href":"https:\/\/belladot.com\/sv\/wp-json\/wp\/v2\/media?parent=7842"}],"curies":[{"name":"wp","href":"https:\/\/api.w.org\/{rel}","templated":true}]}}