{"id":7850,"date":"2019-07-31T12:52:13","date_gmt":"2019-07-31T10:52:13","guid":{"rendered":"http:\/\/belladot.com.loopiadns.com.loopiadns.com\/?page_id=7850"},"modified":"2019-10-06T23:12:16","modified_gmt":"2019-10-06T21:12:16","slug":"matilda-vibrerande-agg","status":"publish","type":"page","link":"https:\/\/belladot.com\/sv\/skotsel-och-anvandning\/matilda-vibrerande-agg\/","title":{"rendered":"Matilda Vibrerande \u00e4gg"},"content":{"rendered":"<div><a href=\"http:\/\/belladot.com.loopiadns.com\/sv\/products\/matilda-vibrerande-agg\/\"><img loading=\"lazy\" decoding=\"async\" class=\"alignnone wp-image-8081 size-medium\" src=\"http:\/\/belladot.com.loopiadns.com\/wp-content\/uploads\/2012\/12\/Matilda_B_2_prod_pack-e1570385259924-300x251.png\" alt=\"Belladot Matilda\" width=\"300\" height=\"251\" srcset=\"https:\/\/belladot.com\/wp-content\/uploads\/2012\/12\/Matilda_B_2_prod_pack-e1570385259924-300x251.png 300w, https:\/\/belladot.com\/wp-content\/uploads\/2012\/12\/Matilda_B_2_prod_pack-e1570385259924-768x642.png 768w, https:\/\/belladot.com\/wp-content\/uploads\/2012\/12\/Matilda_B_2_prod_pack-e1570385259924-1024x856.png 1024w, https:\/\/belladot.com\/wp-content\/uploads\/2012\/12\/Matilda_B_2_prod_pack-e1570385259924.png 1131w\" sizes=\"auto, (max-width: 300px) 100vw, 300px\" \/><\/a><\/div>\n<div><\/div>\n<div><strong>Min Matilda har glapp i kontakten, vad \u00e4r felet?<\/strong><\/div>\n<div><\/div>\n<div class=\"react-file-viewer__preview react-file-preview\">\n<div class=\"flex-preview-container\">\n<div class=\"flex-preview-container\">\n<div class=\"flex-preview-container\">\n<div class=\"preview-content preview-pdf preview-pdf-ssr\">\n<div class=\"viewer-container\">\n<article class=\"_2vSqL8i6js pdf-viewer\">\n<div class=\"EQJE7qmsBz viewer-container__sizer page-container pdf-viewer__pages\">\n<div id=\"pageContainer1\" class=\"_3DaXQB8TXp page\" data-index=\"0\">\n<div class=\"sc-annotation-conductor-layer sc-annotation-conductor-layer__can-create\">\n<div class=\"sc-annotation-highlight-creation-layer\">\n<div class=\"sc-annotation-rectangle-creation-layer\">\n<div class=\"sc-annotation-instructional-tooltip-pane\">Matilda har l\u00e4tt att f\u00e5 glapp d\u00e4r sladden g\u00e5r in i \u00e4gget. Det \u00e4r tyv\u00e4rr s\u00e5 f\u00f6r alla tr\u00e5dade \u00e4gg. Du undviker detta genom att INTE dra ut \u00e4gget med sladden, ta i \u00e4gget ist\u00e4llet.<\/div>\n<\/div>\n<\/div>\n<\/div>\n<\/div>\n<\/div>\n<\/article>\n<\/div>\n<\/div>\n<\/div>\n<\/div>\n<\/div>\n<\/div>\n","protected":false},"excerpt":{"rendered":"<p>Min Matilda har glapp i kontakten, vad \u00e4r felet? Matilda har l\u00e4tt att f\u00e5 glapp d\u00e4r sladden g\u00e5r in i \u00e4gget. Det \u00e4r tyv\u00e4rr s\u00e5 f\u00f6r alla tr\u00e5dade \u00e4gg. Du undviker detta genom att INTE dra ut \u00e4gget med sladden, ta i \u00e4gget ist\u00e4llet.<\/p>\n","protected":false},"author":4,"featured_media":0,"parent":14,"menu_order":8,"comment_status":"closed","ping_status":"closed","template":"","meta":{"_acf_changed":false,"footnotes":""},"class_list":["post-7850","page","type-page","status-publish","hentry"],"acf":[],"yoast_head":"<!-- This site is optimized with the Yoast SEO plugin v27.1.1 - https:\/\/yoast.com\/product\/yoast-seo-wordpress\/ -->\n<title>Matilda Vibrerande \u00e4gg - Belladot<\/title>\n<meta name=\"robots\" content=\"index, follow, max-snippet:-1, max-image-preview:large, max-video-preview:-1\" \/>\n<link rel=\"canonical\" href=\"http:\/\/belladot.com\/sv\/skotsel-och-anvandning\/matilda-vibrerande-agg\/\" \/>\n<meta property=\"og:locale\" content=\"sv_SE\" \/>\n<meta property=\"og:type\" content=\"article\" \/>\n<meta property=\"og:title\" content=\"Matilda Vibrerande \u00e4gg - Belladot\" \/>\n<meta property=\"og:description\" content=\"Min Matilda har glapp i kontakten, vad \u00e4r felet? Matilda har l\u00e4tt att f\u00e5 glapp d\u00e4r sladden g\u00e5r in i \u00e4gget. Det \u00e4r tyv\u00e4rr s\u00e5 f\u00f6r alla tr\u00e5dade \u00e4gg. Du undviker detta genom att INTE dra ut \u00e4gget med sladden, ta i \u00e4gget ist\u00e4llet.\" \/>\n<meta property=\"og:url\" content=\"http:\/\/belladot.com\/sv\/skotsel-och-anvandning\/matilda-vibrerande-agg\/\" \/>\n<meta property=\"og:site_name\" content=\"Belladot\" \/>\n<meta property=\"article:modified_time\" content=\"2019-10-06T21:12:16+00:00\" \/>\n<meta property=\"og:image\" content=\"http:\/\/belladot.com.loopiadns.com\/wp-content\/uploads\/2012\/12\/Matilda_B_2_prod_pack-e1570385259924-300x251.png\" \/>\n<script type=\"application\/ld+json\" class=\"yoast-schema-graph\">{\"@context\":\"https:\/\/schema.org\",\"@graph\":[{\"@type\":\"WebPage\",\"@id\":\"http:\/\/belladot.com\/sv\/skotsel-och-anvandning\/matilda-vibrerande-agg\/\",\"url\":\"http:\/\/belladot.com\/sv\/skotsel-och-anvandning\/matilda-vibrerande-agg\/\",\"name\":\"Matilda Vibrerande \u00e4gg - Belladot\",\"isPartOf\":{\"@id\":\"https:\/\/belladot.com\/#website\"},\"primaryImageOfPage\":{\"@id\":\"http:\/\/belladot.com\/sv\/skotsel-och-anvandning\/matilda-vibrerande-agg\/#primaryimage\"},\"image\":{\"@id\":\"http:\/\/belladot.com\/sv\/skotsel-och-anvandning\/matilda-vibrerande-agg\/#primaryimage\"},\"thumbnailUrl\":\"http:\/\/belladot.com.loopiadns.com\/wp-content\/uploads\/2012\/12\/Matilda_B_2_prod_pack-e1570385259924-300x251.png\",\"datePublished\":\"2019-07-31T10:52:13+00:00\",\"dateModified\":\"2019-10-06T21:12:16+00:00\",\"breadcrumb\":{\"@id\":\"http:\/\/belladot.com\/sv\/skotsel-och-anvandning\/matilda-vibrerande-agg\/#breadcrumb\"},\"inLanguage\":\"sv-SE\",\"potentialAction\":[{\"@type\":\"ReadAction\",\"target\":[\"http:\/\/belladot.com\/sv\/skotsel-och-anvandning\/matilda-vibrerande-agg\/\"]}]},{\"@type\":\"ImageObject\",\"inLanguage\":\"sv-SE\",\"@id\":\"http:\/\/belladot.com\/sv\/skotsel-och-anvandning\/matilda-vibrerande-agg\/#primaryimage\",\"url\":\"http:\/\/belladot.com.loopiadns.com\/wp-content\/uploads\/2012\/12\/Matilda_B_2_prod_pack-e1570385259924-300x251.png\",\"contentUrl\":\"http:\/\/belladot.com.loopiadns.com\/wp-content\/uploads\/2012\/12\/Matilda_B_2_prod_pack-e1570385259924-300x251.png\"},{\"@type\":\"BreadcrumbList\",\"@id\":\"http:\/\/belladot.com\/sv\/skotsel-och-anvandning\/matilda-vibrerande-agg\/#breadcrumb\",\"itemListElement\":[{\"@type\":\"ListItem\",\"position\":1,\"name\":\"Fr\u00e5gor och svar\",\"item\":\"https:\/\/belladot.com\/sv\/skotsel-och-anvandning\/\"},{\"@type\":\"ListItem\",\"position\":2,\"name\":\"Matilda Vibrerande \u00e4gg\"}]},{\"@type\":\"WebSite\",\"@id\":\"https:\/\/belladot.com\/#website\",\"url\":\"https:\/\/belladot.com\/\",\"name\":\"Belladot\",\"description\":\"\",\"potentialAction\":[{\"@type\":\"SearchAction\",\"target\":{\"@type\":\"EntryPoint\",\"urlTemplate\":\"https:\/\/belladot.com\/?s={search_term_string}\"},\"query-input\":{\"@type\":\"PropertyValueSpecification\",\"valueRequired\":true,\"valueName\":\"search_term_string\"}}],\"inLanguage\":\"sv-SE\"}]}<\/script>\n<!-- \/ Yoast SEO plugin. -->","yoast_head_json":{"title":"Matilda Vibrerande \u00e4gg - Belladot","robots":{"index":"index","follow":"follow","max-snippet":"max-snippet:-1","max-image-preview":"max-image-preview:large","max-video-preview":"max-video-preview:-1"},"canonical":"http:\/\/belladot.com\/sv\/skotsel-och-anvandning\/matilda-vibrerande-agg\/","og_locale":"sv_SE","og_type":"article","og_title":"Matilda Vibrerande \u00e4gg - Belladot","og_description":"Min Matilda har glapp i kontakten, vad \u00e4r felet? Matilda har l\u00e4tt att f\u00e5 glapp d\u00e4r sladden g\u00e5r in i \u00e4gget. Det \u00e4r tyv\u00e4rr s\u00e5 f\u00f6r alla tr\u00e5dade \u00e4gg. Du undviker detta genom att INTE dra ut \u00e4gget med sladden, ta i \u00e4gget ist\u00e4llet.","og_url":"http:\/\/belladot.com\/sv\/skotsel-och-anvandning\/matilda-vibrerande-agg\/","og_site_name":"Belladot","article_modified_time":"2019-10-06T21:12:16+00:00","og_image":[{"url":"http:\/\/belladot.com.loopiadns.com\/wp-content\/uploads\/2012\/12\/Matilda_B_2_prod_pack-e1570385259924-300x251.png","type":"","width":"","height":""}],"schema":{"@context":"https:\/\/schema.org","@graph":[{"@type":"WebPage","@id":"http:\/\/belladot.com\/sv\/skotsel-och-anvandning\/matilda-vibrerande-agg\/","url":"http:\/\/belladot.com\/sv\/skotsel-och-anvandning\/matilda-vibrerande-agg\/","name":"Matilda Vibrerande \u00e4gg - Belladot","isPartOf":{"@id":"https:\/\/belladot.com\/#website"},"primaryImageOfPage":{"@id":"http:\/\/belladot.com\/sv\/skotsel-och-anvandning\/matilda-vibrerande-agg\/#primaryimage"},"image":{"@id":"http:\/\/belladot.com\/sv\/skotsel-och-anvandning\/matilda-vibrerande-agg\/#primaryimage"},"thumbnailUrl":"http:\/\/belladot.com.loopiadns.com\/wp-content\/uploads\/2012\/12\/Matilda_B_2_prod_pack-e1570385259924-300x251.png","datePublished":"2019-07-31T10:52:13+00:00","dateModified":"2019-10-06T21:12:16+00:00","breadcrumb":{"@id":"http:\/\/belladot.com\/sv\/skotsel-och-anvandning\/matilda-vibrerande-agg\/#breadcrumb"},"inLanguage":"sv-SE","potentialAction":[{"@type":"ReadAction","target":["http:\/\/belladot.com\/sv\/skotsel-och-anvandning\/matilda-vibrerande-agg\/"]}]},{"@type":"ImageObject","inLanguage":"sv-SE","@id":"http:\/\/belladot.com\/sv\/skotsel-och-anvandning\/matilda-vibrerande-agg\/#primaryimage","url":"http:\/\/belladot.com.loopiadns.com\/wp-content\/uploads\/2012\/12\/Matilda_B_2_prod_pack-e1570385259924-300x251.png","contentUrl":"http:\/\/belladot.com.loopiadns.com\/wp-content\/uploads\/2012\/12\/Matilda_B_2_prod_pack-e1570385259924-300x251.png"},{"@type":"BreadcrumbList","@id":"http:\/\/belladot.com\/sv\/skotsel-och-anvandning\/matilda-vibrerande-agg\/#breadcrumb","itemListElement":[{"@type":"ListItem","position":1,"name":"Fr\u00e5gor och svar","item":"https:\/\/belladot.com\/sv\/skotsel-och-anvandning\/"},{"@type":"ListItem","position":2,"name":"Matilda Vibrerande \u00e4gg"}]},{"@type":"WebSite","@id":"https:\/\/belladot.com\/#website","url":"https:\/\/belladot.com\/","name":"Belladot","description":"","potentialAction":[{"@type":"SearchAction","target":{"@type":"EntryPoint","urlTemplate":"https:\/\/belladot.com\/?s={search_term_string}"},"query-input":{"@type":"PropertyValueSpecification","valueRequired":true,"valueName":"search_term_string"}}],"inLanguage":"sv-SE"}]}},"_links":{"self":[{"href":"https:\/\/belladot.com\/sv\/wp-json\/wp\/v2\/pages\/7850","targetHints":{"allow":["GET"]}}],"collection":[{"href":"https:\/\/belladot.com\/sv\/wp-json\/wp\/v2\/pages"}],"about":[{"href":"https:\/\/belladot.com\/sv\/wp-json\/wp\/v2\/types\/page"}],"author":[{"embeddable":true,"href":"https:\/\/belladot.com\/sv\/wp-json\/wp\/v2\/users\/4"}],"replies":[{"embeddable":true,"href":"https:\/\/belladot.com\/sv\/wp-json\/wp\/v2\/comments?post=7850"}],"version-history":[{"count":0,"href":"https:\/\/belladot.com\/sv\/wp-json\/wp\/v2\/pages\/7850\/revisions"}],"up":[{"embeddable":true,"href":"https:\/\/belladot.com\/sv\/wp-json\/wp\/v2\/pages\/14"}],"wp:attachment":[{"href":"https:\/\/belladot.com\/sv\/wp-json\/wp\/v2\/media?parent=7850"}],"curies":[{"name":"wp","href":"https:\/\/api.w.org\/{rel}","templated":true}]}}